{"id":124,"date":"2019-07-29T12:33:28","date_gmt":"2019-07-29T12:33:28","guid":{"rendered":"http:\/\/www.tugrulevdenevenakliyat.com\/?page_id=124"},"modified":"2019-12-24T15:02:02","modified_gmt":"2019-12-24T15:02:02","slug":"bagcilar-nakliyat","status":"publish","type":"page","link":"https:\/\/www.tugrulevdenevenakliyat.com\/index.php\/bagcilar-nakliyat\/","title":{"rendered":"BA\u011eCILAR EVDEN EVE NAKL\u0130YAT"},"content":{"rendered":"\r\n\r\n\r\n<h1 class=\"wp-block-heading\" style=\"text-align: center;\">Ba\u011fc\u0131lar Evden Eve Nakliyat<\/h1>\r\n\r\n\r\n\r\n\r\n\r\n<p style=\"text-align: center;\"><br \/><span style=\"background-color: transparent;\">ba\u011fc\u0131lar evden eve nakliyat<\/span><\/p>\r\n<p style=\"text-align: center;\"><span style=\"background-color: transparent;\"> A\u00e7\u0131k ve net olarak belirtmeliyiz ki en iyi firmalar aras\u0131nda de\u011fil en \u00fcst s\u0131rada yerimizi ald\u0131k <a href=\"https:\/\/www.facebook.com\/halkalinakliyaat\/?modal=admin_todo_tour\">TU\u011eRUL NAKL\u0130YAT<\/a><\/span><\/p>\r\n<p style=\"text-align: center;\">tugrul<a href=\"http:\/\/www.tugrulevdenevenakliyat.com\/\"> evden eve Nakliyat<\/a> 0532 566 86 65 konusunda iddiam\u0131z sonsuz derecelere ula\u015farak kalitemizde s\u0131n\u0131r tan\u0131mad\u0131k kesinlikle i\u015fimizi yapmak i\u00e7in de\u011fil hakk\u0131n\u0131 vermek memnuniyet kazanmak i\u00e7in \u00e7al\u0131\u015f\u0131yoruz ba\u015far\u0131y\u0131 biz bu \u015fekilde elde ettik<br \/>Di\u011fer firmalardan fark\u0131m\u0131z ciddi anlamada ara\u015ft\u0131rmac\u0131 y\u00f6n\u00fcm\u00fcz\u00fcn olmas\u0131 m\u00fc\u015fteri \u00f6nerilerini ge\u00e7mi\u015ften bug\u00fcne kadar bizim tecr\u00fcbemizde harmanlayarak i\u015fimizi doruk<\/p>\r\n<h2 style=\"text-align: center;\"><strong>evden eve nakliyat ba\u011fc\u0131lar<\/strong><\/h2>\r\n\r\n\r\n\r\n<div id=\"attachment_125\" style=\"width: 199px\" class=\"wp-caption aligncenter\"><img loading=\"lazy\" decoding=\"async\" aria-describedby=\"caption-attachment-125\" class=\"wp-image-125\" style=\"background-color: transparent;\" src=\"http:\/\/www.tugrulevdenevenakliyat.com\/wp-content\/uploads\/2019\/07\/66113576_914047025612772_4962699066870857728_n.jpg\" alt=\"ba\u011fc\u0131lar evden eve nakliyat\" width=\"189\" height=\"188\" srcset=\"https:\/\/www.tugrulevdenevenakliyat.com\/wp-content\/uploads\/2019\/07\/66113576_914047025612772_4962699066870857728_n.jpg 712w, https:\/\/www.tugrulevdenevenakliyat.com\/wp-content\/uploads\/2019\/07\/66113576_914047025612772_4962699066870857728_n-150x150.jpg 150w, https:\/\/www.tugrulevdenevenakliyat.com\/wp-content\/uploads\/2019\/07\/66113576_914047025612772_4962699066870857728_n-300x300.jpg 300w\" sizes=\"auto, (max-width: 189px) 100vw, 189px\" \/><p id=\"caption-attachment-125\" class=\"wp-caption-text\">ba\u011fc\u0131lar evden eve nakliyat<\/p><\/div>\r\n<p style=\"text-align: center;\">ba\u011fc\u0131lar evden eve ta\u015f\u0131mac\u0131l\u0131k \u00f6nerileri<\/p>\r\n<p style=\"text-align: center;\">de harmanlad\u0131\u011f\u0131m\u0131z tecr\u00fcbeleri katarak \u00e7ok g\u00fczel sonu\u00e7lar elde ettik hem zaman\u0131 hem e\u015fyalar\u0131 hem de ise yeni yerlerinize yerle\u015fmenizi sa\u011flad\u0131k<br \/>Pratik y\u00f6ntemler tasarlad\u0131k, zaman\u0131n\u0131z zaman\u0131m\u0131z gibi g\u00f6rerek i\u015finizi benimsedik ve daha g\u00fczel sonu\u00e7lara imzam\u0131z\u0131 atarak m\u00fc\u015fterilerimizin ciddi anlamda takdirini kazand\u0131k\u00a0evden eve nakliyat\u2013Ba\u011fc\u0131lar nakliyat\u2013 nakliye \u2013 ta\u015f\u0131mac\u0131l\u0131k \u2013nakliyat f\u0131yatlar\u0131<\/p>\r\n\r\n\r\n\r\n<h3 style=\"text-align: center;\"><strong>\u00a0evden eve nakliyat fiyatlar\u0131<\/strong><\/h3>\r\n<p>Ba\u011flar evden eve nakliyatBarbaros nakliyat\u00c7\u0131nar evden eve nakliyatDemirkap\u0131 nakliyatEvren evden eve nakliyatFatih nakliyatG\u00f6ztepe evden eve nakliyatG\u00fcne\u015fli evden eve nakliyatH\u00fcrriyet nakliyat\u0130n\u00f6n\u00fc evden eve nakliyatKaz\u0131mkarabekir evden eve nakliyatKemalpa\u015fa nakliyatKirazl\u0131 evden eve nakliyatMahmutbey evden eve nakliyatMerkez evden eve nakliyatSancaktepe nakliyatYavuzselim tas\u0131mac\u0131l\u0131kYenig\u00fcn nakliyeYenimahalle evden eve nakliyatY\u0131ld\u0131ztepe nakliyat<\/p>\r\n<p>1+1\u00a0 \u00a0 \u00a0 \u00a0900-1200<\/p>\r\n<p>2+1\u00a0 \u00a0 \u00a0 1200-1500<\/p>\r\n<p>3+1\u00a0 \u00a0 \u00a0 \u00a01400-2000<\/p>\r\n","protected":false},"excerpt":{"rendered":"<p>Ba\u011fc\u0131lar Evden Eve Nakliyat ba\u011fc\u0131lar evden eve nakliyat A\u00e7\u0131k ve net olarak belirtmeliyiz ki en iyi firmalar aras\u0131nda de\u011fil en \u00fcst s\u0131rada yerimizi ald\u0131k TU\u011eRUL NAKL\u0130YAT tugrul evden eve Nakliyat 0532 566 86 65 konusunda iddiam\u0131z sonsuz derecelere ula\u015farak kalitemizde s\u0131n\u0131r tan\u0131mad\u0131k kesinlikle i\u015fimizi yapmak i\u00e7in de\u011fil hakk\u0131n\u0131 vermek memnuniyet kazanmak i\u00e7in \u00e7al\u0131\u015f\u0131yoruz ba\u015far\u0131y\u0131 biz&hellip; <br \/> <a class=\"read-more\" href=\"https:\/\/www.tugrulevdenevenakliyat.com\/index.php\/bagcilar-nakliyat\/\">Devam\u0131<\/a><\/p>\n","protected":false},"author":1,"featured_media":460,"parent":0,"menu_order":0,"comment_status":"closed","ping_status":"closed","template":"","meta":{"_bbp_topic_count":0,"_bbp_reply_count":0,"_bbp_total_topic_count":0,"_bbp_total_reply_count":0,"_bbp_voice_count":0,"_bbp_anonymous_reply_count":0,"_bbp_topic_count_hidden":0,"_bbp_reply_count_hidden":0,"_bbp_forum_subforum_count":0,"footnotes":""},"class_list":["post-124","page","type-page","status-publish","has-post-thumbnail","hentry"],"yoast_head":"<!-- This site is optimized with the Yoast SEO plugin v27.3 - https:\/\/yoast.com\/product\/yoast-seo-wordpress\/ -->\n<title>BA\u011eCILAR EVDEN EVE NAKL\u0130YAT - Tu\u011frul Nakliyat<\/title>\n<meta name=\"description\" content=\"\u015eEH\u0130RLER ARASI TA\u015eIMA\u00c7ILIKS\u0130GORTALI VE T\u0130T\u0130ZB\u0130R \u015eEK\u0130LDE EVDEN EVE TA\u015eIMACILIK 0532 566 86 65 bir telefon kadar yak\u0131n\u0131z Ba\u011fc\u0131lar nakliyat olarak\" \/>\n<meta name=\"robots\" content=\"index, follow, max-snippet:-1, max-image-preview:large, max-video-preview:-1\" \/>\n<link rel=\"canonical\" href=\"http:\/\/www.tugrulevdenevenakliyat.com\/index.php\/bagcilar-nakliyat\/\" \/>\n<meta property=\"og:locale\" content=\"tr_TR\" \/>\n<meta property=\"og:type\" content=\"article\" \/>\n<meta property=\"og:title\" content=\"BA\u011eCILAR EVDEN EVE NAKL\u0130YAT - Tu\u011frul Nakliyat\" \/>\n<meta property=\"og:description\" content=\"\u015eEH\u0130RLER ARASI TA\u015eIMA\u00c7ILIKS\u0130GORTALI VE T\u0130T\u0130ZB\u0130R \u015eEK\u0130LDE EVDEN EVE TA\u015eIMACILIK 0532 566 86 65 bir telefon kadar yak\u0131n\u0131z Ba\u011fc\u0131lar nakliyat olarak\" \/>\n<meta property=\"og:url\" content=\"http:\/\/www.tugrulevdenevenakliyat.com\/index.php\/bagcilar-nakliyat\/\" \/>\n<meta property=\"og:site_name\" content=\"Tu\u011frul Nakliyat\" \/>\n<meta property=\"article:publisher\" content=\"https:\/\/www.facebook.com\/tugrul.can.39589149\" \/>\n<meta property=\"article:modified_time\" content=\"2019-12-24T15:02:02+00:00\" \/>\n<meta property=\"og:image\" content=\"http:\/\/www.tugrulevdenevenakliyat.com\/wp-content\/uploads\/2019\/10\/67194008_398664830753112_5639412018084577280_n.jpg\" \/>\n\t<meta property=\"og:image:width\" content=\"720\" \/>\n\t<meta property=\"og:image:height\" content=\"333\" \/>\n\t<meta property=\"og:image:type\" content=\"image\/jpeg\" \/>\n<meta name=\"twitter:card\" content=\"summary_large_image\" \/>\n<meta name=\"twitter:site\" content=\"@TURGUT16176391\" \/>\n<meta name=\"twitter:label1\" content=\"Tahmini okuma s\u00fcresi\" \/>\n\t<meta name=\"twitter:data1\" content=\"1 dakika\" \/>\n<script type=\"application\/ld+json\" class=\"yoast-schema-graph\">{\"@context\":\"https:\\\/\\\/schema.org\",\"@graph\":[{\"@type\":\"WebPage\",\"@id\":\"http:\\\/\\\/www.tugrulevdenevenakliyat.com\\\/index.php\\\/bagcilar-nakliyat\\\/\",\"url\":\"http:\\\/\\\/www.tugrulevdenevenakliyat.com\\\/index.php\\\/bagcilar-nakliyat\\\/\",\"name\":\"BA\u011eCILAR EVDEN EVE NAKL\u0130YAT - Tu\u011frul Nakliyat\",\"isPartOf\":{\"@id\":\"http:\\\/\\\/www.tugrulevdenevenakliyat.com\\\/#website\"},\"primaryImageOfPage\":{\"@id\":\"http:\\\/\\\/www.tugrulevdenevenakliyat.com\\\/index.php\\\/bagcilar-nakliyat\\\/#primaryimage\"},\"image\":{\"@id\":\"http:\\\/\\\/www.tugrulevdenevenakliyat.com\\\/index.php\\\/bagcilar-nakliyat\\\/#primaryimage\"},\"thumbnailUrl\":\"https:\\\/\\\/www.tugrulevdenevenakliyat.com\\\/wp-content\\\/uploads\\\/2019\\\/10\\\/67194008_398664830753112_5639412018084577280_n.jpg\",\"datePublished\":\"2019-07-29T12:33:28+00:00\",\"dateModified\":\"2019-12-24T15:02:02+00:00\",\"description\":\"\u015eEH\u0130RLER ARASI TA\u015eIMA\u00c7ILIKS\u0130GORTALI VE T\u0130T\u0130ZB\u0130R \u015eEK\u0130LDE EVDEN EVE TA\u015eIMACILIK 0532 566 86 65 bir telefon kadar yak\u0131n\u0131z Ba\u011fc\u0131lar nakliyat olarak\",\"breadcrumb\":{\"@id\":\"http:\\\/\\\/www.tugrulevdenevenakliyat.com\\\/index.php\\\/bagcilar-nakliyat\\\/#breadcrumb\"},\"inLanguage\":\"tr\",\"potentialAction\":[{\"@type\":\"ReadAction\",\"target\":[\"http:\\\/\\\/www.tugrulevdenevenakliyat.com\\\/index.php\\\/bagcilar-nakliyat\\\/\"]}]},{\"@type\":\"ImageObject\",\"inLanguage\":\"tr\",\"@id\":\"http:\\\/\\\/www.tugrulevdenevenakliyat.com\\\/index.php\\\/bagcilar-nakliyat\\\/#primaryimage\",\"url\":\"https:\\\/\\\/www.tugrulevdenevenakliyat.com\\\/wp-content\\\/uploads\\\/2019\\\/10\\\/67194008_398664830753112_5639412018084577280_n.jpg\",\"contentUrl\":\"https:\\\/\\\/www.tugrulevdenevenakliyat.com\\\/wp-content\\\/uploads\\\/2019\\\/10\\\/67194008_398664830753112_5639412018084577280_n.jpg\",\"width\":720,\"height\":333,\"caption\":\"yenibosna evden eve nakliyat\"},{\"@type\":\"BreadcrumbList\",\"@id\":\"http:\\\/\\\/www.tugrulevdenevenakliyat.com\\\/index.php\\\/bagcilar-nakliyat\\\/#breadcrumb\",\"itemListElement\":[{\"@type\":\"ListItem\",\"position\":1,\"name\":\"Ana sayfa\",\"item\":\"http:\\\/\\\/www.tugrulevdenevenakliyat.com\\\/\"},{\"@type\":\"ListItem\",\"position\":2,\"name\":\"BA\u011eCILAR EVDEN EVE NAKL\u0130YAT\"}]},{\"@type\":\"WebSite\",\"@id\":\"http:\\\/\\\/www.tugrulevdenevenakliyat.com\\\/#website\",\"url\":\"http:\\\/\\\/www.tugrulevdenevenakliyat.com\\\/\",\"name\":\"http:\\\/\\\/www.tugrulevdenevenakliyat.com\\\/\",\"description\":\"t&uuml;rkiye geneline evden eve nakliyat\",\"publisher\":{\"@id\":\"http:\\\/\\\/www.tugrulevdenevenakliyat.com\\\/#organization\"},\"potentialAction\":[{\"@type\":\"SearchAction\",\"target\":{\"@type\":\"EntryPoint\",\"urlTemplate\":\"http:\\\/\\\/www.tugrulevdenevenakliyat.com\\\/?s={search_term_string}\"},\"query-input\":{\"@type\":\"PropertyValueSpecification\",\"valueRequired\":true,\"valueName\":\"search_term_string\"}}],\"inLanguage\":\"tr\"},{\"@type\":\"Organization\",\"@id\":\"http:\\\/\\\/www.tugrulevdenevenakliyat.com\\\/#organization\",\"name\":\"tu\u011frulcan bak\u0131rc\u0131\",\"url\":\"http:\\\/\\\/www.tugrulevdenevenakliyat.com\\\/\",\"logo\":{\"@type\":\"ImageObject\",\"inLanguage\":\"tr\",\"@id\":\"http:\\\/\\\/www.tugrulevdenevenakliyat.com\\\/#\\\/schema\\\/logo\\\/image\\\/\",\"url\":\"http:\\\/\\\/www.tugrulevdenevenakliyat.com\\\/wp-content\\\/uploads\\\/2019\\\/12\\\/45249907_1056901127822562_5718244570844626944_n.jpg\",\"contentUrl\":\"http:\\\/\\\/www.tugrulevdenevenakliyat.com\\\/wp-content\\\/uploads\\\/2019\\\/12\\\/45249907_1056901127822562_5718244570844626944_n.jpg\",\"width\":720,\"height\":960,\"caption\":\"tu\u011frulcan bak\u0131rc\u0131\"},\"image\":{\"@id\":\"http:\\\/\\\/www.tugrulevdenevenakliyat.com\\\/#\\\/schema\\\/logo\\\/image\\\/\"},\"sameAs\":[\"https:\\\/\\\/www.facebook.com\\\/tugrul.can.39589149\",\"https:\\\/\\\/x.com\\\/TURGUT16176391\",\"https:\\\/\\\/intagram.com\\\/tugrulnakliyatt\",\"https:\\\/\\\/www.linkedin.com\\\/in\\\/salim-bakirci-9b838915b\\\/\",\"https:\\\/\\\/tr.pinterest.com\\\/bakrcturgut\\\/pins\\\/\"]}]}<\/script>\n<!-- \/ Yoast SEO plugin. -->","yoast_head_json":{"title":"BA\u011eCILAR EVDEN EVE NAKL\u0130YAT - Tu\u011frul Nakliyat","description":"\u015eEH\u0130RLER ARASI TA\u015eIMA\u00c7ILIKS\u0130GORTALI VE T\u0130T\u0130ZB\u0130R \u015eEK\u0130LDE EVDEN EVE TA\u015eIMACILIK 0532 566 86 65 bir telefon kadar yak\u0131n\u0131z Ba\u011fc\u0131lar nakliyat olarak","robots":{"index":"index","follow":"follow","max-snippet":"max-snippet:-1","max-image-preview":"max-image-preview:large","max-video-preview":"max-video-preview:-1"},"canonical":"http:\/\/www.tugrulevdenevenakliyat.com\/index.php\/bagcilar-nakliyat\/","og_locale":"tr_TR","og_type":"article","og_title":"BA\u011eCILAR EVDEN EVE NAKL\u0130YAT - Tu\u011frul Nakliyat","og_description":"\u015eEH\u0130RLER ARASI TA\u015eIMA\u00c7ILIKS\u0130GORTALI VE T\u0130T\u0130ZB\u0130R \u015eEK\u0130LDE EVDEN EVE TA\u015eIMACILIK 0532 566 86 65 bir telefon kadar yak\u0131n\u0131z Ba\u011fc\u0131lar nakliyat olarak","og_url":"http:\/\/www.tugrulevdenevenakliyat.com\/index.php\/bagcilar-nakliyat\/","og_site_name":"Tu\u011frul Nakliyat","article_publisher":"https:\/\/www.facebook.com\/tugrul.can.39589149","article_modified_time":"2019-12-24T15:02:02+00:00","og_image":[{"width":720,"height":333,"url":"http:\/\/www.tugrulevdenevenakliyat.com\/wp-content\/uploads\/2019\/10\/67194008_398664830753112_5639412018084577280_n.jpg","type":"image\/jpeg"}],"twitter_card":"summary_large_image","twitter_site":"@TURGUT16176391","twitter_misc":{"Tahmini okuma s\u00fcresi":"1 dakika"},"schema":{"@context":"https:\/\/schema.org","@graph":[{"@type":"WebPage","@id":"http:\/\/www.tugrulevdenevenakliyat.com\/index.php\/bagcilar-nakliyat\/","url":"http:\/\/www.tugrulevdenevenakliyat.com\/index.php\/bagcilar-nakliyat\/","name":"BA\u011eCILAR EVDEN EVE NAKL\u0130YAT - Tu\u011frul Nakliyat","isPartOf":{"@id":"http:\/\/www.tugrulevdenevenakliyat.com\/#website"},"primaryImageOfPage":{"@id":"http:\/\/www.tugrulevdenevenakliyat.com\/index.php\/bagcilar-nakliyat\/#primaryimage"},"image":{"@id":"http:\/\/www.tugrulevdenevenakliyat.com\/index.php\/bagcilar-nakliyat\/#primaryimage"},"thumbnailUrl":"https:\/\/www.tugrulevdenevenakliyat.com\/wp-content\/uploads\/2019\/10\/67194008_398664830753112_5639412018084577280_n.jpg","datePublished":"2019-07-29T12:33:28+00:00","dateModified":"2019-12-24T15:02:02+00:00","description":"\u015eEH\u0130RLER ARASI TA\u015eIMA\u00c7ILIKS\u0130GORTALI VE T\u0130T\u0130ZB\u0130R \u015eEK\u0130LDE EVDEN EVE TA\u015eIMACILIK 0532 566 86 65 bir telefon kadar yak\u0131n\u0131z Ba\u011fc\u0131lar nakliyat olarak","breadcrumb":{"@id":"http:\/\/www.tugrulevdenevenakliyat.com\/index.php\/bagcilar-nakliyat\/#breadcrumb"},"inLanguage":"tr","potentialAction":[{"@type":"ReadAction","target":["http:\/\/www.tugrulevdenevenakliyat.com\/index.php\/bagcilar-nakliyat\/"]}]},{"@type":"ImageObject","inLanguage":"tr","@id":"http:\/\/www.tugrulevdenevenakliyat.com\/index.php\/bagcilar-nakliyat\/#primaryimage","url":"https:\/\/www.tugrulevdenevenakliyat.com\/wp-content\/uploads\/2019\/10\/67194008_398664830753112_5639412018084577280_n.jpg","contentUrl":"https:\/\/www.tugrulevdenevenakliyat.com\/wp-content\/uploads\/2019\/10\/67194008_398664830753112_5639412018084577280_n.jpg","width":720,"height":333,"caption":"yenibosna evden eve nakliyat"},{"@type":"BreadcrumbList","@id":"http:\/\/www.tugrulevdenevenakliyat.com\/index.php\/bagcilar-nakliyat\/#breadcrumb","itemListElement":[{"@type":"ListItem","position":1,"name":"Ana sayfa","item":"http:\/\/www.tugrulevdenevenakliyat.com\/"},{"@type":"ListItem","position":2,"name":"BA\u011eCILAR EVDEN EVE NAKL\u0130YAT"}]},{"@type":"WebSite","@id":"http:\/\/www.tugrulevdenevenakliyat.com\/#website","url":"http:\/\/www.tugrulevdenevenakliyat.com\/","name":"http:\/\/www.tugrulevdenevenakliyat.com\/","description":"t&uuml;rkiye geneline evden eve nakliyat","publisher":{"@id":"http:\/\/www.tugrulevdenevenakliyat.com\/#organization"},"potentialAction":[{"@type":"SearchAction","target":{"@type":"EntryPoint","urlTemplate":"http:\/\/www.tugrulevdenevenakliyat.com\/?s={search_term_string}"},"query-input":{"@type":"PropertyValueSpecification","valueRequired":true,"valueName":"search_term_string"}}],"inLanguage":"tr"},{"@type":"Organization","@id":"http:\/\/www.tugrulevdenevenakliyat.com\/#organization","name":"tu\u011frulcan bak\u0131rc\u0131","url":"http:\/\/www.tugrulevdenevenakliyat.com\/","logo":{"@type":"ImageObject","inLanguage":"tr","@id":"http:\/\/www.tugrulevdenevenakliyat.com\/#\/schema\/logo\/image\/","url":"http:\/\/www.tugrulevdenevenakliyat.com\/wp-content\/uploads\/2019\/12\/45249907_1056901127822562_5718244570844626944_n.jpg","contentUrl":"http:\/\/www.tugrulevdenevenakliyat.com\/wp-content\/uploads\/2019\/12\/45249907_1056901127822562_5718244570844626944_n.jpg","width":720,"height":960,"caption":"tu\u011frulcan bak\u0131rc\u0131"},"image":{"@id":"http:\/\/www.tugrulevdenevenakliyat.com\/#\/schema\/logo\/image\/"},"sameAs":["https:\/\/www.facebook.com\/tugrul.can.39589149","https:\/\/x.com\/TURGUT16176391","https:\/\/intagram.com\/tugrulnakliyatt","https:\/\/www.linkedin.com\/in\/salim-bakirci-9b838915b\/","https:\/\/tr.pinterest.com\/bakrcturgut\/pins\/"]}]}},"_links":{"self":[{"href":"https:\/\/www.tugrulevdenevenakliyat.com\/index.php\/wp-json\/wp\/v2\/pages\/124","targetHints":{"allow":["GET"]}}],"collection":[{"href":"https:\/\/www.tugrulevdenevenakliyat.com\/index.php\/wp-json\/wp\/v2\/pages"}],"about":[{"href":"https:\/\/www.tugrulevdenevenakliyat.com\/index.php\/wp-json\/wp\/v2\/types\/page"}],"author":[{"embeddable":true,"href":"https:\/\/www.tugrulevdenevenakliyat.com\/index.php\/wp-json\/wp\/v2\/users\/1"}],"replies":[{"embeddable":true,"href":"https:\/\/www.tugrulevdenevenakliyat.com\/index.php\/wp-json\/wp\/v2\/comments?post=124"}],"version-history":[{"count":9,"href":"https:\/\/www.tugrulevdenevenakliyat.com\/index.php\/wp-json\/wp\/v2\/pages\/124\/revisions"}],"predecessor-version":[{"id":520,"href":"https:\/\/www.tugrulevdenevenakliyat.com\/index.php\/wp-json\/wp\/v2\/pages\/124\/revisions\/520"}],"wp:featuredmedia":[{"embeddable":true,"href":"https:\/\/www.tugrulevdenevenakliyat.com\/index.php\/wp-json\/wp\/v2\/media\/460"}],"wp:attachment":[{"href":"https:\/\/www.tugrulevdenevenakliyat.com\/index.php\/wp-json\/wp\/v2\/media?parent=124"}],"curies":[{"name":"wp","href":"https:\/\/api.w.org\/{rel}","templated":true}]}}