{"id":152,"date":"2019-07-29T15:07:06","date_gmt":"2019-07-29T15:07:06","guid":{"rendered":"http:\/\/www.tugrulevdenevenakliyat.com\/?page_id=152"},"modified":"2020-01-01T12:17:48","modified_gmt":"2020-01-01T12:17:48","slug":"kemerburaz-naliyat","status":"publish","type":"page","link":"https:\/\/www.tugrulevdenevenakliyat.com\/index.php\/kemerburaz-naliyat\/","title":{"rendered":"Kemerburgaz Evden Eve Nakliyat"},"content":{"rendered":"\r\n<h1 style=\"text-align: center;\">Kemerburgaz evden eve nakliyat<\/h1>\r\n<p style=\"text-align: center;\">Evden eve Kemerburgaz nakliyat (0532) 566 86 65<\/p>\r\n<p style=\"text-align: center;\">De\u011ferli m\u00fc\u015fterilerimiz Evden eve <a href=\"https:\/\/www.facebook.com\/nakliyatt52\/\">Tu\u011frul nakliyat<\/a> olarak sizlere daha te\u00e7rubeli ve g\u00fcvenilir Nakliyat olmaya \u00e7al\u0131\u015f\u0131yoruz. Sizler bizleri terci ettiniz i\u00e7in te\u015fekk\u00fcrler ederiz.<\/p>\r\n<p style=\"text-align: center;\">Sizin memnuyetiniz bizim i\u00e7in \u00e7ok \u00f6nemli Evden Eve Nakliyat olarak e\u015fyalar\u0131n\u0131z\u0131 \u00f6zenle itinayla ekiplerimiz taraf\u0131ndan ta\u015f\u0131n\u0131l\u0131p ve montajini te\u00e7r\u00fcbeli \u015fekilde yapmaktad\u0131rlar.<\/p>\r\n<p style=\"text-align: center;\">Biz Tu\u011frul nakliyat uygun fiyatlar\u0131m\u0131zla Sizleri memnun etmeye \u00e7al\u0131\u015f\u0131yoruz.bizlere 7\/24 saat araya bilirsiniz.<\/p>\r\n\r\n\r\n\r\n<p style=\"text-align: center;\">A\u011fa\u00e7l\u0131 Evden Eve nakliyat-A\u011fa\u00e7l\u0131 nakliyat-<br \/>Akp\u0131nar Evden eveta\u015f\u0131mac\u0131l\u0131k-Akp\u0131nar nakliyat<br \/>Ak\u015femsettin Evden eve nakliyat \u015firketi-<br \/>Alibeyk\u00f6y Evden eve nakliyat firmas\u0131-Alibeyk\u00f6y nakliyat<br \/>\u00c7\u0131r\u00e7\u0131r Evden eve Nakliyat-Evden eve \u00c7\u0131r\u00e7\u0131r ta\u015f\u0131mac\u0131l\u0131k<\/p>\r\n<div id=\"attachment_567\" style=\"width: 235px\" class=\"wp-caption aligncenter\"><img loading=\"lazy\" decoding=\"async\" aria-describedby=\"caption-attachment-567\" class=\"size-medium wp-image-567\" src=\"http:\/\/www.tugrulevdenevenakliyat.com\/wp-content\/uploads\/2019\/12\/60838685_345184789477478_3578913273283608576_n-225x300.jpg\" alt=\"kemerburgaz nakliyat\" width=\"225\" height=\"300\" srcset=\"https:\/\/www.tugrulevdenevenakliyat.com\/wp-content\/uploads\/2019\/12\/60838685_345184789477478_3578913273283608576_n-225x300.jpg 225w, https:\/\/www.tugrulevdenevenakliyat.com\/wp-content\/uploads\/2019\/12\/60838685_345184789477478_3578913273283608576_n-768x1024.jpg 768w, https:\/\/www.tugrulevdenevenakliyat.com\/wp-content\/uploads\/2019\/12\/60838685_345184789477478_3578913273283608576_n-810x1080.jpg 810w, https:\/\/www.tugrulevdenevenakliyat.com\/wp-content\/uploads\/2019\/12\/60838685_345184789477478_3578913273283608576_n.jpg 900w\" sizes=\"auto, (max-width: 225px) 100vw, 225px\" \/><p id=\"caption-attachment-567\" class=\"wp-caption-text\">kemerburgaz nakliyat<\/p><\/div>\r\n<h2 style=\"text-align: center;\">kemerburgaz Ta\u015f\u0131mac\u0131l\u0131k\u00a0<\/h2>\r\n\r\n\r\n\r\n<p style=\"text-align: center;\">\u00c7iftalan Evden eve nakliyat fiyatlar\u0131\u2013\u00c7iftalan nakliyeci<br \/>Defterdar Evden eve nakliyat\u2013Defterdan nakliyat<br \/>D\u00fc\u011fmeciler Evden eve NAKL\u0130YAT\u2013d\u00fc\u011fmeciler Ta\u015f\u0131mac\u0131l\u0131k<br \/>Emniyettepe Even eve nakliyat firmas\u0131<br \/>Esentepe Evden eve nakliye yapanlar<br \/>Ey\u00fcp Merkez evden eve ta\u015f\u0131mac\u0131l\u0131k\u2013Ey\u00fcp nakliyat<br \/>G\u00f6kt\u00fcrk Evden eve ta\u015f\u0131mac\u0131l\u0131k\u2013G\u00f6kt\u00fcrk nakliyeci<br \/>G\u00fczeltepe evden eve nakliyat hizmeti\u2013<br \/>I\u015f\u0131klar Evden eve nakliyat\u2013I\u015f\u0131klar ev e\u015fyas\u0131 Ta\u015f\u0131mac\u0131l\u0131k<\/p>\r\n\r\n\r\n\r\n<p style=\"text-align: center;\">\u0130hsaniye Evden eve nakliyat fiyatlar\u0131 \u2013nakliyat sitesi<br \/>\u0130slambey evden eve ta\u015f\u0131mac\u0131l\u0131k\u2013\u0130slambey nakliyat<br \/>Karadolap Evden eve Nakliyat\u2013Karadolap ta\u015f\u0131mac\u0131l\u0131k<br \/>Mimarsinan Evden eve Ta\u015f\u0131mac\u0131l\u0131k-<br \/>Mithatpa\u015fa Evden eve Nakliyat yapanlar<br \/>Ni\u015fanc\u0131 Evden eve Nakliyat firmas\u0131\u00a0 <span style=\"background-color: transparent;\">Odayeri Evden eve Ta\u015f\u0131mac\u0131l\u0131k\u2013nakliyeci-ta\u015f\u0131mac\u0131l\u0131k<\/span><\/p>\r\n<p style=\"text-align: center;\">Pirin\u00e7\u00e7i Evden eve nakliyat\u2013Pirin\u00e7\u00e7i ev e\u015fyas\u0131 ta\u015f\u0131mac\u0131l\u0131k<br \/>Rami Evden eve Nakliyat \u2013Rami nakliyat-Rami ta\u015f\u0131mac\u0131l\u0131k<br \/>Rami Yeni Evden Eve Nakliyat-<br \/>Sakarya Evden Eve Ta\u015f\u0131mac\u0131l\u0131k\u2013Tu\u011frul Nakliyat<br \/>Silahtara\u011fa Evden Eve Nakliyat<br \/>Ye\u015filp\u0131nar Evden Eve Nakliyat Hizmeti<br \/>kemerburgaz evden eve nakliyat kemerburgaz nakliyat kemerburgaz nakliye kemerburgaz ta\u015f\u0131mac\u0131l\u0131k <a href=\"http:\/\/www.tugrulevdenevenakliyat.com\/\">kemerburgaz nakliye<\/a> fiyatlar\u0131 kemerburgaz ta\u015f\u0131mac\u0131l\u0131k kemerburgaz ofis ta\u015f\u0131mac\u0131l\u0131k<\/p>\r\n<h3 style=\"text-align: center;\">fiyatlar\u0131m\u0131z<\/h3>\r\n<p style=\"text-align: center;\">1+1 Daire Ta\u015f\u0131mas\u0131= 900-1200<br \/>2+1 Daire Ta\u015f\u0131mas\u0131=1200-1500<br \/>3+1 Daire Ta\u015f\u0131mas\u0131=1500-2000<br \/>4+1 Daire ve Villa Ta\u015f\u0131mas\u0131=2000-5000<\/p>\r\n","protected":false},"excerpt":{"rendered":"<p>Kemerburgaz evden eve nakliyat Evden eve Kemerburgaz nakliyat (0532) 566 86 65 De\u011ferli m\u00fc\u015fterilerimiz Evden eve Tu\u011frul nakliyat olarak sizlere daha te\u00e7rubeli ve g\u00fcvenilir Nakliyat olmaya \u00e7al\u0131\u015f\u0131yoruz. Sizler bizleri terci ettiniz i\u00e7in te\u015fekk\u00fcrler ederiz. Sizin memnuyetiniz bizim i\u00e7in \u00e7ok \u00f6nemli Evden Eve Nakliyat olarak e\u015fyalar\u0131n\u0131z\u0131 \u00f6zenle itinayla ekiplerimiz taraf\u0131ndan ta\u015f\u0131n\u0131l\u0131p ve montajini te\u00e7r\u00fcbeli \u015fekilde yapmaktad\u0131rlar.&hellip; <br \/> <a class=\"read-more\" href=\"https:\/\/www.tugrulevdenevenakliyat.com\/index.php\/kemerburaz-naliyat\/\">Devam\u0131<\/a><\/p>\n","protected":false},"author":1,"featured_media":0,"parent":0,"menu_order":0,"comment_status":"closed","ping_status":"closed","template":"","meta":{"_bbp_topic_count":0,"_bbp_reply_count":0,"_bbp_total_topic_count":0,"_bbp_total_reply_count":0,"_bbp_voice_count":0,"_bbp_anonymous_reply_count":0,"_bbp_topic_count_hidden":0,"_bbp_reply_count_hidden":0,"_bbp_forum_subforum_count":0,"footnotes":""},"class_list":["post-152","page","type-page","status-publish","hentry"],"yoast_head":"<!-- This site is optimized with the Yoast SEO plugin v27.3 - https:\/\/yoast.com\/product\/yoast-seo-wordpress\/ -->\n<title>Kemerburgaz Evden Eve Nakliyat - Tu\u011frul Nakliyat<\/title>\n<meta name=\"description\" content=\"Kemerburgaz evden eve nakliyat \u00f6zg\u00fcn \u00e7al\u0131\u015fma ve \u00fcst\u00fcn teknolaji mazemelerimizle sizlere hizmet veriyoruz.0532 566 86 65 ve 0537 293 96 82\" \/>\n<meta name=\"robots\" content=\"index, follow, max-snippet:-1, max-image-preview:large, max-video-preview:-1\" \/>\n<link rel=\"canonical\" href=\"http:\/\/www.tugrulevdenevenakliyat.com\/index.php\/kemerburaz-naliyat\/\" \/>\n<meta property=\"og:locale\" content=\"tr_TR\" \/>\n<meta property=\"og:type\" content=\"article\" \/>\n<meta property=\"og:title\" content=\"Kemerburgaz Evden Eve Nakliyat - Tu\u011frul Nakliyat\" \/>\n<meta property=\"og:description\" content=\"Kemerburgaz evden eve nakliyat \u00f6zg\u00fcn \u00e7al\u0131\u015fma ve \u00fcst\u00fcn teknolaji mazemelerimizle sizlere hizmet veriyoruz.0532 566 86 65 ve 0537 293 96 82\" \/>\n<meta property=\"og:url\" content=\"http:\/\/www.tugrulevdenevenakliyat.com\/index.php\/kemerburaz-naliyat\/\" \/>\n<meta property=\"og:site_name\" content=\"Tu\u011frul Nakliyat\" \/>\n<meta property=\"article:publisher\" content=\"https:\/\/www.facebook.com\/tugrul.can.39589149\" \/>\n<meta property=\"article:modified_time\" content=\"2020-01-01T12:17:48+00:00\" \/>\n<meta property=\"og:image\" content=\"http:\/\/www.tugrulevdenevenakliyat.com\/wp-content\/uploads\/2019\/12\/60838685_345184789477478_3578913273283608576_n-225x300.jpg\" \/>\n<meta name=\"twitter:card\" content=\"summary_large_image\" \/>\n<meta name=\"twitter:site\" content=\"@TURGUT16176391\" \/>\n<meta name=\"twitter:label1\" content=\"Tahmini okuma s\u00fcresi\" \/>\n\t<meta name=\"twitter:data1\" content=\"2 dakika\" \/>\n<script type=\"application\/ld+json\" class=\"yoast-schema-graph\">{\"@context\":\"https:\\\/\\\/schema.org\",\"@graph\":[{\"@type\":\"WebPage\",\"@id\":\"http:\\\/\\\/www.tugrulevdenevenakliyat.com\\\/index.php\\\/kemerburaz-naliyat\\\/\",\"url\":\"http:\\\/\\\/www.tugrulevdenevenakliyat.com\\\/index.php\\\/kemerburaz-naliyat\\\/\",\"name\":\"Kemerburgaz Evden Eve Nakliyat - Tu\u011frul Nakliyat\",\"isPartOf\":{\"@id\":\"http:\\\/\\\/www.tugrulevdenevenakliyat.com\\\/#website\"},\"primaryImageOfPage\":{\"@id\":\"http:\\\/\\\/www.tugrulevdenevenakliyat.com\\\/index.php\\\/kemerburaz-naliyat\\\/#primaryimage\"},\"image\":{\"@id\":\"http:\\\/\\\/www.tugrulevdenevenakliyat.com\\\/index.php\\\/kemerburaz-naliyat\\\/#primaryimage\"},\"thumbnailUrl\":\"http:\\\/\\\/www.tugrulevdenevenakliyat.com\\\/wp-content\\\/uploads\\\/2019\\\/12\\\/60838685_345184789477478_3578913273283608576_n-225x300.jpg\",\"datePublished\":\"2019-07-29T15:07:06+00:00\",\"dateModified\":\"2020-01-01T12:17:48+00:00\",\"description\":\"Kemerburgaz evden eve nakliyat \u00f6zg\u00fcn \u00e7al\u0131\u015fma ve \u00fcst\u00fcn teknolaji mazemelerimizle sizlere hizmet veriyoruz.0532 566 86 65 ve 0537 293 96 82\",\"breadcrumb\":{\"@id\":\"http:\\\/\\\/www.tugrulevdenevenakliyat.com\\\/index.php\\\/kemerburaz-naliyat\\\/#breadcrumb\"},\"inLanguage\":\"tr\",\"potentialAction\":[{\"@type\":\"ReadAction\",\"target\":[\"http:\\\/\\\/www.tugrulevdenevenakliyat.com\\\/index.php\\\/kemerburaz-naliyat\\\/\"]}]},{\"@type\":\"ImageObject\",\"inLanguage\":\"tr\",\"@id\":\"http:\\\/\\\/www.tugrulevdenevenakliyat.com\\\/index.php\\\/kemerburaz-naliyat\\\/#primaryimage\",\"url\":\"https:\\\/\\\/www.tugrulevdenevenakliyat.com\\\/wp-content\\\/uploads\\\/2019\\\/12\\\/60838685_345184789477478_3578913273283608576_n.jpg\",\"contentUrl\":\"https:\\\/\\\/www.tugrulevdenevenakliyat.com\\\/wp-content\\\/uploads\\\/2019\\\/12\\\/60838685_345184789477478_3578913273283608576_n.jpg\",\"width\":900,\"height\":1200,\"caption\":\"kemerburgaz nakliyat\"},{\"@type\":\"BreadcrumbList\",\"@id\":\"http:\\\/\\\/www.tugrulevdenevenakliyat.com\\\/index.php\\\/kemerburaz-naliyat\\\/#breadcrumb\",\"itemListElement\":[{\"@type\":\"ListItem\",\"position\":1,\"name\":\"Ana sayfa\",\"item\":\"http:\\\/\\\/www.tugrulevdenevenakliyat.com\\\/\"},{\"@type\":\"ListItem\",\"position\":2,\"name\":\"Kemerburgaz Evden Eve Nakliyat\"}]},{\"@type\":\"WebSite\",\"@id\":\"http:\\\/\\\/www.tugrulevdenevenakliyat.com\\\/#website\",\"url\":\"http:\\\/\\\/www.tugrulevdenevenakliyat.com\\\/\",\"name\":\"http:\\\/\\\/www.tugrulevdenevenakliyat.com\\\/\",\"description\":\"t&uuml;rkiye geneline evden eve nakliyat\",\"publisher\":{\"@id\":\"http:\\\/\\\/www.tugrulevdenevenakliyat.com\\\/#organization\"},\"potentialAction\":[{\"@type\":\"SearchAction\",\"target\":{\"@type\":\"EntryPoint\",\"urlTemplate\":\"http:\\\/\\\/www.tugrulevdenevenakliyat.com\\\/?s={search_term_string}\"},\"query-input\":{\"@type\":\"PropertyValueSpecification\",\"valueRequired\":true,\"valueName\":\"search_term_string\"}}],\"inLanguage\":\"tr\"},{\"@type\":\"Organization\",\"@id\":\"http:\\\/\\\/www.tugrulevdenevenakliyat.com\\\/#organization\",\"name\":\"tu\u011frulcan bak\u0131rc\u0131\",\"url\":\"http:\\\/\\\/www.tugrulevdenevenakliyat.com\\\/\",\"logo\":{\"@type\":\"ImageObject\",\"inLanguage\":\"tr\",\"@id\":\"http:\\\/\\\/www.tugrulevdenevenakliyat.com\\\/#\\\/schema\\\/logo\\\/image\\\/\",\"url\":\"http:\\\/\\\/www.tugrulevdenevenakliyat.com\\\/wp-content\\\/uploads\\\/2019\\\/12\\\/45249907_1056901127822562_5718244570844626944_n.jpg\",\"contentUrl\":\"http:\\\/\\\/www.tugrulevdenevenakliyat.com\\\/wp-content\\\/uploads\\\/2019\\\/12\\\/45249907_1056901127822562_5718244570844626944_n.jpg\",\"width\":720,\"height\":960,\"caption\":\"tu\u011frulcan bak\u0131rc\u0131\"},\"image\":{\"@id\":\"http:\\\/\\\/www.tugrulevdenevenakliyat.com\\\/#\\\/schema\\\/logo\\\/image\\\/\"},\"sameAs\":[\"https:\\\/\\\/www.facebook.com\\\/tugrul.can.39589149\",\"https:\\\/\\\/x.com\\\/TURGUT16176391\",\"https:\\\/\\\/intagram.com\\\/tugrulnakliyatt\",\"https:\\\/\\\/www.linkedin.com\\\/in\\\/salim-bakirci-9b838915b\\\/\",\"https:\\\/\\\/tr.pinterest.com\\\/bakrcturgut\\\/pins\\\/\"]}]}<\/script>\n<!-- \/ Yoast SEO plugin. -->","yoast_head_json":{"title":"Kemerburgaz Evden Eve Nakliyat - Tu\u011frul Nakliyat","description":"Kemerburgaz evden eve nakliyat \u00f6zg\u00fcn \u00e7al\u0131\u015fma ve \u00fcst\u00fcn teknolaji mazemelerimizle sizlere hizmet veriyoruz.0532 566 86 65 ve 0537 293 96 82","robots":{"index":"index","follow":"follow","max-snippet":"max-snippet:-1","max-image-preview":"max-image-preview:large","max-video-preview":"max-video-preview:-1"},"canonical":"http:\/\/www.tugrulevdenevenakliyat.com\/index.php\/kemerburaz-naliyat\/","og_locale":"tr_TR","og_type":"article","og_title":"Kemerburgaz Evden Eve Nakliyat - Tu\u011frul Nakliyat","og_description":"Kemerburgaz evden eve nakliyat \u00f6zg\u00fcn \u00e7al\u0131\u015fma ve \u00fcst\u00fcn teknolaji mazemelerimizle sizlere hizmet veriyoruz.0532 566 86 65 ve 0537 293 96 82","og_url":"http:\/\/www.tugrulevdenevenakliyat.com\/index.php\/kemerburaz-naliyat\/","og_site_name":"Tu\u011frul Nakliyat","article_publisher":"https:\/\/www.facebook.com\/tugrul.can.39589149","article_modified_time":"2020-01-01T12:17:48+00:00","og_image":[{"url":"http:\/\/www.tugrulevdenevenakliyat.com\/wp-content\/uploads\/2019\/12\/60838685_345184789477478_3578913273283608576_n-225x300.jpg","type":"","width":"","height":""}],"twitter_card":"summary_large_image","twitter_site":"@TURGUT16176391","twitter_misc":{"Tahmini okuma s\u00fcresi":"2 dakika"},"schema":{"@context":"https:\/\/schema.org","@graph":[{"@type":"WebPage","@id":"http:\/\/www.tugrulevdenevenakliyat.com\/index.php\/kemerburaz-naliyat\/","url":"http:\/\/www.tugrulevdenevenakliyat.com\/index.php\/kemerburaz-naliyat\/","name":"Kemerburgaz Evden Eve Nakliyat - Tu\u011frul Nakliyat","isPartOf":{"@id":"http:\/\/www.tugrulevdenevenakliyat.com\/#website"},"primaryImageOfPage":{"@id":"http:\/\/www.tugrulevdenevenakliyat.com\/index.php\/kemerburaz-naliyat\/#primaryimage"},"image":{"@id":"http:\/\/www.tugrulevdenevenakliyat.com\/index.php\/kemerburaz-naliyat\/#primaryimage"},"thumbnailUrl":"http:\/\/www.tugrulevdenevenakliyat.com\/wp-content\/uploads\/2019\/12\/60838685_345184789477478_3578913273283608576_n-225x300.jpg","datePublished":"2019-07-29T15:07:06+00:00","dateModified":"2020-01-01T12:17:48+00:00","description":"Kemerburgaz evden eve nakliyat \u00f6zg\u00fcn \u00e7al\u0131\u015fma ve \u00fcst\u00fcn teknolaji mazemelerimizle sizlere hizmet veriyoruz.0532 566 86 65 ve 0537 293 96 82","breadcrumb":{"@id":"http:\/\/www.tugrulevdenevenakliyat.com\/index.php\/kemerburaz-naliyat\/#breadcrumb"},"inLanguage":"tr","potentialAction":[{"@type":"ReadAction","target":["http:\/\/www.tugrulevdenevenakliyat.com\/index.php\/kemerburaz-naliyat\/"]}]},{"@type":"ImageObject","inLanguage":"tr","@id":"http:\/\/www.tugrulevdenevenakliyat.com\/index.php\/kemerburaz-naliyat\/#primaryimage","url":"https:\/\/www.tugrulevdenevenakliyat.com\/wp-content\/uploads\/2019\/12\/60838685_345184789477478_3578913273283608576_n.jpg","contentUrl":"https:\/\/www.tugrulevdenevenakliyat.com\/wp-content\/uploads\/2019\/12\/60838685_345184789477478_3578913273283608576_n.jpg","width":900,"height":1200,"caption":"kemerburgaz nakliyat"},{"@type":"BreadcrumbList","@id":"http:\/\/www.tugrulevdenevenakliyat.com\/index.php\/kemerburaz-naliyat\/#breadcrumb","itemListElement":[{"@type":"ListItem","position":1,"name":"Ana sayfa","item":"http:\/\/www.tugrulevdenevenakliyat.com\/"},{"@type":"ListItem","position":2,"name":"Kemerburgaz Evden Eve Nakliyat"}]},{"@type":"WebSite","@id":"http:\/\/www.tugrulevdenevenakliyat.com\/#website","url":"http:\/\/www.tugrulevdenevenakliyat.com\/","name":"http:\/\/www.tugrulevdenevenakliyat.com\/","description":"t&uuml;rkiye geneline evden eve nakliyat","publisher":{"@id":"http:\/\/www.tugrulevdenevenakliyat.com\/#organization"},"potentialAction":[{"@type":"SearchAction","target":{"@type":"EntryPoint","urlTemplate":"http:\/\/www.tugrulevdenevenakliyat.com\/?s={search_term_string}"},"query-input":{"@type":"PropertyValueSpecification","valueRequired":true,"valueName":"search_term_string"}}],"inLanguage":"tr"},{"@type":"Organization","@id":"http:\/\/www.tugrulevdenevenakliyat.com\/#organization","name":"tu\u011frulcan bak\u0131rc\u0131","url":"http:\/\/www.tugrulevdenevenakliyat.com\/","logo":{"@type":"ImageObject","inLanguage":"tr","@id":"http:\/\/www.tugrulevdenevenakliyat.com\/#\/schema\/logo\/image\/","url":"http:\/\/www.tugrulevdenevenakliyat.com\/wp-content\/uploads\/2019\/12\/45249907_1056901127822562_5718244570844626944_n.jpg","contentUrl":"http:\/\/www.tugrulevdenevenakliyat.com\/wp-content\/uploads\/2019\/12\/45249907_1056901127822562_5718244570844626944_n.jpg","width":720,"height":960,"caption":"tu\u011frulcan bak\u0131rc\u0131"},"image":{"@id":"http:\/\/www.tugrulevdenevenakliyat.com\/#\/schema\/logo\/image\/"},"sameAs":["https:\/\/www.facebook.com\/tugrul.can.39589149","https:\/\/x.com\/TURGUT16176391","https:\/\/intagram.com\/tugrulnakliyatt","https:\/\/www.linkedin.com\/in\/salim-bakirci-9b838915b\/","https:\/\/tr.pinterest.com\/bakrcturgut\/pins\/"]}]}},"_links":{"self":[{"href":"https:\/\/www.tugrulevdenevenakliyat.com\/index.php\/wp-json\/wp\/v2\/pages\/152","targetHints":{"allow":["GET"]}}],"collection":[{"href":"https:\/\/www.tugrulevdenevenakliyat.com\/index.php\/wp-json\/wp\/v2\/pages"}],"about":[{"href":"https:\/\/www.tugrulevdenevenakliyat.com\/index.php\/wp-json\/wp\/v2\/types\/page"}],"author":[{"embeddable":true,"href":"https:\/\/www.tugrulevdenevenakliyat.com\/index.php\/wp-json\/wp\/v2\/users\/1"}],"replies":[{"embeddable":true,"href":"https:\/\/www.tugrulevdenevenakliyat.com\/index.php\/wp-json\/wp\/v2\/comments?post=152"}],"version-history":[{"count":5,"href":"https:\/\/www.tugrulevdenevenakliyat.com\/index.php\/wp-json\/wp\/v2\/pages\/152\/revisions"}],"predecessor-version":[{"id":673,"href":"https:\/\/www.tugrulevdenevenakliyat.com\/index.php\/wp-json\/wp\/v2\/pages\/152\/revisions\/673"}],"wp:attachment":[{"href":"https:\/\/www.tugrulevdenevenakliyat.com\/index.php\/wp-json\/wp\/v2\/media?parent=152"}],"curies":[{"name":"wp","href":"https:\/\/api.w.org\/{rel}","templated":true}]}}