{"id":169,"date":"2019-07-29T19:13:22","date_gmt":"2019-07-29T19:13:22","guid":{"rendered":"http:\/\/www.tugrulevdenevenakliyat.com\/?page_id=169"},"modified":"2019-12-24T18:38:35","modified_gmt":"2019-12-24T18:38:35","slug":"basaksehir-nakliyat","status":"publish","type":"page","link":"https:\/\/www.tugrulevdenevenakliyat.com\/index.php\/basaksehir-nakliyat\/","title":{"rendered":"Ba\u015fak\u015fehir Evden Eve Nakliyat"},"content":{"rendered":"\r\n<h1 style=\"text-align: center;\">Ba\u015fak\u015fehir\u00a0 Evden Eve Nakliyat<\/h1>\r\n\r\n\r\n\r\n<p style=\"text-align: center;\">\u00a0Ba\u015fak\u015fehir\u00a0 Evden Eve Nakliyat Siz de\u011ferli m\u00fc\u015fterilerimiz.0532 566 86 65<\/p>\r\n<p style=\"text-align: center;\">\u00a0 Biliyorsunuzki \u0130stanbul b\u00f6lgesinden bir \u00e7ok \u015fe\u00e7ilemiyecek kadar Nakliyat ve<a href=\"https:\/\/www.facebook.com\/evdenevetugrulnakliyat\/\"> Ta\u015f\u0131mac\u0131l\u0131k<\/a> var Kaliteli profosyonel titiz \u00e7al\u0131\u015fan ekip \u00e7al\u0131\u015fmas\u0131 yapan ekonomik ve i\u015fe e\u011fl\u0131 olan firmalar nadirdir.<\/p>\r\n<p style=\"text-align: center;\">bizler ise sizlere bu sayd\u0131\u011f\u0131m\u0131zdan daha iyi bir hizmet sunmaktay\u0131z Tu\u011frul nakliyat olarak<\/p>\r\n<p><img loading=\"lazy\" decoding=\"async\" width=\"300\" height=\"169\" class=\"size-medium wp-image-621 aligncenter\" src=\"http:\/\/www.tugrulevdenevenakliyat.com\/wp-content\/uploads\/2019\/12\/60305223_1748224278614487_471062662881476608_n-300x169.jpg\" alt=\"&quot;&lt;yoastmark\" srcset=\"https:\/\/www.tugrulevdenevenakliyat.com\/wp-content\/uploads\/2019\/12\/60305223_1748224278614487_471062662881476608_n-300x169.jpg 300w, https:\/\/www.tugrulevdenevenakliyat.com\/wp-content\/uploads\/2019\/12\/60305223_1748224278614487_471062662881476608_n-1024x576.jpg 1024w, https:\/\/www.tugrulevdenevenakliyat.com\/wp-content\/uploads\/2019\/12\/60305223_1748224278614487_471062662881476608_n-768x432.jpg 768w, https:\/\/www.tugrulevdenevenakliyat.com\/wp-content\/uploads\/2019\/12\/60305223_1748224278614487_471062662881476608_n.jpg 1200w\" sizes=\"auto, (max-width: 300px) 100vw, 300px\" \/><\/p>\r\n<h2 style=\"text-align: center;\">Evden Eve Nakliyat<\/h2>\r\n\r\n\r\n\r\n\r\n\r\n<p style=\"text-align: center;\">Evden Eve Nakliyat Ba\u015fak\u015fehir<\/p>\r\n\r\n\r\n\r\n<p style=\"text-align: center;\">Alt\u0131n\u015fehir Evden Eve Ta\u015f\u0131mac\u0131l\u0131k<\/p>\r\n\r\n\r\n\r\n<p style=\"text-align: center;\">Alt\u0131n\u015fehir Evden Eve Nakliyat Hizmeti<\/p>\r\n\r\n\r\n\r\n<p style=\"text-align: center;\">Alt\u0131n\u015fehir Evden Eve Nakliyat \u015eirketi<\/p>\r\n\r\n\r\n\r\n<p style=\"text-align: center;\">Alt\u0131n\u015fehir Evden Evden Nakliyat Firmas\u0131<\/p>\r\n\r\n\r\n\r\n<p style=\"text-align: center;\">BAH\u00c7E\u015eEH\u0130R 1. KISIM evden eve Nakliyat<\/p>\r\n\r\n\r\n\r\n<p style=\"text-align: center;\">BAH\u00c7E\u015eEH\u0130R 2. KISIM Evden Eve Nakliyat Ta\u015f\u0131mac\u0131l\u0131k<\/p>\r\n\r\n\r\n\r\n<p style=\"text-align: center;\">BA\u015eAK Evden eve Nakliyat \u015eirketi<\/p>\r\n\r\n\r\n\r\n<p style=\"text-align: center;\">Ba\u015fak Evden Eve Nakliyat<\/p>\r\n\r\n\r\n\r\n<p style=\"text-align: center;\">Ba\u015fak Evden Eve Nakliyat Firmas\u0131<\/p>\r\n\r\n\r\n\r\n<p style=\"text-align: center;\">Ba\u015fak Nakliyat<\/p>\r\n\r\n\r\n\r\n<p style=\"text-align: center;\">Ba\u015fak Nakliyeci<\/p>\r\n\r\n\r\n\r\n<p style=\"text-align: center;\">Ba\u015fak Evden Eve Ta\u015f\u0131mac\u0131l\u0131k<\/p>\r\n\r\n\r\n\r\n<p style=\"text-align: center;\">Ba\u015fak Evden Eve Nakliyat \u015eirketi<\/p>\r\n\r\n\r\n\r\n<p style=\"text-align: center;\">Ba\u015fak Evden Eve Nakliyat Firmas\u0131<\/p>\r\n\r\n\r\n\r\n<p style=\"text-align: center;\">\u00a0Evden Eve Nakliyat<\/p>\r\n\r\n\r\n\r\n<p style=\"text-align: center;\">\u00a0Evden Eve Nakliyat Firmas\u0131<\/p>\r\n\r\n\r\n\r\n<p style=\"text-align: center;\">Evden Eve Nakliyat \u015eirketi\u00a0Evden Eve Nakliyat Hizmeti<\/p>\r\n\r\n\r\n\r\n\r\n\r\n<p style=\"text-align: center;\">\u00a0Nakliyat<\/p>\r\n\r\n\r\n\r\n<p style=\"text-align: center;\">Nakliyeci<\/p>\r\n\r\n\r\n\r\n<p style=\"text-align: center;\">Ta\u015f\u0131mac\u0131l\u0131k<\/p>\r\n\r\n\r\n\r\n<p style=\"text-align: center;\">Ba\u015fak\u015fehir villa Ta\u015f\u0131mac\u0131l\u0131k<a href=\"http:\/\/www.tugrulevdenevenakliyat.com\/\"> Nakliye<\/a> Yapanlar<\/p>\r\n<h3 style=\"text-align: center;\">Ba\u015fak\u015fehir Ta\u015f\u0131mac\u0131l\u0131k<\/h3>\r\n<p style=\"text-align: center;\">Profosyonelli\u011fimiz ve titiz \u00e7al\u0131\u015fmam\u0131z ile b\u00fcrodan b\u00fcroya, ofisden ofise, evden eve nakliye i\u015flerinizi siz say\u0131n m\u00fc\u015fterilerimize sorun ve problem olmaktan \u00e7\u0131kar\u0131yoruz<\/p>\r\n<p style=\"text-align: center;\">.Konu evden eve nakliyat olunca akla gelen en profesyonel firma olmaktan \u00f6t\u00fcr\u00fc son derece gururluyuz.<\/p>\r\n<p style=\"text-align: center;\">Firmam\u0131z Tu\u011frul Nakliyat\u2019a telefonla ula\u015ft\u0131\u011f\u0131n\u0131z zaman size en uygun, en cazip fiyat\u0131 vererek Evden Eve Nakliyat hizmetlerimizin konforunu ve rahatl\u0131\u011f\u0131n\u0131 ya\u015fayabilmek i\u00e7in asans\u00f6rl\u00fc nakliye hizmeti sunmaktayiz.<\/p>\r\n<p style=\"text-align: center;\">T\u00fcrkiye\u2019nin 81 ilinde, \u015fehir i\u00e7i evden eve veya ofisten ofise nakliyat gibi her t\u00fcrl\u00fc ta\u015f\u0131ma i\u015fleminizi kolayca ger\u00e7ekle\u015ftirmek i\u00e7in<\/p>\r\n<p style=\"text-align: center;\">nakliyat firmalar\u0131n\u0131 bir arada toplayarak, dilemi\u015f oldu\u011funuz b\u00fct\u00fcn illerdeki nakliyat hizmetlerine kolayl\u0131kla ula\u015fman\u0131z\u0131 sa\u011fl\u0131yoruz.<\/p>\r\n<h4 style=\"text-align: center;\">PAKETLEME\/AMBALAJLAMA<\/h4>\r\n<p style=\"text-align: center;\"><br \/>Paketleme ambalajlama konusunda s\u0131n\u0131rs\u0131z m\u00fc\u015fteri memnuniyeti sa\u011flayan firmam\u0131z \u00f6rnek paketlemelerimizi yandak\u0131 menu de g\u00f6re bilirsiniz..<\/p>\r\n","protected":false},"excerpt":{"rendered":"<p>Ba\u015fak\u015fehir\u00a0 Evden Eve Nakliyat \u00a0Ba\u015fak\u015fehir\u00a0 Evden Eve Nakliyat Siz de\u011ferli m\u00fc\u015fterilerimiz.0532 566 86 65 \u00a0 Biliyorsunuzki \u0130stanbul b\u00f6lgesinden bir \u00e7ok \u015fe\u00e7ilemiyecek kadar Nakliyat ve Ta\u015f\u0131mac\u0131l\u0131k var Kaliteli profosyonel titiz \u00e7al\u0131\u015fan ekip \u00e7al\u0131\u015fmas\u0131 yapan ekonomik ve i\u015fe e\u011fl\u0131 olan firmalar nadirdir. bizler ise sizlere bu sayd\u0131\u011f\u0131m\u0131zdan daha iyi bir hizmet sunmaktay\u0131z Tu\u011frul nakliyat olarak Evden Eve&hellip; <br \/> <a class=\"read-more\" href=\"https:\/\/www.tugrulevdenevenakliyat.com\/index.php\/basaksehir-nakliyat\/\">Devam\u0131<\/a><\/p>\n","protected":false},"author":1,"featured_media":460,"parent":0,"menu_order":0,"comment_status":"closed","ping_status":"closed","template":"","meta":{"_bbp_topic_count":0,"_bbp_reply_count":0,"_bbp_total_topic_count":0,"_bbp_total_reply_count":0,"_bbp_voice_count":0,"_bbp_anonymous_reply_count":0,"_bbp_topic_count_hidden":0,"_bbp_reply_count_hidden":0,"_bbp_forum_subforum_count":0,"footnotes":""},"class_list":["post-169","page","type-page","status-publish","has-post-thumbnail","hentry"],"yoast_head":"<!-- This site is optimized with the Yoast SEO plugin v27.3 - https:\/\/yoast.com\/product\/yoast-seo-wordpress\/ -->\n<title>Ba\u015fak\u015fehir Evden Eve Nakliyat - Tu\u011frul Nakliyat Ta\u015f\u0131mac\u0131l\u0131k<\/title>\n<meta name=\"description\" content=\"TEM\u0130Z VE G\u00dcVENL\u0130 B\u0130R \u015eEK\u0130LDE TA\u015eIYIP KURMAK B\u0130Z\u0130M \u0130\u015e\u0130M\u0130Z Ba\u015fak\u015fehir nakliyat olarak 0532 566 86 65 (7\/24) hizmetinizdeyiz..\" \/>\n<meta name=\"robots\" content=\"index, follow, max-snippet:-1, max-image-preview:large, max-video-preview:-1\" \/>\n<link rel=\"canonical\" href=\"http:\/\/www.tugrulevdenevenakliyat.com\/index.php\/basaksehir-nakliyat\/\" \/>\n<meta property=\"og:locale\" content=\"tr_TR\" \/>\n<meta property=\"og:type\" content=\"article\" \/>\n<meta property=\"og:title\" content=\"Ba\u015fak\u015fehir Evden Eve Nakliyat - Tu\u011frul Nakliyat Ta\u015f\u0131mac\u0131l\u0131k\" \/>\n<meta property=\"og:description\" content=\"TEM\u0130Z VE G\u00dcVENL\u0130 B\u0130R \u015eEK\u0130LDE TA\u015eIYIP KURMAK B\u0130Z\u0130M \u0130\u015e\u0130M\u0130Z Ba\u015fak\u015fehir nakliyat olarak 0532 566 86 65 (7\/24) hizmetinizdeyiz..\" \/>\n<meta property=\"og:url\" content=\"http:\/\/www.tugrulevdenevenakliyat.com\/index.php\/basaksehir-nakliyat\/\" \/>\n<meta property=\"og:site_name\" content=\"Tu\u011frul Nakliyat\" \/>\n<meta property=\"article:publisher\" content=\"https:\/\/www.facebook.com\/tugrul.can.39589149\" \/>\n<meta property=\"article:modified_time\" content=\"2019-12-24T18:38:35+00:00\" \/>\n<meta property=\"og:image\" content=\"http:\/\/www.tugrulevdenevenakliyat.com\/wp-content\/uploads\/2019\/10\/67194008_398664830753112_5639412018084577280_n.jpg\" \/>\n\t<meta property=\"og:image:width\" content=\"720\" \/>\n\t<meta property=\"og:image:height\" content=\"333\" \/>\n\t<meta property=\"og:image:type\" content=\"image\/jpeg\" \/>\n<meta name=\"twitter:card\" content=\"summary_large_image\" \/>\n<meta name=\"twitter:site\" content=\"@TURGUT16176391\" \/>\n<meta name=\"twitter:label1\" content=\"Tahmini okuma s\u00fcresi\" \/>\n\t<meta name=\"twitter:data1\" content=\"2 dakika\" \/>\n<script type=\"application\/ld+json\" class=\"yoast-schema-graph\">{\"@context\":\"https:\\\/\\\/schema.org\",\"@graph\":[{\"@type\":\"WebPage\",\"@id\":\"http:\\\/\\\/www.tugrulevdenevenakliyat.com\\\/index.php\\\/basaksehir-nakliyat\\\/\",\"url\":\"http:\\\/\\\/www.tugrulevdenevenakliyat.com\\\/index.php\\\/basaksehir-nakliyat\\\/\",\"name\":\"Ba\u015fak\u015fehir Evden Eve Nakliyat - Tu\u011frul Nakliyat Ta\u015f\u0131mac\u0131l\u0131k\",\"isPartOf\":{\"@id\":\"http:\\\/\\\/www.tugrulevdenevenakliyat.com\\\/#website\"},\"primaryImageOfPage\":{\"@id\":\"http:\\\/\\\/www.tugrulevdenevenakliyat.com\\\/index.php\\\/basaksehir-nakliyat\\\/#primaryimage\"},\"image\":{\"@id\":\"http:\\\/\\\/www.tugrulevdenevenakliyat.com\\\/index.php\\\/basaksehir-nakliyat\\\/#primaryimage\"},\"thumbnailUrl\":\"https:\\\/\\\/www.tugrulevdenevenakliyat.com\\\/wp-content\\\/uploads\\\/2019\\\/10\\\/67194008_398664830753112_5639412018084577280_n.jpg\",\"datePublished\":\"2019-07-29T19:13:22+00:00\",\"dateModified\":\"2019-12-24T18:38:35+00:00\",\"description\":\"TEM\u0130Z VE G\u00dcVENL\u0130 B\u0130R \u015eEK\u0130LDE TA\u015eIYIP KURMAK B\u0130Z\u0130M \u0130\u015e\u0130M\u0130Z Ba\u015fak\u015fehir nakliyat olarak 0532 566 86 65 (7\\\/24) hizmetinizdeyiz..\",\"breadcrumb\":{\"@id\":\"http:\\\/\\\/www.tugrulevdenevenakliyat.com\\\/index.php\\\/basaksehir-nakliyat\\\/#breadcrumb\"},\"inLanguage\":\"tr\",\"potentialAction\":[{\"@type\":\"ReadAction\",\"target\":[\"http:\\\/\\\/www.tugrulevdenevenakliyat.com\\\/index.php\\\/basaksehir-nakliyat\\\/\"]}]},{\"@type\":\"ImageObject\",\"inLanguage\":\"tr\",\"@id\":\"http:\\\/\\\/www.tugrulevdenevenakliyat.com\\\/index.php\\\/basaksehir-nakliyat\\\/#primaryimage\",\"url\":\"https:\\\/\\\/www.tugrulevdenevenakliyat.com\\\/wp-content\\\/uploads\\\/2019\\\/10\\\/67194008_398664830753112_5639412018084577280_n.jpg\",\"contentUrl\":\"https:\\\/\\\/www.tugrulevdenevenakliyat.com\\\/wp-content\\\/uploads\\\/2019\\\/10\\\/67194008_398664830753112_5639412018084577280_n.jpg\",\"width\":720,\"height\":333,\"caption\":\"yenibosna evden eve nakliyat\"},{\"@type\":\"BreadcrumbList\",\"@id\":\"http:\\\/\\\/www.tugrulevdenevenakliyat.com\\\/index.php\\\/basaksehir-nakliyat\\\/#breadcrumb\",\"itemListElement\":[{\"@type\":\"ListItem\",\"position\":1,\"name\":\"Ana sayfa\",\"item\":\"http:\\\/\\\/www.tugrulevdenevenakliyat.com\\\/\"},{\"@type\":\"ListItem\",\"position\":2,\"name\":\"Ba\u015fak\u015fehir Evden Eve Nakliyat\"}]},{\"@type\":\"WebSite\",\"@id\":\"http:\\\/\\\/www.tugrulevdenevenakliyat.com\\\/#website\",\"url\":\"http:\\\/\\\/www.tugrulevdenevenakliyat.com\\\/\",\"name\":\"http:\\\/\\\/www.tugrulevdenevenakliyat.com\\\/\",\"description\":\"t&uuml;rkiye geneline evden eve nakliyat\",\"publisher\":{\"@id\":\"http:\\\/\\\/www.tugrulevdenevenakliyat.com\\\/#organization\"},\"potentialAction\":[{\"@type\":\"SearchAction\",\"target\":{\"@type\":\"EntryPoint\",\"urlTemplate\":\"http:\\\/\\\/www.tugrulevdenevenakliyat.com\\\/?s={search_term_string}\"},\"query-input\":{\"@type\":\"PropertyValueSpecification\",\"valueRequired\":true,\"valueName\":\"search_term_string\"}}],\"inLanguage\":\"tr\"},{\"@type\":\"Organization\",\"@id\":\"http:\\\/\\\/www.tugrulevdenevenakliyat.com\\\/#organization\",\"name\":\"tu\u011frulcan bak\u0131rc\u0131\",\"url\":\"http:\\\/\\\/www.tugrulevdenevenakliyat.com\\\/\",\"logo\":{\"@type\":\"ImageObject\",\"inLanguage\":\"tr\",\"@id\":\"http:\\\/\\\/www.tugrulevdenevenakliyat.com\\\/#\\\/schema\\\/logo\\\/image\\\/\",\"url\":\"http:\\\/\\\/www.tugrulevdenevenakliyat.com\\\/wp-content\\\/uploads\\\/2019\\\/12\\\/45249907_1056901127822562_5718244570844626944_n.jpg\",\"contentUrl\":\"http:\\\/\\\/www.tugrulevdenevenakliyat.com\\\/wp-content\\\/uploads\\\/2019\\\/12\\\/45249907_1056901127822562_5718244570844626944_n.jpg\",\"width\":720,\"height\":960,\"caption\":\"tu\u011frulcan bak\u0131rc\u0131\"},\"image\":{\"@id\":\"http:\\\/\\\/www.tugrulevdenevenakliyat.com\\\/#\\\/schema\\\/logo\\\/image\\\/\"},\"sameAs\":[\"https:\\\/\\\/www.facebook.com\\\/tugrul.can.39589149\",\"https:\\\/\\\/x.com\\\/TURGUT16176391\",\"https:\\\/\\\/intagram.com\\\/tugrulnakliyatt\",\"https:\\\/\\\/www.linkedin.com\\\/in\\\/salim-bakirci-9b838915b\\\/\",\"https:\\\/\\\/tr.pinterest.com\\\/bakrcturgut\\\/pins\\\/\"]}]}<\/script>\n<!-- \/ Yoast SEO plugin. -->","yoast_head_json":{"title":"Ba\u015fak\u015fehir Evden Eve Nakliyat - Tu\u011frul Nakliyat Ta\u015f\u0131mac\u0131l\u0131k","description":"TEM\u0130Z VE G\u00dcVENL\u0130 B\u0130R \u015eEK\u0130LDE TA\u015eIYIP KURMAK B\u0130Z\u0130M \u0130\u015e\u0130M\u0130Z Ba\u015fak\u015fehir nakliyat olarak 0532 566 86 65 (7\/24) hizmetinizdeyiz..","robots":{"index":"index","follow":"follow","max-snippet":"max-snippet:-1","max-image-preview":"max-image-preview:large","max-video-preview":"max-video-preview:-1"},"canonical":"http:\/\/www.tugrulevdenevenakliyat.com\/index.php\/basaksehir-nakliyat\/","og_locale":"tr_TR","og_type":"article","og_title":"Ba\u015fak\u015fehir Evden Eve Nakliyat - Tu\u011frul Nakliyat Ta\u015f\u0131mac\u0131l\u0131k","og_description":"TEM\u0130Z VE G\u00dcVENL\u0130 B\u0130R \u015eEK\u0130LDE TA\u015eIYIP KURMAK B\u0130Z\u0130M \u0130\u015e\u0130M\u0130Z Ba\u015fak\u015fehir nakliyat olarak 0532 566 86 65 (7\/24) hizmetinizdeyiz..","og_url":"http:\/\/www.tugrulevdenevenakliyat.com\/index.php\/basaksehir-nakliyat\/","og_site_name":"Tu\u011frul Nakliyat","article_publisher":"https:\/\/www.facebook.com\/tugrul.can.39589149","article_modified_time":"2019-12-24T18:38:35+00:00","og_image":[{"width":720,"height":333,"url":"http:\/\/www.tugrulevdenevenakliyat.com\/wp-content\/uploads\/2019\/10\/67194008_398664830753112_5639412018084577280_n.jpg","type":"image\/jpeg"}],"twitter_card":"summary_large_image","twitter_site":"@TURGUT16176391","twitter_misc":{"Tahmini okuma s\u00fcresi":"2 dakika"},"schema":{"@context":"https:\/\/schema.org","@graph":[{"@type":"WebPage","@id":"http:\/\/www.tugrulevdenevenakliyat.com\/index.php\/basaksehir-nakliyat\/","url":"http:\/\/www.tugrulevdenevenakliyat.com\/index.php\/basaksehir-nakliyat\/","name":"Ba\u015fak\u015fehir Evden Eve Nakliyat - Tu\u011frul Nakliyat Ta\u015f\u0131mac\u0131l\u0131k","isPartOf":{"@id":"http:\/\/www.tugrulevdenevenakliyat.com\/#website"},"primaryImageOfPage":{"@id":"http:\/\/www.tugrulevdenevenakliyat.com\/index.php\/basaksehir-nakliyat\/#primaryimage"},"image":{"@id":"http:\/\/www.tugrulevdenevenakliyat.com\/index.php\/basaksehir-nakliyat\/#primaryimage"},"thumbnailUrl":"https:\/\/www.tugrulevdenevenakliyat.com\/wp-content\/uploads\/2019\/10\/67194008_398664830753112_5639412018084577280_n.jpg","datePublished":"2019-07-29T19:13:22+00:00","dateModified":"2019-12-24T18:38:35+00:00","description":"TEM\u0130Z VE G\u00dcVENL\u0130 B\u0130R \u015eEK\u0130LDE TA\u015eIYIP KURMAK B\u0130Z\u0130M \u0130\u015e\u0130M\u0130Z Ba\u015fak\u015fehir nakliyat olarak 0532 566 86 65 (7\/24) hizmetinizdeyiz..","breadcrumb":{"@id":"http:\/\/www.tugrulevdenevenakliyat.com\/index.php\/basaksehir-nakliyat\/#breadcrumb"},"inLanguage":"tr","potentialAction":[{"@type":"ReadAction","target":["http:\/\/www.tugrulevdenevenakliyat.com\/index.php\/basaksehir-nakliyat\/"]}]},{"@type":"ImageObject","inLanguage":"tr","@id":"http:\/\/www.tugrulevdenevenakliyat.com\/index.php\/basaksehir-nakliyat\/#primaryimage","url":"https:\/\/www.tugrulevdenevenakliyat.com\/wp-content\/uploads\/2019\/10\/67194008_398664830753112_5639412018084577280_n.jpg","contentUrl":"https:\/\/www.tugrulevdenevenakliyat.com\/wp-content\/uploads\/2019\/10\/67194008_398664830753112_5639412018084577280_n.jpg","width":720,"height":333,"caption":"yenibosna evden eve nakliyat"},{"@type":"BreadcrumbList","@id":"http:\/\/www.tugrulevdenevenakliyat.com\/index.php\/basaksehir-nakliyat\/#breadcrumb","itemListElement":[{"@type":"ListItem","position":1,"name":"Ana sayfa","item":"http:\/\/www.tugrulevdenevenakliyat.com\/"},{"@type":"ListItem","position":2,"name":"Ba\u015fak\u015fehir Evden Eve Nakliyat"}]},{"@type":"WebSite","@id":"http:\/\/www.tugrulevdenevenakliyat.com\/#website","url":"http:\/\/www.tugrulevdenevenakliyat.com\/","name":"http:\/\/www.tugrulevdenevenakliyat.com\/","description":"t&uuml;rkiye geneline evden eve nakliyat","publisher":{"@id":"http:\/\/www.tugrulevdenevenakliyat.com\/#organization"},"potentialAction":[{"@type":"SearchAction","target":{"@type":"EntryPoint","urlTemplate":"http:\/\/www.tugrulevdenevenakliyat.com\/?s={search_term_string}"},"query-input":{"@type":"PropertyValueSpecification","valueRequired":true,"valueName":"search_term_string"}}],"inLanguage":"tr"},{"@type":"Organization","@id":"http:\/\/www.tugrulevdenevenakliyat.com\/#organization","name":"tu\u011frulcan bak\u0131rc\u0131","url":"http:\/\/www.tugrulevdenevenakliyat.com\/","logo":{"@type":"ImageObject","inLanguage":"tr","@id":"http:\/\/www.tugrulevdenevenakliyat.com\/#\/schema\/logo\/image\/","url":"http:\/\/www.tugrulevdenevenakliyat.com\/wp-content\/uploads\/2019\/12\/45249907_1056901127822562_5718244570844626944_n.jpg","contentUrl":"http:\/\/www.tugrulevdenevenakliyat.com\/wp-content\/uploads\/2019\/12\/45249907_1056901127822562_5718244570844626944_n.jpg","width":720,"height":960,"caption":"tu\u011frulcan bak\u0131rc\u0131"},"image":{"@id":"http:\/\/www.tugrulevdenevenakliyat.com\/#\/schema\/logo\/image\/"},"sameAs":["https:\/\/www.facebook.com\/tugrul.can.39589149","https:\/\/x.com\/TURGUT16176391","https:\/\/intagram.com\/tugrulnakliyatt","https:\/\/www.linkedin.com\/in\/salim-bakirci-9b838915b\/","https:\/\/tr.pinterest.com\/bakrcturgut\/pins\/"]}]}},"_links":{"self":[{"href":"https:\/\/www.tugrulevdenevenakliyat.com\/index.php\/wp-json\/wp\/v2\/pages\/169","targetHints":{"allow":["GET"]}}],"collection":[{"href":"https:\/\/www.tugrulevdenevenakliyat.com\/index.php\/wp-json\/wp\/v2\/pages"}],"about":[{"href":"https:\/\/www.tugrulevdenevenakliyat.com\/index.php\/wp-json\/wp\/v2\/types\/page"}],"author":[{"embeddable":true,"href":"https:\/\/www.tugrulevdenevenakliyat.com\/index.php\/wp-json\/wp\/v2\/users\/1"}],"replies":[{"embeddable":true,"href":"https:\/\/www.tugrulevdenevenakliyat.com\/index.php\/wp-json\/wp\/v2\/comments?post=169"}],"version-history":[{"count":4,"href":"https:\/\/www.tugrulevdenevenakliyat.com\/index.php\/wp-json\/wp\/v2\/pages\/169\/revisions"}],"predecessor-version":[{"id":622,"href":"https:\/\/www.tugrulevdenevenakliyat.com\/index.php\/wp-json\/wp\/v2\/pages\/169\/revisions\/622"}],"wp:featuredmedia":[{"embeddable":true,"href":"https:\/\/www.tugrulevdenevenakliyat.com\/index.php\/wp-json\/wp\/v2\/media\/460"}],"wp:attachment":[{"href":"https:\/\/www.tugrulevdenevenakliyat.com\/index.php\/wp-json\/wp\/v2\/media?parent=169"}],"curies":[{"name":"wp","href":"https:\/\/api.w.org\/{rel}","templated":true}]}}