{"id":174,"date":"2019-07-29T19:41:13","date_gmt":"2019-07-29T19:41:13","guid":{"rendered":"http:\/\/www.tugrulevdenevenakliyat.com\/?page_id=174"},"modified":"2020-01-01T15:28:27","modified_gmt":"2020-01-01T15:28:27","slug":"kagithane-evden-eve-nakliyat","status":"publish","type":"page","link":"https:\/\/www.tugrulevdenevenakliyat.com\/index.php\/kagithane-evden-eve-nakliyat\/","title":{"rendered":"Ka\u011f\u0131thane Evden Evden Eve Nakliyat"},"content":{"rendered":"\r\n<h1 style=\"text-align: center;\">ka\u011f\u0131thane nakliyat ta\u015f\u0131mac\u0131l\u0131k<\/h1>\r\n\r\n\r\n\r\n\r\n\r\n<p style=\"text-align: center;\">ka\u011f\u0131thane evden eve nakliyat 0532 566 86 65<\/p>\r\n<p style=\"text-align: center;\"><a href=\"https:\/\/www.facebook.com\/nakliyatt52\">Nakliye<\/a> mobilya montaj \u015fehir i\u00e7i ve \u015fehirler aras\u0131 nakliye montaj garantili sigortal\u0131 ta\u015f\u0131mac\u0131l\u0131k m\u00fc\u015fteri memnuniyeti \u00f6n planda olup siz sayg\u0131 de\u011fer m\u00fc\u015fterilerimizin hizmetindeyiz kaliteli asla tesad\u00fcf de\u011fildir.<\/p>\r\n\r\n\r\n\r\n\r\n\r\n<p style=\"text-align: center;\">T\u00fcrkiye\u2019nin 81 ilinde, \u015fehir i\u00e7i evden eve veya ofisten ofise nakliyat gibi her t\u00fcrl\u00fc ta\u015f\u0131ma i\u015fleminizi kolayca ger\u00e7ekle\u015ftirmek<\/p>\r\n<p style=\"text-align: center;\">i\u00e7in nakliyat firmalar\u0131n\u0131 bir arada toplayarak, dilemi\u015f oldu\u011funuz b\u00fct\u00fcn illerdeki nakliyat hizmetlerine kolayl\u0131kla ula\u015fman\u0131z\u0131 sa\u011fl\u0131yoruz.DAHA FAZLA<\/p>\r\n<p style=\"text-align: center;\">\u015fehir i\u00e7i evden eve veya ofisten ofise nakliyat gibi her t\u00fcrl\u00fc ta\u015f\u0131ma i\u015fleminizi kolayca ger\u00e7ekle\u015ftirmek i\u00e7in nakliyat firmalar\u0131n\u0131 bir arada toplayarak, dilemi\u015f oldu\u011funuz b\u00fct\u00fcn illerdeki nakliyat hizmetlerine kolayl\u0131kla ula\u015fman\u0131z\u0131 sa\u011fl\u0131yoruz<\/p>\r\n<div id=\"attachment_460\" style=\"width: 310px\" class=\"wp-caption aligncenter\"><img loading=\"lazy\" decoding=\"async\" aria-describedby=\"caption-attachment-460\" class=\"size-medium wp-image-460\" src=\"http:\/\/www.tugrulevdenevenakliyat.com\/wp-content\/uploads\/2019\/10\/67194008_398664830753112_5639412018084577280_n-300x139.jpg\" alt=\"ka\u011f\u0131thane nakliyat\" width=\"300\" height=\"139\" srcset=\"https:\/\/www.tugrulevdenevenakliyat.com\/wp-content\/uploads\/2019\/10\/67194008_398664830753112_5639412018084577280_n-300x139.jpg 300w, https:\/\/www.tugrulevdenevenakliyat.com\/wp-content\/uploads\/2019\/10\/67194008_398664830753112_5639412018084577280_n.jpg 720w\" sizes=\"auto, (max-width: 300px) 100vw, 300px\" \/><p id=\"caption-attachment-460\" class=\"wp-caption-text\">ka\u011f\u0131thane nakliyat<\/p><\/div>\r\n\r\n\r\n\r\n<ul class=\"wp-block-gallery columns-1 is-cropped wp-block-gallery-2 is-layout-flex wp-block-gallery-is-layout-flex\">\r\n<li class=\"blocks-gallery-item\">\u00a0<\/li>\r\n<\/ul>\r\n\r\n\r\n\r\n\r\n\r\n\r\n\r\n<h2 style=\"text-align: center;\">hizmetlerimiz<\/h2>\r\n<p style=\"text-align: center;\">\u00c7a\u011flayan Evden Eve Nakliyat<\/p>\r\n<p style=\"text-align: center;\">\u00c7aglayan Evden Eve Nakliyat \u015eirketi<\/p>\r\n<p style=\"text-align: center;\">\u00c7aglayan Evden Eve Nakliyat Firmas\u0131<\/p>\r\n<p style=\"text-align: center;\">\u00c7aglayan Evden Eve Nakliyat Hizmeti<\/p>\r\n<p style=\"text-align: center;\">\u00c7aglayan Evden Eve Ta\u015f\u0131mac\u0131l\u0131k<\/p>\r\n<p style=\"text-align: center;\">\u00c7eliktepe Evden Eve Nakliyat<\/p>\r\n<p style=\"text-align: center;\">\u00c7eliktepe Nakliyat<\/p>\r\n<p style=\"text-align: center;\">\u00c7eliktepe Ta\u015f\u0131mac\u0131l\u0131k<\/p>\r\n<p style=\"text-align: center;\">\u00c7eliktepe Evden Eve Nakliyat \u015eirketi<\/p>\r\n<p style=\"text-align: center;\">Emniyetevleri Evden Eve Nakliyat<\/p>\r\n<p style=\"text-align: center;\">G\u00fcltepe Evden Eve Nakliyat<\/p>\r\n<p style=\"text-align: center;\">G\u00fcltepe Nakliyat<\/p>\r\n<p style=\"text-align: center;\">G\u00fcltepe Ta\u015f\u0131mac\u0131l\u0131k<\/p>\r\n<p style=\"text-align: center;\">G\u00fcltepe Evden Eve Nakliyat Hizmeti<\/p>\r\n<p style=\"text-align: center;\">G\u00fcrsel Evden Eve Nakliyat<\/p>\r\n<p style=\"text-align: center;\">Hamidiye Evden Eve Nakliyat<\/p>\r\n<p style=\"text-align: center;\">Harmantepe Evden Eve Nakliyat \u015eirketi<\/p>\r\n<p style=\"text-align: center;\">H\u00fcrriyet Evden Eve Ta\u015f\u0131mac\u0131l\u0131k<\/p>\r\n<p style=\"text-align: center;\">Mehmet Akif Ersoy Evden Eve Nakliyat<\/p>\r\n<p style=\"text-align: center;\">Merkez Evden Eve nakliyat<\/p>\r\n<p style=\"text-align: center;\">Merkez Evden Eve Nakliyat<\/p>\r\n<p style=\"text-align: center;\">Merkez Nakliyat<\/p>\r\n<p style=\"text-align: center;\">Merkez Nakliyat \u015eirketi<\/p>\r\n<p style=\"text-align: center;\">Merkez Ta\u015f\u0131mac\u0131l\u0131k<\/p>\r\n<p style=\"text-align: center;\">Nurtepe Evden eve Nakliyat<\/p>\r\n<p style=\"text-align: center;\">Ortabay\u0131r Evden Eve Ta\u015f\u0131mac\u0131lk<\/p>\r\n<p style=\"text-align: center;\">Sanayi Evden Eve Nakliyat<\/p>\r\n<p style=\"text-align: center;\">Seyrantepe Evden Eve Nakliyat<\/p>\r\n<p style=\"text-align: center;\">\u015eirintepe Evden Eve Nakliyat<\/p>\r\n<p style=\"text-align: center;\">Talatpa\u015fa Evden Eve Nakliyat<\/p>\r\n<p style=\"text-align: center;\">Telsizler Evden Eve Nakliyat<\/p>\r\n<p style=\"text-align: center;\">Yahyakemal Evden Eve Nakliyat<\/p>\r\n<p style=\"text-align: center;\">Ye\u015filce Evden Eve Nakliyat<\/p>\r\n<h3 style=\"text-align: center;\">evden eve ta\u015f\u0131mac\u0131l\u0131k<\/h3>\r\n<p style=\"text-align: center;\">Evden eve nakliyat hassasiyet,\u00f6zen ve titizlik\u00a0 gerektiren hizmettir.<\/p>\r\n<p style=\"text-align: center;\">Evden eve nakliyat \u015firketimiz uzman kadromuz h\u0131zl\u0131 ve g\u00fcvenilir ta\u015f\u0131ma hizmeti veriyoruz.<br \/>Evden eve nakliyat olarak A\u2019dan Z\u2019ye <a href=\"http:\/\/www.tugrulevdenevenakliyat.com\/\">Tu\u011frul nakliyat<\/a> \u015firketimiz \u00fcstlenir.<\/p>\r\n<p style=\"text-align: center;\">Mobilya,beyaz e\u015fya,avize gibi e\u015fyalar\u0131 tek tek s\u00f6k\u00fcl\u00fcp ve paketlenip sonra \u00f6zenli bir \u015fekilde araca y\u00fcklenmesi ve daha sonra s\u00f6kt\u00fc\u011f\u00fcm\u00fcz t\u00fcm e\u015fyalar\u0131 ayni \u015fekilde montaj\u0131n\u0131 yap\u0131p yerine yerle\u015ftiriyoruz Tu\u011frul Nakliyat olarak .<\/p>\r\n","protected":false},"excerpt":{"rendered":"<p>ka\u011f\u0131thane nakliyat ta\u015f\u0131mac\u0131l\u0131k ka\u011f\u0131thane evden eve nakliyat 0532 566 86 65 Nakliye mobilya montaj \u015fehir i\u00e7i ve \u015fehirler aras\u0131 nakliye montaj garantili sigortal\u0131 ta\u015f\u0131mac\u0131l\u0131k m\u00fc\u015fteri memnuniyeti \u00f6n planda olup siz sayg\u0131 de\u011fer m\u00fc\u015fterilerimizin hizmetindeyiz kaliteli asla tesad\u00fcf de\u011fildir. T\u00fcrkiye\u2019nin 81 ilinde, \u015fehir i\u00e7i evden eve veya ofisten ofise nakliyat gibi her t\u00fcrl\u00fc ta\u015f\u0131ma i\u015fleminizi kolayca&hellip; <br \/> <a class=\"read-more\" href=\"https:\/\/www.tugrulevdenevenakliyat.com\/index.php\/kagithane-evden-eve-nakliyat\/\">Devam\u0131<\/a><\/p>\n","protected":false},"author":1,"featured_media":0,"parent":0,"menu_order":0,"comment_status":"closed","ping_status":"closed","template":"","meta":{"_bbp_topic_count":0,"_bbp_reply_count":0,"_bbp_total_topic_count":0,"_bbp_total_reply_count":0,"_bbp_voice_count":0,"_bbp_anonymous_reply_count":0,"_bbp_topic_count_hidden":0,"_bbp_reply_count_hidden":0,"_bbp_forum_subforum_count":0,"footnotes":""},"class_list":["post-174","page","type-page","status-publish","hentry"],"yoast_head":"<!-- This site is optimized with the Yoast SEO plugin v27.3 - https:\/\/yoast.com\/product\/yoast-seo-wordpress\/ -->\n<title>Ka\u011f\u0131thane Evden Evden Eve Nakliyat - Tu\u011frul Nakliyat<\/title>\n<meta name=\"description\" content=\"ka\u011f\u0131thane evden eve nakliyat \u00f6zg\u00fcn \u00e7al\u0131\u015fma ve \u00fcst\u00fcn teknolaji mazemelerimizle sizlere hizmet veriyoruz.0532 566 86 65 bir telefon kadar yak\u0131n\u0131z\" \/>\n<meta name=\"robots\" content=\"index, follow, max-snippet:-1, max-image-preview:large, max-video-preview:-1\" \/>\n<link rel=\"canonical\" href=\"http:\/\/www.tugrulevdenevenakliyat.com\/index.php\/kagithane-evden-eve-nakliyat\/\" \/>\n<meta property=\"og:locale\" content=\"tr_TR\" \/>\n<meta property=\"og:type\" content=\"article\" \/>\n<meta property=\"og:title\" content=\"Ka\u011f\u0131thane Evden Evden Eve Nakliyat - Tu\u011frul Nakliyat\" \/>\n<meta property=\"og:description\" content=\"ka\u011f\u0131thane evden eve nakliyat \u00f6zg\u00fcn \u00e7al\u0131\u015fma ve \u00fcst\u00fcn teknolaji mazemelerimizle sizlere hizmet veriyoruz.0532 566 86 65 bir telefon kadar yak\u0131n\u0131z\" \/>\n<meta property=\"og:url\" content=\"http:\/\/www.tugrulevdenevenakliyat.com\/index.php\/kagithane-evden-eve-nakliyat\/\" \/>\n<meta property=\"og:site_name\" content=\"Tu\u011frul Nakliyat\" \/>\n<meta property=\"article:publisher\" content=\"https:\/\/www.facebook.com\/tugrul.can.39589149\" \/>\n<meta property=\"article:modified_time\" content=\"2020-01-01T15:28:27+00:00\" \/>\n<meta property=\"og:image\" content=\"http:\/\/www.tugrulevdenevenakliyat.com\/wp-content\/uploads\/2019\/10\/67194008_398664830753112_5639412018084577280_n-300x139.jpg\" \/>\n<meta name=\"twitter:card\" content=\"summary_large_image\" \/>\n<meta name=\"twitter:site\" content=\"@TURGUT16176391\" \/>\n<meta name=\"twitter:label1\" content=\"Tahmini okuma s\u00fcresi\" \/>\n\t<meta name=\"twitter:data1\" content=\"2 dakika\" \/>\n<script type=\"application\/ld+json\" class=\"yoast-schema-graph\">{\"@context\":\"https:\\\/\\\/schema.org\",\"@graph\":[{\"@type\":\"WebPage\",\"@id\":\"http:\\\/\\\/www.tugrulevdenevenakliyat.com\\\/index.php\\\/kagithane-evden-eve-nakliyat\\\/\",\"url\":\"http:\\\/\\\/www.tugrulevdenevenakliyat.com\\\/index.php\\\/kagithane-evden-eve-nakliyat\\\/\",\"name\":\"Ka\u011f\u0131thane Evden Evden Eve Nakliyat - Tu\u011frul Nakliyat\",\"isPartOf\":{\"@id\":\"http:\\\/\\\/www.tugrulevdenevenakliyat.com\\\/#website\"},\"primaryImageOfPage\":{\"@id\":\"http:\\\/\\\/www.tugrulevdenevenakliyat.com\\\/index.php\\\/kagithane-evden-eve-nakliyat\\\/#primaryimage\"},\"image\":{\"@id\":\"http:\\\/\\\/www.tugrulevdenevenakliyat.com\\\/index.php\\\/kagithane-evden-eve-nakliyat\\\/#primaryimage\"},\"thumbnailUrl\":\"http:\\\/\\\/www.tugrulevdenevenakliyat.com\\\/wp-content\\\/uploads\\\/2019\\\/10\\\/67194008_398664830753112_5639412018084577280_n-300x139.jpg\",\"datePublished\":\"2019-07-29T19:41:13+00:00\",\"dateModified\":\"2020-01-01T15:28:27+00:00\",\"description\":\"ka\u011f\u0131thane evden eve nakliyat \u00f6zg\u00fcn \u00e7al\u0131\u015fma ve \u00fcst\u00fcn teknolaji mazemelerimizle sizlere hizmet veriyoruz.0532 566 86 65 bir telefon kadar yak\u0131n\u0131z\",\"breadcrumb\":{\"@id\":\"http:\\\/\\\/www.tugrulevdenevenakliyat.com\\\/index.php\\\/kagithane-evden-eve-nakliyat\\\/#breadcrumb\"},\"inLanguage\":\"tr\",\"potentialAction\":[{\"@type\":\"ReadAction\",\"target\":[\"http:\\\/\\\/www.tugrulevdenevenakliyat.com\\\/index.php\\\/kagithane-evden-eve-nakliyat\\\/\"]}]},{\"@type\":\"ImageObject\",\"inLanguage\":\"tr\",\"@id\":\"http:\\\/\\\/www.tugrulevdenevenakliyat.com\\\/index.php\\\/kagithane-evden-eve-nakliyat\\\/#primaryimage\",\"url\":\"https:\\\/\\\/www.tugrulevdenevenakliyat.com\\\/wp-content\\\/uploads\\\/2019\\\/10\\\/67194008_398664830753112_5639412018084577280_n.jpg\",\"contentUrl\":\"https:\\\/\\\/www.tugrulevdenevenakliyat.com\\\/wp-content\\\/uploads\\\/2019\\\/10\\\/67194008_398664830753112_5639412018084577280_n.jpg\",\"width\":720,\"height\":333,\"caption\":\"yenibosna evden eve nakliyat\"},{\"@type\":\"BreadcrumbList\",\"@id\":\"http:\\\/\\\/www.tugrulevdenevenakliyat.com\\\/index.php\\\/kagithane-evden-eve-nakliyat\\\/#breadcrumb\",\"itemListElement\":[{\"@type\":\"ListItem\",\"position\":1,\"name\":\"Ana sayfa\",\"item\":\"http:\\\/\\\/www.tugrulevdenevenakliyat.com\\\/\"},{\"@type\":\"ListItem\",\"position\":2,\"name\":\"Ka\u011f\u0131thane Evden Evden Eve Nakliyat\"}]},{\"@type\":\"WebSite\",\"@id\":\"http:\\\/\\\/www.tugrulevdenevenakliyat.com\\\/#website\",\"url\":\"http:\\\/\\\/www.tugrulevdenevenakliyat.com\\\/\",\"name\":\"http:\\\/\\\/www.tugrulevdenevenakliyat.com\\\/\",\"description\":\"t&uuml;rkiye geneline evden eve nakliyat\",\"publisher\":{\"@id\":\"http:\\\/\\\/www.tugrulevdenevenakliyat.com\\\/#organization\"},\"potentialAction\":[{\"@type\":\"SearchAction\",\"target\":{\"@type\":\"EntryPoint\",\"urlTemplate\":\"http:\\\/\\\/www.tugrulevdenevenakliyat.com\\\/?s={search_term_string}\"},\"query-input\":{\"@type\":\"PropertyValueSpecification\",\"valueRequired\":true,\"valueName\":\"search_term_string\"}}],\"inLanguage\":\"tr\"},{\"@type\":\"Organization\",\"@id\":\"http:\\\/\\\/www.tugrulevdenevenakliyat.com\\\/#organization\",\"name\":\"tu\u011frulcan bak\u0131rc\u0131\",\"url\":\"http:\\\/\\\/www.tugrulevdenevenakliyat.com\\\/\",\"logo\":{\"@type\":\"ImageObject\",\"inLanguage\":\"tr\",\"@id\":\"http:\\\/\\\/www.tugrulevdenevenakliyat.com\\\/#\\\/schema\\\/logo\\\/image\\\/\",\"url\":\"http:\\\/\\\/www.tugrulevdenevenakliyat.com\\\/wp-content\\\/uploads\\\/2019\\\/12\\\/45249907_1056901127822562_5718244570844626944_n.jpg\",\"contentUrl\":\"http:\\\/\\\/www.tugrulevdenevenakliyat.com\\\/wp-content\\\/uploads\\\/2019\\\/12\\\/45249907_1056901127822562_5718244570844626944_n.jpg\",\"width\":720,\"height\":960,\"caption\":\"tu\u011frulcan bak\u0131rc\u0131\"},\"image\":{\"@id\":\"http:\\\/\\\/www.tugrulevdenevenakliyat.com\\\/#\\\/schema\\\/logo\\\/image\\\/\"},\"sameAs\":[\"https:\\\/\\\/www.facebook.com\\\/tugrul.can.39589149\",\"https:\\\/\\\/x.com\\\/TURGUT16176391\",\"https:\\\/\\\/intagram.com\\\/tugrulnakliyatt\",\"https:\\\/\\\/www.linkedin.com\\\/in\\\/salim-bakirci-9b838915b\\\/\",\"https:\\\/\\\/tr.pinterest.com\\\/bakrcturgut\\\/pins\\\/\"]}]}<\/script>\n<!-- \/ Yoast SEO plugin. -->","yoast_head_json":{"title":"Ka\u011f\u0131thane Evden Evden Eve Nakliyat - Tu\u011frul Nakliyat","description":"ka\u011f\u0131thane evden eve nakliyat \u00f6zg\u00fcn \u00e7al\u0131\u015fma ve \u00fcst\u00fcn teknolaji mazemelerimizle sizlere hizmet veriyoruz.0532 566 86 65 bir telefon kadar yak\u0131n\u0131z","robots":{"index":"index","follow":"follow","max-snippet":"max-snippet:-1","max-image-preview":"max-image-preview:large","max-video-preview":"max-video-preview:-1"},"canonical":"http:\/\/www.tugrulevdenevenakliyat.com\/index.php\/kagithane-evden-eve-nakliyat\/","og_locale":"tr_TR","og_type":"article","og_title":"Ka\u011f\u0131thane Evden Evden Eve Nakliyat - Tu\u011frul Nakliyat","og_description":"ka\u011f\u0131thane evden eve nakliyat \u00f6zg\u00fcn \u00e7al\u0131\u015fma ve \u00fcst\u00fcn teknolaji mazemelerimizle sizlere hizmet veriyoruz.0532 566 86 65 bir telefon kadar yak\u0131n\u0131z","og_url":"http:\/\/www.tugrulevdenevenakliyat.com\/index.php\/kagithane-evden-eve-nakliyat\/","og_site_name":"Tu\u011frul Nakliyat","article_publisher":"https:\/\/www.facebook.com\/tugrul.can.39589149","article_modified_time":"2020-01-01T15:28:27+00:00","og_image":[{"url":"http:\/\/www.tugrulevdenevenakliyat.com\/wp-content\/uploads\/2019\/10\/67194008_398664830753112_5639412018084577280_n-300x139.jpg","type":"","width":"","height":""}],"twitter_card":"summary_large_image","twitter_site":"@TURGUT16176391","twitter_misc":{"Tahmini okuma s\u00fcresi":"2 dakika"},"schema":{"@context":"https:\/\/schema.org","@graph":[{"@type":"WebPage","@id":"http:\/\/www.tugrulevdenevenakliyat.com\/index.php\/kagithane-evden-eve-nakliyat\/","url":"http:\/\/www.tugrulevdenevenakliyat.com\/index.php\/kagithane-evden-eve-nakliyat\/","name":"Ka\u011f\u0131thane Evden Evden Eve Nakliyat - Tu\u011frul Nakliyat","isPartOf":{"@id":"http:\/\/www.tugrulevdenevenakliyat.com\/#website"},"primaryImageOfPage":{"@id":"http:\/\/www.tugrulevdenevenakliyat.com\/index.php\/kagithane-evden-eve-nakliyat\/#primaryimage"},"image":{"@id":"http:\/\/www.tugrulevdenevenakliyat.com\/index.php\/kagithane-evden-eve-nakliyat\/#primaryimage"},"thumbnailUrl":"http:\/\/www.tugrulevdenevenakliyat.com\/wp-content\/uploads\/2019\/10\/67194008_398664830753112_5639412018084577280_n-300x139.jpg","datePublished":"2019-07-29T19:41:13+00:00","dateModified":"2020-01-01T15:28:27+00:00","description":"ka\u011f\u0131thane evden eve nakliyat \u00f6zg\u00fcn \u00e7al\u0131\u015fma ve \u00fcst\u00fcn teknolaji mazemelerimizle sizlere hizmet veriyoruz.0532 566 86 65 bir telefon kadar yak\u0131n\u0131z","breadcrumb":{"@id":"http:\/\/www.tugrulevdenevenakliyat.com\/index.php\/kagithane-evden-eve-nakliyat\/#breadcrumb"},"inLanguage":"tr","potentialAction":[{"@type":"ReadAction","target":["http:\/\/www.tugrulevdenevenakliyat.com\/index.php\/kagithane-evden-eve-nakliyat\/"]}]},{"@type":"ImageObject","inLanguage":"tr","@id":"http:\/\/www.tugrulevdenevenakliyat.com\/index.php\/kagithane-evden-eve-nakliyat\/#primaryimage","url":"https:\/\/www.tugrulevdenevenakliyat.com\/wp-content\/uploads\/2019\/10\/67194008_398664830753112_5639412018084577280_n.jpg","contentUrl":"https:\/\/www.tugrulevdenevenakliyat.com\/wp-content\/uploads\/2019\/10\/67194008_398664830753112_5639412018084577280_n.jpg","width":720,"height":333,"caption":"yenibosna evden eve nakliyat"},{"@type":"BreadcrumbList","@id":"http:\/\/www.tugrulevdenevenakliyat.com\/index.php\/kagithane-evden-eve-nakliyat\/#breadcrumb","itemListElement":[{"@type":"ListItem","position":1,"name":"Ana sayfa","item":"http:\/\/www.tugrulevdenevenakliyat.com\/"},{"@type":"ListItem","position":2,"name":"Ka\u011f\u0131thane Evden Evden Eve Nakliyat"}]},{"@type":"WebSite","@id":"http:\/\/www.tugrulevdenevenakliyat.com\/#website","url":"http:\/\/www.tugrulevdenevenakliyat.com\/","name":"http:\/\/www.tugrulevdenevenakliyat.com\/","description":"t&uuml;rkiye geneline evden eve nakliyat","publisher":{"@id":"http:\/\/www.tugrulevdenevenakliyat.com\/#organization"},"potentialAction":[{"@type":"SearchAction","target":{"@type":"EntryPoint","urlTemplate":"http:\/\/www.tugrulevdenevenakliyat.com\/?s={search_term_string}"},"query-input":{"@type":"PropertyValueSpecification","valueRequired":true,"valueName":"search_term_string"}}],"inLanguage":"tr"},{"@type":"Organization","@id":"http:\/\/www.tugrulevdenevenakliyat.com\/#organization","name":"tu\u011frulcan bak\u0131rc\u0131","url":"http:\/\/www.tugrulevdenevenakliyat.com\/","logo":{"@type":"ImageObject","inLanguage":"tr","@id":"http:\/\/www.tugrulevdenevenakliyat.com\/#\/schema\/logo\/image\/","url":"http:\/\/www.tugrulevdenevenakliyat.com\/wp-content\/uploads\/2019\/12\/45249907_1056901127822562_5718244570844626944_n.jpg","contentUrl":"http:\/\/www.tugrulevdenevenakliyat.com\/wp-content\/uploads\/2019\/12\/45249907_1056901127822562_5718244570844626944_n.jpg","width":720,"height":960,"caption":"tu\u011frulcan bak\u0131rc\u0131"},"image":{"@id":"http:\/\/www.tugrulevdenevenakliyat.com\/#\/schema\/logo\/image\/"},"sameAs":["https:\/\/www.facebook.com\/tugrul.can.39589149","https:\/\/x.com\/TURGUT16176391","https:\/\/intagram.com\/tugrulnakliyatt","https:\/\/www.linkedin.com\/in\/salim-bakirci-9b838915b\/","https:\/\/tr.pinterest.com\/bakrcturgut\/pins\/"]}]}},"_links":{"self":[{"href":"https:\/\/www.tugrulevdenevenakliyat.com\/index.php\/wp-json\/wp\/v2\/pages\/174","targetHints":{"allow":["GET"]}}],"collection":[{"href":"https:\/\/www.tugrulevdenevenakliyat.com\/index.php\/wp-json\/wp\/v2\/pages"}],"about":[{"href":"https:\/\/www.tugrulevdenevenakliyat.com\/index.php\/wp-json\/wp\/v2\/types\/page"}],"author":[{"embeddable":true,"href":"https:\/\/www.tugrulevdenevenakliyat.com\/index.php\/wp-json\/wp\/v2\/users\/1"}],"replies":[{"embeddable":true,"href":"https:\/\/www.tugrulevdenevenakliyat.com\/index.php\/wp-json\/wp\/v2\/comments?post=174"}],"version-history":[{"count":6,"href":"https:\/\/www.tugrulevdenevenakliyat.com\/index.php\/wp-json\/wp\/v2\/pages\/174\/revisions"}],"predecessor-version":[{"id":682,"href":"https:\/\/www.tugrulevdenevenakliyat.com\/index.php\/wp-json\/wp\/v2\/pages\/174\/revisions\/682"}],"wp:attachment":[{"href":"https:\/\/www.tugrulevdenevenakliyat.com\/index.php\/wp-json\/wp\/v2\/media?parent=174"}],"curies":[{"name":"wp","href":"https:\/\/api.w.org\/{rel}","templated":true}]}}