{"id":179,"date":"2019-07-29T19:51:48","date_gmt":"2019-07-29T19:51:48","guid":{"rendered":"http:\/\/www.tugrulevdenevenakliyat.com\/?page_id=179"},"modified":"2020-01-01T15:46:32","modified_gmt":"2020-01-01T15:46:32","slug":"kadikoy-evden-eve-nakliyat","status":"publish","type":"page","link":"https:\/\/www.tugrulevdenevenakliyat.com\/index.php\/kadikoy-evden-eve-nakliyat\/","title":{"rendered":"Kad\u0131k\u00f6y Evden Eve Nakliyat"},"content":{"rendered":"\r\n<h1 style=\"text-align: center;\">KADIK\u00d6Y EVDEN EVE NAKL\u0130YAT<\/h1>\r\n<p style=\"text-align: center;\">kad\u0131k\u00f6y evden eve nakliyat 0532 566 86 65<\/p>\r\n\r\n\r\n\r\n<p style=\"text-align: center;\">M\u00fc\u015fteri memnuniyetinden sorumluluk ta\u015f\u0131d\u0131m\u0131z i\u00e7in bu i\u015fi ge\u00e7i\u00e7i de\u011fil kal\u0131c\u0131 d\u00fc\u015f\u00fcnd\u00fcm\u00fcz i\u00e7in verdimiz s\u00f6z konu\u015fdugumuz<\/p>\r\n<p style=\"text-align: center;\">kelimeyi yeride gedirmekden memnunuz\u00a0m\u00fc\u015fterilerimizle s\u00f6zle\u015fme yap\u0131p konu\u015fdugumuz saatde ve yap\u0131lan i\u015f\u00e7ilik hakk\u0131nda \u00f6n bilgi verip mobilya ve koltuk tak\u0131m\u0131 , yatak odas\u0131n\u0131 ,cocuk odan\u0131z\u0131, yemek odan\u0131z\u0131 ve duvar \u00fcnitesi fortmanto s\u00f6k\u00fcp ampalaj\u0131 yap\u0131l\u0131r<\/p>\r\n<p style=\"text-align: center;\">beyaz e\u015fyalar\u0131n\u0131z\u0131da s\u00f6k\u00fcp ambalaj\u0131n\u0131z\u0131da yap\u0131p gideceyi yere g\u00f6t\u00fcr\u00fcp ta\u015f\u0131p montaj\u0131n\u0131 yap\u0131p tertemiz bir \u015fekilde yap\u0131p siz de\u011ferli m\u00fc\u015fterilerimize teslim etmekdir.<\/p>\r\n\r\n\r\n\r\n\r\n\r\n<p style=\"text-align: center;\"><em><a href=\"https:\/\/www.facebook.com\/nakliyatt52\">Nakliye mobilya<\/a> montaj \u015fehir i\u00e7i ve \u015fehirler aras\u0131 nakliye montaj garantili sigortal\u0131 ta\u015f\u0131mac\u0131l\u0131k m\u00fc\u015fteri memnuniyeti \u00f6n planda olup siz sayg\u0131 de\u011fer m\u00fc\u015fterilerimizin hizmetindeyiz kaliteli asla tesad\u00fcf de\u011fildir.<\/em><\/p>\r\n<p style=\"text-align: center;\"><em>H\u0130ZMETLER\u0130M\u0130ZDE SINIR YOK\u00a0 Hizmetlerinde,m\u00fc\u015fterilerimize y\u00fcksek kalite ile g\u00fcvenli ve h\u0131zl\u0131 hizmet verebilmek i\u00e7in \u00e7al\u0131\u015f\u0131yoruz<\/em><strong><em>.<\/em><\/strong><\/p>\r\n<div id=\"attachment_684\" style=\"width: 310px\" class=\"wp-caption aligncenter\"><img loading=\"lazy\" decoding=\"async\" aria-describedby=\"caption-attachment-684\" class=\"size-medium wp-image-684\" src=\"http:\/\/www.tugrulevdenevenakliyat.com\/wp-content\/uploads\/2020\/01\/81530221_2914329685278432_5479577378554380288_n-1-300x300.jpg\" alt=\"kad\u0131k\u00f6y nakliyat \" width=\"300\" height=\"300\" srcset=\"https:\/\/www.tugrulevdenevenakliyat.com\/wp-content\/uploads\/2020\/01\/81530221_2914329685278432_5479577378554380288_n-1-300x300.jpg 300w, https:\/\/www.tugrulevdenevenakliyat.com\/wp-content\/uploads\/2020\/01\/81530221_2914329685278432_5479577378554380288_n-1-150x150.jpg 150w, https:\/\/www.tugrulevdenevenakliyat.com\/wp-content\/uploads\/2020\/01\/81530221_2914329685278432_5479577378554380288_n-1.jpg 710w\" sizes=\"auto, (max-width: 300px) 100vw, 300px\" \/><p id=\"caption-attachment-684\" class=\"wp-caption-text\">kad\u0131k\u00f6y nakliyat<\/p><\/div>\r\n\r\n\r\n\r\n<h2 style=\"text-align: center;\">Kad\u0131k\u00f6y Evden Eve Nakliyat Firmasi<\/h2>\r\n\r\n\r\n\r\n<p style=\"text-align: center;\"><a href=\"http:\/\/www.tugrulevdenevenakliyat.com\">Kad\u0131k\u00f6y Nakliyat<\/a><\/p>\r\n\r\n\r\n\r\n<p style=\"text-align: center;\">Kad\u0131k\u00f6y Nakliyeci<\/p>\r\n\r\n\r\n\r\n<p style=\"text-align: center;\">Kad\u0131k\u00f6y Ta\u015f\u0131mac\u0131l\u0131k<\/p>\r\n\r\n\r\n\r\n<p style=\"text-align: center;\">Kad\u0131k\u00f6y Paketleme<\/p>\r\n\r\n\r\n\r\n<p style=\"text-align: center;\">Kad\u0131k\u00f6y si\u011forta ta\u015f\u0131mac\u0131l\u0131k<\/p>\r\n\r\n\r\n\r\n<p style=\"text-align: center;\">Kad\u0131k\u00f6y Ev E\u015fyas\u0131 Ta\u015f\u0131mac\u0131l\u0131k<\/p>\r\n\r\n\r\n\r\n<p style=\"text-align: center;\">Ac\u0131badem Evden Eve Nakliyat<\/p>\r\n\r\n\r\n\r\n<p style=\"text-align: center;\">Ac\u0131badem Evden Eve Nakliyat<\/p>\r\n\r\n\r\n\r\n<p style=\"text-align: center;\">Ac\u0131badem Evden Eve Ta\u015f\u0131mac\u0131l\u0131k<\/p>\r\n\r\n\r\n\r\n<p style=\"text-align: center;\">Ac\u0131badem ev E\u015fyas\u0131 Ta\u015f\u0131mac\u0131l\u0131k<\/p>\r\n\r\n\r\n\r\n<p style=\"text-align: center;\">Ac\u0131badem Evden Eve Nakliyat \u015eirketi<\/p>\r\n\r\n\r\n\r\n<p style=\"text-align: center;\">Ac\u0131badem Evden Eve Nakliyat Firmas\u0131<\/p>\r\n\r\n\r\n\r\n<p style=\"text-align: center;\">Ac\u0131badem Tu\u011frul Nakliyat<\/p>\r\n\r\n\r\n\r\n<p style=\"text-align: center;\">Bostanc\u0131 Ev E\u015fyas\u0131 Ta\u015f\u0131mc\u0131l\u0131k<\/p>\r\n\r\n\r\n\r\n<p style=\"text-align: center;\">Bostanc\u0131 Evden Eve Nakliyat<\/p>\r\n\r\n\r\n\r\n<p style=\"text-align: center;\">Bostanc\u0131 Evden Eve Nakliyat<\/p>\r\n\r\n\r\n\r\n<p style=\"text-align: center;\">Bostanc\u0131 Evden Eve Nakliyat Firmas\u0131<\/p>\r\n\r\n\r\n\r\n<p style=\"text-align: center;\">Bostanc\u0131 Evden Eve Nakliyat \u015eirketi<\/p>\r\n\r\n\r\n\r\n<p style=\"text-align: center;\">Bostanc\u0131 Evden Eve Nakliyat Ta\u015f\u0131mac\u0131l\u0131k<\/p>\r\n\r\n\r\n\r\n<p style=\"text-align: center;\">Bostanc\u0131 Nakliye yapanlar Sitesi<\/p>\r\n\r\n\r\n\r\n<p style=\"text-align: center;\">Bostanc\u0131 nakliyat<\/p>\r\n\r\n\r\n\r\n<p style=\"text-align: center;\">Bostanc\u0131 ta\u015f\u0131mac\u0131l\u0131k<\/p>\r\n\r\n\r\n\r\n<p style=\"text-align: center;\">Caddebostan Evden Eve Nakliyat<\/p>\r\n\r\n\r\n\r\n<p style=\"text-align: center;\">Cafera\u011fa Evden Eve Nakliyat<\/p>\r\n\r\n\r\n\r\n<p style=\"text-align: center;\">Dumlup\u0131nar Evden Eve nakliyat<\/p>\r\n\r\n\r\n\r\n<p style=\"text-align: center;\">E\u011fitim Nakliyat<\/p>\r\n\r\n\r\n\r\n<p style=\"text-align: center;\">Erenk\u00f6y Evden Eve Nakliyat Firmas\u0131<\/p>\r\n\r\n\r\n\r\n<p style=\"text-align: center;\">Fenerbah\u00e7e Evden Eve Nakliyat<\/p>\r\n\r\n\r\n\r\n<p style=\"text-align: center;\">Feneryolu Evden Eve Nakliyat<\/p>\r\n\r\n\r\n\r\n<p style=\"text-align: center;\">FikirtepeEvden Eve Nakliyat Fiyatlar\u0131<\/p>\r\n\r\n\r\n\r\n<p style=\"text-align: center;\">Fikirtepe Evden Eve Ta\u015f\u0131mac\u0131l\u0131k<\/p>\r\n\r\n\r\n\r\n<p style=\"text-align: center;\">Fikirtepe Nakliyat<\/p>\r\n\r\n\r\n\r\n<p style=\"text-align: center;\">G\u00f6ztepe Evden Eve Nakliyat<\/p>\r\n\r\n\r\n\r\n<p style=\"text-align: center;\">G\u00f6ztepe Evden Eve Nakliyat firmas\u0131<\/p>\r\n\r\n\r\n\r\n<p style=\"text-align: center;\">Hasanpa\u015fa Evden Eve Nakliyat<\/p>\r\n\r\n\r\n\r\n<p style=\"text-align: center;\">Ko\u015fuyolu Nakliyat<\/p>\r\n\r\n\r\n\r\n<p style=\"text-align: center;\">Kozyata\u011f\u0131 Evden Eve Nakliyat<\/p>\r\n\r\n\r\n\r\n<p style=\"text-align: center;\">Merdivenk\u00f6y Evden Eve Nakliyat<\/p>\r\n\r\n\r\n\r\n<p style=\"text-align: center;\">Osmana\u011fa Nakliyat<\/p>\r\n\r\n\r\n\r\n<p style=\"text-align: center;\">Rasimpa\u015fa Ev E\u015fyas\u0131 Ta\u015f\u0131mac\u0131l\u0131k<\/p>\r\n\r\n\r\n\r\n<p style=\"text-align: center;\">Sahray\u0131 Cedit Evden Eve nakliyat<\/p>\r\n\r\n\r\n\r\n<p style=\"text-align: center;\">Suadiye Evden Eve Nakliyat<\/p>\r\n\r\n\r\n\r\n<p style=\"text-align: center;\">Suadiye Nakliyat<\/p>\r\n\r\n\r\n\r\n<p style=\"text-align: center;\">Z\u00fcht\u00fcpa\u015fa Evden Eve Nakliyat<\/p>\r\n","protected":false},"excerpt":{"rendered":"<p>KADIK\u00d6Y EVDEN EVE NAKL\u0130YAT kad\u0131k\u00f6y evden eve nakliyat 0532 566 86 65 M\u00fc\u015fteri memnuniyetinden sorumluluk ta\u015f\u0131d\u0131m\u0131z i\u00e7in bu i\u015fi ge\u00e7i\u00e7i de\u011fil kal\u0131c\u0131 d\u00fc\u015f\u00fcnd\u00fcm\u00fcz i\u00e7in verdimiz s\u00f6z konu\u015fdugumuz kelimeyi yeride gedirmekden memnunuz\u00a0m\u00fc\u015fterilerimizle s\u00f6zle\u015fme yap\u0131p konu\u015fdugumuz saatde ve yap\u0131lan i\u015f\u00e7ilik hakk\u0131nda \u00f6n bilgi verip mobilya ve koltuk tak\u0131m\u0131 , yatak odas\u0131n\u0131 ,cocuk odan\u0131z\u0131, yemek odan\u0131z\u0131 ve duvar&hellip; <br \/> <a class=\"read-more\" href=\"https:\/\/www.tugrulevdenevenakliyat.com\/index.php\/kadikoy-evden-eve-nakliyat\/\">Devam\u0131<\/a><\/p>\n","protected":false},"author":1,"featured_media":0,"parent":0,"menu_order":0,"comment_status":"closed","ping_status":"closed","template":"","meta":{"_bbp_topic_count":0,"_bbp_reply_count":0,"_bbp_total_topic_count":0,"_bbp_total_reply_count":0,"_bbp_voice_count":0,"_bbp_anonymous_reply_count":0,"_bbp_topic_count_hidden":0,"_bbp_reply_count_hidden":0,"_bbp_forum_subforum_count":0,"footnotes":""},"class_list":["post-179","page","type-page","status-publish","hentry"],"yoast_head":"<!-- This site is optimized with the Yoast SEO plugin v27.3 - https:\/\/yoast.com\/product\/yoast-seo-wordpress\/ -->\n<title>Kad\u0131k\u00f6y Evden Eve Nakliyat - Tu\u011frul Nakliyat nakliyeci<\/title>\n<meta name=\"description\" content=\"kad\u0131k\u00f6y evden eve nakliyat \u00f6zg\u00fcn \u00e7al\u0131\u015fma ve \u00fcst\u00fcn teknolaji mazemelerimizle sizlere hizmet veriyoruz.0532 566 86 65 bir telefon kadar yak\u0131n\u0131z..\" \/>\n<meta name=\"robots\" content=\"index, follow, max-snippet:-1, max-image-preview:large, max-video-preview:-1\" \/>\n<link rel=\"canonical\" href=\"http:\/\/www.tugrulevdenevenakliyat.com\/index.php\/kadikoy-evden-eve-nakliyat\/\" \/>\n<meta property=\"og:locale\" content=\"tr_TR\" \/>\n<meta property=\"og:type\" content=\"article\" \/>\n<meta property=\"og:title\" content=\"Kad\u0131k\u00f6y Evden Eve Nakliyat - Tu\u011frul Nakliyat nakliyeci\" \/>\n<meta property=\"og:description\" content=\"kad\u0131k\u00f6y evden eve nakliyat \u00f6zg\u00fcn \u00e7al\u0131\u015fma ve \u00fcst\u00fcn teknolaji mazemelerimizle sizlere hizmet veriyoruz.0532 566 86 65 bir telefon kadar yak\u0131n\u0131z..\" \/>\n<meta property=\"og:url\" content=\"http:\/\/www.tugrulevdenevenakliyat.com\/index.php\/kadikoy-evden-eve-nakliyat\/\" \/>\n<meta property=\"og:site_name\" content=\"Tu\u011frul Nakliyat\" \/>\n<meta property=\"article:publisher\" content=\"https:\/\/www.facebook.com\/tugrul.can.39589149\" \/>\n<meta property=\"article:modified_time\" content=\"2020-01-01T15:46:32+00:00\" \/>\n<meta property=\"og:image\" content=\"http:\/\/www.tugrulevdenevenakliyat.com\/wp-content\/uploads\/2020\/01\/81530221_2914329685278432_5479577378554380288_n-1-300x300.jpg\" \/>\n<meta name=\"twitter:card\" content=\"summary_large_image\" \/>\n<meta name=\"twitter:site\" content=\"@TURGUT16176391\" \/>\n<meta name=\"twitter:label1\" content=\"Tahmini okuma s\u00fcresi\" \/>\n\t<meta name=\"twitter:data1\" content=\"2 dakika\" \/>\n<script type=\"application\/ld+json\" class=\"yoast-schema-graph\">{\"@context\":\"https:\\\/\\\/schema.org\",\"@graph\":[{\"@type\":\"WebPage\",\"@id\":\"http:\\\/\\\/www.tugrulevdenevenakliyat.com\\\/index.php\\\/kadikoy-evden-eve-nakliyat\\\/\",\"url\":\"http:\\\/\\\/www.tugrulevdenevenakliyat.com\\\/index.php\\\/kadikoy-evden-eve-nakliyat\\\/\",\"name\":\"Kad\u0131k\u00f6y Evden Eve Nakliyat - Tu\u011frul Nakliyat nakliyeci\",\"isPartOf\":{\"@id\":\"http:\\\/\\\/www.tugrulevdenevenakliyat.com\\\/#website\"},\"primaryImageOfPage\":{\"@id\":\"http:\\\/\\\/www.tugrulevdenevenakliyat.com\\\/index.php\\\/kadikoy-evden-eve-nakliyat\\\/#primaryimage\"},\"image\":{\"@id\":\"http:\\\/\\\/www.tugrulevdenevenakliyat.com\\\/index.php\\\/kadikoy-evden-eve-nakliyat\\\/#primaryimage\"},\"thumbnailUrl\":\"http:\\\/\\\/www.tugrulevdenevenakliyat.com\\\/wp-content\\\/uploads\\\/2020\\\/01\\\/81530221_2914329685278432_5479577378554380288_n-1-300x300.jpg\",\"datePublished\":\"2019-07-29T19:51:48+00:00\",\"dateModified\":\"2020-01-01T15:46:32+00:00\",\"description\":\"kad\u0131k\u00f6y evden eve nakliyat \u00f6zg\u00fcn \u00e7al\u0131\u015fma ve \u00fcst\u00fcn teknolaji mazemelerimizle sizlere hizmet veriyoruz.0532 566 86 65 bir telefon kadar yak\u0131n\u0131z..\",\"breadcrumb\":{\"@id\":\"http:\\\/\\\/www.tugrulevdenevenakliyat.com\\\/index.php\\\/kadikoy-evden-eve-nakliyat\\\/#breadcrumb\"},\"inLanguage\":\"tr\",\"potentialAction\":[{\"@type\":\"ReadAction\",\"target\":[\"http:\\\/\\\/www.tugrulevdenevenakliyat.com\\\/index.php\\\/kadikoy-evden-eve-nakliyat\\\/\"]}]},{\"@type\":\"ImageObject\",\"inLanguage\":\"tr\",\"@id\":\"http:\\\/\\\/www.tugrulevdenevenakliyat.com\\\/index.php\\\/kadikoy-evden-eve-nakliyat\\\/#primaryimage\",\"url\":\"https:\\\/\\\/www.tugrulevdenevenakliyat.com\\\/wp-content\\\/uploads\\\/2020\\\/01\\\/81530221_2914329685278432_5479577378554380288_n-1.jpg\",\"contentUrl\":\"https:\\\/\\\/www.tugrulevdenevenakliyat.com\\\/wp-content\\\/uploads\\\/2020\\\/01\\\/81530221_2914329685278432_5479577378554380288_n-1.jpg\",\"width\":710,\"height\":708,\"caption\":\"fatsa dolunay nakliyat\"},{\"@type\":\"BreadcrumbList\",\"@id\":\"http:\\\/\\\/www.tugrulevdenevenakliyat.com\\\/index.php\\\/kadikoy-evden-eve-nakliyat\\\/#breadcrumb\",\"itemListElement\":[{\"@type\":\"ListItem\",\"position\":1,\"name\":\"Ana sayfa\",\"item\":\"http:\\\/\\\/www.tugrulevdenevenakliyat.com\\\/\"},{\"@type\":\"ListItem\",\"position\":2,\"name\":\"Kad\u0131k\u00f6y Evden Eve Nakliyat\"}]},{\"@type\":\"WebSite\",\"@id\":\"http:\\\/\\\/www.tugrulevdenevenakliyat.com\\\/#website\",\"url\":\"http:\\\/\\\/www.tugrulevdenevenakliyat.com\\\/\",\"name\":\"http:\\\/\\\/www.tugrulevdenevenakliyat.com\\\/\",\"description\":\"t&uuml;rkiye geneline evden eve nakliyat\",\"publisher\":{\"@id\":\"http:\\\/\\\/www.tugrulevdenevenakliyat.com\\\/#organization\"},\"potentialAction\":[{\"@type\":\"SearchAction\",\"target\":{\"@type\":\"EntryPoint\",\"urlTemplate\":\"http:\\\/\\\/www.tugrulevdenevenakliyat.com\\\/?s={search_term_string}\"},\"query-input\":{\"@type\":\"PropertyValueSpecification\",\"valueRequired\":true,\"valueName\":\"search_term_string\"}}],\"inLanguage\":\"tr\"},{\"@type\":\"Organization\",\"@id\":\"http:\\\/\\\/www.tugrulevdenevenakliyat.com\\\/#organization\",\"name\":\"tu\u011frulcan bak\u0131rc\u0131\",\"url\":\"http:\\\/\\\/www.tugrulevdenevenakliyat.com\\\/\",\"logo\":{\"@type\":\"ImageObject\",\"inLanguage\":\"tr\",\"@id\":\"http:\\\/\\\/www.tugrulevdenevenakliyat.com\\\/#\\\/schema\\\/logo\\\/image\\\/\",\"url\":\"http:\\\/\\\/www.tugrulevdenevenakliyat.com\\\/wp-content\\\/uploads\\\/2019\\\/12\\\/45249907_1056901127822562_5718244570844626944_n.jpg\",\"contentUrl\":\"http:\\\/\\\/www.tugrulevdenevenakliyat.com\\\/wp-content\\\/uploads\\\/2019\\\/12\\\/45249907_1056901127822562_5718244570844626944_n.jpg\",\"width\":720,\"height\":960,\"caption\":\"tu\u011frulcan bak\u0131rc\u0131\"},\"image\":{\"@id\":\"http:\\\/\\\/www.tugrulevdenevenakliyat.com\\\/#\\\/schema\\\/logo\\\/image\\\/\"},\"sameAs\":[\"https:\\\/\\\/www.facebook.com\\\/tugrul.can.39589149\",\"https:\\\/\\\/x.com\\\/TURGUT16176391\",\"https:\\\/\\\/intagram.com\\\/tugrulnakliyatt\",\"https:\\\/\\\/www.linkedin.com\\\/in\\\/salim-bakirci-9b838915b\\\/\",\"https:\\\/\\\/tr.pinterest.com\\\/bakrcturgut\\\/pins\\\/\"]}]}<\/script>\n<!-- \/ Yoast SEO plugin. -->","yoast_head_json":{"title":"Kad\u0131k\u00f6y Evden Eve Nakliyat - Tu\u011frul Nakliyat nakliyeci","description":"kad\u0131k\u00f6y evden eve nakliyat \u00f6zg\u00fcn \u00e7al\u0131\u015fma ve \u00fcst\u00fcn teknolaji mazemelerimizle sizlere hizmet veriyoruz.0532 566 86 65 bir telefon kadar yak\u0131n\u0131z..","robots":{"index":"index","follow":"follow","max-snippet":"max-snippet:-1","max-image-preview":"max-image-preview:large","max-video-preview":"max-video-preview:-1"},"canonical":"http:\/\/www.tugrulevdenevenakliyat.com\/index.php\/kadikoy-evden-eve-nakliyat\/","og_locale":"tr_TR","og_type":"article","og_title":"Kad\u0131k\u00f6y Evden Eve Nakliyat - Tu\u011frul Nakliyat nakliyeci","og_description":"kad\u0131k\u00f6y evden eve nakliyat \u00f6zg\u00fcn \u00e7al\u0131\u015fma ve \u00fcst\u00fcn teknolaji mazemelerimizle sizlere hizmet veriyoruz.0532 566 86 65 bir telefon kadar yak\u0131n\u0131z..","og_url":"http:\/\/www.tugrulevdenevenakliyat.com\/index.php\/kadikoy-evden-eve-nakliyat\/","og_site_name":"Tu\u011frul Nakliyat","article_publisher":"https:\/\/www.facebook.com\/tugrul.can.39589149","article_modified_time":"2020-01-01T15:46:32+00:00","og_image":[{"url":"http:\/\/www.tugrulevdenevenakliyat.com\/wp-content\/uploads\/2020\/01\/81530221_2914329685278432_5479577378554380288_n-1-300x300.jpg","type":"","width":"","height":""}],"twitter_card":"summary_large_image","twitter_site":"@TURGUT16176391","twitter_misc":{"Tahmini okuma s\u00fcresi":"2 dakika"},"schema":{"@context":"https:\/\/schema.org","@graph":[{"@type":"WebPage","@id":"http:\/\/www.tugrulevdenevenakliyat.com\/index.php\/kadikoy-evden-eve-nakliyat\/","url":"http:\/\/www.tugrulevdenevenakliyat.com\/index.php\/kadikoy-evden-eve-nakliyat\/","name":"Kad\u0131k\u00f6y Evden Eve Nakliyat - Tu\u011frul Nakliyat nakliyeci","isPartOf":{"@id":"http:\/\/www.tugrulevdenevenakliyat.com\/#website"},"primaryImageOfPage":{"@id":"http:\/\/www.tugrulevdenevenakliyat.com\/index.php\/kadikoy-evden-eve-nakliyat\/#primaryimage"},"image":{"@id":"http:\/\/www.tugrulevdenevenakliyat.com\/index.php\/kadikoy-evden-eve-nakliyat\/#primaryimage"},"thumbnailUrl":"http:\/\/www.tugrulevdenevenakliyat.com\/wp-content\/uploads\/2020\/01\/81530221_2914329685278432_5479577378554380288_n-1-300x300.jpg","datePublished":"2019-07-29T19:51:48+00:00","dateModified":"2020-01-01T15:46:32+00:00","description":"kad\u0131k\u00f6y evden eve nakliyat \u00f6zg\u00fcn \u00e7al\u0131\u015fma ve \u00fcst\u00fcn teknolaji mazemelerimizle sizlere hizmet veriyoruz.0532 566 86 65 bir telefon kadar yak\u0131n\u0131z..","breadcrumb":{"@id":"http:\/\/www.tugrulevdenevenakliyat.com\/index.php\/kadikoy-evden-eve-nakliyat\/#breadcrumb"},"inLanguage":"tr","potentialAction":[{"@type":"ReadAction","target":["http:\/\/www.tugrulevdenevenakliyat.com\/index.php\/kadikoy-evden-eve-nakliyat\/"]}]},{"@type":"ImageObject","inLanguage":"tr","@id":"http:\/\/www.tugrulevdenevenakliyat.com\/index.php\/kadikoy-evden-eve-nakliyat\/#primaryimage","url":"https:\/\/www.tugrulevdenevenakliyat.com\/wp-content\/uploads\/2020\/01\/81530221_2914329685278432_5479577378554380288_n-1.jpg","contentUrl":"https:\/\/www.tugrulevdenevenakliyat.com\/wp-content\/uploads\/2020\/01\/81530221_2914329685278432_5479577378554380288_n-1.jpg","width":710,"height":708,"caption":"fatsa dolunay nakliyat"},{"@type":"BreadcrumbList","@id":"http:\/\/www.tugrulevdenevenakliyat.com\/index.php\/kadikoy-evden-eve-nakliyat\/#breadcrumb","itemListElement":[{"@type":"ListItem","position":1,"name":"Ana sayfa","item":"http:\/\/www.tugrulevdenevenakliyat.com\/"},{"@type":"ListItem","position":2,"name":"Kad\u0131k\u00f6y Evden Eve Nakliyat"}]},{"@type":"WebSite","@id":"http:\/\/www.tugrulevdenevenakliyat.com\/#website","url":"http:\/\/www.tugrulevdenevenakliyat.com\/","name":"http:\/\/www.tugrulevdenevenakliyat.com\/","description":"t&uuml;rkiye geneline evden eve nakliyat","publisher":{"@id":"http:\/\/www.tugrulevdenevenakliyat.com\/#organization"},"potentialAction":[{"@type":"SearchAction","target":{"@type":"EntryPoint","urlTemplate":"http:\/\/www.tugrulevdenevenakliyat.com\/?s={search_term_string}"},"query-input":{"@type":"PropertyValueSpecification","valueRequired":true,"valueName":"search_term_string"}}],"inLanguage":"tr"},{"@type":"Organization","@id":"http:\/\/www.tugrulevdenevenakliyat.com\/#organization","name":"tu\u011frulcan bak\u0131rc\u0131","url":"http:\/\/www.tugrulevdenevenakliyat.com\/","logo":{"@type":"ImageObject","inLanguage":"tr","@id":"http:\/\/www.tugrulevdenevenakliyat.com\/#\/schema\/logo\/image\/","url":"http:\/\/www.tugrulevdenevenakliyat.com\/wp-content\/uploads\/2019\/12\/45249907_1056901127822562_5718244570844626944_n.jpg","contentUrl":"http:\/\/www.tugrulevdenevenakliyat.com\/wp-content\/uploads\/2019\/12\/45249907_1056901127822562_5718244570844626944_n.jpg","width":720,"height":960,"caption":"tu\u011frulcan bak\u0131rc\u0131"},"image":{"@id":"http:\/\/www.tugrulevdenevenakliyat.com\/#\/schema\/logo\/image\/"},"sameAs":["https:\/\/www.facebook.com\/tugrul.can.39589149","https:\/\/x.com\/TURGUT16176391","https:\/\/intagram.com\/tugrulnakliyatt","https:\/\/www.linkedin.com\/in\/salim-bakirci-9b838915b\/","https:\/\/tr.pinterest.com\/bakrcturgut\/pins\/"]}]}},"_links":{"self":[{"href":"https:\/\/www.tugrulevdenevenakliyat.com\/index.php\/wp-json\/wp\/v2\/pages\/179","targetHints":{"allow":["GET"]}}],"collection":[{"href":"https:\/\/www.tugrulevdenevenakliyat.com\/index.php\/wp-json\/wp\/v2\/pages"}],"about":[{"href":"https:\/\/www.tugrulevdenevenakliyat.com\/index.php\/wp-json\/wp\/v2\/types\/page"}],"author":[{"embeddable":true,"href":"https:\/\/www.tugrulevdenevenakliyat.com\/index.php\/wp-json\/wp\/v2\/users\/1"}],"replies":[{"embeddable":true,"href":"https:\/\/www.tugrulevdenevenakliyat.com\/index.php\/wp-json\/wp\/v2\/comments?post=179"}],"version-history":[{"count":6,"href":"https:\/\/www.tugrulevdenevenakliyat.com\/index.php\/wp-json\/wp\/v2\/pages\/179\/revisions"}],"predecessor-version":[{"id":685,"href":"https:\/\/www.tugrulevdenevenakliyat.com\/index.php\/wp-json\/wp\/v2\/pages\/179\/revisions\/685"}],"wp:attachment":[{"href":"https:\/\/www.tugrulevdenevenakliyat.com\/index.php\/wp-json\/wp\/v2\/media?parent=179"}],"curies":[{"name":"wp","href":"https:\/\/api.w.org\/{rel}","templated":true}]}}