{"id":189,"date":"2019-07-30T17:27:51","date_gmt":"2019-07-30T17:27:51","guid":{"rendered":"http:\/\/www.tugrulevdenevenakliyat.com\/?page_id=189"},"modified":"2020-01-01T13:50:46","modified_gmt":"2020-01-01T13:50:46","slug":"eyup-evden-eve-nakliyat","status":"publish","type":"page","link":"https:\/\/www.tugrulevdenevenakliyat.com\/index.php\/eyup-evden-eve-nakliyat\/","title":{"rendered":"EY\u00dcP  EVDEN  EVE NAKL\u0130YAT"},"content":{"rendered":"\r\n<h1 style=\"text-align: center;\">EY\u00dcP EVDEN EVE NAKL\u0130YAT<\/h1>\r\n<p style=\"text-align: center;\">Ey\u00fcp Evden Eve Nakliyat 0532 566 86 65<\/p>\r\n<p style=\"text-align: center;\"><a href=\"https:\/\/www.facebook.com\/nakliyatt52\/\"> Evden Eve nakliya<\/a>t s\u0131f\u0131r mobilya kurma ve montaji bizim i\u015fimiz \u00f6zenle itiniyla ekibimizle Hizmetlerimiz<\/p>\r\n<p style=\"text-align: center;\">\u00a0 Masko Mobilya \u00e7ar\u015f\u0131z\u0131 bizleri yerimize gelerek ziyaret edebilirsiniz.<\/p>\r\n<p style=\"text-align: center;\">Tu\u011frul nakliyat\u00a0 olarak sizlere t\u00fcrkiye geneline hizmet vermeye \u00e7al\u0131\u015f\u0131yoruz.Bizlere 24 saat ula\u015fabilirsiniz bir telefon kadar yak\u0131n\u0131z sizlere 0532 566 86 65<\/p>\r\n<div id=\"attachment_195\" style=\"width: 310px\" class=\"wp-caption aligncenter\"><img loading=\"lazy\" decoding=\"async\" aria-describedby=\"caption-attachment-195\" class=\"size-medium wp-image-195\" src=\"http:\/\/www.tugrulevdenevenakliyat.com\/wp-content\/uploads\/2019\/07\/62532137_380916562534096_4009218788175118336_n-300x202.jpg\" alt=\"ey\u00fcp evden eve nakliyat\" width=\"300\" height=\"202\" srcset=\"https:\/\/www.tugrulevdenevenakliyat.com\/wp-content\/uploads\/2019\/07\/62532137_380916562534096_4009218788175118336_n-300x202.jpg 300w, https:\/\/www.tugrulevdenevenakliyat.com\/wp-content\/uploads\/2019\/07\/62532137_380916562534096_4009218788175118336_n.jpg 375w\" sizes=\"auto, (max-width: 300px) 100vw, 300px\" \/><p id=\"caption-attachment-195\" class=\"wp-caption-text\">ey\u00fcp evden eve nakliyat<\/p><\/div>\r\n<h2 style=\"text-align: center;\">Evden eve nakliyat<\/h2>\r\n<p>Ey\u00fcp evden eve nakliyat \u00f6zg\u00fcn \u00e7ali\u015fma ve \u00fcst\u00fcn teknolaji mazemelerimizle sizlere verecegimiz bir hizmette m\u00fc\u015ftelerimizin memnuniyetini hedefliyoruz Tu\u011frul nakliyat olarak hizmetlerimizde s\u0131n\u0131r tan\u0131m\u0131yoruz<\/p>\r\n<p>Sizler \u00f6zel ev e\u015fyas\u0131n\u0131z\u0131 topluyorsunuz geriye kalan e\u015fyalar\u0131n\u0131z\u0131 mobilya k\u0131sm\u0131n\u0131 biz kurulumunu yap\u0131yoruz e\u015fyalar\u0131n\u0131z\u0131 \u00f6zel patpat noylona\u00a0 \u00a0ve s\u0131trezle sar\u0131yoruz\u00a0<\/p>\r\n<p>\u00a0.Profosyonelli\u011fimiz ve titiz \u00e7al\u0131\u015fmam\u0131z ile b\u00fcrodan b\u00fcroya, ofisden ofise, evden eve nakliye i\u015flerinizi siz say\u0131n m\u00fc\u015fterilerimize sorun ve problem olmaktan \u00e7\u0131kar\u0131yoruz.\u00a0 \u00a0Konu istanbul\u00a0 <a href=\"http:\/\/www.tugrulevdenevenakliyat.com\/\">evden eve nakliyat<\/a> olunca akla gelen en profesyonel firma olmaktan \u00f6t\u00fcr\u00fc son derece gururluyuz.<\/p>\r\n<p style=\"text-align: center;\">Hizmetde s\u0131n\u0131r yoktur.<br \/>M\u00fc\u015fteri memnuniyetinden sorumluluk ta\u015f\u0131d\u0131m\u0131z i\u00e7in bu i\u015fi ge\u00e7i\u00e7i de\u011fil kal\u0131c\u0131 d\u00fc\u015f\u00fcnd\u00fcm\u00fcz i\u00e7in verdimiz s\u00f6z konu\u015fdugumuz kelimeyi yeride gedirmekden memnunuz<br \/>m\u00fc\u015fterilerimizle s\u00f6zle\u015fme yap\u0131p konu\u015fdugumuz saatde ve yap\u0131lan i\u015f\u00e7ilik hakk\u0131nda \u00f6n bilgi verip mobilya ve koltuk tak\u0131m\u0131 , yatak odas\u0131n\u0131 ,cocuk odan\u0131z\u0131, yemek odan\u0131z\u0131 ve duvar \u00fcnitesi fortmanto s\u00f6k\u00fcp ampalaj\u0131 yap\u0131l\u0131r beyaz e\u015fyalar\u0131n\u0131z\u0131da s\u00f6k\u00fcp ambalaj\u0131n\u0131z\u0131da yap\u0131p gideceyi yere g\u00f6t\u00fcr\u00fcp ta\u015f\u0131p montaj\u0131n\u0131 yap\u0131p tertemiz bir \u015fekilde yap\u0131p siz de\u011ferli m\u00fc\u015fterilerimize teslim etmekdir.<br \/>Nakliye mobilya montaj \u015fehir i\u00e7i ve \u015fehirler aras\u0131 nakliye montaj garantili sigortal\u0131 ta\u015f\u0131mac\u0131l\u0131k m\u00fc\u015fteri memnuniyeti \u00f6n planda olup siz sayg\u0131 de\u011fer m\u00fc\u015fterilerimizin hizmetindeyiz kaliteli asla tesad\u00fcf de\u011fildir<\/p>\r\n<h3 style=\"text-align: center;\">H\u0130ZMETLER\u0130M\u0130Z<\/h3>\r\n<p style=\"text-align: center;\">\u00dc\u00e7retsiz experiz hizmeti<\/p>\r\n<p style=\"text-align: center;\">Asans\u00f6rl\u00fc Evden Eve Nakliyat<\/p>\r\n<p style=\"text-align: center;\">Si\u011fortal\u0131 Evden Eve Nakliyat<\/p>\r\n<p style=\"text-align: center;\">\u015eehiri\u00e7i Evden Eve Nakliyat<\/p>\r\n<p style=\"text-align: center;\">\u015eehirler Evden Eve Nakliyat<\/p>\r\n<p style=\"text-align: center;\">Paketleme ve Ambalajlama<\/p>\r\n<p style=\"text-align: center;\">Evden eve Ta\u015f\u0131mac\u0131l\u0131k<\/p>\r\n<p style=\"text-align: center;\">Villa Ta\u015f\u0131mac\u0131l\u0131k<\/p>\r\n<p style=\"text-align: center;\">Ofis Ta\u015f\u0131mac\u0131l\u0131k<\/p>\r\n<p style=\"text-align: center;\">\u0130\u015fyeri Ta\u015f\u0131mac\u0131l\u0131k<\/p>\r\n<p style=\"text-align: center;\">Banka Ta\u015f\u0131mac\u0131l\u0131k<\/p>\r\n<p style=\"text-align: center;\">Fuar Ta\u015f\u0131mac\u0131l\u0131k<\/p>\r\n<p>&nbsp;<\/p>\r\n<p style=\"text-align: center;\"><span style=\"background-color: transparent;\"><br \/>Tu\u011frul Nakliyat 1982 y\u0131l\u0131ndan beri hizmet sunmaktay\u0131z.<\/span><\/p>\r\n<p style=\"text-align: center;\"><span style=\"background-color: transparent;\">M\u00fc\u015fteri memnuyetini herzaman \u00f6n planda tutan hizmet anlay\u0131\u015f\u0131m\u0131zla b\u00fcy\u00fck bir te\u00e7rubeye sahip olan bir Firmay\u0131z<\/span><\/p>\r\n<p style=\"text-align: center;\"><span style=\"background-color: transparent;\">Tu\u011frul Nakliyat olarak 37 y\u0131l\u0131ndan beri kusursuz ve g\u00fcvenli,hizmet vermekdeyiz.\u015eehir i\u00e7i ve \u015fehirler aras\u0131 ve g\u00fcvenli, ta\u015f\u0131ma yapmaya devam ediyoruz.sizlerin g\u00fcvenini kazanmaya \u00e7al\u0131\u015f\u0131yoruz bizleri tercih etiniz i\u00e7in te\u015fekk\u00fcr ederiz.\u00a0 \u00a0 \u00a0 \u00a0<\/span><\/p>\r\n<p>&nbsp;<\/p>\r\n","protected":false},"excerpt":{"rendered":"<p>EY\u00dcP EVDEN EVE NAKL\u0130YAT Ey\u00fcp Evden Eve Nakliyat 0532 566 86 65 Evden Eve nakliyat s\u0131f\u0131r mobilya kurma ve montaji bizim i\u015fimiz \u00f6zenle itiniyla ekibimizle Hizmetlerimiz \u00a0 Masko Mobilya \u00e7ar\u015f\u0131z\u0131 bizleri yerimize gelerek ziyaret edebilirsiniz. Tu\u011frul nakliyat\u00a0 olarak sizlere t\u00fcrkiye geneline hizmet vermeye \u00e7al\u0131\u015f\u0131yoruz.Bizlere 24 saat ula\u015fabilirsiniz bir telefon kadar yak\u0131n\u0131z sizlere 0532 566 86&hellip; <br \/> <a class=\"read-more\" href=\"https:\/\/www.tugrulevdenevenakliyat.com\/index.php\/eyup-evden-eve-nakliyat\/\">Devam\u0131<\/a><\/p>\n","protected":false},"author":1,"featured_media":460,"parent":0,"menu_order":0,"comment_status":"closed","ping_status":"closed","template":"","meta":{"_bbp_topic_count":0,"_bbp_reply_count":0,"_bbp_total_topic_count":0,"_bbp_total_reply_count":0,"_bbp_voice_count":0,"_bbp_anonymous_reply_count":0,"_bbp_topic_count_hidden":0,"_bbp_reply_count_hidden":0,"_bbp_forum_subforum_count":0,"footnotes":""},"class_list":["post-189","page","type-page","status-publish","has-post-thumbnail","hentry"],"yoast_head":"<!-- This site is optimized with the Yoast SEO plugin v27.3 - https:\/\/yoast.com\/product\/yoast-seo-wordpress\/ -->\n<title>EY\u00dcP EVDEN EVE NAKL\u0130YAT - Tu\u011frul Nakliyat ta\u015f\u0131mac\u0131l\u0131k<\/title>\n<meta name=\"description\" content=\"Ey\u00fcp evden eve nakliyat Hizmetlerinde,m\u00fc\u015fterilerimize y\u00fcksek kalite ile g\u00fcvenli ve h\u0131zl\u0131 hizmet verebilmek i\u00e7in \u00e7al\u0131\u015f\u0131yoruz 0532 566 86 65\" \/>\n<meta name=\"robots\" content=\"index, follow, max-snippet:-1, max-image-preview:large, max-video-preview:-1\" \/>\n<link rel=\"canonical\" href=\"http:\/\/www.tugrulevdenevenakliyat.com\/index.php\/eyup-evden-eve-nakliyat\/\" \/>\n<meta property=\"og:locale\" content=\"tr_TR\" \/>\n<meta property=\"og:type\" content=\"article\" \/>\n<meta property=\"og:title\" content=\"EY\u00dcP EVDEN EVE NAKL\u0130YAT - Tu\u011frul Nakliyat ta\u015f\u0131mac\u0131l\u0131k\" \/>\n<meta property=\"og:description\" content=\"Ey\u00fcp evden eve nakliyat Hizmetlerinde,m\u00fc\u015fterilerimize y\u00fcksek kalite ile g\u00fcvenli ve h\u0131zl\u0131 hizmet verebilmek i\u00e7in \u00e7al\u0131\u015f\u0131yoruz 0532 566 86 65\" \/>\n<meta property=\"og:url\" content=\"http:\/\/www.tugrulevdenevenakliyat.com\/index.php\/eyup-evden-eve-nakliyat\/\" \/>\n<meta property=\"og:site_name\" content=\"Tu\u011frul Nakliyat\" \/>\n<meta property=\"article:publisher\" content=\"https:\/\/www.facebook.com\/tugrul.can.39589149\" \/>\n<meta property=\"article:modified_time\" content=\"2020-01-01T13:50:46+00:00\" \/>\n<meta property=\"og:image\" content=\"http:\/\/www.tugrulevdenevenakliyat.com\/wp-content\/uploads\/2019\/10\/67194008_398664830753112_5639412018084577280_n.jpg\" \/>\n\t<meta property=\"og:image:width\" content=\"720\" \/>\n\t<meta property=\"og:image:height\" content=\"333\" \/>\n\t<meta property=\"og:image:type\" content=\"image\/jpeg\" \/>\n<meta name=\"twitter:card\" content=\"summary_large_image\" \/>\n<meta name=\"twitter:site\" content=\"@TURGUT16176391\" \/>\n<meta name=\"twitter:label1\" content=\"Tahmini okuma s\u00fcresi\" \/>\n\t<meta name=\"twitter:data1\" content=\"2 dakika\" \/>\n<script type=\"application\/ld+json\" class=\"yoast-schema-graph\">{\"@context\":\"https:\\\/\\\/schema.org\",\"@graph\":[{\"@type\":\"WebPage\",\"@id\":\"http:\\\/\\\/www.tugrulevdenevenakliyat.com\\\/index.php\\\/eyup-evden-eve-nakliyat\\\/\",\"url\":\"http:\\\/\\\/www.tugrulevdenevenakliyat.com\\\/index.php\\\/eyup-evden-eve-nakliyat\\\/\",\"name\":\"EY\u00dcP EVDEN EVE NAKL\u0130YAT - Tu\u011frul Nakliyat ta\u015f\u0131mac\u0131l\u0131k\",\"isPartOf\":{\"@id\":\"http:\\\/\\\/www.tugrulevdenevenakliyat.com\\\/#website\"},\"primaryImageOfPage\":{\"@id\":\"http:\\\/\\\/www.tugrulevdenevenakliyat.com\\\/index.php\\\/eyup-evden-eve-nakliyat\\\/#primaryimage\"},\"image\":{\"@id\":\"http:\\\/\\\/www.tugrulevdenevenakliyat.com\\\/index.php\\\/eyup-evden-eve-nakliyat\\\/#primaryimage\"},\"thumbnailUrl\":\"https:\\\/\\\/www.tugrulevdenevenakliyat.com\\\/wp-content\\\/uploads\\\/2019\\\/10\\\/67194008_398664830753112_5639412018084577280_n.jpg\",\"datePublished\":\"2019-07-30T17:27:51+00:00\",\"dateModified\":\"2020-01-01T13:50:46+00:00\",\"description\":\"Ey\u00fcp evden eve nakliyat Hizmetlerinde,m\u00fc\u015fterilerimize y\u00fcksek kalite ile g\u00fcvenli ve h\u0131zl\u0131 hizmet verebilmek i\u00e7in \u00e7al\u0131\u015f\u0131yoruz 0532 566 86 65\",\"breadcrumb\":{\"@id\":\"http:\\\/\\\/www.tugrulevdenevenakliyat.com\\\/index.php\\\/eyup-evden-eve-nakliyat\\\/#breadcrumb\"},\"inLanguage\":\"tr\",\"potentialAction\":[{\"@type\":\"ReadAction\",\"target\":[\"http:\\\/\\\/www.tugrulevdenevenakliyat.com\\\/index.php\\\/eyup-evden-eve-nakliyat\\\/\"]}]},{\"@type\":\"ImageObject\",\"inLanguage\":\"tr\",\"@id\":\"http:\\\/\\\/www.tugrulevdenevenakliyat.com\\\/index.php\\\/eyup-evden-eve-nakliyat\\\/#primaryimage\",\"url\":\"https:\\\/\\\/www.tugrulevdenevenakliyat.com\\\/wp-content\\\/uploads\\\/2019\\\/10\\\/67194008_398664830753112_5639412018084577280_n.jpg\",\"contentUrl\":\"https:\\\/\\\/www.tugrulevdenevenakliyat.com\\\/wp-content\\\/uploads\\\/2019\\\/10\\\/67194008_398664830753112_5639412018084577280_n.jpg\",\"width\":720,\"height\":333,\"caption\":\"yenibosna evden eve nakliyat\"},{\"@type\":\"BreadcrumbList\",\"@id\":\"http:\\\/\\\/www.tugrulevdenevenakliyat.com\\\/index.php\\\/eyup-evden-eve-nakliyat\\\/#breadcrumb\",\"itemListElement\":[{\"@type\":\"ListItem\",\"position\":1,\"name\":\"Ana sayfa\",\"item\":\"http:\\\/\\\/www.tugrulevdenevenakliyat.com\\\/\"},{\"@type\":\"ListItem\",\"position\":2,\"name\":\"EY\u00dcP EVDEN EVE NAKL\u0130YAT\"}]},{\"@type\":\"WebSite\",\"@id\":\"http:\\\/\\\/www.tugrulevdenevenakliyat.com\\\/#website\",\"url\":\"http:\\\/\\\/www.tugrulevdenevenakliyat.com\\\/\",\"name\":\"http:\\\/\\\/www.tugrulevdenevenakliyat.com\\\/\",\"description\":\"t&uuml;rkiye geneline evden eve nakliyat\",\"publisher\":{\"@id\":\"http:\\\/\\\/www.tugrulevdenevenakliyat.com\\\/#organization\"},\"potentialAction\":[{\"@type\":\"SearchAction\",\"target\":{\"@type\":\"EntryPoint\",\"urlTemplate\":\"http:\\\/\\\/www.tugrulevdenevenakliyat.com\\\/?s={search_term_string}\"},\"query-input\":{\"@type\":\"PropertyValueSpecification\",\"valueRequired\":true,\"valueName\":\"search_term_string\"}}],\"inLanguage\":\"tr\"},{\"@type\":\"Organization\",\"@id\":\"http:\\\/\\\/www.tugrulevdenevenakliyat.com\\\/#organization\",\"name\":\"tu\u011frulcan bak\u0131rc\u0131\",\"url\":\"http:\\\/\\\/www.tugrulevdenevenakliyat.com\\\/\",\"logo\":{\"@type\":\"ImageObject\",\"inLanguage\":\"tr\",\"@id\":\"http:\\\/\\\/www.tugrulevdenevenakliyat.com\\\/#\\\/schema\\\/logo\\\/image\\\/\",\"url\":\"http:\\\/\\\/www.tugrulevdenevenakliyat.com\\\/wp-content\\\/uploads\\\/2019\\\/12\\\/45249907_1056901127822562_5718244570844626944_n.jpg\",\"contentUrl\":\"http:\\\/\\\/www.tugrulevdenevenakliyat.com\\\/wp-content\\\/uploads\\\/2019\\\/12\\\/45249907_1056901127822562_5718244570844626944_n.jpg\",\"width\":720,\"height\":960,\"caption\":\"tu\u011frulcan bak\u0131rc\u0131\"},\"image\":{\"@id\":\"http:\\\/\\\/www.tugrulevdenevenakliyat.com\\\/#\\\/schema\\\/logo\\\/image\\\/\"},\"sameAs\":[\"https:\\\/\\\/www.facebook.com\\\/tugrul.can.39589149\",\"https:\\\/\\\/x.com\\\/TURGUT16176391\",\"https:\\\/\\\/intagram.com\\\/tugrulnakliyatt\",\"https:\\\/\\\/www.linkedin.com\\\/in\\\/salim-bakirci-9b838915b\\\/\",\"https:\\\/\\\/tr.pinterest.com\\\/bakrcturgut\\\/pins\\\/\"]}]}<\/script>\n<!-- \/ Yoast SEO plugin. -->","yoast_head_json":{"title":"EY\u00dcP EVDEN EVE NAKL\u0130YAT - Tu\u011frul Nakliyat ta\u015f\u0131mac\u0131l\u0131k","description":"Ey\u00fcp evden eve nakliyat Hizmetlerinde,m\u00fc\u015fterilerimize y\u00fcksek kalite ile g\u00fcvenli ve h\u0131zl\u0131 hizmet verebilmek i\u00e7in \u00e7al\u0131\u015f\u0131yoruz 0532 566 86 65","robots":{"index":"index","follow":"follow","max-snippet":"max-snippet:-1","max-image-preview":"max-image-preview:large","max-video-preview":"max-video-preview:-1"},"canonical":"http:\/\/www.tugrulevdenevenakliyat.com\/index.php\/eyup-evden-eve-nakliyat\/","og_locale":"tr_TR","og_type":"article","og_title":"EY\u00dcP EVDEN EVE NAKL\u0130YAT - Tu\u011frul Nakliyat ta\u015f\u0131mac\u0131l\u0131k","og_description":"Ey\u00fcp evden eve nakliyat Hizmetlerinde,m\u00fc\u015fterilerimize y\u00fcksek kalite ile g\u00fcvenli ve h\u0131zl\u0131 hizmet verebilmek i\u00e7in \u00e7al\u0131\u015f\u0131yoruz 0532 566 86 65","og_url":"http:\/\/www.tugrulevdenevenakliyat.com\/index.php\/eyup-evden-eve-nakliyat\/","og_site_name":"Tu\u011frul Nakliyat","article_publisher":"https:\/\/www.facebook.com\/tugrul.can.39589149","article_modified_time":"2020-01-01T13:50:46+00:00","og_image":[{"width":720,"height":333,"url":"http:\/\/www.tugrulevdenevenakliyat.com\/wp-content\/uploads\/2019\/10\/67194008_398664830753112_5639412018084577280_n.jpg","type":"image\/jpeg"}],"twitter_card":"summary_large_image","twitter_site":"@TURGUT16176391","twitter_misc":{"Tahmini okuma s\u00fcresi":"2 dakika"},"schema":{"@context":"https:\/\/schema.org","@graph":[{"@type":"WebPage","@id":"http:\/\/www.tugrulevdenevenakliyat.com\/index.php\/eyup-evden-eve-nakliyat\/","url":"http:\/\/www.tugrulevdenevenakliyat.com\/index.php\/eyup-evden-eve-nakliyat\/","name":"EY\u00dcP EVDEN EVE NAKL\u0130YAT - Tu\u011frul Nakliyat ta\u015f\u0131mac\u0131l\u0131k","isPartOf":{"@id":"http:\/\/www.tugrulevdenevenakliyat.com\/#website"},"primaryImageOfPage":{"@id":"http:\/\/www.tugrulevdenevenakliyat.com\/index.php\/eyup-evden-eve-nakliyat\/#primaryimage"},"image":{"@id":"http:\/\/www.tugrulevdenevenakliyat.com\/index.php\/eyup-evden-eve-nakliyat\/#primaryimage"},"thumbnailUrl":"https:\/\/www.tugrulevdenevenakliyat.com\/wp-content\/uploads\/2019\/10\/67194008_398664830753112_5639412018084577280_n.jpg","datePublished":"2019-07-30T17:27:51+00:00","dateModified":"2020-01-01T13:50:46+00:00","description":"Ey\u00fcp evden eve nakliyat Hizmetlerinde,m\u00fc\u015fterilerimize y\u00fcksek kalite ile g\u00fcvenli ve h\u0131zl\u0131 hizmet verebilmek i\u00e7in \u00e7al\u0131\u015f\u0131yoruz 0532 566 86 65","breadcrumb":{"@id":"http:\/\/www.tugrulevdenevenakliyat.com\/index.php\/eyup-evden-eve-nakliyat\/#breadcrumb"},"inLanguage":"tr","potentialAction":[{"@type":"ReadAction","target":["http:\/\/www.tugrulevdenevenakliyat.com\/index.php\/eyup-evden-eve-nakliyat\/"]}]},{"@type":"ImageObject","inLanguage":"tr","@id":"http:\/\/www.tugrulevdenevenakliyat.com\/index.php\/eyup-evden-eve-nakliyat\/#primaryimage","url":"https:\/\/www.tugrulevdenevenakliyat.com\/wp-content\/uploads\/2019\/10\/67194008_398664830753112_5639412018084577280_n.jpg","contentUrl":"https:\/\/www.tugrulevdenevenakliyat.com\/wp-content\/uploads\/2019\/10\/67194008_398664830753112_5639412018084577280_n.jpg","width":720,"height":333,"caption":"yenibosna evden eve nakliyat"},{"@type":"BreadcrumbList","@id":"http:\/\/www.tugrulevdenevenakliyat.com\/index.php\/eyup-evden-eve-nakliyat\/#breadcrumb","itemListElement":[{"@type":"ListItem","position":1,"name":"Ana sayfa","item":"http:\/\/www.tugrulevdenevenakliyat.com\/"},{"@type":"ListItem","position":2,"name":"EY\u00dcP EVDEN EVE NAKL\u0130YAT"}]},{"@type":"WebSite","@id":"http:\/\/www.tugrulevdenevenakliyat.com\/#website","url":"http:\/\/www.tugrulevdenevenakliyat.com\/","name":"http:\/\/www.tugrulevdenevenakliyat.com\/","description":"t&uuml;rkiye geneline evden eve nakliyat","publisher":{"@id":"http:\/\/www.tugrulevdenevenakliyat.com\/#organization"},"potentialAction":[{"@type":"SearchAction","target":{"@type":"EntryPoint","urlTemplate":"http:\/\/www.tugrulevdenevenakliyat.com\/?s={search_term_string}"},"query-input":{"@type":"PropertyValueSpecification","valueRequired":true,"valueName":"search_term_string"}}],"inLanguage":"tr"},{"@type":"Organization","@id":"http:\/\/www.tugrulevdenevenakliyat.com\/#organization","name":"tu\u011frulcan bak\u0131rc\u0131","url":"http:\/\/www.tugrulevdenevenakliyat.com\/","logo":{"@type":"ImageObject","inLanguage":"tr","@id":"http:\/\/www.tugrulevdenevenakliyat.com\/#\/schema\/logo\/image\/","url":"http:\/\/www.tugrulevdenevenakliyat.com\/wp-content\/uploads\/2019\/12\/45249907_1056901127822562_5718244570844626944_n.jpg","contentUrl":"http:\/\/www.tugrulevdenevenakliyat.com\/wp-content\/uploads\/2019\/12\/45249907_1056901127822562_5718244570844626944_n.jpg","width":720,"height":960,"caption":"tu\u011frulcan bak\u0131rc\u0131"},"image":{"@id":"http:\/\/www.tugrulevdenevenakliyat.com\/#\/schema\/logo\/image\/"},"sameAs":["https:\/\/www.facebook.com\/tugrul.can.39589149","https:\/\/x.com\/TURGUT16176391","https:\/\/intagram.com\/tugrulnakliyatt","https:\/\/www.linkedin.com\/in\/salim-bakirci-9b838915b\/","https:\/\/tr.pinterest.com\/bakrcturgut\/pins\/"]}]}},"_links":{"self":[{"href":"https:\/\/www.tugrulevdenevenakliyat.com\/index.php\/wp-json\/wp\/v2\/pages\/189","targetHints":{"allow":["GET"]}}],"collection":[{"href":"https:\/\/www.tugrulevdenevenakliyat.com\/index.php\/wp-json\/wp\/v2\/pages"}],"about":[{"href":"https:\/\/www.tugrulevdenevenakliyat.com\/index.php\/wp-json\/wp\/v2\/types\/page"}],"author":[{"embeddable":true,"href":"https:\/\/www.tugrulevdenevenakliyat.com\/index.php\/wp-json\/wp\/v2\/users\/1"}],"replies":[{"embeddable":true,"href":"https:\/\/www.tugrulevdenevenakliyat.com\/index.php\/wp-json\/wp\/v2\/comments?post=189"}],"version-history":[{"count":6,"href":"https:\/\/www.tugrulevdenevenakliyat.com\/index.php\/wp-json\/wp\/v2\/pages\/189\/revisions"}],"predecessor-version":[{"id":678,"href":"https:\/\/www.tugrulevdenevenakliyat.com\/index.php\/wp-json\/wp\/v2\/pages\/189\/revisions\/678"}],"wp:featuredmedia":[{"embeddable":true,"href":"https:\/\/www.tugrulevdenevenakliyat.com\/index.php\/wp-json\/wp\/v2\/media\/460"}],"wp:attachment":[{"href":"https:\/\/www.tugrulevdenevenakliyat.com\/index.php\/wp-json\/wp\/v2\/media?parent=189"}],"curies":[{"name":"wp","href":"https:\/\/api.w.org\/{rel}","templated":true}]}}