{"id":200,"date":"2019-07-30T18:38:48","date_gmt":"2019-07-30T18:38:48","guid":{"rendered":"http:\/\/www.tugrulevdenevenakliyat.com\/?page_id=200"},"modified":"2019-12-24T15:12:45","modified_gmt":"2019-12-24T15:12:45","slug":"bahceliever-nakliyat","status":"publish","type":"page","link":"https:\/\/www.tugrulevdenevenakliyat.com\/index.php\/bahceliever-nakliyat\/","title":{"rendered":"BAH\u00c7EL\u0130EVLER EVDEN EVE NAKL\u0130YAT"},"content":{"rendered":"\r\n<h1 style=\"text-align: center;\">Bah\u00e7elievler Evden Eve Nakliyat<\/h1>\r\n\r\n\r\n\r\n<div class=\"wp-block-image\" style=\"text-align: center;\">\r\n<p class=\"alignleft is-resized\">\u00a0 \u00a0Bah\u00e7elievler\u00a0 Evden eve nakliyat hassasiyet,\u00f6zen ve titizlik\u00a0 gerektiren hizmettir.Evden eve nakliyat \u015firketimiz uzman kadromuz h\u0131zl\u0131 ve g\u00fcvenilir ta\u015f\u0131ma hizmeti veriyoruz.<br \/>Evden eve nakliyat olarak A\u2019dan Z\u2019ye Tu\u011frul nakliyat \u015firketimiz \u00fcstlenir.Mobilya,beyaz e\u015fya,avize gibi e\u015fyalar\u0131 tek tek s\u00f6k\u00fcl\u00fcp ve paketlenip sonra \u00f6zenli bir \u015fekilde araca y\u00fcklenmesi ve daha sonra s\u00f6kt\u00fc\u011f\u00fcm\u00fcz t\u00fcm e\u015fyalar\u0131 ayni \u015fekilde montaj\u0131n\u0131 yap\u0131p yerine yerle\u015ftiriyoruz Tu\u011frul Nakliyat olarak .0532 566 86\u00a0 65<img loading=\"lazy\" decoding=\"async\" class=\"wp-image-201 aligncenter\" src=\"http:\/\/www.tugrulevdenevenakliyat.com\/wp-content\/uploads\/2019\/07\/66199888_551185022132213_468850827738480640_n.jpg\" alt=\"evden eve nakliyat\" width=\"238\" height=\"233\" srcset=\"https:\/\/www.tugrulevdenevenakliyat.com\/wp-content\/uploads\/2019\/07\/66199888_551185022132213_468850827738480640_n.jpg 717w, https:\/\/www.tugrulevdenevenakliyat.com\/wp-content\/uploads\/2019\/07\/66199888_551185022132213_468850827738480640_n-300x295.jpg 300w\" sizes=\"auto, (max-width: 238px) 100vw, 238px\" \/>evden eve nakliyat<\/p>\r\n<\/div>\r\n\r\n\r\n\r\n<blockquote class=\"wp-block-quote is-layout-flow wp-block-quote-is-layout-flow\">\r\n<h2 style=\"text-align: center;\">BAH\u00c7EL\u0130EVLER EVDEN EVE NAKL\u0130YAT<\/h2>\r\n<p style=\"text-align: center;\">BAH\u00c7EL\u0130EVLER NAKL\u0130YAT-BAH\u00c7EL\u0130EVLER EVDEN EVE NAKL\u0130YAT F\u0130RMASI-BAH\u00c7EL\u0130EVLER NAKL\u0130YAT \u015e\u0130RKET\u0130-BAH\u00c7EL\u0130EVLER NAKL\u0130YE YAPANLAR-BAH\u00c7EL\u0130EVLER NAKL\u0130YAT F\u0130RMASI- BAH\u00c7EL\u0130EVLER NAKL\u0130YAT H\u0130ZMET\u0130-BAH\u00c7EL\u0130EVLER NAKL\u0130YEC\u0130LER-BAH\u00c7EL\u0130EVLER TA\u015eIMACILIK-BAH\u00c7EL\u0130EVLER NAKL\u0130YAT S\u0130TELER\u0130-BAH\u00c7EL\u0130EVLER TA\u015eITTIR-BAH\u00c7EL\u0130EVLER EV E\u015eYASI TA\u015eIMACILIK-BAH\u00c7EL\u0130EVLER NAKL\u0130YAT F\u0130YATLARI-<\/p>\r\n<p style=\"text-align: center;\">CUMHUR\u0130YET EVDEN EVE NAKL\u0130YAT<\/p>\r\n<p style=\"text-align: center;\">\u00c7OBAN\u00c7E\u015eME EVDEN EVE NAKL\u0130YAT<\/p>\r\n<p style=\"text-align: center;\">FEVZ\u0130 \u00c7AKMAK EVDEN EVE NAKL\u0130YAT<\/p>\r\n<p style=\"text-align: center;\">H\u00dcRR\u0130YET EVDEN EVE NAKL\u0130YAT F\u0130RMASI<\/p>\r\n<p style=\"text-align: center;\">KOCAS\u0130NAN EVDEN EVE NAKL\u0130YAT \u015e\u0130RKET\u0130<\/p>\r\n<p style=\"text-align: center;\">S\u0130YAVU\u015ePA\u015eA EVDEN EVE TA\u015eIMACILIK<\/p>\r\n<p style=\"text-align: center;\">SO\u011eANLI EVDEN EVE NAKL\u0130YAT<\/p>\r\n<p style=\"text-align: center;\">SO\u011eANLI TA\u015eIMACILIK<\/p>\r\n<p style=\"text-align: center;\">SO\u011eANLI NAKL\u0130YAT<\/p>\r\n<p style=\"text-align: center;\">SO\u011eANLI NAKL\u0130YAT H\u0130ZMET\u0130<\/p>\r\n<p style=\"text-align: center;\">SO\u011eANLI NAKL\u0130YAT F\u0130RMASI<\/p>\r\n<p style=\"text-align: center;\">SO\u011eANLI NAKL\u0130YE \u0130LANLARI<\/p>\r\n<p style=\"text-align: center;\">SO\u011eANLI EVDEN EVE NAKL\u0130YEC\u0130<\/p>\r\n<p style=\"text-align: center;\">SO\u011eANLI EV E\u015eYASI TA\u015eIMACILIK<\/p>\r\n<p style=\"text-align: center;\">SO\u011eANLI NAKL\u0130YAT TA\u015eITTIR<\/p>\r\n<p style=\"text-align: center;\">\u015e\u0130R\u0130NEVLER EVDEN EVE NAKL\u0130YAT<\/p>\r\n<p style=\"text-align: center;\">\u015e\u0130R\u0130NEVLER NAKL\u0130YAT<\/p>\r\n<p style=\"text-align: center;\">\u015e\u0130R\u0130NEVLER TA\u015eIMACILIK<\/p>\r\n<p style=\"text-align: center;\">\u015e\u0130R\u0130NEVLER NAKL\u0130YEC\u0130 S\u0130TES\u0130<\/p>\r\n<p style=\"text-align: center;\">\u015e\u0130R\u0130NEVLER NAKL\u0130YAT H\u0130ZMET\u0130<\/p>\r\n<p style=\"text-align: center;\">\u015e\u0130R\u0130NEVLER NAKL\u0130YAT \u015e\u0130RKET\u0130<\/p>\r\n<p style=\"text-align: center;\">\u015e\u0130R\u0130NEVLER NAKL\u0130YAT F\u0130RMAS\u0130<\/p>\r\n<p style=\"text-align: center;\">\u015e\u0130R\u0130NEVLER V\u0130LLA TA\u015eIMACILIK<\/p>\r\n<p style=\"text-align: center;\">YEN\u0130BOSNA MERKEZ EVDEN EVE NAKL\u0130YAT<\/p>\r\n<p style=\"text-align: center;\">ZAFER EVDEN EVE NAKL\u0130YAT<\/p>\r\n<p style=\"text-align: center;\">ZAFER TA\u015eIMACILIK<\/p>\r\n<p style=\"text-align: center;\">ZAFER NAKL\u0130YAT<\/p>\r\n<p style=\"text-align: center;\">ZAFER NAKL\u0130YEC\u0130<\/p>\r\n<p style=\"text-align: center;\">ZAFER NAKL\u0130YE H\u0130ZMET\u0130<\/p>\r\n<h3 style=\"text-align: center;\">nakliyat bah\u00e7elievler<\/h3>\r\n<div style=\"text-align: center;\">M\u00fc\u015fteri memnuniyetinden sorumluluk ta\u015f\u0131d\u0131m\u0131z i\u00e7in bu i\u015fi ge\u00e7i\u00e7i de\u011fil kal\u0131c\u0131 d\u00fc\u015f\u00fcnd\u00fcm\u00fcz i\u00e7in verdimiz s\u00f6z konu\u015fdugumuz kelimeyi yeride gedirmekden memnunuz\u00a0<\/div>\r\n<div style=\"text-align: center;\">m\u00fc\u015fterilerimizle s\u00f6zle\u015fme yap\u0131p konu\u015fdugumuz saat de ve yap\u0131lan i\u015f\u00e7ilik hakk\u0131nda \u00f6n bilgi verip mobilya ve koltuk tak\u0131m\u0131 , yatak odas\u0131n\u0131 ,cocuk odan\u0131z\u0131, yemek odan\u0131z\u0131 ve duvar \u00fcnitesi fortmanto s\u00f6k\u00fcp ampalaj\u0131 yap\u0131l\u0131r beyaz e\u015fyalar\u0131n\u0131z\u0131da s\u00f6k\u00fcp ambalaj\u0131n\u0131z\u0131da yap\u0131p gideceyi yere g\u00f6t\u00fcr\u00fcp ta\u015f\u0131p montaj\u0131n\u0131 yap\u0131p tertemiz bir \u015fekilde yap\u0131p siz de\u011ferli m\u00fc\u015fterilerimize teslim etmekdir\u00a0<\/div>\r\n<\/blockquote>\r\n","protected":false},"excerpt":{"rendered":"<p>Bah\u00e7elievler Evden Eve Nakliyat BAH\u00c7EL\u0130EVLER EVDEN EVE NAKL\u0130YAT BAH\u00c7EL\u0130EVLER NAKL\u0130YAT-BAH\u00c7EL\u0130EVLER EVDEN EVE NAKL\u0130YAT F\u0130RMASI-BAH\u00c7EL\u0130EVLER NAKL\u0130YAT \u015e\u0130RKET\u0130-BAH\u00c7EL\u0130EVLER NAKL\u0130YE YAPANLAR-BAH\u00c7EL\u0130EVLER NAKL\u0130YAT F\u0130RMASI- BAH\u00c7EL\u0130EVLER NAKL\u0130YAT H\u0130ZMET\u0130-BAH\u00c7EL\u0130EVLER NAKL\u0130YEC\u0130LER-BAH\u00c7EL\u0130EVLER TA\u015eIMACILIK-BAH\u00c7EL\u0130EVLER NAKL\u0130YAT S\u0130TELER\u0130-BAH\u00c7EL\u0130EVLER TA\u015eITTIR-BAH\u00c7EL\u0130EVLER EV E\u015eYASI TA\u015eIMACILIK-BAH\u00c7EL\u0130EVLER NAKL\u0130YAT F\u0130YATLARI- CUMHUR\u0130YET EVDEN EVE NAKL\u0130YAT \u00c7OBAN\u00c7E\u015eME EVDEN EVE NAKL\u0130YAT FEVZ\u0130 \u00c7AKMAK EVDEN EVE NAKL\u0130YAT H\u00dcRR\u0130YET EVDEN EVE NAKL\u0130YAT F\u0130RMASI KOCAS\u0130NAN EVDEN EVE NAKL\u0130YAT&hellip; <br \/> <a class=\"read-more\" href=\"https:\/\/www.tugrulevdenevenakliyat.com\/index.php\/bahceliever-nakliyat\/\">Devam\u0131<\/a><\/p>\n","protected":false},"author":1,"featured_media":0,"parent":0,"menu_order":0,"comment_status":"closed","ping_status":"closed","template":"","meta":{"_bbp_topic_count":0,"_bbp_reply_count":0,"_bbp_total_topic_count":0,"_bbp_total_reply_count":0,"_bbp_voice_count":0,"_bbp_anonymous_reply_count":0,"_bbp_topic_count_hidden":0,"_bbp_reply_count_hidden":0,"_bbp_forum_subforum_count":0,"footnotes":""},"class_list":["post-200","page","type-page","status-publish","hentry"],"yoast_head":"<!-- This site is optimized with the Yoast SEO plugin v27.3 - https:\/\/yoast.com\/product\/yoast-seo-wordpress\/ -->\n<title>BAH\u00c7EL\u0130EVLER EVDEN EVE NAKL\u0130YAT - Tu\u011frul Nakliyat<\/title>\n<meta name=\"description\" content=\"Bah\u00e7elievler Evden eve nakliyat hassasiyet,\u00f6zen ve titizlik gerektiren hizmettir kadromuz h\u0131zl\u0131 ve g\u00fcvenilir ta\u015f\u0131ma hizmeti veriyoruz.0532 566 86 65\" \/>\n<meta name=\"robots\" content=\"index, follow, max-snippet:-1, max-image-preview:large, max-video-preview:-1\" \/>\n<link rel=\"canonical\" href=\"http:\/\/www.tugrulevdenevenakliyat.com\/index.php\/bahceliever-nakliyat\/\" \/>\n<meta property=\"og:locale\" content=\"tr_TR\" \/>\n<meta property=\"og:type\" content=\"article\" \/>\n<meta property=\"og:title\" content=\"BAH\u00c7EL\u0130EVLER EVDEN EVE NAKL\u0130YAT - Tu\u011frul Nakliyat\" \/>\n<meta property=\"og:description\" content=\"Bah\u00e7elievler Evden eve nakliyat hassasiyet,\u00f6zen ve titizlik gerektiren hizmettir kadromuz h\u0131zl\u0131 ve g\u00fcvenilir ta\u015f\u0131ma hizmeti veriyoruz.0532 566 86 65\" \/>\n<meta property=\"og:url\" content=\"http:\/\/www.tugrulevdenevenakliyat.com\/index.php\/bahceliever-nakliyat\/\" \/>\n<meta property=\"og:site_name\" content=\"Tu\u011frul Nakliyat\" \/>\n<meta property=\"article:publisher\" content=\"https:\/\/www.facebook.com\/tugrul.can.39589149\" \/>\n<meta property=\"article:modified_time\" content=\"2019-12-24T15:12:45+00:00\" \/>\n<meta property=\"og:image\" content=\"http:\/\/www.tugrulevdenevenakliyat.com\/wp-content\/uploads\/2019\/07\/66199888_551185022132213_468850827738480640_n.jpg\" \/>\n<meta name=\"twitter:card\" content=\"summary_large_image\" \/>\n<meta name=\"twitter:site\" content=\"@TURGUT16176391\" \/>\n<meta name=\"twitter:label1\" content=\"Tahmini okuma s\u00fcresi\" \/>\n\t<meta name=\"twitter:data1\" content=\"2 dakika\" \/>\n<script type=\"application\/ld+json\" class=\"yoast-schema-graph\">{\"@context\":\"https:\\\/\\\/schema.org\",\"@graph\":[{\"@type\":\"WebPage\",\"@id\":\"http:\\\/\\\/www.tugrulevdenevenakliyat.com\\\/index.php\\\/bahceliever-nakliyat\\\/\",\"url\":\"http:\\\/\\\/www.tugrulevdenevenakliyat.com\\\/index.php\\\/bahceliever-nakliyat\\\/\",\"name\":\"BAH\u00c7EL\u0130EVLER EVDEN EVE NAKL\u0130YAT - Tu\u011frul Nakliyat\",\"isPartOf\":{\"@id\":\"http:\\\/\\\/www.tugrulevdenevenakliyat.com\\\/#website\"},\"primaryImageOfPage\":{\"@id\":\"http:\\\/\\\/www.tugrulevdenevenakliyat.com\\\/index.php\\\/bahceliever-nakliyat\\\/#primaryimage\"},\"image\":{\"@id\":\"http:\\\/\\\/www.tugrulevdenevenakliyat.com\\\/index.php\\\/bahceliever-nakliyat\\\/#primaryimage\"},\"thumbnailUrl\":\"http:\\\/\\\/www.tugrulevdenevenakliyat.com\\\/wp-content\\\/uploads\\\/2019\\\/07\\\/66199888_551185022132213_468850827738480640_n.jpg\",\"datePublished\":\"2019-07-30T18:38:48+00:00\",\"dateModified\":\"2019-12-24T15:12:45+00:00\",\"description\":\"Bah\u00e7elievler Evden eve nakliyat hassasiyet,\u00f6zen ve titizlik gerektiren hizmettir kadromuz h\u0131zl\u0131 ve g\u00fcvenilir ta\u015f\u0131ma hizmeti veriyoruz.0532 566 86 65\",\"breadcrumb\":{\"@id\":\"http:\\\/\\\/www.tugrulevdenevenakliyat.com\\\/index.php\\\/bahceliever-nakliyat\\\/#breadcrumb\"},\"inLanguage\":\"tr\",\"potentialAction\":[{\"@type\":\"ReadAction\",\"target\":[\"http:\\\/\\\/www.tugrulevdenevenakliyat.com\\\/index.php\\\/bahceliever-nakliyat\\\/\"]}]},{\"@type\":\"ImageObject\",\"inLanguage\":\"tr\",\"@id\":\"http:\\\/\\\/www.tugrulevdenevenakliyat.com\\\/index.php\\\/bahceliever-nakliyat\\\/#primaryimage\",\"url\":\"https:\\\/\\\/www.tugrulevdenevenakliyat.com\\\/wp-content\\\/uploads\\\/2019\\\/07\\\/66199888_551185022132213_468850827738480640_n.jpg\",\"contentUrl\":\"https:\\\/\\\/www.tugrulevdenevenakliyat.com\\\/wp-content\\\/uploads\\\/2019\\\/07\\\/66199888_551185022132213_468850827738480640_n.jpg\",\"width\":717,\"height\":704,\"caption\":\"evden eve nakliyat\"},{\"@type\":\"BreadcrumbList\",\"@id\":\"http:\\\/\\\/www.tugrulevdenevenakliyat.com\\\/index.php\\\/bahceliever-nakliyat\\\/#breadcrumb\",\"itemListElement\":[{\"@type\":\"ListItem\",\"position\":1,\"name\":\"Ana sayfa\",\"item\":\"http:\\\/\\\/www.tugrulevdenevenakliyat.com\\\/\"},{\"@type\":\"ListItem\",\"position\":2,\"name\":\"BAH\u00c7EL\u0130EVLER EVDEN EVE NAKL\u0130YAT\"}]},{\"@type\":\"WebSite\",\"@id\":\"http:\\\/\\\/www.tugrulevdenevenakliyat.com\\\/#website\",\"url\":\"http:\\\/\\\/www.tugrulevdenevenakliyat.com\\\/\",\"name\":\"http:\\\/\\\/www.tugrulevdenevenakliyat.com\\\/\",\"description\":\"t&uuml;rkiye geneline evden eve nakliyat\",\"publisher\":{\"@id\":\"http:\\\/\\\/www.tugrulevdenevenakliyat.com\\\/#organization\"},\"potentialAction\":[{\"@type\":\"SearchAction\",\"target\":{\"@type\":\"EntryPoint\",\"urlTemplate\":\"http:\\\/\\\/www.tugrulevdenevenakliyat.com\\\/?s={search_term_string}\"},\"query-input\":{\"@type\":\"PropertyValueSpecification\",\"valueRequired\":true,\"valueName\":\"search_term_string\"}}],\"inLanguage\":\"tr\"},{\"@type\":\"Organization\",\"@id\":\"http:\\\/\\\/www.tugrulevdenevenakliyat.com\\\/#organization\",\"name\":\"tu\u011frulcan bak\u0131rc\u0131\",\"url\":\"http:\\\/\\\/www.tugrulevdenevenakliyat.com\\\/\",\"logo\":{\"@type\":\"ImageObject\",\"inLanguage\":\"tr\",\"@id\":\"http:\\\/\\\/www.tugrulevdenevenakliyat.com\\\/#\\\/schema\\\/logo\\\/image\\\/\",\"url\":\"http:\\\/\\\/www.tugrulevdenevenakliyat.com\\\/wp-content\\\/uploads\\\/2019\\\/12\\\/45249907_1056901127822562_5718244570844626944_n.jpg\",\"contentUrl\":\"http:\\\/\\\/www.tugrulevdenevenakliyat.com\\\/wp-content\\\/uploads\\\/2019\\\/12\\\/45249907_1056901127822562_5718244570844626944_n.jpg\",\"width\":720,\"height\":960,\"caption\":\"tu\u011frulcan bak\u0131rc\u0131\"},\"image\":{\"@id\":\"http:\\\/\\\/www.tugrulevdenevenakliyat.com\\\/#\\\/schema\\\/logo\\\/image\\\/\"},\"sameAs\":[\"https:\\\/\\\/www.facebook.com\\\/tugrul.can.39589149\",\"https:\\\/\\\/x.com\\\/TURGUT16176391\",\"https:\\\/\\\/intagram.com\\\/tugrulnakliyatt\",\"https:\\\/\\\/www.linkedin.com\\\/in\\\/salim-bakirci-9b838915b\\\/\",\"https:\\\/\\\/tr.pinterest.com\\\/bakrcturgut\\\/pins\\\/\"]}]}<\/script>\n<!-- \/ Yoast SEO plugin. -->","yoast_head_json":{"title":"BAH\u00c7EL\u0130EVLER EVDEN EVE NAKL\u0130YAT - Tu\u011frul Nakliyat","description":"Bah\u00e7elievler Evden eve nakliyat hassasiyet,\u00f6zen ve titizlik gerektiren hizmettir kadromuz h\u0131zl\u0131 ve g\u00fcvenilir ta\u015f\u0131ma hizmeti veriyoruz.0532 566 86 65","robots":{"index":"index","follow":"follow","max-snippet":"max-snippet:-1","max-image-preview":"max-image-preview:large","max-video-preview":"max-video-preview:-1"},"canonical":"http:\/\/www.tugrulevdenevenakliyat.com\/index.php\/bahceliever-nakliyat\/","og_locale":"tr_TR","og_type":"article","og_title":"BAH\u00c7EL\u0130EVLER EVDEN EVE NAKL\u0130YAT - Tu\u011frul Nakliyat","og_description":"Bah\u00e7elievler Evden eve nakliyat hassasiyet,\u00f6zen ve titizlik gerektiren hizmettir kadromuz h\u0131zl\u0131 ve g\u00fcvenilir ta\u015f\u0131ma hizmeti veriyoruz.0532 566 86 65","og_url":"http:\/\/www.tugrulevdenevenakliyat.com\/index.php\/bahceliever-nakliyat\/","og_site_name":"Tu\u011frul Nakliyat","article_publisher":"https:\/\/www.facebook.com\/tugrul.can.39589149","article_modified_time":"2019-12-24T15:12:45+00:00","og_image":[{"url":"http:\/\/www.tugrulevdenevenakliyat.com\/wp-content\/uploads\/2019\/07\/66199888_551185022132213_468850827738480640_n.jpg","type":"","width":"","height":""}],"twitter_card":"summary_large_image","twitter_site":"@TURGUT16176391","twitter_misc":{"Tahmini okuma s\u00fcresi":"2 dakika"},"schema":{"@context":"https:\/\/schema.org","@graph":[{"@type":"WebPage","@id":"http:\/\/www.tugrulevdenevenakliyat.com\/index.php\/bahceliever-nakliyat\/","url":"http:\/\/www.tugrulevdenevenakliyat.com\/index.php\/bahceliever-nakliyat\/","name":"BAH\u00c7EL\u0130EVLER EVDEN EVE NAKL\u0130YAT - Tu\u011frul Nakliyat","isPartOf":{"@id":"http:\/\/www.tugrulevdenevenakliyat.com\/#website"},"primaryImageOfPage":{"@id":"http:\/\/www.tugrulevdenevenakliyat.com\/index.php\/bahceliever-nakliyat\/#primaryimage"},"image":{"@id":"http:\/\/www.tugrulevdenevenakliyat.com\/index.php\/bahceliever-nakliyat\/#primaryimage"},"thumbnailUrl":"http:\/\/www.tugrulevdenevenakliyat.com\/wp-content\/uploads\/2019\/07\/66199888_551185022132213_468850827738480640_n.jpg","datePublished":"2019-07-30T18:38:48+00:00","dateModified":"2019-12-24T15:12:45+00:00","description":"Bah\u00e7elievler Evden eve nakliyat hassasiyet,\u00f6zen ve titizlik gerektiren hizmettir kadromuz h\u0131zl\u0131 ve g\u00fcvenilir ta\u015f\u0131ma hizmeti veriyoruz.0532 566 86 65","breadcrumb":{"@id":"http:\/\/www.tugrulevdenevenakliyat.com\/index.php\/bahceliever-nakliyat\/#breadcrumb"},"inLanguage":"tr","potentialAction":[{"@type":"ReadAction","target":["http:\/\/www.tugrulevdenevenakliyat.com\/index.php\/bahceliever-nakliyat\/"]}]},{"@type":"ImageObject","inLanguage":"tr","@id":"http:\/\/www.tugrulevdenevenakliyat.com\/index.php\/bahceliever-nakliyat\/#primaryimage","url":"https:\/\/www.tugrulevdenevenakliyat.com\/wp-content\/uploads\/2019\/07\/66199888_551185022132213_468850827738480640_n.jpg","contentUrl":"https:\/\/www.tugrulevdenevenakliyat.com\/wp-content\/uploads\/2019\/07\/66199888_551185022132213_468850827738480640_n.jpg","width":717,"height":704,"caption":"evden eve nakliyat"},{"@type":"BreadcrumbList","@id":"http:\/\/www.tugrulevdenevenakliyat.com\/index.php\/bahceliever-nakliyat\/#breadcrumb","itemListElement":[{"@type":"ListItem","position":1,"name":"Ana sayfa","item":"http:\/\/www.tugrulevdenevenakliyat.com\/"},{"@type":"ListItem","position":2,"name":"BAH\u00c7EL\u0130EVLER EVDEN EVE NAKL\u0130YAT"}]},{"@type":"WebSite","@id":"http:\/\/www.tugrulevdenevenakliyat.com\/#website","url":"http:\/\/www.tugrulevdenevenakliyat.com\/","name":"http:\/\/www.tugrulevdenevenakliyat.com\/","description":"t&uuml;rkiye geneline evden eve nakliyat","publisher":{"@id":"http:\/\/www.tugrulevdenevenakliyat.com\/#organization"},"potentialAction":[{"@type":"SearchAction","target":{"@type":"EntryPoint","urlTemplate":"http:\/\/www.tugrulevdenevenakliyat.com\/?s={search_term_string}"},"query-input":{"@type":"PropertyValueSpecification","valueRequired":true,"valueName":"search_term_string"}}],"inLanguage":"tr"},{"@type":"Organization","@id":"http:\/\/www.tugrulevdenevenakliyat.com\/#organization","name":"tu\u011frulcan bak\u0131rc\u0131","url":"http:\/\/www.tugrulevdenevenakliyat.com\/","logo":{"@type":"ImageObject","inLanguage":"tr","@id":"http:\/\/www.tugrulevdenevenakliyat.com\/#\/schema\/logo\/image\/","url":"http:\/\/www.tugrulevdenevenakliyat.com\/wp-content\/uploads\/2019\/12\/45249907_1056901127822562_5718244570844626944_n.jpg","contentUrl":"http:\/\/www.tugrulevdenevenakliyat.com\/wp-content\/uploads\/2019\/12\/45249907_1056901127822562_5718244570844626944_n.jpg","width":720,"height":960,"caption":"tu\u011frulcan bak\u0131rc\u0131"},"image":{"@id":"http:\/\/www.tugrulevdenevenakliyat.com\/#\/schema\/logo\/image\/"},"sameAs":["https:\/\/www.facebook.com\/tugrul.can.39589149","https:\/\/x.com\/TURGUT16176391","https:\/\/intagram.com\/tugrulnakliyatt","https:\/\/www.linkedin.com\/in\/salim-bakirci-9b838915b\/","https:\/\/tr.pinterest.com\/bakrcturgut\/pins\/"]}]}},"_links":{"self":[{"href":"https:\/\/www.tugrulevdenevenakliyat.com\/index.php\/wp-json\/wp\/v2\/pages\/200","targetHints":{"allow":["GET"]}}],"collection":[{"href":"https:\/\/www.tugrulevdenevenakliyat.com\/index.php\/wp-json\/wp\/v2\/pages"}],"about":[{"href":"https:\/\/www.tugrulevdenevenakliyat.com\/index.php\/wp-json\/wp\/v2\/types\/page"}],"author":[{"embeddable":true,"href":"https:\/\/www.tugrulevdenevenakliyat.com\/index.php\/wp-json\/wp\/v2\/users\/1"}],"replies":[{"embeddable":true,"href":"https:\/\/www.tugrulevdenevenakliyat.com\/index.php\/wp-json\/wp\/v2\/comments?post=200"}],"version-history":[{"count":6,"href":"https:\/\/www.tugrulevdenevenakliyat.com\/index.php\/wp-json\/wp\/v2\/pages\/200\/revisions"}],"predecessor-version":[{"id":619,"href":"https:\/\/www.tugrulevdenevenakliyat.com\/index.php\/wp-json\/wp\/v2\/pages\/200\/revisions\/619"}],"wp:attachment":[{"href":"https:\/\/www.tugrulevdenevenakliyat.com\/index.php\/wp-json\/wp\/v2\/media?parent=200"}],"curies":[{"name":"wp","href":"https:\/\/api.w.org\/{rel}","templated":true}]}}