{"id":213,"date":"2019-07-30T20:05:23","date_gmt":"2019-07-30T20:05:23","guid":{"rendered":"http:\/\/www.tugrulevdenevenakliyat.com\/?page_id=213"},"modified":"2019-12-13T16:23:08","modified_gmt":"2019-12-13T16:23:08","slug":"istanbulnakliyat","status":"publish","type":"page","link":"https:\/\/www.tugrulevdenevenakliyat.com\/index.php\/istanbulnakliyat\/","title":{"rendered":"\u0130stanbul Evden Eve Nakliyat"},"content":{"rendered":"\r\n<h1 style=\"text-align: center;\">\u0130STANBUL EVDEN EVE NAKL\u0130YAT\u00a0<\/h1>\r\n<p style=\"text-align: center;\">\u00a0 \u00a0 \u00a0 \u00a0\u0130stanbul evden eve Nakliyat Tu\u011frul Nakliyat 1982 y\u0131l\u0131ndan beri hizmet sunmaktay\u0131z.M\u00fc\u015fteri memnuyetini herzaman \u00f6n planda tutan hizmet anlay\u0131\u015f\u0131m\u0131zla b\u00fcy\u00fck bir te\u00e7r\u00fcbeye sahip olan bir Firmay\u0131z.<\/p>\r\n<p style=\"text-align: center;\">Tu\u011frul Nakliyat olarak 37 y\u0131l\u0131ndan beri kusursuz ve g\u00fcvenli,hizmet vermekdeyiz. \u015eehir i\u00e7i ve \u015fehirler aras\u0131 ve g\u00fcvenli, ta\u015f\u0131ma yapmaya devam ediyoruz.sizlerin g\u00fcvenini kazanmaya \u00e7al\u0131\u015f\u0131yoruz bizleri tercih etiniz i\u00e7in te\u015fekk\u00fcrler<\/p>\r\n<h2 style=\"text-align: center;\">\u00a0EVDEN EVE NAKL\u0130YAT \u0130STANBUL<\/h2>\r\n\r\n\r\n\r\n<div id=\"attachment_460\" style=\"width: 310px\" class=\"wp-caption aligncenter\"><img loading=\"lazy\" decoding=\"async\" aria-describedby=\"caption-attachment-460\" class=\"size-medium wp-image-460\" src=\"http:\/\/www.tugrulevdenevenakliyat.com\/wp-content\/uploads\/2019\/10\/67194008_398664830753112_5639412018084577280_n-300x139.jpg\" alt=\"istanbul  evden eve nakliyat\" width=\"300\" height=\"139\" srcset=\"https:\/\/www.tugrulevdenevenakliyat.com\/wp-content\/uploads\/2019\/10\/67194008_398664830753112_5639412018084577280_n-300x139.jpg 300w, https:\/\/www.tugrulevdenevenakliyat.com\/wp-content\/uploads\/2019\/10\/67194008_398664830753112_5639412018084577280_n.jpg 720w\" sizes=\"auto, (max-width: 300px) 100vw, 300px\" \/><p id=\"caption-attachment-460\" class=\"wp-caption-text\">istanbul evden eve nakliyat<\/p><\/div>\r\n\r\n\r\n\r\n<p style=\"text-align: center;\"><a href=\"http:\/\/www.tugrulevdenevenakliyat.com\/\">EVDEN EVE \u0130STANBUL NAKL\u0130YAT<\/a><\/p>\r\n\r\n\r\n\r\n<p style=\"text-align: center;\">ATA\u015eEH\u0130R EVDEN EVE NAKL\u0130YAT<\/p>\r\n\r\n\r\n\r\n<p style=\"text-align: center;\">EVDEN EVE NAKL\u0130YAT ATA\u015eEH\u0130R<\/p>\r\n\r\n\r\n\r\n<p style=\"text-align: center;\">EVDEN EVE AVCILAR NAKL\u0130YAT<\/p>\r\n\r\n\r\n\r\n<p style=\"text-align: center;\">AVCILAR EVDEN EVE NAKL\u0130YAT<\/p>\r\n\r\n\r\n\r\n<p style=\"text-align: center;\">BA\u011eCILAR EVDEN EVE NAKL\u0130YAT<\/p>\r\n\r\n\r\n\r\n<p style=\"text-align: center;\">EVDEN EVE BA\u011eCILAR NAKL\u0130YAT<\/p>\r\n\r\n\r\n\r\n<p style=\"text-align: center;\">EVDEN EVE NAKL\u0130YAT BAH\u00c7EL\u0130EVLER<\/p>\r\n\r\n\r\n\r\n<p style=\"text-align: center;\">BAH\u00c7EL\u0130EVLER EVDEN EVE NAKL\u0130YAT<\/p>\r\n\r\n\r\n\r\n<p style=\"text-align: center;\">EVDEN EVE BAKIRK\u00d6Y NAKL\u0130YAT<\/p>\r\n\r\n\r\n\r\n<p style=\"text-align: center;\">BAKIRK\u00d6Y EVDEN EVE NAKL\u0130YAT<\/p>\r\n\r\n\r\n\r\n<p style=\"text-align: center;\">EVDEN EVE BA\u015eAK\u015eEH\u0130R NAKL\u0130YAT<\/p>\r\n\r\n\r\n\r\n<p style=\"text-align: center;\">BA\u015eAK\u015eEH\u0130R EVDEN EVE NAKL\u0130YAT<\/p>\r\n\r\n\r\n\r\n<p style=\"text-align: center;\">BAYRAMPA\u015eA EVDEN EVE NAKL\u0130YAT<\/p>\r\n\r\n\r\n\r\n<p style=\"text-align: center;\">EVDEN EVE NAKL\u0130YAT BAYRAMPA\u015eA<\/p>\r\n\r\n\r\n\r\n<p style=\"text-align: center;\">EVDEN EVE BE\u015e\u0130KTA\u015e NAKL\u0130YAT<\/p>\r\n\r\n\r\n\r\n<p style=\"text-align: center;\">TU\u011eRUL EVDEN EVE NAKL\u0130YAT<\/p>\r\n\r\n\r\n\r\n<p style=\"text-align: center;\">BEYL\u0130KD\u00dcZ\u00dc EVDEN EVE NAKL\u0130YAT<\/p>\r\n\r\n\r\n\r\n<p style=\"text-align: center;\">BEYO\u011eLU EVDEN EVE NAKL\u0130YAT<\/p>\r\n\r\n\r\n\r\n<p style=\"text-align: center;\">B\u00dcY\u00dcK\u00c7EKMECE EVDEN EVE NAKL\u0130YAT<\/p>\r\n\r\n\r\n\r\n<p style=\"text-align: center;\">BEYKOZ EVDEN EVE NAKL\u0130YAT<\/p>\r\n\r\n\r\n\r\n<p style=\"text-align: center;\">EVDEN EVE NAKL\u0130YAT BEYKOZ<\/p>\r\n\r\n\r\n\r\n<p style=\"text-align: center;\">B\u00dcY\u00dcK\u00c7EKMECE EVDEN EVE NAKL\u0130YAT<\/p>\r\n\r\n\r\n\r\n<p style=\"text-align: center;\">\u00c7ATALCA EVDEN EVE NAKL\u0130YAT<\/p>\r\n\r\n\r\n\r\n<p style=\"text-align: center;\">\u00c7EKMEK\u00d6Y EVDEN EVE NAKL\u0130YAT<\/p>\r\n\r\n\r\n\r\n<p style=\"text-align: center;\">ESENLER EVDEN EVE NAKL\u0130YAT<\/p>\r\n\r\n\r\n\r\n<p style=\"text-align: center;\">EVDEN EVE NAKL\u0130YAT ESENLER<\/p>\r\n\r\n\r\n\r\n<p style=\"text-align: center;\">ESENYURT EVDEN EVE NAKL\u0130YAT<\/p>\r\n\r\n\r\n\r\n<p style=\"text-align: center;\">EY\u00dcP EVDEN EVE NAKL\u0130YAT<\/p>\r\n\r\n\r\n\r\n<p style=\"text-align: center;\">FAT\u0130H EVDEN EVE NAKL\u0130YAT<\/p>\r\n\r\n\r\n\r\n<p style=\"text-align: center;\">EVDEN EVE NAKL\u0130YAT FAT\u0130H<\/p>\r\n\r\n\r\n\r\n<p style=\"text-align: center;\">GAZ\u0130OSMANPA\u015eA EVDEN EVE NAKL\u0130YAT<\/p>\r\n\r\n\r\n\r\n<p style=\"text-align: center;\">EVDEN EVE NAKL\u0130YAT GAZ\u0130OSMANPA\u015eA<\/p>\r\n\r\n\r\n\r\n<p style=\"text-align: center;\">G\u00dcNG\u00d6REN EVDEN EVE NAKL\u0130YAT<\/p>\r\n\r\n\r\n\r\n<p style=\"text-align: center;\">EVDEN EVE NAKL\u0130YAT G\u00dcNG\u00d6REN\u00a0<\/p>\r\n\r\n\r\n\r\n<p style=\"text-align: center;\">KA\u011eITHANE EVDEN EVE NAKL\u0130YAT<\/p>\r\n\r\n\r\n\r\n<p style=\"text-align: center;\">EVDEN EVE NAKL\u0130YAT KA\u011eITHANE<\/p>\r\n\r\n\r\n\r\n<p style=\"text-align: center;\">KADIK\u00d6Y EVDEN EVE NAKL\u0130YAT<\/p>\r\n\r\n\r\n\r\n<p style=\"text-align: center;\">EVDEN EVE NAKL\u0130YAT KADIK\u00d6Y<\/p>\r\n\r\n\r\n\r\n<p style=\"text-align: center;\">KARTAL EVDEN EVE NAKL\u0130YAT<\/p>\r\n\r\n\r\n\r\n<p style=\"text-align: center;\">EVDEN EVE NAKL\u0130YAT KARTAL<\/p>\r\n\r\n\r\n\r\n<p style=\"text-align: center;\">K\u00dc\u00c7\u00dcK\u00c7EKMECE EVDEN EVE NAKL\u0130YAT<\/p>\r\n\r\n\r\n\r\n<p style=\"text-align: center;\">EVDEN EVE NAKL\u0130YAT K\u00dc\u00c7\u00dcK\u00c7EKMECE<\/p>\r\n\r\n\r\n\r\n<p style=\"text-align: center;\">MALTEPE EVDEN EVE NAKL\u0130YAT<\/p>\r\n\r\n\r\n\r\n<p style=\"text-align: center;\">EVDEN EVE NAKL\u0130YAT MALTEPE<\/p>\r\n\r\n\r\n\r\n<p style=\"text-align: center;\">PEND\u0130K EVDEN EVE NAKL\u0130YAT<\/p>\r\n\r\n\r\n\r\n<p style=\"text-align: center;\">EVDEN EVE NAKL\u0130YAT PEND\u0130K<\/p>\r\n\r\n\r\n\r\n<p style=\"text-align: center;\">SANCAKTEPE EVDEN EVE NAKL\u0130YAT<\/p>\r\n\r\n\r\n\r\n<p style=\"text-align: center;\">SARIYER EVDEN EVE NAKL\u0130YAT<\/p>\r\n\r\n\r\n\r\n<p style=\"text-align: center;\">EVDEN EVE NAKL\u0130YAT SARIYER<\/p>\r\n\r\n\r\n\r\n<p style=\"text-align: center;\">S\u0130L\u0130VR\u0130 EVDEN EVE NAKL\u0130YAT<\/p>\r\n\r\n\r\n\r\n<p style=\"text-align: center;\">EVDEN EVE NAKL\u0130YAT S\u0130L\u0130VR\u0130<\/p>\r\n\r\n\r\n\r\n<p style=\"text-align: center;\">SULTANBEYL\u0130 EVDEN EVE NAKL\u0130YAT<\/p>\r\n\r\n\r\n\r\n<p style=\"text-align: center;\">EVDEN EVE NAKL\u0130YAT SULTANBEYL\u0130<\/p>\r\n\r\n\r\n\r\n<p style=\"text-align: center;\">SULTANGAZ\u0130 EVDEN EVE NAKL\u0130YAT<\/p>\r\n\r\n\r\n\r\n<p style=\"text-align: center;\">EVDEN EVE NAKL\u0130YAT SULTANGAZ\u0130<\/p>\r\n\r\n\r\n\r\n<p style=\"text-align: center;\">\u015e\u0130LE EVDEN EVE NAKL\u0130YAT<\/p>\r\n\r\n\r\n\r\n<p style=\"text-align: center;\">EVDEN EVE NAKL\u0130YAT \u015e\u0130LE<\/p>\r\n\r\n\r\n\r\n<p style=\"text-align: center;\">TUZLA EVDEN EVE NAKL\u0130YAT<\/p>\r\n\r\n\r\n\r\n<p style=\"text-align: center;\">\u00dcSK\u00dcDAR EVDEN EVE NAKL\u0130YAT<\/p>\r\n\r\n\r\n\r\n<p style=\"text-align: center;\">EVDEN EVE NAKL\u0130YAT \u00dcSK\u00dcDAR<\/p>\r\n\r\n\r\n\r\n<p style=\"text-align: center;\">\u00dcMRAN\u0130YE EVDEN EVE NAKL\u0130YAT<\/p>\r\n\r\n\r\n\r\n<p style=\"text-align: center;\">EVDEN EVE \u00dcMRAN\u0130YE<\/p>\r\n\r\n\r\n\r\n<p style=\"text-align: center;\"><a href=\"http:\/\/www.tugrulevdenevenakliyat.com\/\">Z<\/a>EYT\u0130NBURNU EVDEN EVE NAKL\u0130YAT<\/p>\r\n\r\n\r\n\r\n<p style=\"text-align: center;\">EVDEN EVE NAKL\u0130YAT ZEYT\u0130NBURNU<\/p>\r\n\r\n\r\n\r\n<p style=\"text-align: center;\">MERKEZ\u0130LCE EVDEN EVE NAKL\u0130YAT<\/p>\r\n\r\n\r\n\r\n<p style=\"text-align: center;\">EVDEN EVE TA\u015eIMACILIK<\/p>\r\n\r\n\r\n\r\n<p style=\"text-align: center;\">EVDEN EVE H\u0130ZMET<\/p>\r\n\r\n\r\n\r\n<p style=\"text-align: center;\">EVDEN EVE V\u0130LLA TA\u015eIMACILIK<\/p>\r\n\r\n\r\n\r\n<p style=\"text-align: center;\"><a href=\"https:\/\/www.facebook.com\/evdenevetugrulnakliyat\/\">NAKL\u0130YAT<\/a><\/p>\r\n\r\n\r\n\r\n<p style=\"text-align: center;\">NAKL\u0130YEC\u0130<\/p>\r\n\r\n\r\n\r\n<p style=\"text-align: center;\">TA\u015eIMACILIK<\/p>\r\n","protected":false},"excerpt":{"rendered":"<p>\u0130STANBUL EVDEN EVE NAKL\u0130YAT\u00a0 \u00a0 \u00a0 \u00a0 \u00a0\u0130stanbul evden eve Nakliyat Tu\u011frul Nakliyat 1982 y\u0131l\u0131ndan beri hizmet sunmaktay\u0131z.M\u00fc\u015fteri memnuyetini herzaman \u00f6n planda tutan hizmet anlay\u0131\u015f\u0131m\u0131zla b\u00fcy\u00fck bir te\u00e7r\u00fcbeye sahip olan bir Firmay\u0131z. Tu\u011frul Nakliyat olarak 37 y\u0131l\u0131ndan beri kusursuz ve g\u00fcvenli,hizmet vermekdeyiz. \u015eehir i\u00e7i ve \u015fehirler aras\u0131 ve g\u00fcvenli, ta\u015f\u0131ma yapmaya devam ediyoruz.sizlerin g\u00fcvenini kazanmaya&hellip; <br \/> <a class=\"read-more\" href=\"https:\/\/www.tugrulevdenevenakliyat.com\/index.php\/istanbulnakliyat\/\">Devam\u0131<\/a><\/p>\n","protected":false},"author":1,"featured_media":399,"parent":0,"menu_order":0,"comment_status":"closed","ping_status":"closed","template":"","meta":{"_bbp_topic_count":0,"_bbp_reply_count":0,"_bbp_total_topic_count":0,"_bbp_total_reply_count":0,"_bbp_voice_count":0,"_bbp_anonymous_reply_count":0,"_bbp_topic_count_hidden":0,"_bbp_reply_count_hidden":0,"_bbp_forum_subforum_count":0,"footnotes":""},"class_list":["post-213","page","type-page","status-publish","has-post-thumbnail","hentry"],"yoast_head":"<!-- This site is optimized with the Yoast SEO plugin v27.3 - https:\/\/yoast.com\/product\/yoast-seo-wordpress\/ -->\n<title>\u0130stanbul Evden Eve Nakliyat - Tu\u011frul Nakliyat Ta\u015f\u0131mac\u0131l\u0131k<\/title>\n<meta name=\"description\" content=\"\u0130stanbul evden eve nakliyat 7\/24 saat hizmetinizdeyiz. \u0130stanbul \u015fehirler aras\u0131 Ta\u015f\u0131mac\u0131l\u0131k ev e\u015fyas\u0131 mobilya kurulumu yap\u0131l\u0131r 0532 566 86 65\" \/>\n<meta name=\"robots\" content=\"index, follow, max-snippet:-1, max-image-preview:large, max-video-preview:-1\" \/>\n<link rel=\"canonical\" href=\"http:\/\/www.tugrulevdenevenakliyat.com\/index.php\/istanbulnakliyat\/\" \/>\n<meta property=\"og:locale\" content=\"tr_TR\" \/>\n<meta property=\"og:type\" content=\"article\" \/>\n<meta property=\"og:title\" content=\"\u0130stanbul Evden Eve Nakliyat - Tu\u011frul Nakliyat Ta\u015f\u0131mac\u0131l\u0131k\" \/>\n<meta property=\"og:description\" content=\"\u0130stanbul evden eve nakliyat 7\/24 saat hizmetinizdeyiz. \u0130stanbul \u015fehirler aras\u0131 Ta\u015f\u0131mac\u0131l\u0131k ev e\u015fyas\u0131 mobilya kurulumu yap\u0131l\u0131r 0532 566 86 65\" \/>\n<meta property=\"og:url\" content=\"http:\/\/www.tugrulevdenevenakliyat.com\/index.php\/istanbulnakliyat\/\" \/>\n<meta property=\"og:site_name\" content=\"Tu\u011frul Nakliyat\" \/>\n<meta property=\"article:publisher\" content=\"https:\/\/www.facebook.com\/tugrul.can.39589149\" \/>\n<meta property=\"article:modified_time\" content=\"2019-12-13T16:23:08+00:00\" \/>\n<meta property=\"og:image\" content=\"http:\/\/www.tugrulevdenevenakliyat.com\/wp-content\/uploads\/2019\/10\/60305223_1748224278614487_471062662881476608_n.jpg\" \/>\n\t<meta property=\"og:image:width\" content=\"1200\" \/>\n\t<meta property=\"og:image:height\" content=\"675\" \/>\n\t<meta property=\"og:image:type\" content=\"image\/jpeg\" \/>\n<meta name=\"twitter:card\" content=\"summary_large_image\" \/>\n<meta name=\"twitter:site\" content=\"@TURGUT16176391\" \/>\n<meta name=\"twitter:label1\" content=\"Tahmini okuma s\u00fcresi\" \/>\n\t<meta name=\"twitter:data1\" content=\"3 dakika\" \/>\n<script type=\"application\/ld+json\" class=\"yoast-schema-graph\">{\"@context\":\"https:\\\/\\\/schema.org\",\"@graph\":[{\"@type\":\"WebPage\",\"@id\":\"http:\\\/\\\/www.tugrulevdenevenakliyat.com\\\/index.php\\\/istanbulnakliyat\\\/\",\"url\":\"http:\\\/\\\/www.tugrulevdenevenakliyat.com\\\/index.php\\\/istanbulnakliyat\\\/\",\"name\":\"\u0130stanbul Evden Eve Nakliyat - Tu\u011frul Nakliyat Ta\u015f\u0131mac\u0131l\u0131k\",\"isPartOf\":{\"@id\":\"http:\\\/\\\/www.tugrulevdenevenakliyat.com\\\/#website\"},\"primaryImageOfPage\":{\"@id\":\"http:\\\/\\\/www.tugrulevdenevenakliyat.com\\\/index.php\\\/istanbulnakliyat\\\/#primaryimage\"},\"image\":{\"@id\":\"http:\\\/\\\/www.tugrulevdenevenakliyat.com\\\/index.php\\\/istanbulnakliyat\\\/#primaryimage\"},\"thumbnailUrl\":\"https:\\\/\\\/www.tugrulevdenevenakliyat.com\\\/wp-content\\\/uploads\\\/2019\\\/10\\\/60305223_1748224278614487_471062662881476608_n.jpg\",\"datePublished\":\"2019-07-30T20:05:23+00:00\",\"dateModified\":\"2019-12-13T16:23:08+00:00\",\"description\":\"\u0130stanbul evden eve nakliyat 7\\\/24 saat hizmetinizdeyiz. \u0130stanbul \u015fehirler aras\u0131 Ta\u015f\u0131mac\u0131l\u0131k ev e\u015fyas\u0131 mobilya kurulumu yap\u0131l\u0131r 0532 566 86 65\",\"breadcrumb\":{\"@id\":\"http:\\\/\\\/www.tugrulevdenevenakliyat.com\\\/index.php\\\/istanbulnakliyat\\\/#breadcrumb\"},\"inLanguage\":\"tr\",\"potentialAction\":[{\"@type\":\"ReadAction\",\"target\":[\"http:\\\/\\\/www.tugrulevdenevenakliyat.com\\\/index.php\\\/istanbulnakliyat\\\/\"]}]},{\"@type\":\"ImageObject\",\"inLanguage\":\"tr\",\"@id\":\"http:\\\/\\\/www.tugrulevdenevenakliyat.com\\\/index.php\\\/istanbulnakliyat\\\/#primaryimage\",\"url\":\"https:\\\/\\\/www.tugrulevdenevenakliyat.com\\\/wp-content\\\/uploads\\\/2019\\\/10\\\/60305223_1748224278614487_471062662881476608_n.jpg\",\"contentUrl\":\"https:\\\/\\\/www.tugrulevdenevenakliyat.com\\\/wp-content\\\/uploads\\\/2019\\\/10\\\/60305223_1748224278614487_471062662881476608_n.jpg\",\"width\":1200,\"height\":675,\"caption\":\"\u00fcmraniye evden eve nakliyat\"},{\"@type\":\"BreadcrumbList\",\"@id\":\"http:\\\/\\\/www.tugrulevdenevenakliyat.com\\\/index.php\\\/istanbulnakliyat\\\/#breadcrumb\",\"itemListElement\":[{\"@type\":\"ListItem\",\"position\":1,\"name\":\"Ana sayfa\",\"item\":\"http:\\\/\\\/www.tugrulevdenevenakliyat.com\\\/\"},{\"@type\":\"ListItem\",\"position\":2,\"name\":\"\u0130stanbul Evden Eve Nakliyat\"}]},{\"@type\":\"WebSite\",\"@id\":\"http:\\\/\\\/www.tugrulevdenevenakliyat.com\\\/#website\",\"url\":\"http:\\\/\\\/www.tugrulevdenevenakliyat.com\\\/\",\"name\":\"http:\\\/\\\/www.tugrulevdenevenakliyat.com\\\/\",\"description\":\"t&uuml;rkiye geneline evden eve nakliyat\",\"publisher\":{\"@id\":\"http:\\\/\\\/www.tugrulevdenevenakliyat.com\\\/#organization\"},\"potentialAction\":[{\"@type\":\"SearchAction\",\"target\":{\"@type\":\"EntryPoint\",\"urlTemplate\":\"http:\\\/\\\/www.tugrulevdenevenakliyat.com\\\/?s={search_term_string}\"},\"query-input\":{\"@type\":\"PropertyValueSpecification\",\"valueRequired\":true,\"valueName\":\"search_term_string\"}}],\"inLanguage\":\"tr\"},{\"@type\":\"Organization\",\"@id\":\"http:\\\/\\\/www.tugrulevdenevenakliyat.com\\\/#organization\",\"name\":\"tu\u011frulcan bak\u0131rc\u0131\",\"url\":\"http:\\\/\\\/www.tugrulevdenevenakliyat.com\\\/\",\"logo\":{\"@type\":\"ImageObject\",\"inLanguage\":\"tr\",\"@id\":\"http:\\\/\\\/www.tugrulevdenevenakliyat.com\\\/#\\\/schema\\\/logo\\\/image\\\/\",\"url\":\"http:\\\/\\\/www.tugrulevdenevenakliyat.com\\\/wp-content\\\/uploads\\\/2019\\\/12\\\/45249907_1056901127822562_5718244570844626944_n.jpg\",\"contentUrl\":\"http:\\\/\\\/www.tugrulevdenevenakliyat.com\\\/wp-content\\\/uploads\\\/2019\\\/12\\\/45249907_1056901127822562_5718244570844626944_n.jpg\",\"width\":720,\"height\":960,\"caption\":\"tu\u011frulcan bak\u0131rc\u0131\"},\"image\":{\"@id\":\"http:\\\/\\\/www.tugrulevdenevenakliyat.com\\\/#\\\/schema\\\/logo\\\/image\\\/\"},\"sameAs\":[\"https:\\\/\\\/www.facebook.com\\\/tugrul.can.39589149\",\"https:\\\/\\\/x.com\\\/TURGUT16176391\",\"https:\\\/\\\/intagram.com\\\/tugrulnakliyatt\",\"https:\\\/\\\/www.linkedin.com\\\/in\\\/salim-bakirci-9b838915b\\\/\",\"https:\\\/\\\/tr.pinterest.com\\\/bakrcturgut\\\/pins\\\/\"]}]}<\/script>\n<!-- \/ Yoast SEO plugin. -->","yoast_head_json":{"title":"\u0130stanbul Evden Eve Nakliyat - Tu\u011frul Nakliyat Ta\u015f\u0131mac\u0131l\u0131k","description":"\u0130stanbul evden eve nakliyat 7\/24 saat hizmetinizdeyiz. \u0130stanbul \u015fehirler aras\u0131 Ta\u015f\u0131mac\u0131l\u0131k ev e\u015fyas\u0131 mobilya kurulumu yap\u0131l\u0131r 0532 566 86 65","robots":{"index":"index","follow":"follow","max-snippet":"max-snippet:-1","max-image-preview":"max-image-preview:large","max-video-preview":"max-video-preview:-1"},"canonical":"http:\/\/www.tugrulevdenevenakliyat.com\/index.php\/istanbulnakliyat\/","og_locale":"tr_TR","og_type":"article","og_title":"\u0130stanbul Evden Eve Nakliyat - Tu\u011frul Nakliyat Ta\u015f\u0131mac\u0131l\u0131k","og_description":"\u0130stanbul evden eve nakliyat 7\/24 saat hizmetinizdeyiz. \u0130stanbul \u015fehirler aras\u0131 Ta\u015f\u0131mac\u0131l\u0131k ev e\u015fyas\u0131 mobilya kurulumu yap\u0131l\u0131r 0532 566 86 65","og_url":"http:\/\/www.tugrulevdenevenakliyat.com\/index.php\/istanbulnakliyat\/","og_site_name":"Tu\u011frul Nakliyat","article_publisher":"https:\/\/www.facebook.com\/tugrul.can.39589149","article_modified_time":"2019-12-13T16:23:08+00:00","og_image":[{"width":1200,"height":675,"url":"http:\/\/www.tugrulevdenevenakliyat.com\/wp-content\/uploads\/2019\/10\/60305223_1748224278614487_471062662881476608_n.jpg","type":"image\/jpeg"}],"twitter_card":"summary_large_image","twitter_site":"@TURGUT16176391","twitter_misc":{"Tahmini okuma s\u00fcresi":"3 dakika"},"schema":{"@context":"https:\/\/schema.org","@graph":[{"@type":"WebPage","@id":"http:\/\/www.tugrulevdenevenakliyat.com\/index.php\/istanbulnakliyat\/","url":"http:\/\/www.tugrulevdenevenakliyat.com\/index.php\/istanbulnakliyat\/","name":"\u0130stanbul Evden Eve Nakliyat - Tu\u011frul Nakliyat Ta\u015f\u0131mac\u0131l\u0131k","isPartOf":{"@id":"http:\/\/www.tugrulevdenevenakliyat.com\/#website"},"primaryImageOfPage":{"@id":"http:\/\/www.tugrulevdenevenakliyat.com\/index.php\/istanbulnakliyat\/#primaryimage"},"image":{"@id":"http:\/\/www.tugrulevdenevenakliyat.com\/index.php\/istanbulnakliyat\/#primaryimage"},"thumbnailUrl":"https:\/\/www.tugrulevdenevenakliyat.com\/wp-content\/uploads\/2019\/10\/60305223_1748224278614487_471062662881476608_n.jpg","datePublished":"2019-07-30T20:05:23+00:00","dateModified":"2019-12-13T16:23:08+00:00","description":"\u0130stanbul evden eve nakliyat 7\/24 saat hizmetinizdeyiz. \u0130stanbul \u015fehirler aras\u0131 Ta\u015f\u0131mac\u0131l\u0131k ev e\u015fyas\u0131 mobilya kurulumu yap\u0131l\u0131r 0532 566 86 65","breadcrumb":{"@id":"http:\/\/www.tugrulevdenevenakliyat.com\/index.php\/istanbulnakliyat\/#breadcrumb"},"inLanguage":"tr","potentialAction":[{"@type":"ReadAction","target":["http:\/\/www.tugrulevdenevenakliyat.com\/index.php\/istanbulnakliyat\/"]}]},{"@type":"ImageObject","inLanguage":"tr","@id":"http:\/\/www.tugrulevdenevenakliyat.com\/index.php\/istanbulnakliyat\/#primaryimage","url":"https:\/\/www.tugrulevdenevenakliyat.com\/wp-content\/uploads\/2019\/10\/60305223_1748224278614487_471062662881476608_n.jpg","contentUrl":"https:\/\/www.tugrulevdenevenakliyat.com\/wp-content\/uploads\/2019\/10\/60305223_1748224278614487_471062662881476608_n.jpg","width":1200,"height":675,"caption":"\u00fcmraniye evden eve nakliyat"},{"@type":"BreadcrumbList","@id":"http:\/\/www.tugrulevdenevenakliyat.com\/index.php\/istanbulnakliyat\/#breadcrumb","itemListElement":[{"@type":"ListItem","position":1,"name":"Ana sayfa","item":"http:\/\/www.tugrulevdenevenakliyat.com\/"},{"@type":"ListItem","position":2,"name":"\u0130stanbul Evden Eve Nakliyat"}]},{"@type":"WebSite","@id":"http:\/\/www.tugrulevdenevenakliyat.com\/#website","url":"http:\/\/www.tugrulevdenevenakliyat.com\/","name":"http:\/\/www.tugrulevdenevenakliyat.com\/","description":"t&uuml;rkiye geneline evden eve nakliyat","publisher":{"@id":"http:\/\/www.tugrulevdenevenakliyat.com\/#organization"},"potentialAction":[{"@type":"SearchAction","target":{"@type":"EntryPoint","urlTemplate":"http:\/\/www.tugrulevdenevenakliyat.com\/?s={search_term_string}"},"query-input":{"@type":"PropertyValueSpecification","valueRequired":true,"valueName":"search_term_string"}}],"inLanguage":"tr"},{"@type":"Organization","@id":"http:\/\/www.tugrulevdenevenakliyat.com\/#organization","name":"tu\u011frulcan bak\u0131rc\u0131","url":"http:\/\/www.tugrulevdenevenakliyat.com\/","logo":{"@type":"ImageObject","inLanguage":"tr","@id":"http:\/\/www.tugrulevdenevenakliyat.com\/#\/schema\/logo\/image\/","url":"http:\/\/www.tugrulevdenevenakliyat.com\/wp-content\/uploads\/2019\/12\/45249907_1056901127822562_5718244570844626944_n.jpg","contentUrl":"http:\/\/www.tugrulevdenevenakliyat.com\/wp-content\/uploads\/2019\/12\/45249907_1056901127822562_5718244570844626944_n.jpg","width":720,"height":960,"caption":"tu\u011frulcan bak\u0131rc\u0131"},"image":{"@id":"http:\/\/www.tugrulevdenevenakliyat.com\/#\/schema\/logo\/image\/"},"sameAs":["https:\/\/www.facebook.com\/tugrul.can.39589149","https:\/\/x.com\/TURGUT16176391","https:\/\/intagram.com\/tugrulnakliyatt","https:\/\/www.linkedin.com\/in\/salim-bakirci-9b838915b\/","https:\/\/tr.pinterest.com\/bakrcturgut\/pins\/"]}]}},"_links":{"self":[{"href":"https:\/\/www.tugrulevdenevenakliyat.com\/index.php\/wp-json\/wp\/v2\/pages\/213","targetHints":{"allow":["GET"]}}],"collection":[{"href":"https:\/\/www.tugrulevdenevenakliyat.com\/index.php\/wp-json\/wp\/v2\/pages"}],"about":[{"href":"https:\/\/www.tugrulevdenevenakliyat.com\/index.php\/wp-json\/wp\/v2\/types\/page"}],"author":[{"embeddable":true,"href":"https:\/\/www.tugrulevdenevenakliyat.com\/index.php\/wp-json\/wp\/v2\/users\/1"}],"replies":[{"embeddable":true,"href":"https:\/\/www.tugrulevdenevenakliyat.com\/index.php\/wp-json\/wp\/v2\/comments?post=213"}],"version-history":[{"count":6,"href":"https:\/\/www.tugrulevdenevenakliyat.com\/index.php\/wp-json\/wp\/v2\/pages\/213\/revisions"}],"predecessor-version":[{"id":546,"href":"https:\/\/www.tugrulevdenevenakliyat.com\/index.php\/wp-json\/wp\/v2\/pages\/213\/revisions\/546"}],"wp:featuredmedia":[{"embeddable":true,"href":"https:\/\/www.tugrulevdenevenakliyat.com\/index.php\/wp-json\/wp\/v2\/media\/399"}],"wp:attachment":[{"href":"https:\/\/www.tugrulevdenevenakliyat.com\/index.php\/wp-json\/wp\/v2\/media?parent=213"}],"curies":[{"name":"wp","href":"https:\/\/api.w.org\/{rel}","templated":true}]}}