{"id":226,"date":"2019-08-01T13:54:08","date_gmt":"2019-08-01T13:54:08","guid":{"rendered":"http:\/\/www.tugrulevdenevenakliyat.com\/?page_id=226"},"modified":"2020-01-01T15:14:41","modified_gmt":"2020-01-01T15:14:41","slug":"kucukcekmece-evden-eve-nakliyat","status":"publish","type":"page","link":"https:\/\/www.tugrulevdenevenakliyat.com\/index.php\/kucukcekmece-evden-eve-nakliyat\/","title":{"rendered":"K\u00dc\u00c7\u00dcK\u00c7EKMECE EVDEN EVE NAKL\u0130YAT"},"content":{"rendered":"\r\n<h1 style=\"text-align: center;\">\u00a0k\u00fc\u00e7\u00fck\u00e7ekmece nakliyat<\/h1>\r\n<p style=\"text-align: center;\">K\u00fc\u00e7\u00fck\u00e7ekmece evden eve nakliyat 0532 566 86 65<\/p>\r\n<p style=\"text-align: center;\">Atakent evden eve nakliyat Atakent nakliyat Atakent ta\u015f\u0131mac\u0131l\u0131k<\/p>\r\n<p style=\"text-align: center;\"><a href=\"https:\/\/www.facebook.com\/nakliyatt52\/\">Atat\u00fcrk evden eve nakliyat<\/a> Atat\u00fcrk ta\u015f\u0131mac\u0131l\u0131k Be\u015fyol evden eve nakliyat Be\u015fyol nakliyat Be\u015fyol nakliye<\/p>\r\n<p style=\"text-align: center;\">Cennet evden eve nakliyat Cennet nakliyat Cennet nakliye Cumhuriyet evden eve nakliyat Cumhuriyet nakliyat Cumhuriyet nakliyat<\/p>\r\n<p style=\"text-align: center;\">Fatih evden eve nakliyat Fatih nakliyat Fatih ev e\u015fyas\u0131 ta\u015f\u0131mac\u0131l\u0131k Fatih tu\u011frul nakliyat Fatih nakliye Fatih ta\u015f\u0131mac\u0131l\u0131k<\/p>\r\n<h2 style=\"text-align: center;\">\u00a0evden eve nakliyat<\/h2>\r\n<p>&nbsp;<\/p>\r\n<div id=\"attachment_435\" style=\"width: 310px\" class=\"wp-caption aligncenter\"><img loading=\"lazy\" decoding=\"async\" aria-describedby=\"caption-attachment-435\" class=\"size-medium wp-image-435\" src=\"http:\/\/www.tugrulevdenevenakliyat.com\/wp-content\/uploads\/2019\/10\/70618755_523347428491428_6268596358689587200_n-300x225.jpg\" alt=\"k\u00fc\u00e7\u00fck\u00e7ekmece  evden eve nakliyat\" width=\"300\" height=\"225\" srcset=\"https:\/\/www.tugrulevdenevenakliyat.com\/wp-content\/uploads\/2019\/10\/70618755_523347428491428_6268596358689587200_n-300x225.jpg 300w, https:\/\/www.tugrulevdenevenakliyat.com\/wp-content\/uploads\/2019\/10\/70618755_523347428491428_6268596358689587200_n-768x576.jpg 768w, https:\/\/www.tugrulevdenevenakliyat.com\/wp-content\/uploads\/2019\/10\/70618755_523347428491428_6268596358689587200_n.jpg 960w\" sizes=\"auto, (max-width: 300px) 100vw, 300px\" \/><p id=\"caption-attachment-435\" class=\"wp-caption-text\">k\u00fc\u00e7\u00fck\u00e7ekmece evden eve nakliyat\u00a0 \u00a0 \u00a0 <span style=\"background-color: transparent;\">G\u00fcltepe evden eve nakliyat -G\u00fcltepe nakliyat- G\u00fcltepe ta\u015f\u0131mac\u0131l\u0131k-G\u00fcltepe nakliyat firmas\u0131- G\u00fcltepe nakliyat \u015firketi-G\u00fcltepe ev e\u015fyas\u0131 ta\u015f\u0131mac\u0131l\u0131k- G\u00fcltepe Tu\u011frul nakliyat k\u00fc\u00e7\u00fck\u00e7ekmece\u00a0 \u00a0 \u00a0 \u00a0 \u00a0 <\/span><span style=\"background-color: transparent;\">Halkal\u0131 evden eve nakliyat- Halkal\u0131 Nakliyat- Halkal\u0131 Tu\u011frul nakliyat-Halkal\u0131 nakliyat firmas\u0131-Halkal\u0131 nakliyat \u015firketi-Halkal\u0131 Tu\u011frul Ta\u015f\u0131mac\u0131l\u0131k\u00a0 \u00a0 Halkal\u0131 Nakliye Yapanlar Sitesi\u00a0 \u00a0 Halkal\u0131 paketleme-Halkal\u0131 villa\u00a0 \u00a0 \u00a0Ta\u015f\u0131mac\u0131l\u0131k-Halkal\u0131\u00a0 \u00a0 nakliye-Halkal\u0131 ta\u015f\u0131tt\u0131r- Halkal\u0131 nakliye fiyatlar <\/span><span style=\"background-color: transparent; text-align: left;\">\u0130n\u00f6n\u00fc evden eve nakliyat-\u0130n\u00f6n\u00fc nakliyat-\u0130n\u00f6n\u00fc ta\u015f\u0131mac\u0131l\u0131k-\u0130n\u00f6n\u00fc nakliye \u015firketi-\u0130n\u00f6n\u00fc nakliye sitesi\u00a0 \u00a0stasyon evden eve nakliyat -\u0130stasyon ta\u015f\u0131mac\u0131l\u0131k\u00a0 \u00a0Kanarya evden eve nakliyat -Kanarya evden eve ta\u015f\u0131mac\u0131l\u0131k-Kanarya nakliye yapanlar- Kanarya Tu\u011frul nakliyat\u00a0 \u00a0 \u00a0Kartaltepe evden eve nakliyat-<\/span><span style=\"background-color: transparent; text-align: left;\">Kartaltepe nakliyat- Kartaltepe nakliye \u015firketi-Kartaltepe evden eve ta\u015f\u0131mac\u0131l\u0131k\u00a0 Kemalpa\u015fa nakliyat-Kemalpa\u015fa evden eve nakliyat-Mehmetakif evden eve nakliyat-Mehmetakif ta\u015f\u0131mac\u0131l\u0131k-Mehmetakif nakliyat firmas\u0131\u00a0 <\/span><span style=\"background-color: transparent; text-align: left;\">Mehmetakif nakliyat \u015firketi\u00a0 S\u00f6\u011f\u00fctl\u00fc evden eve nakliyat- \u00c7e\u015fme evden eve nakliyat -\u00c7e\u015fme nakliyat firmas\u0131 -\u00c7e\u015fme yazl\u0131k ta\u015f\u0131mac\u0131l\u0131k Sultan Yazl\u0131k nakliyat-Tevfik evden eve nakliyat\u00a0 Yar\u0131m\u00a0 burgaz evden eve nakliyat\u00a0 Yeni evden eve ta\u015f\u0131mac\u0131l\u0131k\u00a0 Ye\u015filova\u00a0 \u00a0 \u00a0 \u00a0<\/span><a style=\"background-color: transparent; text-align: left;\" href=\"http:\/\/www.tugrulevdenevenakliyat.com\/\">evden eve nakliyat<\/a><\/p><\/div>\r\n<h3 style=\"text-align: center;\">k\u00fc\u00e7\u00fck\u00e7ekmece Ta\u015f\u0131mac\u0131l\u0131k<\/h3>\r\n<p style=\"text-align: center;\">Profosyonelli\u011fimiz ve titiz \u00e7al\u0131\u015fmam\u0131z<\/p>\r\n<p style=\"text-align: center;\">ile b\u00fcrodan b\u00fcroya, ofisden ofise, evden eve nakliye i\u015flerinizi siz say\u0131n m\u00fc\u015fterilerimize sorun ve problem olmaktan \u00e7\u0131kar\u0131yoruz.<\/p>\r\n<p style=\"text-align: center;\">Konu\u00a0 evden eve nakliyat olunca akla gelen en profesyonel firma olmaktan \u00f6t\u00fcr\u00fc son derece gururluyuz.<\/p>\r\n<p style=\"text-align: center;\">T\u00fcrkiye\u2019nin 81 ilinde, \u015fehir i\u00e7i evden eve veya ofisten ofise nakliyat gibi her t\u00fcrl\u00fc ta\u015f\u0131ma i\u015fleminizi kolayca ger\u00e7ekle\u015ftirmek<\/p>\r\n<p style=\"text-align: center;\">i\u00e7in nakliyat firmalar\u0131n\u0131 bir arada toplayarak, dilemi\u015f oldu\u011funuz b\u00fct\u00fcn illerdeki nakliyat hizmetlerine kolayl\u0131kla ula\u015fman\u0131z\u0131 sa\u011fl\u0131yoruz.<\/p>\r\n<p style=\"text-align: center;\">k\u00fc\u00e7\u00fck\u00e7ekmece\u00a0 Nakliye mobilya montaj \u015fehir i\u00e7i ve \u015fehirler aras\u0131 nakliye montaj garantili sigortal\u0131 ta\u015f\u0131mac\u0131l\u0131k<\/p>\r\n<p style=\"text-align: center;\">m\u00fc\u015fteri memnuniyeti \u00f6n planda olup siz sayg\u0131 de\u011fer m\u00fc\u015fterilerimizin hizmetindeyiz kaliteli asla tesad\u00fcf de\u011fildir.<\/p>\r\n<p style=\"text-align: center;\">\u015fehir i\u00e7i evden eve veya ofisten ofise nakliyat gibi her t\u00fcrl\u00fc ta\u015f\u0131ma i\u015fleminizi kolayca ger\u00e7ekle\u015ftirmek i\u00e7in nakliyat<\/p>\r\n<p>firmalar\u0131n\u0131 bir arada toplayarak, dilemi\u015f oldu\u011funuz b\u00fct\u00fcn illerdeki nakliyat hizmetlerine kolayl\u0131kla ula\u015fman\u0131z\u0131 sa\u011fl\u0131yoruz.evden eve nakliyat k\u00fc\u00e7\u00fck\u00e7ekmece<\/p>\r\n","protected":false},"excerpt":{"rendered":"<p>\u00a0k\u00fc\u00e7\u00fck\u00e7ekmece nakliyat K\u00fc\u00e7\u00fck\u00e7ekmece evden eve nakliyat 0532 566 86 65 Atakent evden eve nakliyat Atakent nakliyat Atakent ta\u015f\u0131mac\u0131l\u0131k Atat\u00fcrk evden eve nakliyat Atat\u00fcrk ta\u015f\u0131mac\u0131l\u0131k Be\u015fyol evden eve nakliyat Be\u015fyol nakliyat Be\u015fyol nakliye Cennet evden eve nakliyat Cennet nakliyat Cennet nakliye Cumhuriyet evden eve nakliyat Cumhuriyet nakliyat Cumhuriyet nakliyat Fatih evden eve nakliyat Fatih nakliyat Fatih&hellip; <br \/> <a class=\"read-more\" href=\"https:\/\/www.tugrulevdenevenakliyat.com\/index.php\/kucukcekmece-evden-eve-nakliyat\/\">Devam\u0131<\/a><\/p>\n","protected":false},"author":1,"featured_media":0,"parent":0,"menu_order":0,"comment_status":"closed","ping_status":"closed","template":"","meta":{"_bbp_topic_count":0,"_bbp_reply_count":0,"_bbp_total_topic_count":0,"_bbp_total_reply_count":0,"_bbp_voice_count":0,"_bbp_anonymous_reply_count":0,"_bbp_topic_count_hidden":0,"_bbp_reply_count_hidden":0,"_bbp_forum_subforum_count":0,"footnotes":""},"class_list":["post-226","page","type-page","status-publish","hentry"],"yoast_head":"<!-- This site is optimized with the Yoast SEO plugin v27.3 - https:\/\/yoast.com\/product\/yoast-seo-wordpress\/ -->\n<title>K\u00dc\u00c7\u00dcK\u00c7EKMECE EVDEN EVE NAKL\u0130YAT - Tu\u011frul Nakliyat<\/title>\n<meta name=\"description\" content=\"k\u00fc\u00e7\u00fck\u00e7ekmece evden eve nakliyat h\u0131zl\u0131 ve g\u00fcvenilir ta\u015f\u0131ma hizmeti veriyoruz. 0532 566 86 65 bir telefon kadar yak\u0131n\u0131z 7\/24 saat ula\u015fabilirsiniz ..\" \/>\n<meta name=\"robots\" content=\"index, follow, max-snippet:-1, max-image-preview:large, max-video-preview:-1\" \/>\n<link rel=\"canonical\" href=\"http:\/\/www.tugrulevdenevenakliyat.com\/index.php\/kucukcekmece-evden-eve-nakliyat\/\" \/>\n<meta property=\"og:locale\" content=\"tr_TR\" \/>\n<meta property=\"og:type\" content=\"article\" \/>\n<meta property=\"og:title\" content=\"K\u00dc\u00c7\u00dcK\u00c7EKMECE EVDEN EVE NAKL\u0130YAT - Tu\u011frul Nakliyat\" \/>\n<meta property=\"og:description\" content=\"k\u00fc\u00e7\u00fck\u00e7ekmece evden eve nakliyat h\u0131zl\u0131 ve g\u00fcvenilir ta\u015f\u0131ma hizmeti veriyoruz. 0532 566 86 65 bir telefon kadar yak\u0131n\u0131z 7\/24 saat ula\u015fabilirsiniz ..\" \/>\n<meta property=\"og:url\" content=\"http:\/\/www.tugrulevdenevenakliyat.com\/index.php\/kucukcekmece-evden-eve-nakliyat\/\" \/>\n<meta property=\"og:site_name\" content=\"Tu\u011frul Nakliyat\" \/>\n<meta property=\"article:publisher\" content=\"https:\/\/www.facebook.com\/tugrul.can.39589149\" \/>\n<meta property=\"article:modified_time\" content=\"2020-01-01T15:14:41+00:00\" \/>\n<meta property=\"og:image\" content=\"http:\/\/www.tugrulevdenevenakliyat.com\/wp-content\/uploads\/2019\/10\/70618755_523347428491428_6268596358689587200_n-300x225.jpg\" \/>\n<meta name=\"twitter:card\" content=\"summary_large_image\" \/>\n<meta name=\"twitter:site\" content=\"@TURGUT16176391\" \/>\n<meta name=\"twitter:label1\" content=\"Tahmini okuma s\u00fcresi\" \/>\n\t<meta name=\"twitter:data1\" content=\"3 dakika\" \/>\n<script type=\"application\/ld+json\" class=\"yoast-schema-graph\">{\"@context\":\"https:\\\/\\\/schema.org\",\"@graph\":[{\"@type\":\"WebPage\",\"@id\":\"http:\\\/\\\/www.tugrulevdenevenakliyat.com\\\/index.php\\\/kucukcekmece-evden-eve-nakliyat\\\/\",\"url\":\"http:\\\/\\\/www.tugrulevdenevenakliyat.com\\\/index.php\\\/kucukcekmece-evden-eve-nakliyat\\\/\",\"name\":\"K\u00dc\u00c7\u00dcK\u00c7EKMECE EVDEN EVE NAKL\u0130YAT - Tu\u011frul Nakliyat\",\"isPartOf\":{\"@id\":\"http:\\\/\\\/www.tugrulevdenevenakliyat.com\\\/#website\"},\"primaryImageOfPage\":{\"@id\":\"http:\\\/\\\/www.tugrulevdenevenakliyat.com\\\/index.php\\\/kucukcekmece-evden-eve-nakliyat\\\/#primaryimage\"},\"image\":{\"@id\":\"http:\\\/\\\/www.tugrulevdenevenakliyat.com\\\/index.php\\\/kucukcekmece-evden-eve-nakliyat\\\/#primaryimage\"},\"thumbnailUrl\":\"http:\\\/\\\/www.tugrulevdenevenakliyat.com\\\/wp-content\\\/uploads\\\/2019\\\/10\\\/70618755_523347428491428_6268596358689587200_n-300x225.jpg\",\"datePublished\":\"2019-08-01T13:54:08+00:00\",\"dateModified\":\"2020-01-01T15:14:41+00:00\",\"description\":\"k\u00fc\u00e7\u00fck\u00e7ekmece evden eve nakliyat h\u0131zl\u0131 ve g\u00fcvenilir ta\u015f\u0131ma hizmeti veriyoruz. 0532 566 86 65 bir telefon kadar yak\u0131n\u0131z 7\\\/24 saat ula\u015fabilirsiniz ..\",\"breadcrumb\":{\"@id\":\"http:\\\/\\\/www.tugrulevdenevenakliyat.com\\\/index.php\\\/kucukcekmece-evden-eve-nakliyat\\\/#breadcrumb\"},\"inLanguage\":\"tr\",\"potentialAction\":[{\"@type\":\"ReadAction\",\"target\":[\"http:\\\/\\\/www.tugrulevdenevenakliyat.com\\\/index.php\\\/kucukcekmece-evden-eve-nakliyat\\\/\"]}]},{\"@type\":\"ImageObject\",\"inLanguage\":\"tr\",\"@id\":\"http:\\\/\\\/www.tugrulevdenevenakliyat.com\\\/index.php\\\/kucukcekmece-evden-eve-nakliyat\\\/#primaryimage\",\"url\":\"https:\\\/\\\/www.tugrulevdenevenakliyat.com\\\/wp-content\\\/uploads\\\/2019\\\/10\\\/70618755_523347428491428_6268596358689587200_n.jpg\",\"contentUrl\":\"https:\\\/\\\/www.tugrulevdenevenakliyat.com\\\/wp-content\\\/uploads\\\/2019\\\/10\\\/70618755_523347428491428_6268596358689587200_n.jpg\",\"width\":960,\"height\":720,\"caption\":\"k\u00fc\u00e7\u00fck\u00e7ekmece evden eve nakliyat\"},{\"@type\":\"BreadcrumbList\",\"@id\":\"http:\\\/\\\/www.tugrulevdenevenakliyat.com\\\/index.php\\\/kucukcekmece-evden-eve-nakliyat\\\/#breadcrumb\",\"itemListElement\":[{\"@type\":\"ListItem\",\"position\":1,\"name\":\"Ana sayfa\",\"item\":\"http:\\\/\\\/www.tugrulevdenevenakliyat.com\\\/\"},{\"@type\":\"ListItem\",\"position\":2,\"name\":\"K\u00dc\u00c7\u00dcK\u00c7EKMECE EVDEN EVE NAKL\u0130YAT\"}]},{\"@type\":\"WebSite\",\"@id\":\"http:\\\/\\\/www.tugrulevdenevenakliyat.com\\\/#website\",\"url\":\"http:\\\/\\\/www.tugrulevdenevenakliyat.com\\\/\",\"name\":\"http:\\\/\\\/www.tugrulevdenevenakliyat.com\\\/\",\"description\":\"t&uuml;rkiye geneline evden eve nakliyat\",\"publisher\":{\"@id\":\"http:\\\/\\\/www.tugrulevdenevenakliyat.com\\\/#organization\"},\"potentialAction\":[{\"@type\":\"SearchAction\",\"target\":{\"@type\":\"EntryPoint\",\"urlTemplate\":\"http:\\\/\\\/www.tugrulevdenevenakliyat.com\\\/?s={search_term_string}\"},\"query-input\":{\"@type\":\"PropertyValueSpecification\",\"valueRequired\":true,\"valueName\":\"search_term_string\"}}],\"inLanguage\":\"tr\"},{\"@type\":\"Organization\",\"@id\":\"http:\\\/\\\/www.tugrulevdenevenakliyat.com\\\/#organization\",\"name\":\"tu\u011frulcan bak\u0131rc\u0131\",\"url\":\"http:\\\/\\\/www.tugrulevdenevenakliyat.com\\\/\",\"logo\":{\"@type\":\"ImageObject\",\"inLanguage\":\"tr\",\"@id\":\"http:\\\/\\\/www.tugrulevdenevenakliyat.com\\\/#\\\/schema\\\/logo\\\/image\\\/\",\"url\":\"http:\\\/\\\/www.tugrulevdenevenakliyat.com\\\/wp-content\\\/uploads\\\/2019\\\/12\\\/45249907_1056901127822562_5718244570844626944_n.jpg\",\"contentUrl\":\"http:\\\/\\\/www.tugrulevdenevenakliyat.com\\\/wp-content\\\/uploads\\\/2019\\\/12\\\/45249907_1056901127822562_5718244570844626944_n.jpg\",\"width\":720,\"height\":960,\"caption\":\"tu\u011frulcan bak\u0131rc\u0131\"},\"image\":{\"@id\":\"http:\\\/\\\/www.tugrulevdenevenakliyat.com\\\/#\\\/schema\\\/logo\\\/image\\\/\"},\"sameAs\":[\"https:\\\/\\\/www.facebook.com\\\/tugrul.can.39589149\",\"https:\\\/\\\/x.com\\\/TURGUT16176391\",\"https:\\\/\\\/intagram.com\\\/tugrulnakliyatt\",\"https:\\\/\\\/www.linkedin.com\\\/in\\\/salim-bakirci-9b838915b\\\/\",\"https:\\\/\\\/tr.pinterest.com\\\/bakrcturgut\\\/pins\\\/\"]}]}<\/script>\n<!-- \/ Yoast SEO plugin. -->","yoast_head_json":{"title":"K\u00dc\u00c7\u00dcK\u00c7EKMECE EVDEN EVE NAKL\u0130YAT - Tu\u011frul Nakliyat","description":"k\u00fc\u00e7\u00fck\u00e7ekmece evden eve nakliyat h\u0131zl\u0131 ve g\u00fcvenilir ta\u015f\u0131ma hizmeti veriyoruz. 0532 566 86 65 bir telefon kadar yak\u0131n\u0131z 7\/24 saat ula\u015fabilirsiniz ..","robots":{"index":"index","follow":"follow","max-snippet":"max-snippet:-1","max-image-preview":"max-image-preview:large","max-video-preview":"max-video-preview:-1"},"canonical":"http:\/\/www.tugrulevdenevenakliyat.com\/index.php\/kucukcekmece-evden-eve-nakliyat\/","og_locale":"tr_TR","og_type":"article","og_title":"K\u00dc\u00c7\u00dcK\u00c7EKMECE EVDEN EVE NAKL\u0130YAT - Tu\u011frul Nakliyat","og_description":"k\u00fc\u00e7\u00fck\u00e7ekmece evden eve nakliyat h\u0131zl\u0131 ve g\u00fcvenilir ta\u015f\u0131ma hizmeti veriyoruz. 0532 566 86 65 bir telefon kadar yak\u0131n\u0131z 7\/24 saat ula\u015fabilirsiniz ..","og_url":"http:\/\/www.tugrulevdenevenakliyat.com\/index.php\/kucukcekmece-evden-eve-nakliyat\/","og_site_name":"Tu\u011frul Nakliyat","article_publisher":"https:\/\/www.facebook.com\/tugrul.can.39589149","article_modified_time":"2020-01-01T15:14:41+00:00","og_image":[{"url":"http:\/\/www.tugrulevdenevenakliyat.com\/wp-content\/uploads\/2019\/10\/70618755_523347428491428_6268596358689587200_n-300x225.jpg","type":"","width":"","height":""}],"twitter_card":"summary_large_image","twitter_site":"@TURGUT16176391","twitter_misc":{"Tahmini okuma s\u00fcresi":"3 dakika"},"schema":{"@context":"https:\/\/schema.org","@graph":[{"@type":"WebPage","@id":"http:\/\/www.tugrulevdenevenakliyat.com\/index.php\/kucukcekmece-evden-eve-nakliyat\/","url":"http:\/\/www.tugrulevdenevenakliyat.com\/index.php\/kucukcekmece-evden-eve-nakliyat\/","name":"K\u00dc\u00c7\u00dcK\u00c7EKMECE EVDEN EVE NAKL\u0130YAT - Tu\u011frul Nakliyat","isPartOf":{"@id":"http:\/\/www.tugrulevdenevenakliyat.com\/#website"},"primaryImageOfPage":{"@id":"http:\/\/www.tugrulevdenevenakliyat.com\/index.php\/kucukcekmece-evden-eve-nakliyat\/#primaryimage"},"image":{"@id":"http:\/\/www.tugrulevdenevenakliyat.com\/index.php\/kucukcekmece-evden-eve-nakliyat\/#primaryimage"},"thumbnailUrl":"http:\/\/www.tugrulevdenevenakliyat.com\/wp-content\/uploads\/2019\/10\/70618755_523347428491428_6268596358689587200_n-300x225.jpg","datePublished":"2019-08-01T13:54:08+00:00","dateModified":"2020-01-01T15:14:41+00:00","description":"k\u00fc\u00e7\u00fck\u00e7ekmece evden eve nakliyat h\u0131zl\u0131 ve g\u00fcvenilir ta\u015f\u0131ma hizmeti veriyoruz. 0532 566 86 65 bir telefon kadar yak\u0131n\u0131z 7\/24 saat ula\u015fabilirsiniz ..","breadcrumb":{"@id":"http:\/\/www.tugrulevdenevenakliyat.com\/index.php\/kucukcekmece-evden-eve-nakliyat\/#breadcrumb"},"inLanguage":"tr","potentialAction":[{"@type":"ReadAction","target":["http:\/\/www.tugrulevdenevenakliyat.com\/index.php\/kucukcekmece-evden-eve-nakliyat\/"]}]},{"@type":"ImageObject","inLanguage":"tr","@id":"http:\/\/www.tugrulevdenevenakliyat.com\/index.php\/kucukcekmece-evden-eve-nakliyat\/#primaryimage","url":"https:\/\/www.tugrulevdenevenakliyat.com\/wp-content\/uploads\/2019\/10\/70618755_523347428491428_6268596358689587200_n.jpg","contentUrl":"https:\/\/www.tugrulevdenevenakliyat.com\/wp-content\/uploads\/2019\/10\/70618755_523347428491428_6268596358689587200_n.jpg","width":960,"height":720,"caption":"k\u00fc\u00e7\u00fck\u00e7ekmece evden eve nakliyat"},{"@type":"BreadcrumbList","@id":"http:\/\/www.tugrulevdenevenakliyat.com\/index.php\/kucukcekmece-evden-eve-nakliyat\/#breadcrumb","itemListElement":[{"@type":"ListItem","position":1,"name":"Ana sayfa","item":"http:\/\/www.tugrulevdenevenakliyat.com\/"},{"@type":"ListItem","position":2,"name":"K\u00dc\u00c7\u00dcK\u00c7EKMECE EVDEN EVE NAKL\u0130YAT"}]},{"@type":"WebSite","@id":"http:\/\/www.tugrulevdenevenakliyat.com\/#website","url":"http:\/\/www.tugrulevdenevenakliyat.com\/","name":"http:\/\/www.tugrulevdenevenakliyat.com\/","description":"t&uuml;rkiye geneline evden eve nakliyat","publisher":{"@id":"http:\/\/www.tugrulevdenevenakliyat.com\/#organization"},"potentialAction":[{"@type":"SearchAction","target":{"@type":"EntryPoint","urlTemplate":"http:\/\/www.tugrulevdenevenakliyat.com\/?s={search_term_string}"},"query-input":{"@type":"PropertyValueSpecification","valueRequired":true,"valueName":"search_term_string"}}],"inLanguage":"tr"},{"@type":"Organization","@id":"http:\/\/www.tugrulevdenevenakliyat.com\/#organization","name":"tu\u011frulcan bak\u0131rc\u0131","url":"http:\/\/www.tugrulevdenevenakliyat.com\/","logo":{"@type":"ImageObject","inLanguage":"tr","@id":"http:\/\/www.tugrulevdenevenakliyat.com\/#\/schema\/logo\/image\/","url":"http:\/\/www.tugrulevdenevenakliyat.com\/wp-content\/uploads\/2019\/12\/45249907_1056901127822562_5718244570844626944_n.jpg","contentUrl":"http:\/\/www.tugrulevdenevenakliyat.com\/wp-content\/uploads\/2019\/12\/45249907_1056901127822562_5718244570844626944_n.jpg","width":720,"height":960,"caption":"tu\u011frulcan bak\u0131rc\u0131"},"image":{"@id":"http:\/\/www.tugrulevdenevenakliyat.com\/#\/schema\/logo\/image\/"},"sameAs":["https:\/\/www.facebook.com\/tugrul.can.39589149","https:\/\/x.com\/TURGUT16176391","https:\/\/intagram.com\/tugrulnakliyatt","https:\/\/www.linkedin.com\/in\/salim-bakirci-9b838915b\/","https:\/\/tr.pinterest.com\/bakrcturgut\/pins\/"]}]}},"_links":{"self":[{"href":"https:\/\/www.tugrulevdenevenakliyat.com\/index.php\/wp-json\/wp\/v2\/pages\/226","targetHints":{"allow":["GET"]}}],"collection":[{"href":"https:\/\/www.tugrulevdenevenakliyat.com\/index.php\/wp-json\/wp\/v2\/pages"}],"about":[{"href":"https:\/\/www.tugrulevdenevenakliyat.com\/index.php\/wp-json\/wp\/v2\/types\/page"}],"author":[{"embeddable":true,"href":"https:\/\/www.tugrulevdenevenakliyat.com\/index.php\/wp-json\/wp\/v2\/users\/1"}],"replies":[{"embeddable":true,"href":"https:\/\/www.tugrulevdenevenakliyat.com\/index.php\/wp-json\/wp\/v2\/comments?post=226"}],"version-history":[{"count":4,"href":"https:\/\/www.tugrulevdenevenakliyat.com\/index.php\/wp-json\/wp\/v2\/pages\/226\/revisions"}],"predecessor-version":[{"id":680,"href":"https:\/\/www.tugrulevdenevenakliyat.com\/index.php\/wp-json\/wp\/v2\/pages\/226\/revisions\/680"}],"wp:attachment":[{"href":"https:\/\/www.tugrulevdenevenakliyat.com\/index.php\/wp-json\/wp\/v2\/media?parent=226"}],"curies":[{"name":"wp","href":"https:\/\/api.w.org\/{rel}","templated":true}]}}