{"id":231,"date":"2019-08-01T15:20:42","date_gmt":"2019-08-01T15:20:42","guid":{"rendered":"http:\/\/www.tugrulevdenevenakliyat.com\/?page_id=231"},"modified":"2019-12-05T18:16:15","modified_gmt":"2019-12-05T18:16:15","slug":"gaziosmanpasa-nakliyat","status":"publish","type":"page","link":"https:\/\/www.tugrulevdenevenakliyat.com\/index.php\/gaziosmanpasa-nakliyat\/","title":{"rendered":"Gaziosmanpa\u015fa Evden Eve Nakliyat"},"content":{"rendered":"\r\n<h1 style=\"text-align: center;\"><strong>Gaziosmanpa\u015fa Evden Eve Nakliyat<\/strong><\/h1>\r\n<p style=\"text-align: center;\">gaziosmanpa\u015fa nakliyat<\/p>\r\n<div style=\"text-align: center;\">M\u00fc\u015fteri memnuniyetinden sorumluluk ta\u015f\u0131d\u0131m\u0131z i\u00e7in bu i\u015fi ge\u00e7i\u00e7i de\u011fil kal\u0131c\u0131 d\u00fc\u015f\u00fcnd\u00fcm\u00fcz i\u00e7in verdimiz s\u00f6z konu\u015fdugumuz kelimeyi yeride gedirmekden memnunuz\u00a0<\/div>\r\n<div style=\"text-align: center;\">m\u00fc\u015fterilerimizle s\u00f6zle\u015fme yap\u0131p konu\u015fdugumuz saatde ve yap\u0131lan i\u015f\u00e7ilik hakk\u0131nda \u00f6n bilgi verip mobilya ve koltuk tak\u0131m\u0131 , yatak odas\u0131n\u0131 ,cocuk odan\u0131z\u0131, yemek odan\u0131z\u0131 ve duvar \u00fcnitesi fortmanto s\u00f6k\u00fcp ampalaj\u0131 yap\u0131l\u0131r beyaz e\u015fyalar\u0131n\u0131z\u0131da s\u00f6k\u00fcp ambalaj\u0131n\u0131z\u0131da yap\u0131p gideceyi yere g\u00f6t\u00fcr\u00fcp ta\u015f\u0131p montaj\u0131n\u0131 yap\u0131p tertemiz bir \u015fekilde yap\u0131p siz de\u011ferli m\u00fc\u015fterilerimize teslim etmekdir.<\/div>\r\n<div style=\"text-align: center;\">\u00a0<\/div>\r\n<div style=\"text-align: center;\">Nakliye mobilya montaj \u015fehir i\u00e7i ve \u015fehirler aras\u0131 nakliye montaj garantili sigortal\u0131 ta\u015f\u0131mac\u0131l\u0131k m\u00fc\u015fteri memnuniyeti \u00f6n planda olup siz sayg\u0131 de\u011fer m\u00fc\u015fterilerimizin hizmetindeyiz kaliteli asla tesad\u00fcf de\u011fildir.H\u0130ZMETLER\u0130M\u0130ZDE SINIR YOK<\/div>\r\n<div style=\"text-align: center;\">Hizmetlerinde,m\u00fc\u015fterilerimize y\u00fcksek kalite ile g\u00fcvenli ve h\u0131zl\u0131 hizmet verebilmek i\u00e7in \u00e7al\u0131\u015f\u0131yoruz..<\/div>\r\n\r\n\r\n\r\n<figure class=\"wp-block-image is-resized\"><img loading=\"lazy\" decoding=\"async\" class=\"wp-image-442 aligncenter\" src=\"http:\/\/www.tugrulevdenevenakliyat.com\/wp-content\/uploads\/2019\/10\/70741881_523347345158103_5604488990460739584_n.jpg\" alt=\"\" width=\"188\" height=\"141\" srcset=\"https:\/\/www.tugrulevdenevenakliyat.com\/wp-content\/uploads\/2019\/10\/70741881_523347345158103_5604488990460739584_n.jpg 960w, https:\/\/www.tugrulevdenevenakliyat.com\/wp-content\/uploads\/2019\/10\/70741881_523347345158103_5604488990460739584_n-300x225.jpg 300w, https:\/\/www.tugrulevdenevenakliyat.com\/wp-content\/uploads\/2019\/10\/70741881_523347345158103_5604488990460739584_n-768x576.jpg 768w\" sizes=\"auto, (max-width: 188px) 100vw, 188px\" \/>\r\n\r\n<\/figure>\r\n\r\n\r\n\r\n<p style=\"text-align: center;\">Ba\u011flarba\u015f\u0131 evden eve nakliyat-Ba\u011flarba\u015fi TU\u011eRUL nakliyat-Ba\u011flarpa\u015fi nakliyat-Ba\u011flarba\u015fi Ta\u015f\u0131mac\u0131l\u0131k-Ba\u011flarba\u015fi Nakliyat-Ba\u011flarba\u015fi nakliyat firmasi Barbaros evden eve nakliyat-Barbaros nakliyat-Barbaros ta\u015f\u0131mac\u0131l\u0131k<\/p>\r\n\r\n\r\n\r\n<p style=\"text-align: center;\">Fevzi evden eve nakliyat-Feyzi Nakliyat-Feyzi Ta\u015f\u0131mac\u0131l\u0131k-Feyzi Ta\u015f\u0131tt\u0131r H\u00fcrriyet evden eve nakliyat-ta\u015f\u0131mac\u0131l\u0131k Tu\u011frul nakliyat<\/p>\r\n\r\n\r\n\r\n<h2 style=\"text-align: center;\"><strong>EVDEN EVE NAKL\u0130YAT GAZ\u0130OSMANPA\u015eA\u00a0<\/strong><\/h2>\r\n<p style=\"text-align: center;\"><a href=\"http:\/\/www.tugrulevdenevenakliyat.com\">Karadeniz Evden eve nakliyat<\/a> -Karadeniz nakliyat-Karadeniz nakliye yapanlar -Karadeniz Ta\u015f\u0131mac\u0131l\u0131k-Karadeniz nakliye sitesi- Karadeniz Ta\u015f\u0131tt\u0131r -Karadeniz evden eve fiyatlar\u0131-Karadeniz Nakliyeci-Karadeniz hizmeti-Karadeniz \u015fehirler aras\u0131 nakliyat Karl\u0131tepe Evden Eve Nakliyat-Kaz\u0131m Evden Eve Nakliyat Merkez evden eve nakliyat-merkez \u015fehirler aras\u0131 nakliyat Mevlana evden eve nakliyat-ta\u015f\u0131mac\u0131l\u0131k Yazl\u0131k ta\u015f\u0131mac\u0131l\u0131k pazari\u00e7i evden eve nakliyat Sar\u0131g\u00f6l evden eve nakliyat \u015eemsipa\u015fa evden eve nakliyat Yeni evden eve nakliyat Yenido\u011fan evden eve nakliyat- Yenido\u011fan nakliyat-Yenido\u011fan Ta\u015f\u0131mac\u0131l\u0131k-<\/p>\r\n","protected":false},"excerpt":{"rendered":"<p>Gaziosmanpa\u015fa Evden Eve Nakliyat gaziosmanpa\u015fa nakliyat M\u00fc\u015fteri memnuniyetinden sorumluluk ta\u015f\u0131d\u0131m\u0131z i\u00e7in bu i\u015fi ge\u00e7i\u00e7i de\u011fil kal\u0131c\u0131 d\u00fc\u015f\u00fcnd\u00fcm\u00fcz i\u00e7in verdimiz s\u00f6z konu\u015fdugumuz kelimeyi yeride gedirmekden memnunuz\u00a0 m\u00fc\u015fterilerimizle s\u00f6zle\u015fme yap\u0131p konu\u015fdugumuz saatde ve yap\u0131lan i\u015f\u00e7ilik hakk\u0131nda \u00f6n bilgi verip mobilya ve koltuk tak\u0131m\u0131 , yatak odas\u0131n\u0131 ,cocuk odan\u0131z\u0131, yemek odan\u0131z\u0131 ve duvar \u00fcnitesi fortmanto s\u00f6k\u00fcp ampalaj\u0131 yap\u0131l\u0131r&hellip; <br \/> <a class=\"read-more\" href=\"https:\/\/www.tugrulevdenevenakliyat.com\/index.php\/gaziosmanpasa-nakliyat\/\">Devam\u0131<\/a><\/p>\n","protected":false},"author":1,"featured_media":0,"parent":0,"menu_order":0,"comment_status":"closed","ping_status":"closed","template":"","meta":{"_bbp_topic_count":0,"_bbp_reply_count":0,"_bbp_total_topic_count":0,"_bbp_total_reply_count":0,"_bbp_voice_count":0,"_bbp_anonymous_reply_count":0,"_bbp_topic_count_hidden":0,"_bbp_reply_count_hidden":0,"_bbp_forum_subforum_count":0,"footnotes":""},"class_list":["post-231","page","type-page","status-publish","hentry"],"yoast_head":"<!-- This site is optimized with the Yoast SEO plugin v27.3 - https:\/\/yoast.com\/product\/yoast-seo-wordpress\/ -->\n<title>Gaziosmanpa\u015fa Evden Eve Nakliyat - Tu\u011frul Nakliyat<\/title>\n<meta name=\"description\" content=\"Gaziosmanpa\u015fa evden eve nakliyat Tu\u011frul Nakliyat 1982 y\u0131l\u0131ndan beri hizmet sunmaktay\u0131z.\u015eehir i\u00e7i ve \u015fehirler aras\u0131 ve g\u00fcvenli, ta\u015f\u0131ma yapmaya devam ediyoruz\" \/>\n<meta name=\"robots\" content=\"index, follow, max-snippet:-1, max-image-preview:large, max-video-preview:-1\" \/>\n<link rel=\"canonical\" href=\"http:\/\/www.tugrulevdenevenakliyat.com\/index.php\/gaziosmanpasa-nakliyat\/\" \/>\n<meta property=\"og:locale\" content=\"tr_TR\" \/>\n<meta property=\"og:type\" content=\"article\" \/>\n<meta property=\"og:title\" content=\"Gaziosmanpa\u015fa Evden Eve Nakliyat - Tu\u011frul Nakliyat\" \/>\n<meta property=\"og:description\" content=\"Gaziosmanpa\u015fa evden eve nakliyat Tu\u011frul Nakliyat 1982 y\u0131l\u0131ndan beri hizmet sunmaktay\u0131z.\u015eehir i\u00e7i ve \u015fehirler aras\u0131 ve g\u00fcvenli, ta\u015f\u0131ma yapmaya devam ediyoruz\" \/>\n<meta property=\"og:url\" content=\"http:\/\/www.tugrulevdenevenakliyat.com\/index.php\/gaziosmanpasa-nakliyat\/\" \/>\n<meta property=\"og:site_name\" content=\"Tu\u011frul Nakliyat\" \/>\n<meta property=\"article:publisher\" content=\"https:\/\/www.facebook.com\/tugrul.can.39589149\" \/>\n<meta property=\"article:modified_time\" content=\"2019-12-05T18:16:15+00:00\" \/>\n<meta property=\"og:image\" content=\"http:\/\/www.tugrulevdenevenakliyat.com\/wp-content\/uploads\/2019\/10\/70741881_523347345158103_5604488990460739584_n.jpg\" \/>\n<meta name=\"twitter:card\" content=\"summary_large_image\" \/>\n<meta name=\"twitter:site\" content=\"@TURGUT16176391\" \/>\n<meta name=\"twitter:label1\" content=\"Tahmini okuma s\u00fcresi\" \/>\n\t<meta name=\"twitter:data1\" content=\"2 dakika\" \/>\n<script type=\"application\/ld+json\" class=\"yoast-schema-graph\">{\"@context\":\"https:\\\/\\\/schema.org\",\"@graph\":[{\"@type\":\"WebPage\",\"@id\":\"http:\\\/\\\/www.tugrulevdenevenakliyat.com\\\/index.php\\\/gaziosmanpasa-nakliyat\\\/\",\"url\":\"http:\\\/\\\/www.tugrulevdenevenakliyat.com\\\/index.php\\\/gaziosmanpasa-nakliyat\\\/\",\"name\":\"Gaziosmanpa\u015fa Evden Eve Nakliyat - Tu\u011frul Nakliyat\",\"isPartOf\":{\"@id\":\"http:\\\/\\\/www.tugrulevdenevenakliyat.com\\\/#website\"},\"primaryImageOfPage\":{\"@id\":\"http:\\\/\\\/www.tugrulevdenevenakliyat.com\\\/index.php\\\/gaziosmanpasa-nakliyat\\\/#primaryimage\"},\"image\":{\"@id\":\"http:\\\/\\\/www.tugrulevdenevenakliyat.com\\\/index.php\\\/gaziosmanpasa-nakliyat\\\/#primaryimage\"},\"thumbnailUrl\":\"http:\\\/\\\/www.tugrulevdenevenakliyat.com\\\/wp-content\\\/uploads\\\/2019\\\/10\\\/70741881_523347345158103_5604488990460739584_n.jpg\",\"datePublished\":\"2019-08-01T15:20:42+00:00\",\"dateModified\":\"2019-12-05T18:16:15+00:00\",\"description\":\"Gaziosmanpa\u015fa evden eve nakliyat Tu\u011frul Nakliyat 1982 y\u0131l\u0131ndan beri hizmet sunmaktay\u0131z.\u015eehir i\u00e7i ve \u015fehirler aras\u0131 ve g\u00fcvenli, ta\u015f\u0131ma yapmaya devam ediyoruz\",\"breadcrumb\":{\"@id\":\"http:\\\/\\\/www.tugrulevdenevenakliyat.com\\\/index.php\\\/gaziosmanpasa-nakliyat\\\/#breadcrumb\"},\"inLanguage\":\"tr\",\"potentialAction\":[{\"@type\":\"ReadAction\",\"target\":[\"http:\\\/\\\/www.tugrulevdenevenakliyat.com\\\/index.php\\\/gaziosmanpasa-nakliyat\\\/\"]}]},{\"@type\":\"ImageObject\",\"inLanguage\":\"tr\",\"@id\":\"http:\\\/\\\/www.tugrulevdenevenakliyat.com\\\/index.php\\\/gaziosmanpasa-nakliyat\\\/#primaryimage\",\"url\":\"https:\\\/\\\/www.tugrulevdenevenakliyat.com\\\/wp-content\\\/uploads\\\/2019\\\/10\\\/70741881_523347345158103_5604488990460739584_n.jpg\",\"contentUrl\":\"https:\\\/\\\/www.tugrulevdenevenakliyat.com\\\/wp-content\\\/uploads\\\/2019\\\/10\\\/70741881_523347345158103_5604488990460739584_n.jpg\",\"width\":960,\"height\":720},{\"@type\":\"BreadcrumbList\",\"@id\":\"http:\\\/\\\/www.tugrulevdenevenakliyat.com\\\/index.php\\\/gaziosmanpasa-nakliyat\\\/#breadcrumb\",\"itemListElement\":[{\"@type\":\"ListItem\",\"position\":1,\"name\":\"Ana sayfa\",\"item\":\"http:\\\/\\\/www.tugrulevdenevenakliyat.com\\\/\"},{\"@type\":\"ListItem\",\"position\":2,\"name\":\"Gaziosmanpa\u015fa Evden Eve Nakliyat\"}]},{\"@type\":\"WebSite\",\"@id\":\"http:\\\/\\\/www.tugrulevdenevenakliyat.com\\\/#website\",\"url\":\"http:\\\/\\\/www.tugrulevdenevenakliyat.com\\\/\",\"name\":\"http:\\\/\\\/www.tugrulevdenevenakliyat.com\\\/\",\"description\":\"t&uuml;rkiye geneline evden eve nakliyat\",\"publisher\":{\"@id\":\"http:\\\/\\\/www.tugrulevdenevenakliyat.com\\\/#organization\"},\"potentialAction\":[{\"@type\":\"SearchAction\",\"target\":{\"@type\":\"EntryPoint\",\"urlTemplate\":\"http:\\\/\\\/www.tugrulevdenevenakliyat.com\\\/?s={search_term_string}\"},\"query-input\":{\"@type\":\"PropertyValueSpecification\",\"valueRequired\":true,\"valueName\":\"search_term_string\"}}],\"inLanguage\":\"tr\"},{\"@type\":\"Organization\",\"@id\":\"http:\\\/\\\/www.tugrulevdenevenakliyat.com\\\/#organization\",\"name\":\"tu\u011frulcan bak\u0131rc\u0131\",\"url\":\"http:\\\/\\\/www.tugrulevdenevenakliyat.com\\\/\",\"logo\":{\"@type\":\"ImageObject\",\"inLanguage\":\"tr\",\"@id\":\"http:\\\/\\\/www.tugrulevdenevenakliyat.com\\\/#\\\/schema\\\/logo\\\/image\\\/\",\"url\":\"http:\\\/\\\/www.tugrulevdenevenakliyat.com\\\/wp-content\\\/uploads\\\/2019\\\/12\\\/45249907_1056901127822562_5718244570844626944_n.jpg\",\"contentUrl\":\"http:\\\/\\\/www.tugrulevdenevenakliyat.com\\\/wp-content\\\/uploads\\\/2019\\\/12\\\/45249907_1056901127822562_5718244570844626944_n.jpg\",\"width\":720,\"height\":960,\"caption\":\"tu\u011frulcan bak\u0131rc\u0131\"},\"image\":{\"@id\":\"http:\\\/\\\/www.tugrulevdenevenakliyat.com\\\/#\\\/schema\\\/logo\\\/image\\\/\"},\"sameAs\":[\"https:\\\/\\\/www.facebook.com\\\/tugrul.can.39589149\",\"https:\\\/\\\/x.com\\\/TURGUT16176391\",\"https:\\\/\\\/intagram.com\\\/tugrulnakliyatt\",\"https:\\\/\\\/www.linkedin.com\\\/in\\\/salim-bakirci-9b838915b\\\/\",\"https:\\\/\\\/tr.pinterest.com\\\/bakrcturgut\\\/pins\\\/\"]}]}<\/script>\n<!-- \/ Yoast SEO plugin. -->","yoast_head_json":{"title":"Gaziosmanpa\u015fa Evden Eve Nakliyat - Tu\u011frul Nakliyat","description":"Gaziosmanpa\u015fa evden eve nakliyat Tu\u011frul Nakliyat 1982 y\u0131l\u0131ndan beri hizmet sunmaktay\u0131z.\u015eehir i\u00e7i ve \u015fehirler aras\u0131 ve g\u00fcvenli, ta\u015f\u0131ma yapmaya devam ediyoruz","robots":{"index":"index","follow":"follow","max-snippet":"max-snippet:-1","max-image-preview":"max-image-preview:large","max-video-preview":"max-video-preview:-1"},"canonical":"http:\/\/www.tugrulevdenevenakliyat.com\/index.php\/gaziosmanpasa-nakliyat\/","og_locale":"tr_TR","og_type":"article","og_title":"Gaziosmanpa\u015fa Evden Eve Nakliyat - Tu\u011frul Nakliyat","og_description":"Gaziosmanpa\u015fa evden eve nakliyat Tu\u011frul Nakliyat 1982 y\u0131l\u0131ndan beri hizmet sunmaktay\u0131z.\u015eehir i\u00e7i ve \u015fehirler aras\u0131 ve g\u00fcvenli, ta\u015f\u0131ma yapmaya devam ediyoruz","og_url":"http:\/\/www.tugrulevdenevenakliyat.com\/index.php\/gaziosmanpasa-nakliyat\/","og_site_name":"Tu\u011frul Nakliyat","article_publisher":"https:\/\/www.facebook.com\/tugrul.can.39589149","article_modified_time":"2019-12-05T18:16:15+00:00","og_image":[{"url":"http:\/\/www.tugrulevdenevenakliyat.com\/wp-content\/uploads\/2019\/10\/70741881_523347345158103_5604488990460739584_n.jpg","type":"","width":"","height":""}],"twitter_card":"summary_large_image","twitter_site":"@TURGUT16176391","twitter_misc":{"Tahmini okuma s\u00fcresi":"2 dakika"},"schema":{"@context":"https:\/\/schema.org","@graph":[{"@type":"WebPage","@id":"http:\/\/www.tugrulevdenevenakliyat.com\/index.php\/gaziosmanpasa-nakliyat\/","url":"http:\/\/www.tugrulevdenevenakliyat.com\/index.php\/gaziosmanpasa-nakliyat\/","name":"Gaziosmanpa\u015fa Evden Eve Nakliyat - Tu\u011frul Nakliyat","isPartOf":{"@id":"http:\/\/www.tugrulevdenevenakliyat.com\/#website"},"primaryImageOfPage":{"@id":"http:\/\/www.tugrulevdenevenakliyat.com\/index.php\/gaziosmanpasa-nakliyat\/#primaryimage"},"image":{"@id":"http:\/\/www.tugrulevdenevenakliyat.com\/index.php\/gaziosmanpasa-nakliyat\/#primaryimage"},"thumbnailUrl":"http:\/\/www.tugrulevdenevenakliyat.com\/wp-content\/uploads\/2019\/10\/70741881_523347345158103_5604488990460739584_n.jpg","datePublished":"2019-08-01T15:20:42+00:00","dateModified":"2019-12-05T18:16:15+00:00","description":"Gaziosmanpa\u015fa evden eve nakliyat Tu\u011frul Nakliyat 1982 y\u0131l\u0131ndan beri hizmet sunmaktay\u0131z.\u015eehir i\u00e7i ve \u015fehirler aras\u0131 ve g\u00fcvenli, ta\u015f\u0131ma yapmaya devam ediyoruz","breadcrumb":{"@id":"http:\/\/www.tugrulevdenevenakliyat.com\/index.php\/gaziosmanpasa-nakliyat\/#breadcrumb"},"inLanguage":"tr","potentialAction":[{"@type":"ReadAction","target":["http:\/\/www.tugrulevdenevenakliyat.com\/index.php\/gaziosmanpasa-nakliyat\/"]}]},{"@type":"ImageObject","inLanguage":"tr","@id":"http:\/\/www.tugrulevdenevenakliyat.com\/index.php\/gaziosmanpasa-nakliyat\/#primaryimage","url":"https:\/\/www.tugrulevdenevenakliyat.com\/wp-content\/uploads\/2019\/10\/70741881_523347345158103_5604488990460739584_n.jpg","contentUrl":"https:\/\/www.tugrulevdenevenakliyat.com\/wp-content\/uploads\/2019\/10\/70741881_523347345158103_5604488990460739584_n.jpg","width":960,"height":720},{"@type":"BreadcrumbList","@id":"http:\/\/www.tugrulevdenevenakliyat.com\/index.php\/gaziosmanpasa-nakliyat\/#breadcrumb","itemListElement":[{"@type":"ListItem","position":1,"name":"Ana sayfa","item":"http:\/\/www.tugrulevdenevenakliyat.com\/"},{"@type":"ListItem","position":2,"name":"Gaziosmanpa\u015fa Evden Eve Nakliyat"}]},{"@type":"WebSite","@id":"http:\/\/www.tugrulevdenevenakliyat.com\/#website","url":"http:\/\/www.tugrulevdenevenakliyat.com\/","name":"http:\/\/www.tugrulevdenevenakliyat.com\/","description":"t&uuml;rkiye geneline evden eve nakliyat","publisher":{"@id":"http:\/\/www.tugrulevdenevenakliyat.com\/#organization"},"potentialAction":[{"@type":"SearchAction","target":{"@type":"EntryPoint","urlTemplate":"http:\/\/www.tugrulevdenevenakliyat.com\/?s={search_term_string}"},"query-input":{"@type":"PropertyValueSpecification","valueRequired":true,"valueName":"search_term_string"}}],"inLanguage":"tr"},{"@type":"Organization","@id":"http:\/\/www.tugrulevdenevenakliyat.com\/#organization","name":"tu\u011frulcan bak\u0131rc\u0131","url":"http:\/\/www.tugrulevdenevenakliyat.com\/","logo":{"@type":"ImageObject","inLanguage":"tr","@id":"http:\/\/www.tugrulevdenevenakliyat.com\/#\/schema\/logo\/image\/","url":"http:\/\/www.tugrulevdenevenakliyat.com\/wp-content\/uploads\/2019\/12\/45249907_1056901127822562_5718244570844626944_n.jpg","contentUrl":"http:\/\/www.tugrulevdenevenakliyat.com\/wp-content\/uploads\/2019\/12\/45249907_1056901127822562_5718244570844626944_n.jpg","width":720,"height":960,"caption":"tu\u011frulcan bak\u0131rc\u0131"},"image":{"@id":"http:\/\/www.tugrulevdenevenakliyat.com\/#\/schema\/logo\/image\/"},"sameAs":["https:\/\/www.facebook.com\/tugrul.can.39589149","https:\/\/x.com\/TURGUT16176391","https:\/\/intagram.com\/tugrulnakliyatt","https:\/\/www.linkedin.com\/in\/salim-bakirci-9b838915b\/","https:\/\/tr.pinterest.com\/bakrcturgut\/pins\/"]}]}},"_links":{"self":[{"href":"https:\/\/www.tugrulevdenevenakliyat.com\/index.php\/wp-json\/wp\/v2\/pages\/231","targetHints":{"allow":["GET"]}}],"collection":[{"href":"https:\/\/www.tugrulevdenevenakliyat.com\/index.php\/wp-json\/wp\/v2\/pages"}],"about":[{"href":"https:\/\/www.tugrulevdenevenakliyat.com\/index.php\/wp-json\/wp\/v2\/types\/page"}],"author":[{"embeddable":true,"href":"https:\/\/www.tugrulevdenevenakliyat.com\/index.php\/wp-json\/wp\/v2\/users\/1"}],"replies":[{"embeddable":true,"href":"https:\/\/www.tugrulevdenevenakliyat.com\/index.php\/wp-json\/wp\/v2\/comments?post=231"}],"version-history":[{"count":4,"href":"https:\/\/www.tugrulevdenevenakliyat.com\/index.php\/wp-json\/wp\/v2\/pages\/231\/revisions"}],"predecessor-version":[{"id":522,"href":"https:\/\/www.tugrulevdenevenakliyat.com\/index.php\/wp-json\/wp\/v2\/pages\/231\/revisions\/522"}],"wp:attachment":[{"href":"https:\/\/www.tugrulevdenevenakliyat.com\/index.php\/wp-json\/wp\/v2\/media?parent=231"}],"curies":[{"name":"wp","href":"https:\/\/api.w.org\/{rel}","templated":true}]}}