{"id":236,"date":"2019-08-01T15:54:56","date_gmt":"2019-08-01T15:54:56","guid":{"rendered":"http:\/\/www.tugrulevdenevenakliyat.com\/?page_id=236"},"modified":"2019-12-26T13:39:39","modified_gmt":"2019-12-26T13:39:39","slug":"uskudar-evden-eve-nakliyat","status":"publish","type":"page","link":"https:\/\/www.tugrulevdenevenakliyat.com\/index.php\/uskudar-evden-eve-nakliyat\/","title":{"rendered":"\u00dcSK\u00dcDAR  EVDEN  EVE NAKL\u0130YAT"},"content":{"rendered":"\r\n<h1 style=\"text-align: center;\">\u00fcsk\u00fcdar evden eve nakliyat<\/h1>\r\n<p style=\"text-align: center;\">\u00fcsk\u00fcdar evden eve nakliyat 0532 566 86 65<\/p>\r\n<p style=\"text-align: center;\"><a href=\"https:\/\/www.facebook.com\/evdenevetugrulnakliyat\/\">Evden Eve Nakliye<\/a> firmalar\u0131 aras\u0131nda be\u015f y\u0131ld\u0131zl\u0131 nakliyeciler aras\u0131nda yer al\u0131yoruz.<\/p>\r\n<p style=\"text-align: center;\">\u015fehirler aras\u0131 evden eve nakliye\u2018de t\u00fcm i\u015flemlere ek olarak ekstra koruma y\u00f6ntemlerimizi sizlerle bulu\u015fturuyoruz.<\/p>\r\n<p style=\"text-align: center;\">Sizde evden eve ta\u015f\u0131mac\u0131l\u0131k hizmetinden faydalanmak istiyorsan\u0131z bir telefon yard\u0131m\u0131yla bizi arayabilirsiniz. \u0130\u015flem dahilinde olanlar\u0131 \u00f6\u011frenmek ve \u00f6zel ta\u015f\u0131ma plan\u0131 yapt\u0131rmak art\u0131k \u00e7ok daha kolay. 7 \/ 24 ileti\u015fim hatt\u0131m\u0131zdan bize g\u00fcn\u00fcn her saati ula\u015fabilirsiniz.<br \/>evden eve nakliye g\u00f6revlerinizi bize emanet etti\u011finiz andan itibaren i\u00e7iniz rahat olsun. Hi\u00e7bir sorun veya olumsuz durum ya\u015fanmadan e\u015fyalar\u0131n\u0131z ta\u015f\u0131nacak. Yeni evinizde ayn\u0131 d\u00fczen i\u00e7erisinde kurulacak.<br \/>Standart evden eve nakliye \u015firketleriniz yan\u0131 s\u0131ra t\u00fcm duvar monte, avize ve stor perdelerinizin montaj\u0131 yap\u0131lmaktad\u0131r.<\/p>\r\n<h2 style=\"text-align: center;\">Evden eve \u00fcsk\u00fcdar Ta\u015f\u0131mac\u0131l\u0131k<\/h2>\r\n<div id=\"attachment_642\" style=\"width: 310px\" class=\"wp-caption aligncenter\"><img loading=\"lazy\" decoding=\"async\" aria-describedby=\"caption-attachment-642\" class=\"size-medium wp-image-642\" src=\"http:\/\/www.tugrulevdenevenakliyat.com\/wp-content\/uploads\/2019\/12\/78959299_528165881373147_9109180727743741952_n-1-300x251.jpg\" alt=\"\u00fcsk\u00fcdar evden eve nakliyat\" width=\"300\" height=\"251\" srcset=\"https:\/\/www.tugrulevdenevenakliyat.com\/wp-content\/uploads\/2019\/12\/78959299_528165881373147_9109180727743741952_n-1-300x251.jpg 300w, https:\/\/www.tugrulevdenevenakliyat.com\/wp-content\/uploads\/2019\/12\/78959299_528165881373147_9109180727743741952_n-1.jpg 720w\" sizes=\"auto, (max-width: 300px) 100vw, 300px\" \/><p id=\"caption-attachment-642\" class=\"wp-caption-text\">\u00fcsk\u00fcdar evden eve nakliyat<\/p><\/div>\r\n<p style=\"text-align: center;\">evden eve nakliye i\u015flemleriniz haftan\u0131n her g\u00fcn\u00fc ve g\u00fcn\u00fcn her saati ger\u00e7ekle\u015fmektedir. Talebinizin ard\u0131ndan \u00e7ok k\u0131sa bir s\u00fcrede ekibimizi size y\u00f6nlendirebiliriz.<\/p>\r\n<p style=\"text-align: center;\">Toplamal\u0131 \u00e7al\u0131\u015fmalarda daha \u00f6ncesinden talep olu\u015fturmam\u0131z i\u015f ilerleyi\u015fi a\u00e7\u0131s\u0131ndan faydal\u0131d\u0131r.<br \/>E\u011fer yap\u0131lacak i\u015flem toplamal\u0131 de\u011filse mutfak e\u015fyalar\u0131n\u0131z\u0131n ve di\u011fer e\u015fyalar\u0131n\u0131z\u0131 ka\u011f\u0131tlarla sar\u0131n\u0131z. T\u00fcm koli ve po\u015fetleri liste haline getirip numara veriniz.<\/p>\r\n<h3 style=\"text-align: center;\">TA\u015eIMACILIK<\/h3>\r\n<p style=\"text-align: center;\">m\u00fc\u015fterilerimizle s\u00f6zle\u015fme yap\u0131p konu\u015fdugumuz saatde ve yap\u0131lan i\u015f\u00e7ilik hakk\u0131nda \u00f6n bilgi verip mobilya ve koltuk tak\u0131m\u0131 , yatak odas\u0131n\u0131 ,cocuk odan\u0131z\u0131, yemek odan\u0131z\u0131 ve duvar \u00fcnitesi fortmanto s\u00f6k\u00fcp ampalaj\u0131 yap\u0131l\u0131r<\/p>\r\n<p style=\"text-align: center;\">beyaz e\u015fyalar\u0131n\u0131z\u0131da s\u00f6k\u00fcp ambalaj\u0131n\u0131z\u0131da yap\u0131p gideceyi yere g\u00f6t\u00fcr\u00fcp ta\u015f\u0131p montaj\u0131n\u0131 yap\u0131p tertemiz bir \u015fekilde yap\u0131p siz de\u011ferli m\u00fc\u015fterilerimize teslim etmekdir.<\/p>\r\n<div style=\"text-align: center;\">mobilya montaj \u015fehir i\u00e7i ve \u015fehirler aras\u0131 nakliye montaj garantili sigortal\u0131 ta\u015f\u0131mac\u0131l\u0131k m\u00fc\u015fteri memnuniyeti \u00f6n planda olup siz sayg\u0131 de\u011fer m\u00fc\u015fterilerimizin hizmetindeyiz kaliteli asla tesad\u00fcf de\u011fildir.<\/div>\r\n<div style=\"text-align: center;\">H\u0130ZMETLER\u0130M\u0130ZDE SINIR YOK<\/div>\r\n<div style=\"text-align: center;\">Hizmetlerinde,m\u00fc\u015fterilerimize y\u00fcksek kalite ile g\u00fcvenli ve h\u0131zl\u0131 hizmet verebilmek i\u00e7in \u00e7al\u0131\u015f\u0131yoruz.<\/div>\r\n<div>\u00a0<\/div>\r\n<p style=\"text-align: center;\">\u00d6nerileri<br \/>evden eve nakliye i\u015flemleriniz haftan\u0131n her g\u00fcn\u00fc ve g\u00fcn\u00fcn her saati ger\u00e7ekle\u015fmektedir. Talebinizin ard\u0131ndan \u00e7ok k\u0131sa bir s\u00fcrede ekibimizi size y\u00f6nlendirebiliriz.<a href=\"http:\/\/www.tugrulevdenevenakliyat.com\">evden eve nakliyat<\/a><\/p>\r\n<p style=\"text-align: center;\">Toplamal\u0131 \u00e7al\u0131\u015fmalarda daha \u00f6ncesinden talep olu\u015fturmam\u0131z i\u015f ilerleyi\u015fi a\u00e7\u0131s\u0131ndan faydal\u0131d\u0131r.<br \/>E\u011fer yap\u0131lacak i\u015flem toplamal\u0131 de\u011filse mutfak e\u015fyalar\u0131n\u0131z\u0131n ve di\u011fer e\u015fyalar\u0131n\u0131z\u0131 ka\u011f\u0131tlarla sar\u0131n\u0131z. T\u00fcm koli ve po\u015fetleri liste haline getirip numara veriniz.<\/p>\r\n\r\n\r\n\r\n<p style=\"text-align: center;\">\u00a0<\/p>\r\n<p>&nbsp;<\/p>\r\n","protected":false},"excerpt":{"rendered":"<p>\u00a0 &nbsp;<\/p>\n","protected":false},"author":1,"featured_media":0,"parent":0,"menu_order":0,"comment_status":"closed","ping_status":"closed","template":"","meta":{"_bbp_topic_count":0,"_bbp_reply_count":0,"_bbp_total_topic_count":0,"_bbp_total_reply_count":0,"_bbp_voice_count":0,"_bbp_anonymous_reply_count":0,"_bbp_topic_count_hidden":0,"_bbp_reply_count_hidden":0,"_bbp_forum_subforum_count":0,"footnotes":""},"class_list":["post-236","page","type-page","status-publish","hentry"],"yoast_head":"<!-- This site is optimized with the Yoast SEO plugin v27.5 - https:\/\/yoast.com\/product\/yoast-seo-wordpress\/ -->\n<title>\u00dcSK\u00dcDAR EVDEN EVE NAKL\u0130YAT - Tu\u011frul Nakliyat<\/title>\n<meta name=\"description\" content=\"\u00dcsk\u00fcdar Evden Eve Nakliye firmalar\u0131 aras\u0131nda be\u015f y\u0131ld\u0131zl\u0131 nakliyeciler aras\u0131nda yer al\u0131yoruz.0532 566 86 65 bizleri bu numarayla ula\u015fabilirsiniz.\" \/>\n<meta name=\"robots\" content=\"index, follow, max-snippet:-1, max-image-preview:large, max-video-preview:-1\" \/>\n<link rel=\"canonical\" href=\"http:\/\/www.tugrulevdenevenakliyat.com\/index.php\/uskudar-evden-eve-nakliyat\/\" \/>\n<meta property=\"og:locale\" content=\"tr_TR\" \/>\n<meta property=\"og:type\" content=\"article\" \/>\n<meta property=\"og:title\" content=\"\u00dcSK\u00dcDAR EVDEN EVE NAKL\u0130YAT - Tu\u011frul Nakliyat\" \/>\n<meta property=\"og:description\" content=\"\u00dcsk\u00fcdar Evden Eve Nakliye firmalar\u0131 aras\u0131nda be\u015f y\u0131ld\u0131zl\u0131 nakliyeciler aras\u0131nda yer al\u0131yoruz.0532 566 86 65 bizleri bu numarayla ula\u015fabilirsiniz.\" \/>\n<meta property=\"og:url\" content=\"http:\/\/www.tugrulevdenevenakliyat.com\/index.php\/uskudar-evden-eve-nakliyat\/\" \/>\n<meta property=\"og:site_name\" content=\"Tu\u011frul Nakliyat\" \/>\n<meta property=\"article:publisher\" content=\"https:\/\/www.facebook.com\/tugrul.can.39589149\" \/>\n<meta property=\"article:modified_time\" content=\"2019-12-26T13:39:39+00:00\" \/>\n<meta property=\"og:image\" content=\"http:\/\/www.tugrulevdenevenakliyat.com\/wp-content\/uploads\/2019\/12\/78959299_528165881373147_9109180727743741952_n-1-300x251.jpg\" \/>\n<meta name=\"twitter:card\" content=\"summary_large_image\" \/>\n<meta name=\"twitter:site\" content=\"@TURGUT16176391\" \/>\n<meta name=\"twitter:label1\" content=\"Tahmini okuma s\u00fcresi\" \/>\n\t<meta name=\"twitter:data1\" content=\"2 dakika\" \/>\n<script type=\"application\/ld+json\" class=\"yoast-schema-graph\">{\"@context\":\"https:\\\/\\\/schema.org\",\"@graph\":[{\"@type\":\"WebPage\",\"@id\":\"http:\\\/\\\/www.tugrulevdenevenakliyat.com\\\/index.php\\\/uskudar-evden-eve-nakliyat\\\/\",\"url\":\"http:\\\/\\\/www.tugrulevdenevenakliyat.com\\\/index.php\\\/uskudar-evden-eve-nakliyat\\\/\",\"name\":\"\u00dcSK\u00dcDAR EVDEN EVE NAKL\u0130YAT - Tu\u011frul Nakliyat\",\"isPartOf\":{\"@id\":\"http:\\\/\\\/www.tugrulevdenevenakliyat.com\\\/#website\"},\"primaryImageOfPage\":{\"@id\":\"http:\\\/\\\/www.tugrulevdenevenakliyat.com\\\/index.php\\\/uskudar-evden-eve-nakliyat\\\/#primaryimage\"},\"image\":{\"@id\":\"http:\\\/\\\/www.tugrulevdenevenakliyat.com\\\/index.php\\\/uskudar-evden-eve-nakliyat\\\/#primaryimage\"},\"thumbnailUrl\":\"http:\\\/\\\/www.tugrulevdenevenakliyat.com\\\/wp-content\\\/uploads\\\/2019\\\/12\\\/78959299_528165881373147_9109180727743741952_n-1-300x251.jpg\",\"datePublished\":\"2019-08-01T15:54:56+00:00\",\"dateModified\":\"2019-12-26T13:39:39+00:00\",\"description\":\"\u00dcsk\u00fcdar Evden Eve Nakliye firmalar\u0131 aras\u0131nda be\u015f y\u0131ld\u0131zl\u0131 nakliyeciler aras\u0131nda yer al\u0131yoruz.0532 566 86 65 bizleri bu numarayla ula\u015fabilirsiniz.\",\"breadcrumb\":{\"@id\":\"http:\\\/\\\/www.tugrulevdenevenakliyat.com\\\/index.php\\\/uskudar-evden-eve-nakliyat\\\/#breadcrumb\"},\"inLanguage\":\"tr\",\"potentialAction\":[{\"@type\":\"ReadAction\",\"target\":[\"http:\\\/\\\/www.tugrulevdenevenakliyat.com\\\/index.php\\\/uskudar-evden-eve-nakliyat\\\/\"]}]},{\"@type\":\"ImageObject\",\"inLanguage\":\"tr\",\"@id\":\"http:\\\/\\\/www.tugrulevdenevenakliyat.com\\\/index.php\\\/uskudar-evden-eve-nakliyat\\\/#primaryimage\",\"url\":\"https:\\\/\\\/www.tugrulevdenevenakliyat.com\\\/wp-content\\\/uploads\\\/2019\\\/12\\\/78959299_528165881373147_9109180727743741952_n-1.jpg\",\"contentUrl\":\"https:\\\/\\\/www.tugrulevdenevenakliyat.com\\\/wp-content\\\/uploads\\\/2019\\\/12\\\/78959299_528165881373147_9109180727743741952_n-1.jpg\",\"width\":720,\"height\":602,\"caption\":\"g\u00fcng\u00f6ren evden eve nakliyat\"},{\"@type\":\"BreadcrumbList\",\"@id\":\"http:\\\/\\\/www.tugrulevdenevenakliyat.com\\\/index.php\\\/uskudar-evden-eve-nakliyat\\\/#breadcrumb\",\"itemListElement\":[{\"@type\":\"ListItem\",\"position\":1,\"name\":\"Ana sayfa\",\"item\":\"https:\\\/\\\/www.tugrulevdenevenakliyat.com\\\/\"},{\"@type\":\"ListItem\",\"position\":2,\"name\":\"\u00dcSK\u00dcDAR EVDEN EVE NAKL\u0130YAT\"}]},{\"@type\":\"WebSite\",\"@id\":\"http:\\\/\\\/www.tugrulevdenevenakliyat.com\\\/#website\",\"url\":\"http:\\\/\\\/www.tugrulevdenevenakliyat.com\\\/\",\"name\":\"http:\\\/\\\/www.tugrulevdenevenakliyat.com\\\/\",\"description\":\"t&uuml;rkiye geneline evden eve nakliyat\",\"publisher\":{\"@id\":\"http:\\\/\\\/www.tugrulevdenevenakliyat.com\\\/#organization\"},\"potentialAction\":[{\"@type\":\"SearchAction\",\"target\":{\"@type\":\"EntryPoint\",\"urlTemplate\":\"http:\\\/\\\/www.tugrulevdenevenakliyat.com\\\/?s={search_term_string}\"},\"query-input\":{\"@type\":\"PropertyValueSpecification\",\"valueRequired\":true,\"valueName\":\"search_term_string\"}}],\"inLanguage\":\"tr\"},{\"@type\":\"Organization\",\"@id\":\"http:\\\/\\\/www.tugrulevdenevenakliyat.com\\\/#organization\",\"name\":\"tu\u011frulcan bak\u0131rc\u0131\",\"url\":\"http:\\\/\\\/www.tugrulevdenevenakliyat.com\\\/\",\"logo\":{\"@type\":\"ImageObject\",\"inLanguage\":\"tr\",\"@id\":\"http:\\\/\\\/www.tugrulevdenevenakliyat.com\\\/#\\\/schema\\\/logo\\\/image\\\/\",\"url\":\"http:\\\/\\\/www.tugrulevdenevenakliyat.com\\\/wp-content\\\/uploads\\\/2019\\\/12\\\/45249907_1056901127822562_5718244570844626944_n.jpg\",\"contentUrl\":\"http:\\\/\\\/www.tugrulevdenevenakliyat.com\\\/wp-content\\\/uploads\\\/2019\\\/12\\\/45249907_1056901127822562_5718244570844626944_n.jpg\",\"width\":720,\"height\":960,\"caption\":\"tu\u011frulcan bak\u0131rc\u0131\"},\"image\":{\"@id\":\"http:\\\/\\\/www.tugrulevdenevenakliyat.com\\\/#\\\/schema\\\/logo\\\/image\\\/\"},\"sameAs\":[\"https:\\\/\\\/www.facebook.com\\\/tugrul.can.39589149\",\"https:\\\/\\\/x.com\\\/TURGUT16176391\",\"https:\\\/\\\/intagram.com\\\/tugrulnakliyatt\",\"https:\\\/\\\/www.linkedin.com\\\/in\\\/salim-bakirci-9b838915b\\\/\",\"https:\\\/\\\/tr.pinterest.com\\\/bakrcturgut\\\/pins\\\/\"]}]}<\/script>\n<!-- \/ Yoast SEO plugin. -->","yoast_head_json":{"title":"\u00dcSK\u00dcDAR EVDEN EVE NAKL\u0130YAT - Tu\u011frul Nakliyat","description":"\u00dcsk\u00fcdar Evden Eve Nakliye firmalar\u0131 aras\u0131nda be\u015f y\u0131ld\u0131zl\u0131 nakliyeciler aras\u0131nda yer al\u0131yoruz.0532 566 86 65 bizleri bu numarayla ula\u015fabilirsiniz.","robots":{"index":"index","follow":"follow","max-snippet":"max-snippet:-1","max-image-preview":"max-image-preview:large","max-video-preview":"max-video-preview:-1"},"canonical":"http:\/\/www.tugrulevdenevenakliyat.com\/index.php\/uskudar-evden-eve-nakliyat\/","og_locale":"tr_TR","og_type":"article","og_title":"\u00dcSK\u00dcDAR EVDEN EVE NAKL\u0130YAT - Tu\u011frul Nakliyat","og_description":"\u00dcsk\u00fcdar Evden Eve Nakliye firmalar\u0131 aras\u0131nda be\u015f y\u0131ld\u0131zl\u0131 nakliyeciler aras\u0131nda yer al\u0131yoruz.0532 566 86 65 bizleri bu numarayla ula\u015fabilirsiniz.","og_url":"http:\/\/www.tugrulevdenevenakliyat.com\/index.php\/uskudar-evden-eve-nakliyat\/","og_site_name":"Tu\u011frul Nakliyat","article_publisher":"https:\/\/www.facebook.com\/tugrul.can.39589149","article_modified_time":"2019-12-26T13:39:39+00:00","og_image":[{"url":"http:\/\/www.tugrulevdenevenakliyat.com\/wp-content\/uploads\/2019\/12\/78959299_528165881373147_9109180727743741952_n-1-300x251.jpg","type":"","width":"","height":""}],"twitter_card":"summary_large_image","twitter_site":"@TURGUT16176391","twitter_misc":{"Tahmini okuma s\u00fcresi":"2 dakika"},"schema":{"@context":"https:\/\/schema.org","@graph":[{"@type":"WebPage","@id":"http:\/\/www.tugrulevdenevenakliyat.com\/index.php\/uskudar-evden-eve-nakliyat\/","url":"http:\/\/www.tugrulevdenevenakliyat.com\/index.php\/uskudar-evden-eve-nakliyat\/","name":"\u00dcSK\u00dcDAR EVDEN EVE NAKL\u0130YAT - Tu\u011frul Nakliyat","isPartOf":{"@id":"http:\/\/www.tugrulevdenevenakliyat.com\/#website"},"primaryImageOfPage":{"@id":"http:\/\/www.tugrulevdenevenakliyat.com\/index.php\/uskudar-evden-eve-nakliyat\/#primaryimage"},"image":{"@id":"http:\/\/www.tugrulevdenevenakliyat.com\/index.php\/uskudar-evden-eve-nakliyat\/#primaryimage"},"thumbnailUrl":"http:\/\/www.tugrulevdenevenakliyat.com\/wp-content\/uploads\/2019\/12\/78959299_528165881373147_9109180727743741952_n-1-300x251.jpg","datePublished":"2019-08-01T15:54:56+00:00","dateModified":"2019-12-26T13:39:39+00:00","description":"\u00dcsk\u00fcdar Evden Eve Nakliye firmalar\u0131 aras\u0131nda be\u015f y\u0131ld\u0131zl\u0131 nakliyeciler aras\u0131nda yer al\u0131yoruz.0532 566 86 65 bizleri bu numarayla ula\u015fabilirsiniz.","breadcrumb":{"@id":"http:\/\/www.tugrulevdenevenakliyat.com\/index.php\/uskudar-evden-eve-nakliyat\/#breadcrumb"},"inLanguage":"tr","potentialAction":[{"@type":"ReadAction","target":["http:\/\/www.tugrulevdenevenakliyat.com\/index.php\/uskudar-evden-eve-nakliyat\/"]}]},{"@type":"ImageObject","inLanguage":"tr","@id":"http:\/\/www.tugrulevdenevenakliyat.com\/index.php\/uskudar-evden-eve-nakliyat\/#primaryimage","url":"https:\/\/www.tugrulevdenevenakliyat.com\/wp-content\/uploads\/2019\/12\/78959299_528165881373147_9109180727743741952_n-1.jpg","contentUrl":"https:\/\/www.tugrulevdenevenakliyat.com\/wp-content\/uploads\/2019\/12\/78959299_528165881373147_9109180727743741952_n-1.jpg","width":720,"height":602,"caption":"g\u00fcng\u00f6ren evden eve nakliyat"},{"@type":"BreadcrumbList","@id":"http:\/\/www.tugrulevdenevenakliyat.com\/index.php\/uskudar-evden-eve-nakliyat\/#breadcrumb","itemListElement":[{"@type":"ListItem","position":1,"name":"Ana sayfa","item":"https:\/\/www.tugrulevdenevenakliyat.com\/"},{"@type":"ListItem","position":2,"name":"\u00dcSK\u00dcDAR EVDEN EVE NAKL\u0130YAT"}]},{"@type":"WebSite","@id":"http:\/\/www.tugrulevdenevenakliyat.com\/#website","url":"http:\/\/www.tugrulevdenevenakliyat.com\/","name":"http:\/\/www.tugrulevdenevenakliyat.com\/","description":"t&uuml;rkiye geneline evden eve nakliyat","publisher":{"@id":"http:\/\/www.tugrulevdenevenakliyat.com\/#organization"},"potentialAction":[{"@type":"SearchAction","target":{"@type":"EntryPoint","urlTemplate":"http:\/\/www.tugrulevdenevenakliyat.com\/?s={search_term_string}"},"query-input":{"@type":"PropertyValueSpecification","valueRequired":true,"valueName":"search_term_string"}}],"inLanguage":"tr"},{"@type":"Organization","@id":"http:\/\/www.tugrulevdenevenakliyat.com\/#organization","name":"tu\u011frulcan bak\u0131rc\u0131","url":"http:\/\/www.tugrulevdenevenakliyat.com\/","logo":{"@type":"ImageObject","inLanguage":"tr","@id":"http:\/\/www.tugrulevdenevenakliyat.com\/#\/schema\/logo\/image\/","url":"http:\/\/www.tugrulevdenevenakliyat.com\/wp-content\/uploads\/2019\/12\/45249907_1056901127822562_5718244570844626944_n.jpg","contentUrl":"http:\/\/www.tugrulevdenevenakliyat.com\/wp-content\/uploads\/2019\/12\/45249907_1056901127822562_5718244570844626944_n.jpg","width":720,"height":960,"caption":"tu\u011frulcan bak\u0131rc\u0131"},"image":{"@id":"http:\/\/www.tugrulevdenevenakliyat.com\/#\/schema\/logo\/image\/"},"sameAs":["https:\/\/www.facebook.com\/tugrul.can.39589149","https:\/\/x.com\/TURGUT16176391","https:\/\/intagram.com\/tugrulnakliyatt","https:\/\/www.linkedin.com\/in\/salim-bakirci-9b838915b\/","https:\/\/tr.pinterest.com\/bakrcturgut\/pins\/"]}]}},"_links":{"self":[{"href":"https:\/\/www.tugrulevdenevenakliyat.com\/index.php\/wp-json\/wp\/v2\/pages\/236","targetHints":{"allow":["GET"]}}],"collection":[{"href":"https:\/\/www.tugrulevdenevenakliyat.com\/index.php\/wp-json\/wp\/v2\/pages"}],"about":[{"href":"https:\/\/www.tugrulevdenevenakliyat.com\/index.php\/wp-json\/wp\/v2\/types\/page"}],"author":[{"embeddable":true,"href":"https:\/\/www.tugrulevdenevenakliyat.com\/index.php\/wp-json\/wp\/v2\/users\/1"}],"replies":[{"embeddable":true,"href":"https:\/\/www.tugrulevdenevenakliyat.com\/index.php\/wp-json\/wp\/v2\/comments?post=236"}],"version-history":[{"count":4,"href":"https:\/\/www.tugrulevdenevenakliyat.com\/index.php\/wp-json\/wp\/v2\/pages\/236\/revisions"}],"predecessor-version":[{"id":643,"href":"https:\/\/www.tugrulevdenevenakliyat.com\/index.php\/wp-json\/wp\/v2\/pages\/236\/revisions\/643"}],"wp:attachment":[{"href":"https:\/\/www.tugrulevdenevenakliyat.com\/index.php\/wp-json\/wp\/v2\/media?parent=236"}],"curies":[{"name":"wp","href":"https:\/\/api.w.org\/{rel}","templated":true}]}}