{"id":482,"date":"2019-11-28T14:28:36","date_gmt":"2019-11-28T14:28:36","guid":{"rendered":"http:\/\/www.tugrulevdenevenakliyat.com\/?page_id=482"},"modified":"2019-12-28T12:16:28","modified_gmt":"2019-12-28T12:16:28","slug":"evden-eve-nakliyat","status":"publish","type":"page","link":"https:\/\/www.tugrulevdenevenakliyat.com\/index.php\/evden-eve-nakliyat\/","title":{"rendered":"Evden Eve Ta\u015f\u0131mac\u0131l\u0131k"},"content":{"rendered":"\r\n\r\n\r\n<h1 style=\"text-align: center;\">\u00a0evden eve Ta\u015f\u0131mac\u0131l\u0131k<\/h1>\r\n<p style=\"text-align: center;\">Evden Eve ta\u015f\u0131mac\u0131l\u0131k Tu\u011frul (0532) 566 86 65<\/p>\r\n<p style=\"text-align: center;\"><span style=\"text-align: center; background-color: transparent;\">Ta\u015f\u0131mac\u0131l\u0131k\u00a0 Telefonla ula\u015ft\u0131\u011f\u0131n\u0131z zaman size en uygun, en cazip fiyat\u0131 vererek Evden Eve Nakliyat hizmetlerimizin konforunu ve rahatl\u0131\u011f\u0131n\u0131 ya\u015fayabilmek i\u00e7in asans\u00f6rl\u00fc nakliye hizmeti sunmaktayiz.<\/span><\/p>\r\n<p class=\"has-background has-medium-font-size has-very-light-gray-background-color\" style=\"text-align: center;\">Profosyonelli\u011fimiz ve titiz \u00e7al\u0131\u015fmam\u0131z ile b\u00fcrodan b\u00fcroya, ofis den ofise, <a href=\"https:\/\/www.facebook.com\/nakliyatt52\/\">evden eve nakliye<\/a> i\u015flerinizi siz say\u0131n m\u00fc\u015fterilerimize sorun ve problem olmaktan \u00e7\u0131kar\u0131yoruz<\/p>\r\n<p class=\"has-background has-medium-font-size has-very-light-gray-background-color\" style=\"text-align: center;\">.Konu evden eve nakliyat olunca akla gelen en profesyonel firma olmaktan \u00f6t\u00fcr\u00fc son derece gururluyuz.\u00a0 Adana Nakliyat<\/p>\r\n<div id=\"attachment_621\" style=\"width: 310px\" class=\"wp-caption aligncenter\"><img loading=\"lazy\" decoding=\"async\" aria-describedby=\"caption-attachment-621\" class=\"size-medium wp-image-621\" src=\"http:\/\/www.tugrulevdenevenakliyat.com\/wp-content\/uploads\/2019\/12\/60305223_1748224278614487_471062662881476608_n-300x169.jpg\" alt=\"evden eve TA\u015eIMACILIK\" width=\"300\" height=\"169\" srcset=\"https:\/\/www.tugrulevdenevenakliyat.com\/wp-content\/uploads\/2019\/12\/60305223_1748224278614487_471062662881476608_n-300x169.jpg 300w, https:\/\/www.tugrulevdenevenakliyat.com\/wp-content\/uploads\/2019\/12\/60305223_1748224278614487_471062662881476608_n-1024x576.jpg 1024w, https:\/\/www.tugrulevdenevenakliyat.com\/wp-content\/uploads\/2019\/12\/60305223_1748224278614487_471062662881476608_n-768x432.jpg 768w, https:\/\/www.tugrulevdenevenakliyat.com\/wp-content\/uploads\/2019\/12\/60305223_1748224278614487_471062662881476608_n.jpg 1200w\" sizes=\"auto, (max-width: 300px) 100vw, 300px\" \/><p id=\"caption-attachment-621\" class=\"wp-caption-text\">evden eve TA\u015eIMACILIK<\/p><\/div>\r\n<h2 style=\"text-align: center;\">EV TA\u015eIMACILIK\u00a0<\/h2>\r\n<p style=\"text-align: center;\">gibi her t\u00fcrl\u00fc ta\u015f\u0131ma i\u015fleminiz<\/p>\r\n<p style=\"text-align: center;\">kolayca ger\u00e7ekle\u015ftirmek i\u00e7in nakliyat firmalar\u0131n\u0131 bir arada toplayarak, dilemi\u015f oldu\u011funuz b\u00fct\u00fcn illerdeki nakliyat hizmetlerine kolayl\u0131kla ula\u015fman\u0131z\u0131 sa\u011fl\u0131yoruz.<\/p>\r\n<p style=\"text-align: center;\">Nakliye mobilya montaj \u015fehir i\u00e7i ve \u015fehirler aras\u0131 nakliye montaj garantili sigortal\u0131 ta\u015f\u0131mac\u0131l\u0131k<\/p>\r\n<p style=\"text-align: center;\">m\u00fc\u015fteri memnuniyeti \u00f6n planda olup siz sayg\u0131 de\u011fer m\u00fc\u015fterilerimizin hizmetindeyiz kaliteli asla tesad\u00fcf de\u011fildir.<\/p>\r\n\r\n\r\n\r\n<p style=\"text-align: center;\">Adana Evden Eve ta\u015f\u0131mac\u0131l\u0131k\u00a0 \u00a0Ad\u0131yaman Evden Eve Nakliyat\u00a0<\/p>\r\n<p style=\"text-align: center;\">\u00a0Afyon karahisar Evden Eve Nakliyat\u00a0 \u00a0A\u011fr\u0131 Evden Eve Nakliyat\u00a0<\/p>\r\n<p style=\"text-align: center;\">\u00a0Amasya Evden Eve Nakliyat\u00a0 \u00a0Ankara Evden Eve Nakliyat<\/p>\r\n<p style=\"text-align: center;\">Antalya Evden Eve Nakliyat Artvin Evden Eve nakliyat Ayd\u0131n Evden Eve Nakliyat Bal\u0131kkesir Evden Eve Nakliyat<\/p>\r\n<p style=\"text-align: center;\">Bile\u00e7ik Evden Eve Nakliyat Bing\u00f6l Evden Eve Nakliyat Bitlis Evden Eve Nakliyat Bolu Evden Eve Nakliyat<\/p>\r\n<p style=\"text-align: center;\">Burdur Evden Eve Nakliyat Bursa Evden Eve Nakliyat \u00c7anakkale<\/p>\r\n<p style=\"text-align: center;\">Evden Eve Nakliyat \u00c7ank\u0131r\u0131 Evden Eve Nakliyat\u00a0<\/p>\r\n<h3 style=\"text-align: center;\">H\u0130ZMETLER\u0130M\u0130Z\u00a0<\/h3>\r\n<p style=\"text-align: center;\">\u00c7orum Evden Eve Nakliyat Denizli Evden Eve Nakliyat Diyerbak\u0131r Evden Eve Nakliyat<\/p>\r\n<p style=\"text-align: center;\">Edirne Evden Eve Nakliyat\u00a0 \u00a0Elaz\u0131\u011f Evden Eve Nakliyat Erzincan Evden Eve nakliyat<\/p>\r\n<p style=\"text-align: center;\">Erzurum Evden Eve Nakliyat Eski\u015fehir Evden Eve Nakliyat<\/p>\r\n<p style=\"text-align: center;\">Gaziyantep Evden Eve Nakliyat Giresun Evden Eve Nakliyat<\/p>\r\n<p style=\"text-align: center;\">G\u00fcm\u00fc\u015fhane Evden Eve Nakliyat<\/p>\r\n<p style=\"text-align: center;\">Hakkari Evden Eve Nakliyat Hatay Evden Eve Nakliyat Isparta Evden Eve Nakliyat<\/p>\r\n<p style=\"text-align: center;\">Mersin Evden Eve Nakliyat \u0130stanbul<\/p>\r\n<p style=\"text-align: center;\">Evden Eve Nakliyat <a href=\"http:\/\/www.tugrulevdenevenakliyat.com\">TU\u011eRUL Evden eve Nakliyat<\/a><\/p>\r\n<p style=\"text-align: center;\">\u0130zmir Evden Eve Nakliyat\u00a0 Kars Evden Eve Nakliyat Kastamonu<\/p>\r\n<p style=\"text-align: center;\">Evden Eve Nakliyat Kayseri Evden Eve Nakliyat K\u0131rklareli<\/p>\r\n<p style=\"text-align: center;\">Evden Eve Nakliyat\u00a0 Kocaeli Evden Eve Nakliyat Konya Evden Eve Nakliyat\u00a0 K\u00fctahya Evden Eve Nakliyat\u00a0 Malatya Evden Eve NakliT<\/p>\r\n<p style=\"text-align: center;\">Manisa\u00a0 Evden\u00a0 \u00a0Eve Nakliyat\u00a0 Kahramanmara\u015f Evden Eve Nakliyat\u00a0 Mardin Evden Eve Nakliyat Mu\u011fla Evden Eve Nakliyat<\/p>\r\n<p style=\"text-align: center;\">Nev\u015fehir Evden Eve Nakliyat\u00a0 Ni\u011fde Evden Eve Nakliyat\u00a0<\/p>\r\n<p style=\"text-align: center;\">\u00a0 Ordu Evden Eve Nakliyat\u00a0 \u00a0 Rize Evden Eve Nakliyat\u00a0 \u00a0Sakarya Evden Eve ta\u015f\u0131mac\u0131l\u0131k Samsun Evden Eve Nakliyat\u00a0 \u00a0 Evden Eve\u00a0<\/p>\r\n<p style=\"text-align: center;\">Siirt Evden Eve Nakliyat\u00a0 \u00a0 Sivas Evden Eve Nakliyat\u00a0<\/p>\r\n<p style=\"text-align: center;\">\u00a0Tekirda\u011f\u0131 Evden Eve Nakliyat\u00a0 \u00a0 Tokat Evden Eve Nakliyat\u00a0 \u00a0 Trabzon Evden Eve Nakliyat\u00a0 \u00a0 \u00a0 Tunceli Evden Eve Nakliyat\u00a0 \u00a0 \u00a0Evden Eve Nakliyat\u00a0<\/p>\r\n<p style=\"text-align: center;\">\u00a0U\u015fak Evden Eve Nakliyat\u00a0 \u00a0 \u00a0Van Evden Eve Nakliyat\u00a0 \u00a0<\/p>\r\n<p style=\"text-align: center;\">\u00a0Yozgat Evden Eve Nakliyat\u00a0 \u00a0 Zonguldak Evden Eve Nakliyat\u00a0 \u00a0 \u00a0Aksaray Evden Eve Nakliyat\u00a0 \u00a0Bayburt Evden Eve Nakliyat\u00a0 \u00a0 \u00a0 Karaman<\/p>\r\n<p style=\"text-align: center;\">Evden Eve Nakliyat\u00a0 \u00a0 \u00a0K\u0131r\u0131kkale Evden Eve Nakliyat\u00a0<\/p>\r\n<p style=\"text-align: center;\">\u00a0 Batman Evden Eve Nakliyat\u00a0 \u00a0 \u015e\u0131rnak Evden Eve Nakliyat\u00a0 \u00a0 Bart\u0131n Evden Eve Nakliyat\u00a0 \u00a0Ardahan Evden Eve Nakliyat\u00a0 \u00a0I\u011fd\u0131r Evden Eve Nakliyat\u00a0<\/p>\r\n<p style=\"text-align: center;\">\u00a0Yalova Evden Eve Nakliyat\u00a0 \u00a0Karab\u00fck Evden Eve Nakliyat\u00a0 \u00a0 Kilis Evden Eve Nakliyat\u00a0 \u00a0Evden Eve Nakliyat\u00a0 \u00a0 D\u00fczce Evden Eve Nakliyat<\/p>\r\n\r\n\r\n\r\n<p style=\"text-align: center;\">\u00a0<\/p>\r\n","protected":false},"excerpt":{"rendered":"<p>\u00a0evden eve Ta\u015f\u0131mac\u0131l\u0131k Evden Eve ta\u015f\u0131mac\u0131l\u0131k Tu\u011frul (0532) 566 86 65 Ta\u015f\u0131mac\u0131l\u0131k\u00a0 Telefonla ula\u015ft\u0131\u011f\u0131n\u0131z zaman size en uygun, en cazip fiyat\u0131 vererek Evden Eve Nakliyat hizmetlerimizin konforunu ve rahatl\u0131\u011f\u0131n\u0131 ya\u015fayabilmek i\u00e7in asans\u00f6rl\u00fc nakliye hizmeti sunmaktayiz. Profosyonelli\u011fimiz ve titiz \u00e7al\u0131\u015fmam\u0131z ile b\u00fcrodan b\u00fcroya, ofis den ofise, evden eve nakliye i\u015flerinizi siz say\u0131n m\u00fc\u015fterilerimize sorun ve problem&hellip; <br \/> <a class=\"read-more\" href=\"https:\/\/www.tugrulevdenevenakliyat.com\/index.php\/evden-eve-nakliyat\/\">Devam\u0131<\/a><\/p>\n","protected":false},"author":1,"featured_media":0,"parent":0,"menu_order":0,"comment_status":"closed","ping_status":"closed","template":"","meta":{"_bbp_topic_count":0,"_bbp_reply_count":0,"_bbp_total_topic_count":0,"_bbp_total_reply_count":0,"_bbp_voice_count":0,"_bbp_anonymous_reply_count":0,"_bbp_topic_count_hidden":0,"_bbp_reply_count_hidden":0,"_bbp_forum_subforum_count":0,"footnotes":""},"class_list":["post-482","page","type-page","status-publish","hentry"],"yoast_head":"<!-- This site is optimized with the Yoast SEO plugin v27.3 - https:\/\/yoast.com\/product\/yoast-seo-wordpress\/ -->\n<title>Evden Eve Ta\u015f\u0131mac\u0131l\u0131k - Tu\u011frul Nakliyat ta\u015f\u0131mac\u0131l\u0131k<\/title>\n<meta name=\"description\" content=\"Evden Eve Ta\u015f\u0131mac\u0131l\u0131k 81 ilde hizmet veriyoruz . bizlere 24 saat ula\u015fabilirsiniz hassasiyet,\u00f6zen ve titizlik gerektiren hizmettir 0532 566 86 65\" \/>\n<meta name=\"robots\" content=\"index, follow, max-snippet:-1, max-image-preview:large, max-video-preview:-1\" \/>\n<link rel=\"canonical\" href=\"http:\/\/www.tugrulevdenevenakliyat.com\/index.php\/evden-eve-nakliyat\/\" \/>\n<meta property=\"og:locale\" content=\"tr_TR\" \/>\n<meta property=\"og:type\" content=\"article\" \/>\n<meta property=\"og:title\" content=\"Evden Eve Ta\u015f\u0131mac\u0131l\u0131k - Tu\u011frul Nakliyat ta\u015f\u0131mac\u0131l\u0131k\" \/>\n<meta property=\"og:description\" content=\"Evden Eve Ta\u015f\u0131mac\u0131l\u0131k 81 ilde hizmet veriyoruz . bizlere 24 saat ula\u015fabilirsiniz hassasiyet,\u00f6zen ve titizlik gerektiren hizmettir 0532 566 86 65\" \/>\n<meta property=\"og:url\" content=\"http:\/\/www.tugrulevdenevenakliyat.com\/index.php\/evden-eve-nakliyat\/\" \/>\n<meta property=\"og:site_name\" content=\"Tu\u011frul Nakliyat\" \/>\n<meta property=\"article:publisher\" content=\"https:\/\/www.facebook.com\/tugrul.can.39589149\" \/>\n<meta property=\"article:modified_time\" content=\"2019-12-28T12:16:28+00:00\" \/>\n<meta property=\"og:image\" content=\"http:\/\/www.tugrulevdenevenakliyat.com\/wp-content\/uploads\/2019\/12\/60305223_1748224278614487_471062662881476608_n-300x169.jpg\" \/>\n<meta name=\"twitter:card\" content=\"summary_large_image\" \/>\n<meta name=\"twitter:site\" content=\"@TURGUT16176391\" \/>\n<meta name=\"twitter:label1\" content=\"Tahmini okuma s\u00fcresi\" \/>\n\t<meta name=\"twitter:data1\" content=\"3 dakika\" \/>\n<script type=\"application\/ld+json\" class=\"yoast-schema-graph\">{\"@context\":\"https:\\\/\\\/schema.org\",\"@graph\":[{\"@type\":\"WebPage\",\"@id\":\"http:\\\/\\\/www.tugrulevdenevenakliyat.com\\\/index.php\\\/evden-eve-nakliyat\\\/\",\"url\":\"http:\\\/\\\/www.tugrulevdenevenakliyat.com\\\/index.php\\\/evden-eve-nakliyat\\\/\",\"name\":\"Evden Eve Ta\u015f\u0131mac\u0131l\u0131k - Tu\u011frul Nakliyat ta\u015f\u0131mac\u0131l\u0131k\",\"isPartOf\":{\"@id\":\"http:\\\/\\\/www.tugrulevdenevenakliyat.com\\\/#website\"},\"primaryImageOfPage\":{\"@id\":\"http:\\\/\\\/www.tugrulevdenevenakliyat.com\\\/index.php\\\/evden-eve-nakliyat\\\/#primaryimage\"},\"image\":{\"@id\":\"http:\\\/\\\/www.tugrulevdenevenakliyat.com\\\/index.php\\\/evden-eve-nakliyat\\\/#primaryimage\"},\"thumbnailUrl\":\"http:\\\/\\\/www.tugrulevdenevenakliyat.com\\\/wp-content\\\/uploads\\\/2019\\\/12\\\/60305223_1748224278614487_471062662881476608_n-300x169.jpg\",\"datePublished\":\"2019-11-28T14:28:36+00:00\",\"dateModified\":\"2019-12-28T12:16:28+00:00\",\"description\":\"Evden Eve Ta\u015f\u0131mac\u0131l\u0131k 81 ilde hizmet veriyoruz . bizlere 24 saat ula\u015fabilirsiniz hassasiyet,\u00f6zen ve titizlik gerektiren hizmettir 0532 566 86 65\",\"breadcrumb\":{\"@id\":\"http:\\\/\\\/www.tugrulevdenevenakliyat.com\\\/index.php\\\/evden-eve-nakliyat\\\/#breadcrumb\"},\"inLanguage\":\"tr\",\"potentialAction\":[{\"@type\":\"ReadAction\",\"target\":[\"http:\\\/\\\/www.tugrulevdenevenakliyat.com\\\/index.php\\\/evden-eve-nakliyat\\\/\"]}]},{\"@type\":\"ImageObject\",\"inLanguage\":\"tr\",\"@id\":\"http:\\\/\\\/www.tugrulevdenevenakliyat.com\\\/index.php\\\/evden-eve-nakliyat\\\/#primaryimage\",\"url\":\"https:\\\/\\\/www.tugrulevdenevenakliyat.com\\\/wp-content\\\/uploads\\\/2019\\\/12\\\/60305223_1748224278614487_471062662881476608_n.jpg\",\"contentUrl\":\"https:\\\/\\\/www.tugrulevdenevenakliyat.com\\\/wp-content\\\/uploads\\\/2019\\\/12\\\/60305223_1748224278614487_471062662881476608_n.jpg\",\"width\":1200,\"height\":675,\"caption\":\"yenibosna ev e\u015fyas\u0131 ta\u015f\u0131mac\u0131l\u0131k\"},{\"@type\":\"BreadcrumbList\",\"@id\":\"http:\\\/\\\/www.tugrulevdenevenakliyat.com\\\/index.php\\\/evden-eve-nakliyat\\\/#breadcrumb\",\"itemListElement\":[{\"@type\":\"ListItem\",\"position\":1,\"name\":\"Ana sayfa\",\"item\":\"http:\\\/\\\/www.tugrulevdenevenakliyat.com\\\/\"},{\"@type\":\"ListItem\",\"position\":2,\"name\":\"Evden Eve Ta\u015f\u0131mac\u0131l\u0131k\"}]},{\"@type\":\"WebSite\",\"@id\":\"http:\\\/\\\/www.tugrulevdenevenakliyat.com\\\/#website\",\"url\":\"http:\\\/\\\/www.tugrulevdenevenakliyat.com\\\/\",\"name\":\"http:\\\/\\\/www.tugrulevdenevenakliyat.com\\\/\",\"description\":\"t&uuml;rkiye geneline evden eve nakliyat\",\"publisher\":{\"@id\":\"http:\\\/\\\/www.tugrulevdenevenakliyat.com\\\/#organization\"},\"potentialAction\":[{\"@type\":\"SearchAction\",\"target\":{\"@type\":\"EntryPoint\",\"urlTemplate\":\"http:\\\/\\\/www.tugrulevdenevenakliyat.com\\\/?s={search_term_string}\"},\"query-input\":{\"@type\":\"PropertyValueSpecification\",\"valueRequired\":true,\"valueName\":\"search_term_string\"}}],\"inLanguage\":\"tr\"},{\"@type\":\"Organization\",\"@id\":\"http:\\\/\\\/www.tugrulevdenevenakliyat.com\\\/#organization\",\"name\":\"tu\u011frulcan bak\u0131rc\u0131\",\"url\":\"http:\\\/\\\/www.tugrulevdenevenakliyat.com\\\/\",\"logo\":{\"@type\":\"ImageObject\",\"inLanguage\":\"tr\",\"@id\":\"http:\\\/\\\/www.tugrulevdenevenakliyat.com\\\/#\\\/schema\\\/logo\\\/image\\\/\",\"url\":\"http:\\\/\\\/www.tugrulevdenevenakliyat.com\\\/wp-content\\\/uploads\\\/2019\\\/12\\\/45249907_1056901127822562_5718244570844626944_n.jpg\",\"contentUrl\":\"http:\\\/\\\/www.tugrulevdenevenakliyat.com\\\/wp-content\\\/uploads\\\/2019\\\/12\\\/45249907_1056901127822562_5718244570844626944_n.jpg\",\"width\":720,\"height\":960,\"caption\":\"tu\u011frulcan bak\u0131rc\u0131\"},\"image\":{\"@id\":\"http:\\\/\\\/www.tugrulevdenevenakliyat.com\\\/#\\\/schema\\\/logo\\\/image\\\/\"},\"sameAs\":[\"https:\\\/\\\/www.facebook.com\\\/tugrul.can.39589149\",\"https:\\\/\\\/x.com\\\/TURGUT16176391\",\"https:\\\/\\\/intagram.com\\\/tugrulnakliyatt\",\"https:\\\/\\\/www.linkedin.com\\\/in\\\/salim-bakirci-9b838915b\\\/\",\"https:\\\/\\\/tr.pinterest.com\\\/bakrcturgut\\\/pins\\\/\"]}]}<\/script>\n<!-- \/ Yoast SEO plugin. -->","yoast_head_json":{"title":"Evden Eve Ta\u015f\u0131mac\u0131l\u0131k - Tu\u011frul Nakliyat ta\u015f\u0131mac\u0131l\u0131k","description":"Evden Eve Ta\u015f\u0131mac\u0131l\u0131k 81 ilde hizmet veriyoruz . bizlere 24 saat ula\u015fabilirsiniz hassasiyet,\u00f6zen ve titizlik gerektiren hizmettir 0532 566 86 65","robots":{"index":"index","follow":"follow","max-snippet":"max-snippet:-1","max-image-preview":"max-image-preview:large","max-video-preview":"max-video-preview:-1"},"canonical":"http:\/\/www.tugrulevdenevenakliyat.com\/index.php\/evden-eve-nakliyat\/","og_locale":"tr_TR","og_type":"article","og_title":"Evden Eve Ta\u015f\u0131mac\u0131l\u0131k - Tu\u011frul Nakliyat ta\u015f\u0131mac\u0131l\u0131k","og_description":"Evden Eve Ta\u015f\u0131mac\u0131l\u0131k 81 ilde hizmet veriyoruz . bizlere 24 saat ula\u015fabilirsiniz hassasiyet,\u00f6zen ve titizlik gerektiren hizmettir 0532 566 86 65","og_url":"http:\/\/www.tugrulevdenevenakliyat.com\/index.php\/evden-eve-nakliyat\/","og_site_name":"Tu\u011frul Nakliyat","article_publisher":"https:\/\/www.facebook.com\/tugrul.can.39589149","article_modified_time":"2019-12-28T12:16:28+00:00","og_image":[{"url":"http:\/\/www.tugrulevdenevenakliyat.com\/wp-content\/uploads\/2019\/12\/60305223_1748224278614487_471062662881476608_n-300x169.jpg","type":"","width":"","height":""}],"twitter_card":"summary_large_image","twitter_site":"@TURGUT16176391","twitter_misc":{"Tahmini okuma s\u00fcresi":"3 dakika"},"schema":{"@context":"https:\/\/schema.org","@graph":[{"@type":"WebPage","@id":"http:\/\/www.tugrulevdenevenakliyat.com\/index.php\/evden-eve-nakliyat\/","url":"http:\/\/www.tugrulevdenevenakliyat.com\/index.php\/evden-eve-nakliyat\/","name":"Evden Eve Ta\u015f\u0131mac\u0131l\u0131k - Tu\u011frul Nakliyat ta\u015f\u0131mac\u0131l\u0131k","isPartOf":{"@id":"http:\/\/www.tugrulevdenevenakliyat.com\/#website"},"primaryImageOfPage":{"@id":"http:\/\/www.tugrulevdenevenakliyat.com\/index.php\/evden-eve-nakliyat\/#primaryimage"},"image":{"@id":"http:\/\/www.tugrulevdenevenakliyat.com\/index.php\/evden-eve-nakliyat\/#primaryimage"},"thumbnailUrl":"http:\/\/www.tugrulevdenevenakliyat.com\/wp-content\/uploads\/2019\/12\/60305223_1748224278614487_471062662881476608_n-300x169.jpg","datePublished":"2019-11-28T14:28:36+00:00","dateModified":"2019-12-28T12:16:28+00:00","description":"Evden Eve Ta\u015f\u0131mac\u0131l\u0131k 81 ilde hizmet veriyoruz . bizlere 24 saat ula\u015fabilirsiniz hassasiyet,\u00f6zen ve titizlik gerektiren hizmettir 0532 566 86 65","breadcrumb":{"@id":"http:\/\/www.tugrulevdenevenakliyat.com\/index.php\/evden-eve-nakliyat\/#breadcrumb"},"inLanguage":"tr","potentialAction":[{"@type":"ReadAction","target":["http:\/\/www.tugrulevdenevenakliyat.com\/index.php\/evden-eve-nakliyat\/"]}]},{"@type":"ImageObject","inLanguage":"tr","@id":"http:\/\/www.tugrulevdenevenakliyat.com\/index.php\/evden-eve-nakliyat\/#primaryimage","url":"https:\/\/www.tugrulevdenevenakliyat.com\/wp-content\/uploads\/2019\/12\/60305223_1748224278614487_471062662881476608_n.jpg","contentUrl":"https:\/\/www.tugrulevdenevenakliyat.com\/wp-content\/uploads\/2019\/12\/60305223_1748224278614487_471062662881476608_n.jpg","width":1200,"height":675,"caption":"yenibosna ev e\u015fyas\u0131 ta\u015f\u0131mac\u0131l\u0131k"},{"@type":"BreadcrumbList","@id":"http:\/\/www.tugrulevdenevenakliyat.com\/index.php\/evden-eve-nakliyat\/#breadcrumb","itemListElement":[{"@type":"ListItem","position":1,"name":"Ana sayfa","item":"http:\/\/www.tugrulevdenevenakliyat.com\/"},{"@type":"ListItem","position":2,"name":"Evden Eve Ta\u015f\u0131mac\u0131l\u0131k"}]},{"@type":"WebSite","@id":"http:\/\/www.tugrulevdenevenakliyat.com\/#website","url":"http:\/\/www.tugrulevdenevenakliyat.com\/","name":"http:\/\/www.tugrulevdenevenakliyat.com\/","description":"t&uuml;rkiye geneline evden eve nakliyat","publisher":{"@id":"http:\/\/www.tugrulevdenevenakliyat.com\/#organization"},"potentialAction":[{"@type":"SearchAction","target":{"@type":"EntryPoint","urlTemplate":"http:\/\/www.tugrulevdenevenakliyat.com\/?s={search_term_string}"},"query-input":{"@type":"PropertyValueSpecification","valueRequired":true,"valueName":"search_term_string"}}],"inLanguage":"tr"},{"@type":"Organization","@id":"http:\/\/www.tugrulevdenevenakliyat.com\/#organization","name":"tu\u011frulcan bak\u0131rc\u0131","url":"http:\/\/www.tugrulevdenevenakliyat.com\/","logo":{"@type":"ImageObject","inLanguage":"tr","@id":"http:\/\/www.tugrulevdenevenakliyat.com\/#\/schema\/logo\/image\/","url":"http:\/\/www.tugrulevdenevenakliyat.com\/wp-content\/uploads\/2019\/12\/45249907_1056901127822562_5718244570844626944_n.jpg","contentUrl":"http:\/\/www.tugrulevdenevenakliyat.com\/wp-content\/uploads\/2019\/12\/45249907_1056901127822562_5718244570844626944_n.jpg","width":720,"height":960,"caption":"tu\u011frulcan bak\u0131rc\u0131"},"image":{"@id":"http:\/\/www.tugrulevdenevenakliyat.com\/#\/schema\/logo\/image\/"},"sameAs":["https:\/\/www.facebook.com\/tugrul.can.39589149","https:\/\/x.com\/TURGUT16176391","https:\/\/intagram.com\/tugrulnakliyatt","https:\/\/www.linkedin.com\/in\/salim-bakirci-9b838915b\/","https:\/\/tr.pinterest.com\/bakrcturgut\/pins\/"]}]}},"_links":{"self":[{"href":"https:\/\/www.tugrulevdenevenakliyat.com\/index.php\/wp-json\/wp\/v2\/pages\/482","targetHints":{"allow":["GET"]}}],"collection":[{"href":"https:\/\/www.tugrulevdenevenakliyat.com\/index.php\/wp-json\/wp\/v2\/pages"}],"about":[{"href":"https:\/\/www.tugrulevdenevenakliyat.com\/index.php\/wp-json\/wp\/v2\/types\/page"}],"author":[{"embeddable":true,"href":"https:\/\/www.tugrulevdenevenakliyat.com\/index.php\/wp-json\/wp\/v2\/users\/1"}],"replies":[{"embeddable":true,"href":"https:\/\/www.tugrulevdenevenakliyat.com\/index.php\/wp-json\/wp\/v2\/comments?post=482"}],"version-history":[{"count":6,"href":"https:\/\/www.tugrulevdenevenakliyat.com\/index.php\/wp-json\/wp\/v2\/pages\/482\/revisions"}],"predecessor-version":[{"id":650,"href":"https:\/\/www.tugrulevdenevenakliyat.com\/index.php\/wp-json\/wp\/v2\/pages\/482\/revisions\/650"}],"wp:attachment":[{"href":"https:\/\/www.tugrulevdenevenakliyat.com\/index.php\/wp-json\/wp\/v2\/media?parent=482"}],"curies":[{"name":"wp","href":"https:\/\/api.w.org\/{rel}","templated":true}]}}