{"id":504,"date":"2019-12-04T18:16:06","date_gmt":"2019-12-04T18:16:06","guid":{"rendered":"http:\/\/www.tugrulevdenevenakliyat.com\/?page_id=504"},"modified":"2019-12-09T19:34:52","modified_gmt":"2019-12-09T19:34:52","slug":"karadeniz-ordu-nakliyat","status":"publish","type":"page","link":"https:\/\/www.tugrulevdenevenakliyat.com\/index.php\/karadeniz-ordu-nakliyat\/","title":{"rendered":"Karadeniz Ordu Nakliyat"},"content":{"rendered":"<h1 style=\"text-align: center;\">Karadeniz Ordu Nakliyat<\/h1>\n<p style=\"text-align: center;\">\u00a0 \u00a0 \u00a0 \u00a0 Karadeniz ordu nakliyat Evden Eve nakliyat \u015firketleri en g\u00fc\u00e7l\u00fc\u00a0 en firma olarak sizlere hizmet vermekteyiz bizlere 24 saat ula\u015fa bilirsiniz bizler sizlere kaliteli ve g\u00fcvenilir hizmet vermek i\u00e7in cal\u0131\u015f\u0131yoruz Evden eve nakliyat olarak hizmetlerimizde s\u0131n\u0131r tan\u0131m\u0131yoruz T\u00fcrkiye geneline hizmet vermeye \u00e7abal\u0131yoruz sizlerin g\u00fcvenini almak i\u00e7in bizler\u00a0 ana \u015fubemize ziyaret edip yerimizi g\u00f6re bilirsiniz.<\/p>\n<div id=\"attachment_423\" style=\"width: 310px\" class=\"wp-caption aligncenter\"><img loading=\"lazy\" decoding=\"async\" aria-describedby=\"caption-attachment-423\" class=\"size-medium wp-image-423\" src=\"http:\/\/www.tugrulevdenevenakliyat.com\/wp-content\/uploads\/2019\/10\/67257736_359484171364779_7401583446901915648_n-300x164.jpg\" alt=\"karadeniz ordu nakliyat\" width=\"300\" height=\"164\" srcset=\"https:\/\/www.tugrulevdenevenakliyat.com\/wp-content\/uploads\/2019\/10\/67257736_359484171364779_7401583446901915648_n-300x164.jpg 300w, https:\/\/www.tugrulevdenevenakliyat.com\/wp-content\/uploads\/2019\/10\/67257736_359484171364779_7401583446901915648_n.jpg 528w\" sizes=\"auto, (max-width: 300px) 100vw, 300px\" \/><p id=\"caption-attachment-423\" class=\"wp-caption-text\">karadeniz ordu nakliyat<\/p><\/div>\n<h2 style=\"text-align: center;\">Nakliyat Karadeniz Ordu<\/h2>\n<p style=\"text-align: center;\"><a href=\"https:\/\/www.facebook.com\/evdenevetugrulnakliyat\">Karadeniz Nakliyat<\/a> \u015eirketlerin aras\u0131ndan en hesapl\u0131 Evden Eve Nakliyat fiyatlar\u0131n\u0131 alabilece\u011finizdir .\u015eirketimiz art\u0131k sanal ortamda. Karadeniz ordu nakliyat\u00a0 wep \u00a0adresine girerek\u00a0 Evden eve nakliyat\u00a0 ve t\u00fcm e\u015fya ta\u015f\u0131mac\u0131l\u0131\u011f\u0131ndaki nakliyat fiyatlar\u0131n\u0131 \u00f6grene bilirsiniz .<\/p>\n<p style=\"text-align: center;\">Evinizi bizimle\u00a0 g\u00fcvenle ve g\u00f6n\u00fcl rahatl\u0131yla ta\u015f\u0131yarak yeni bir ba\u015flan\u011fi\u00e7 yababilirsiniz hemen TU\u011eRUL NAKL\u0130YAT adresimize girerek bizimle ileti\u015fime ge\u00e7ebilirsiniz.evden eve nakliye g\u00f6revlerinizi bize emanet etti\u011finiz andan itibaren i\u00e7iniz rahat olsun. Hi\u00e7bir sorun veya olumsuz durum ya\u015fanmadan e\u015fyalar\u0131n\u0131z ta\u015f\u0131nacak. Yeni evinizde ayn\u0131 d\u00fczen i\u00e7erisinde kurulacak.<br \/>\nStandart evden eve nakliye \u015firketleriniz yan\u0131 s\u0131ra t\u00fcm duvar monte, avize ve stor perdelerinizin montaj\u0131 yap\u0131lmaktad\u0131r.<\/p>\n<h3 style=\"text-align: center;\">Evden Eve\u00a0 \u015eehirler i\u00e7i aras\u0131 Nakliyat<\/h3>\n<p style=\"text-align: center;\">\u00a0 Evden eve hizmeti\u00a0 Rize Evden Eve ta\u015f\u0131mac\u0131l\u0131k\u00a0 Sakarya Evden Eve firmas\u0131\u00a0 Samsun Evden Eve\u00a0 \u015firketi\u00a0 Sinop Evden Eve \u015firketi\u00a0 Siirt Evden Eve\u00a0 \u00a0Karadeniz evden eve Fiyatlar\u0131 \u00c7\u0131narl\u0131k evden eve \u015firketi ,Evden Eve\u00a0 Karadeniz ,Karadeniz istanbul firmas\u0131,Evden eve ta\u015f\u0131mac\u0131lk evden eve paketleme itinayla yap\u0131l\u0131r<\/p>\n<p style=\"text-align: center;\">Sivas Evden Eve firmas\u0131 Tekirda\u011f\u0131 Evden Eve Nakliyat\u00a0 \u00a0 Tokat Evden Eve Nakliyat\u00a0 Trabzon Evden Eve Nakliyat\u00a0 Tunceli Evden Eve Nakliyat\u00a0 \u00a0Evden Eve Nakliyat\u00a0 \u00a0 U\u015fak Evden Eve Nakliyat\u00a0 \u00a0 \u00a0 Van Evden Eve <a href=\"http:\/\/www.tugrulevdenevenakliyat.com\/\">Nakliyat<\/a> Nakliyat Fiyatlar\u0131 ev e\u015fyas\u0131 ta\u015f\u0131mac\u0131l\u0131k ,evden eve firmas\u0131 ,villa ta\u015f\u0131mac\u0131l\u0131k,<\/p>\n<h4 style=\"text-align: center;\">F\u0130YATLARIMIZ<\/h4>\n<p style=\"text-align: center;\">1 + 1 Daire Ta\u015f\u0131mas\u0131 ; 900 \u2013 1200 TL<br \/>\n2 + 1 Daire Ta\u015f\u0131mas\u0131 ; 1200 \u2013 1500 TL<br \/>\n3 + 1 Daire Ta\u015f\u0131mas\u0131 ; 1500 \u2013 2000 TL<br \/>\n4 + 1 Daire Ve Villa Ta\u015f\u0131mas\u0131; 2000 \u2013 5000 TL<br \/>\n\u0130stanbul B\u00f6lge i\u00e7i ara\u00e7 kiralama ; 400 \u2013 800 TL<br \/>\n\u0130stanbul B\u00f6lge i\u00e7i ekip i\u015flemleri ; 500 \u2013 1000 TL Fiyat aral\u0131\u011f\u0131nda uygulanmaktad\u0131r.<br \/>\n7\/24 ileti\u015fim : 05325668665<\/p>\n<p>\u00a0 \u00a0 \u00a0 \u00a0 \u00a0 \u00a0 \u00a0 \u00a0 \u00a0 \u00a0 \u00a0 \u00a0 \u00a0 \u00a0 \u00a0 \u00a0 \u00a0 \u00a0 \u00a0 \u00a0 \u00a0 \u00a0 \u00a0 \u00a0 \u00a0 \u00a0 \u00a0 \u00a0 \u00a0 \u00a0 \u00a0 \u00a0 \u00a0 \u00a0 \u00a0 \u00a0 \u00a0 \u00a0 \u00a0 \u00a0 \u00a0 \u00a0 \u00a0 \u00a0 \u00a0 \u00a0 \u00a0 \u00a0 \u00a00537 293 96 82<\/p>\n<p>0212 674 15 98<\/p>\n<p>&nbsp;<\/p>\n<p>&nbsp;<\/p>\n<p>&nbsp;<\/p>\n","protected":false},"excerpt":{"rendered":"<p>Karadeniz Ordu Nakliyat \u00a0 \u00a0 \u00a0 \u00a0 Karadeniz ordu nakliyat Evden Eve nakliyat \u015firketleri en g\u00fc\u00e7l\u00fc\u00a0 en firma olarak sizlere hizmet vermekteyiz bizlere 24 saat ula\u015fa bilirsiniz bizler sizlere kaliteli ve g\u00fcvenilir hizmet vermek i\u00e7in cal\u0131\u015f\u0131yoruz Evden eve nakliyat olarak hizmetlerimizde s\u0131n\u0131r tan\u0131m\u0131yoruz T\u00fcrkiye geneline hizmet vermeye \u00e7abal\u0131yoruz sizlerin g\u00fcvenini almak i\u00e7in bizler\u00a0 ana \u015fubemize&hellip; <br \/> <a class=\"read-more\" href=\"https:\/\/www.tugrulevdenevenakliyat.com\/index.php\/karadeniz-ordu-nakliyat\/\">Devam\u0131<\/a><\/p>\n","protected":false},"author":1,"featured_media":319,"parent":0,"menu_order":0,"comment_status":"closed","ping_status":"closed","template":"","meta":{"_bbp_topic_count":0,"_bbp_reply_count":0,"_bbp_total_topic_count":0,"_bbp_total_reply_count":0,"_bbp_voice_count":0,"_bbp_anonymous_reply_count":0,"_bbp_topic_count_hidden":0,"_bbp_reply_count_hidden":0,"_bbp_forum_subforum_count":0,"footnotes":""},"class_list":["post-504","page","type-page","status-publish","has-post-thumbnail","hentry"],"yoast_head":"<!-- This site is optimized with the Yoast SEO plugin v27.3 - https:\/\/yoast.com\/product\/yoast-seo-wordpress\/ -->\n<title>Karadeniz Ordu Nakliyat - Tu\u011frul Nakliyat karadeniz<\/title>\n<meta name=\"description\" content=\"Evden eve nakliyat ordu karadeniz T\u00fcrkiye geneline hizmet vermekteyiz bizlere 24 saat ulasabilirsiniz.(0532) 566 86 65 Tu\u011frul nakliyat subemiz olarak\" \/>\n<meta name=\"robots\" content=\"index, follow, max-snippet:-1, max-image-preview:large, max-video-preview:-1\" \/>\n<link rel=\"canonical\" href=\"http:\/\/www.tugrulevdenevenakliyat.com\/index.php\/karadeniz-ordu-nakliyat\/\" \/>\n<meta property=\"og:locale\" content=\"tr_TR\" \/>\n<meta property=\"og:type\" content=\"article\" \/>\n<meta property=\"og:title\" content=\"Karadeniz Ordu Nakliyat - Tu\u011frul Nakliyat karadeniz\" \/>\n<meta property=\"og:description\" content=\"Evden eve nakliyat ordu karadeniz T\u00fcrkiye geneline hizmet vermekteyiz bizlere 24 saat ulasabilirsiniz.(0532) 566 86 65 Tu\u011frul nakliyat subemiz olarak\" \/>\n<meta property=\"og:url\" content=\"http:\/\/www.tugrulevdenevenakliyat.com\/index.php\/karadeniz-ordu-nakliyat\/\" \/>\n<meta property=\"og:site_name\" content=\"Tu\u011frul Nakliyat\" \/>\n<meta property=\"article:publisher\" content=\"https:\/\/www.facebook.com\/tugrul.can.39589149\" \/>\n<meta property=\"article:modified_time\" content=\"2019-12-09T19:34:52+00:00\" \/>\n<meta property=\"og:image\" content=\"http:\/\/www.tugrulevdenevenakliyat.com\/wp-content\/uploads\/2019\/09\/70741881_523347345158103_5604488990460739584_n.jpg\" \/>\n\t<meta property=\"og:image:width\" content=\"960\" \/>\n\t<meta property=\"og:image:height\" content=\"720\" \/>\n\t<meta property=\"og:image:type\" content=\"image\/jpeg\" \/>\n<meta name=\"twitter:card\" content=\"summary_large_image\" \/>\n<meta name=\"twitter:site\" content=\"@TURGUT16176391\" \/>\n<meta name=\"twitter:label1\" content=\"Tahmini okuma s\u00fcresi\" \/>\n\t<meta name=\"twitter:data1\" content=\"2 dakika\" \/>\n<script type=\"application\/ld+json\" class=\"yoast-schema-graph\">{\"@context\":\"https:\\\/\\\/schema.org\",\"@graph\":[{\"@type\":\"WebPage\",\"@id\":\"http:\\\/\\\/www.tugrulevdenevenakliyat.com\\\/index.php\\\/karadeniz-ordu-nakliyat\\\/\",\"url\":\"http:\\\/\\\/www.tugrulevdenevenakliyat.com\\\/index.php\\\/karadeniz-ordu-nakliyat\\\/\",\"name\":\"Karadeniz Ordu Nakliyat - Tu\u011frul Nakliyat karadeniz\",\"isPartOf\":{\"@id\":\"http:\\\/\\\/www.tugrulevdenevenakliyat.com\\\/#website\"},\"primaryImageOfPage\":{\"@id\":\"http:\\\/\\\/www.tugrulevdenevenakliyat.com\\\/index.php\\\/karadeniz-ordu-nakliyat\\\/#primaryimage\"},\"image\":{\"@id\":\"http:\\\/\\\/www.tugrulevdenevenakliyat.com\\\/index.php\\\/karadeniz-ordu-nakliyat\\\/#primaryimage\"},\"thumbnailUrl\":\"https:\\\/\\\/www.tugrulevdenevenakliyat.com\\\/wp-content\\\/uploads\\\/2019\\\/09\\\/70741881_523347345158103_5604488990460739584_n.jpg\",\"datePublished\":\"2019-12-04T18:16:06+00:00\",\"dateModified\":\"2019-12-09T19:34:52+00:00\",\"description\":\"Evden eve nakliyat ordu karadeniz T\u00fcrkiye geneline hizmet vermekteyiz bizlere 24 saat ulasabilirsiniz.(0532) 566 86 65 Tu\u011frul nakliyat subemiz olarak\",\"breadcrumb\":{\"@id\":\"http:\\\/\\\/www.tugrulevdenevenakliyat.com\\\/index.php\\\/karadeniz-ordu-nakliyat\\\/#breadcrumb\"},\"inLanguage\":\"tr\",\"potentialAction\":[{\"@type\":\"ReadAction\",\"target\":[\"http:\\\/\\\/www.tugrulevdenevenakliyat.com\\\/index.php\\\/karadeniz-ordu-nakliyat\\\/\"]}]},{\"@type\":\"ImageObject\",\"inLanguage\":\"tr\",\"@id\":\"http:\\\/\\\/www.tugrulevdenevenakliyat.com\\\/index.php\\\/karadeniz-ordu-nakliyat\\\/#primaryimage\",\"url\":\"https:\\\/\\\/www.tugrulevdenevenakliyat.com\\\/wp-content\\\/uploads\\\/2019\\\/09\\\/70741881_523347345158103_5604488990460739584_n.jpg\",\"contentUrl\":\"https:\\\/\\\/www.tugrulevdenevenakliyat.com\\\/wp-content\\\/uploads\\\/2019\\\/09\\\/70741881_523347345158103_5604488990460739584_n.jpg\",\"width\":960,\"height\":720,\"caption\":\"karadeniz ordu nakliyat\"},{\"@type\":\"BreadcrumbList\",\"@id\":\"http:\\\/\\\/www.tugrulevdenevenakliyat.com\\\/index.php\\\/karadeniz-ordu-nakliyat\\\/#breadcrumb\",\"itemListElement\":[{\"@type\":\"ListItem\",\"position\":1,\"name\":\"Ana sayfa\",\"item\":\"http:\\\/\\\/www.tugrulevdenevenakliyat.com\\\/\"},{\"@type\":\"ListItem\",\"position\":2,\"name\":\"Karadeniz Ordu Nakliyat\"}]},{\"@type\":\"WebSite\",\"@id\":\"http:\\\/\\\/www.tugrulevdenevenakliyat.com\\\/#website\",\"url\":\"http:\\\/\\\/www.tugrulevdenevenakliyat.com\\\/\",\"name\":\"http:\\\/\\\/www.tugrulevdenevenakliyat.com\\\/\",\"description\":\"t&uuml;rkiye geneline evden eve nakliyat\",\"publisher\":{\"@id\":\"http:\\\/\\\/www.tugrulevdenevenakliyat.com\\\/#organization\"},\"potentialAction\":[{\"@type\":\"SearchAction\",\"target\":{\"@type\":\"EntryPoint\",\"urlTemplate\":\"http:\\\/\\\/www.tugrulevdenevenakliyat.com\\\/?s={search_term_string}\"},\"query-input\":{\"@type\":\"PropertyValueSpecification\",\"valueRequired\":true,\"valueName\":\"search_term_string\"}}],\"inLanguage\":\"tr\"},{\"@type\":\"Organization\",\"@id\":\"http:\\\/\\\/www.tugrulevdenevenakliyat.com\\\/#organization\",\"name\":\"tu\u011frulcan bak\u0131rc\u0131\",\"url\":\"http:\\\/\\\/www.tugrulevdenevenakliyat.com\\\/\",\"logo\":{\"@type\":\"ImageObject\",\"inLanguage\":\"tr\",\"@id\":\"http:\\\/\\\/www.tugrulevdenevenakliyat.com\\\/#\\\/schema\\\/logo\\\/image\\\/\",\"url\":\"http:\\\/\\\/www.tugrulevdenevenakliyat.com\\\/wp-content\\\/uploads\\\/2019\\\/12\\\/45249907_1056901127822562_5718244570844626944_n.jpg\",\"contentUrl\":\"http:\\\/\\\/www.tugrulevdenevenakliyat.com\\\/wp-content\\\/uploads\\\/2019\\\/12\\\/45249907_1056901127822562_5718244570844626944_n.jpg\",\"width\":720,\"height\":960,\"caption\":\"tu\u011frulcan bak\u0131rc\u0131\"},\"image\":{\"@id\":\"http:\\\/\\\/www.tugrulevdenevenakliyat.com\\\/#\\\/schema\\\/logo\\\/image\\\/\"},\"sameAs\":[\"https:\\\/\\\/www.facebook.com\\\/tugrul.can.39589149\",\"https:\\\/\\\/x.com\\\/TURGUT16176391\",\"https:\\\/\\\/intagram.com\\\/tugrulnakliyatt\",\"https:\\\/\\\/www.linkedin.com\\\/in\\\/salim-bakirci-9b838915b\\\/\",\"https:\\\/\\\/tr.pinterest.com\\\/bakrcturgut\\\/pins\\\/\"]}]}<\/script>\n<!-- \/ Yoast SEO plugin. -->","yoast_head_json":{"title":"Karadeniz Ordu Nakliyat - Tu\u011frul Nakliyat karadeniz","description":"Evden eve nakliyat ordu karadeniz T\u00fcrkiye geneline hizmet vermekteyiz bizlere 24 saat ulasabilirsiniz.(0532) 566 86 65 Tu\u011frul nakliyat subemiz olarak","robots":{"index":"index","follow":"follow","max-snippet":"max-snippet:-1","max-image-preview":"max-image-preview:large","max-video-preview":"max-video-preview:-1"},"canonical":"http:\/\/www.tugrulevdenevenakliyat.com\/index.php\/karadeniz-ordu-nakliyat\/","og_locale":"tr_TR","og_type":"article","og_title":"Karadeniz Ordu Nakliyat - Tu\u011frul Nakliyat karadeniz","og_description":"Evden eve nakliyat ordu karadeniz T\u00fcrkiye geneline hizmet vermekteyiz bizlere 24 saat ulasabilirsiniz.(0532) 566 86 65 Tu\u011frul nakliyat subemiz olarak","og_url":"http:\/\/www.tugrulevdenevenakliyat.com\/index.php\/karadeniz-ordu-nakliyat\/","og_site_name":"Tu\u011frul Nakliyat","article_publisher":"https:\/\/www.facebook.com\/tugrul.can.39589149","article_modified_time":"2019-12-09T19:34:52+00:00","og_image":[{"width":960,"height":720,"url":"http:\/\/www.tugrulevdenevenakliyat.com\/wp-content\/uploads\/2019\/09\/70741881_523347345158103_5604488990460739584_n.jpg","type":"image\/jpeg"}],"twitter_card":"summary_large_image","twitter_site":"@TURGUT16176391","twitter_misc":{"Tahmini okuma s\u00fcresi":"2 dakika"},"schema":{"@context":"https:\/\/schema.org","@graph":[{"@type":"WebPage","@id":"http:\/\/www.tugrulevdenevenakliyat.com\/index.php\/karadeniz-ordu-nakliyat\/","url":"http:\/\/www.tugrulevdenevenakliyat.com\/index.php\/karadeniz-ordu-nakliyat\/","name":"Karadeniz Ordu Nakliyat - Tu\u011frul Nakliyat karadeniz","isPartOf":{"@id":"http:\/\/www.tugrulevdenevenakliyat.com\/#website"},"primaryImageOfPage":{"@id":"http:\/\/www.tugrulevdenevenakliyat.com\/index.php\/karadeniz-ordu-nakliyat\/#primaryimage"},"image":{"@id":"http:\/\/www.tugrulevdenevenakliyat.com\/index.php\/karadeniz-ordu-nakliyat\/#primaryimage"},"thumbnailUrl":"https:\/\/www.tugrulevdenevenakliyat.com\/wp-content\/uploads\/2019\/09\/70741881_523347345158103_5604488990460739584_n.jpg","datePublished":"2019-12-04T18:16:06+00:00","dateModified":"2019-12-09T19:34:52+00:00","description":"Evden eve nakliyat ordu karadeniz T\u00fcrkiye geneline hizmet vermekteyiz bizlere 24 saat ulasabilirsiniz.(0532) 566 86 65 Tu\u011frul nakliyat subemiz olarak","breadcrumb":{"@id":"http:\/\/www.tugrulevdenevenakliyat.com\/index.php\/karadeniz-ordu-nakliyat\/#breadcrumb"},"inLanguage":"tr","potentialAction":[{"@type":"ReadAction","target":["http:\/\/www.tugrulevdenevenakliyat.com\/index.php\/karadeniz-ordu-nakliyat\/"]}]},{"@type":"ImageObject","inLanguage":"tr","@id":"http:\/\/www.tugrulevdenevenakliyat.com\/index.php\/karadeniz-ordu-nakliyat\/#primaryimage","url":"https:\/\/www.tugrulevdenevenakliyat.com\/wp-content\/uploads\/2019\/09\/70741881_523347345158103_5604488990460739584_n.jpg","contentUrl":"https:\/\/www.tugrulevdenevenakliyat.com\/wp-content\/uploads\/2019\/09\/70741881_523347345158103_5604488990460739584_n.jpg","width":960,"height":720,"caption":"karadeniz ordu nakliyat"},{"@type":"BreadcrumbList","@id":"http:\/\/www.tugrulevdenevenakliyat.com\/index.php\/karadeniz-ordu-nakliyat\/#breadcrumb","itemListElement":[{"@type":"ListItem","position":1,"name":"Ana sayfa","item":"http:\/\/www.tugrulevdenevenakliyat.com\/"},{"@type":"ListItem","position":2,"name":"Karadeniz Ordu Nakliyat"}]},{"@type":"WebSite","@id":"http:\/\/www.tugrulevdenevenakliyat.com\/#website","url":"http:\/\/www.tugrulevdenevenakliyat.com\/","name":"http:\/\/www.tugrulevdenevenakliyat.com\/","description":"t&uuml;rkiye geneline evden eve nakliyat","publisher":{"@id":"http:\/\/www.tugrulevdenevenakliyat.com\/#organization"},"potentialAction":[{"@type":"SearchAction","target":{"@type":"EntryPoint","urlTemplate":"http:\/\/www.tugrulevdenevenakliyat.com\/?s={search_term_string}"},"query-input":{"@type":"PropertyValueSpecification","valueRequired":true,"valueName":"search_term_string"}}],"inLanguage":"tr"},{"@type":"Organization","@id":"http:\/\/www.tugrulevdenevenakliyat.com\/#organization","name":"tu\u011frulcan bak\u0131rc\u0131","url":"http:\/\/www.tugrulevdenevenakliyat.com\/","logo":{"@type":"ImageObject","inLanguage":"tr","@id":"http:\/\/www.tugrulevdenevenakliyat.com\/#\/schema\/logo\/image\/","url":"http:\/\/www.tugrulevdenevenakliyat.com\/wp-content\/uploads\/2019\/12\/45249907_1056901127822562_5718244570844626944_n.jpg","contentUrl":"http:\/\/www.tugrulevdenevenakliyat.com\/wp-content\/uploads\/2019\/12\/45249907_1056901127822562_5718244570844626944_n.jpg","width":720,"height":960,"caption":"tu\u011frulcan bak\u0131rc\u0131"},"image":{"@id":"http:\/\/www.tugrulevdenevenakliyat.com\/#\/schema\/logo\/image\/"},"sameAs":["https:\/\/www.facebook.com\/tugrul.can.39589149","https:\/\/x.com\/TURGUT16176391","https:\/\/intagram.com\/tugrulnakliyatt","https:\/\/www.linkedin.com\/in\/salim-bakirci-9b838915b\/","https:\/\/tr.pinterest.com\/bakrcturgut\/pins\/"]}]}},"_links":{"self":[{"href":"https:\/\/www.tugrulevdenevenakliyat.com\/index.php\/wp-json\/wp\/v2\/pages\/504","targetHints":{"allow":["GET"]}}],"collection":[{"href":"https:\/\/www.tugrulevdenevenakliyat.com\/index.php\/wp-json\/wp\/v2\/pages"}],"about":[{"href":"https:\/\/www.tugrulevdenevenakliyat.com\/index.php\/wp-json\/wp\/v2\/types\/page"}],"author":[{"embeddable":true,"href":"https:\/\/www.tugrulevdenevenakliyat.com\/index.php\/wp-json\/wp\/v2\/users\/1"}],"replies":[{"embeddable":true,"href":"https:\/\/www.tugrulevdenevenakliyat.com\/index.php\/wp-json\/wp\/v2\/comments?post=504"}],"version-history":[{"count":4,"href":"https:\/\/www.tugrulevdenevenakliyat.com\/index.php\/wp-json\/wp\/v2\/pages\/504\/revisions"}],"predecessor-version":[{"id":529,"href":"https:\/\/www.tugrulevdenevenakliyat.com\/index.php\/wp-json\/wp\/v2\/pages\/504\/revisions\/529"}],"wp:featuredmedia":[{"embeddable":true,"href":"https:\/\/www.tugrulevdenevenakliyat.com\/index.php\/wp-json\/wp\/v2\/media\/319"}],"wp:attachment":[{"href":"https:\/\/www.tugrulevdenevenakliyat.com\/index.php\/wp-json\/wp\/v2\/media?parent=504"}],"curies":[{"name":"wp","href":"https:\/\/api.w.org\/{rel}","templated":true}]}}