{"id":599,"date":"2019-12-20T09:44:53","date_gmt":"2019-12-20T09:44:53","guid":{"rendered":"http:\/\/www.tugrulevdenevenakliyat.com\/?page_id=599"},"modified":"2019-12-25T18:54:29","modified_gmt":"2019-12-25T18:54:29","slug":"altunizade-evden-eve-nakliyat","status":"publish","type":"page","link":"https:\/\/www.tugrulevdenevenakliyat.com\/index.php\/altunizade-evden-eve-nakliyat\/","title":{"rendered":"Altunizade Evden Eve Nakliyat"},"content":{"rendered":"<h1 style=\"text-align: center;\">Altunizade Evden Eve Nakliyat<\/h1>\n<p style=\"text-align: center;\">\u00a0 Altunizade\u00a0 Nakliyat<\/p>\n<p style=\"text-align: center;\">1982 y\u0131l\u0131ndan beri hizmet sunmaktay\u0131z\u00a0 \u00a0 M\u00fc\u015fteri memnuyetini her zaman \u00f6n planda tutan hizmet anlay\u0131\u015f\u0131m\u0131zla b\u00fcy\u00fck bir te\u00e7r\u00fcbeye sahip olan bir Firmay\u0131z.Tu\u011frul Nakliyat olarak 37 y\u0131l\u0131ndan beri kusursuz ve g\u00fcvenli,hizmet vermekteyiz. \u015eehir i\u00e7i ve \u015fehirler aras\u0131 ve g\u00fcvenli, ta\u015f\u0131ma yapmaya devam ediyoruz.sizlerin g\u00fcvenini kazanmaya \u00e7al\u0131\u015f\u0131yoruz bizleri tercih etiniz i\u00e7in te\u015fekk\u00fcr ederiz.<\/p>\n<h2 style=\"text-align: center;\">Evden Eve Nakliyat Altunizade<\/h2>\n<p style=\"text-align: center;\">Evden eve nakliyat hassasiyet,\u00f6zen ve titizlik\u00a0 gerektiren hizmettir.Evden eve nakliyat \u015firketimiz uzman kadromuz h\u0131zl\u0131 ve g\u00fcvenilir ta\u015f\u0131ma hizmeti veriyoruz.<br \/>\n<a href=\"https:\/\/www.facebook.com\/nakliyatt52\/\">Evden eve nakliyat<\/a> olarak A\u2019dan Z\u2019ye Tu\u011frul nakliyat \u015firketimiz \u00fcstlenir.Mobilya,beyaz e\u015fya,avize gibi e\u015fyalar\u0131 tek tek s\u00f6k\u00fcl\u00fcp ve paketlenip sonra \u00f6zenli bir \u015fekilde araca y\u00fcklenmesi ve daha sonra s\u00f6kt\u00fc\u011f\u00fcm\u00fcz t\u00fcm e\u015fyalar\u0131 ayni \u015fekilde montaj\u0131n\u0131 yap\u0131p yerine yerle\u015ftiriyoruz <a href=\"http:\/\/www.tugrulevdenevenakliyat.com\/\">Tu\u011frul Nakliyat<\/a> olarak<\/p>\n<div id=\"attachment_600\" style=\"width: 310px\" class=\"wp-caption aligncenter\"><img loading=\"lazy\" decoding=\"async\" aria-describedby=\"caption-attachment-600\" class=\"size-medium wp-image-600\" src=\"http:\/\/www.tugrulevdenevenakliyat.com\/wp-content\/uploads\/2019\/12\/79409464_439574130297507_8500828473172951040_n-300x253.jpg\" alt=\"altunizade evden eve nakliyat\" width=\"300\" height=\"253\" srcset=\"https:\/\/www.tugrulevdenevenakliyat.com\/wp-content\/uploads\/2019\/12\/79409464_439574130297507_8500828473172951040_n-300x253.jpg 300w, https:\/\/www.tugrulevdenevenakliyat.com\/wp-content\/uploads\/2019\/12\/79409464_439574130297507_8500828473172951040_n.jpg 720w\" sizes=\"auto, (max-width: 300px) 100vw, 300px\" \/><p id=\"caption-attachment-600\" class=\"wp-caption-text\">altunizade evden eve nakliyat<\/p><\/div>\n<h2 class=\"\" style=\"text-align: center;\">\u015eehiri\u00e7i Evden Eve Nakliyat Fiyatlar\u0131m\u0131z<\/h2>\n<p class=\"\" style=\"text-align: center;\">1+1 Daire Ta\u015f\u0131mas\u0131= 900-1200<br \/>\n2+1 Daire Ta\u015f\u0131mas\u0131=1200-1500<br \/>\n3+1 Daire Ta\u015f\u0131mas\u0131=1500-2000<br \/>\n4+1 Daire ve Villa Ta\u015f\u0131mas\u0131=2000-5000<\/p>\n<p>\u00a0 \u00a0 \u00a0 \u00a0 \u00a0 \u00a0 \u00a0 \u00a0 \u00a0 \u00a0 \u00a0 \u00a0 \u00a0 \u00a0 \u00a0 \u00a0 \u00a0 \u00a0 \u00a0 \u00a0 \u00a0 \u00a0 \u00a0 \u00a0 \u00a0 \u00a0 \u00a0T\u00fcrkiye\u2019nin 81 ilinde, \u015fehir i\u00e7i evden eve veya ofisten ofise nakliyat gibi her\u00a0 \u00a0 \u00a0 \u00a0 \u00a0 \u00a0 \u00a0 \u00a0 \u00a0 \u00a0 \u00a0 \u00a0 \u00a0 \u00a0 \u00a0 \u00a0 \u00a0 \u00a0 \u00a0 \u00a0 \u00a0 \u00a0 t\u00fcrl\u00fc ta\u015f\u0131ma i\u015fleminizi kolayca ger\u00e7ekle\u015ftirmek i\u00e7in nakliyat firmalar\u0131n\u0131 bir arada toplayarak, dilemi\u015f oldu\u011funuz b\u00fct\u00fcn illerdeki nakliyat hizmetlerine kolayl\u0131kla ula\u015fman\u0131z\u0131 sa\u011fl\u0131yoruz.<\/p>\n<div class=\"row text-center\">\n<div class=\"section-title-col\" data-type=\"column\">\n<h4>\u015eEH\u0130R \u0130\u00c7\u0130 NAKL\u0130YAT<\/h4>\n<\/div>\n<\/div>\n<div class=\"row spaced-cols\" data-type=\"row\">\n<div class=\"col-xs-12 col-sm-6 col-md-4\">\n<div class=\"card no-padding bordered y-move\"><a href=\"http:\/\/www.tugrulevdenevenakliyat.com\/evden%20eve%20nakliyat\" target=\"_self\" rel=\"noopener noreferrer\" data-cp-link=\"1\"><img decoding=\"async\" class=\"face\" title=\"cropped-66093117_686884378392045_479014760470282240_n.jpg\" src=\"http:\/\/www.tugrulevdenevenakliyat.com\/wp-content\/uploads\/2019\/07\/cropped-66093117_686884378392045_479014760470282240_n.jpg\" alt=\"\" \/><\/a><\/p>\n<div class=\"col-padding-small col-padding-small-xs description-container\" data-type=\"column\">\n<h4 class=\"font-500\">OF\u0130S TA\u015eIMA\u00c7ILIK<\/h4>\n<p class=\"\">TEM\u0130Z VE G\u00dcVENL\u0130 B\u0130R \u015eEK\u0130LDE TA\u015eIYIP KURMAK<\/p>\n<\/div>\n<div class=\"col-padding-small col-padding-small-xs read-more-container\" data-type=\"column\"><a class=\"read-more\" href=\"http:\/\/www.tugrulevdenevenakliyat.com\/\" target=\"_self\" rel=\"noopener noreferrer\" data-cp-link=\"1\">TU\u011eRUL NAKL\u0130YAT<\/a><\/div>\n<\/div>\n<\/div>\n<div class=\"col-xs-12 col-sm-6 col-md-4\">\n<div class=\"card no-padding bordered y-move\"><a href=\"http:\/\/www.tugrulevdenevenakliyat.com\/evden%20eve%20nakliyat\" target=\"_self\" rel=\"noopener noreferrer\" data-cp-link=\"1\"><img decoding=\"async\" class=\"face\" title=\"cropped-65958902_885993341754404_8396422821844090880_n.jpg\" src=\"http:\/\/www.tugrulevdenevenakliyat.com\/wp-content\/uploads\/2019\/07\/cropped-65958902_885993341754404_8396422821844090880_n.jpg\" alt=\"\" \/><\/a><\/p>\n<div class=\"col-padding-small col-padding-small-xs description-container\" data-type=\"column\">\n<h4 class=\"font-500\">TU\u011eRUL NAKL\u0130YAT<\/h4>\n<p class=\"\">\u015eEH\u0130RLER ARASI TA\u015eIMA\u00c7ILIK<br \/>\nS\u0130GORTALI VE T\u0130T\u0130ZB\u0130R \u015eEK\u0130LDE EVDEN EVE TA\u015eIMACILIK<\/p>\n<\/div>\n<div class=\"col-padding-small col-padding-small-xs read-more-container\" data-type=\"column\"><a class=\"read-more\" href=\"http:\/\/www.tugrulevdenevenakliyat.com\/\" target=\"_self\" rel=\"noopener noreferrer\" data-cp-link=\"1\">TU\u011eRUL NAKL\u0130YAT<\/a><\/div>\n<\/div>\n<\/div>\n<div class=\"col-xs-12 col-sm-6 col-md-4\">\n<div class=\"card no-padding bordered y-move\"><a href=\"http:\/\/www.tugrulevdenevenakliyat.com\/#evden%20eve%20nakliyat\" target=\"_self\" rel=\"noopener noreferrer\" data-cp-link=\"1\"><img decoding=\"async\" class=\"face\" title=\"cropped-66450116_677227166126876_5304410667850137600_n.jpg\" src=\"http:\/\/www.tugrulevdenevenakliyat.com\/wp-content\/uploads\/2019\/07\/cropped-66450116_677227166126876_5304410667850137600_n.jpg\" alt=\"\" \/><\/a><\/p>\n<div class=\"col-padding-small col-padding-small-xs description-container\" data-type=\"column\">\n<h4 class=\"font-500\">TU\u011eRUL NAKL\u0130YAT<\/h4>\n<p class=\"\">E\u015eYA DEPOLAMA<br \/>\nE\u015eYANIZI G\u00dcVENL\u0130 B\u0130R \u015eEK\u0130LDE DEPO ED\u0130YORUZ UYGUN F\u0130YATLARA<\/p>\n<\/div>\n<div class=\"col-padding-small col-padding-small-xs read-more-container\" data-type=\"column\"><a class=\"read-more\" href=\"http:\/\/www.tugrulevdenevenakliyat.com\/\" target=\"_self\" rel=\"noopener noreferrer\" data-cp-link=\"1\">TU\u011eRUL NAKL\u0130YAT<\/a><\/div>\n<\/div>\n<div data-type=\"column\">\n<h5 style=\"text-align: center;\">t\u00fcrkiye evden eve nakliyat<\/h5>\n<p class=\"\" style=\"text-align: center;\">82 y\u0131l\u0131ndan beri hizmet sunmaktay\u0131z.M\u00fc\u015fteri memnuyetini herzaman \u00f6n planda tutan hizmet anlay\u0131\u015f\u0131m\u0131zla b\u00fcy\u00fck bir te\u00e7rub<\/p>\n<p class=\"\" style=\"text-align: center;\">eye sahip olan bir Firmay\u0131z.Tu\u011frul Nakliyat olarak 37 y\u0131l\u0131ndan beri kusursuz ve g\u00fcvenli,hizmet vermekdeyiz.\u015eehir i\u00e7i ve \u015fehirler aras\u0131 ve g\u00fcvenli, ta\u015f\u0131ma yapmaya devam ediyoruz.sizlerin g\u00fcvenini kazanmaya \u00e7al\u0131\u015f\u0131yoruz bizleri tercih etiniz i\u00e7in te\u015fekk\u00fcr ederiz.<\/p>\n<p><a class=\"button color1\" href=\"http:\/\/www.tugrulevdenevenakliyat.com\/#\" target=\"_self\" rel=\"noopener noreferrer\" data-cp-link=\"1\">TU\u011eRUL NAKL\u0130YAT<\/a><\/div>\n<\/div>\n<div data-type=\"column\">\n<div style=\"width: 238px\" class=\"wp-caption aligncenter\"><img loading=\"lazy\" decoding=\"async\" title=\"evden eve nakliyat\" src=\"http:\/\/www.tugrulevdenevenakliyat.com\/wp-content\/uploads\/2019\/10\/cropped-64571630_307148896833738_685343692289998848_n-1.jpg\" alt=\"evden eve nakliyat\" width=\"228\" height=\"200\" \/><p class=\"wp-caption-text\">even eve nakliyat<\/p><\/div>\n<h6 style=\"text-align: center;\">\u0130STANBUL TU\u011eRUL NAKL\u0130YAT<\/h6>\n<p class=\"\" style=\"text-align: center;\">Hizmetde s\u0131n\u0131r yoktur.<br \/>\nM\u00fc\u015fteri memnuniyetinden sorumluluk ta\u015f\u0131d\u0131m\u0131z i\u00e7in bu i\u015fi ge\u00e7i\u00e7i de\u011fil kal\u0131c\u0131 d\u00fc\u015f\u00fcnd\u00fcm\u00fcz i\u00e7in verdimiz s\u00f6z konu\u015fdugumuz kelimeyi yeride gedirmekden memnunuz<br \/>\nm\u00fc\u015fterilerimizle s\u00f6zle\u015fme yap\u0131p konu\u015fdugumuz saatde ve yap\u0131lan i\u015f\u00e7ilik hakk\u0131nda \u00f6n bilgi verip mobilya ve koltuk tak\u0131m\u0131 , yatak odas\u0131n\u0131 ,cocuk odan\u0131z\u0131, yemek odan\u0131z\u0131 ve duvar \u00fcnitesi fortmanto s\u00f6k\u00fcp ampalaj\u0131 yap\u0131l\u0131r beyaz e\u015fyalar\u0131n\u0131z\u0131da s\u00f6k\u00fcp ambalaj\u0131n\u0131z\u0131da yap\u0131p gideceyi yere g\u00f6t\u00fcr\u00fcp ta\u015f\u0131p montaj\u0131n\u0131 yap\u0131p tertemiz bir \u015fekilde yap\u0131p siz de\u011ferli m\u00fc\u015fterilerimize teslim etmekdir.<br \/>\nNakliye mobilya montaj \u015fehir i\u00e7i ve \u015fehirler aras\u0131 nakliye montaj garantili sigortal\u0131 ta\u015f\u0131mac\u0131l\u0131k m\u00fc\u015fteri memnuniyeti \u00f6n planda olup siz sayg\u0131 de\u011fer m\u00fc\u015fterilerimizin hizmetindeyiz kaliteli asla tesad\u00fcf de\u011fildir.H\u0130ZMETLER\u0130M\u0130ZDE SINIR YOK<br \/>\nHizmetlerinde,m\u00fc\u015fterilerimize y\u00fcksek kalite ile g\u00fcvenli ve h\u0131zl\u0131 hizmet verebilmek i\u00e7in \u00e7al\u0131\u015f\u0131yoruz..<\/p>\n<p style=\"text-align: center;\"><a class=\"button color1\" href=\"http:\/\/www.tugrulevdenevenakliyat.com\/#\" target=\"_self\" data-cp-link=\"1\" rel=\"noopener noreferrer\">daha fazlas\u0131<\/a><\/p>\n<\/div>\n<div class=\"col-xs-12 col-sm-6 col-md-4\">\n<div data-type=\"column\"><\/div>\n<\/div>\n<\/div>\n","protected":false},"excerpt":{"rendered":"<p>Altunizade Evden Eve Nakliyat \u00a0 Altunizade\u00a0 Nakliyat 1982 y\u0131l\u0131ndan beri hizmet sunmaktay\u0131z\u00a0 \u00a0 M\u00fc\u015fteri memnuyetini her zaman \u00f6n planda tutan hizmet anlay\u0131\u015f\u0131m\u0131zla b\u00fcy\u00fck bir te\u00e7r\u00fcbeye sahip olan bir Firmay\u0131z.Tu\u011frul Nakliyat olarak 37 y\u0131l\u0131ndan beri kusursuz ve g\u00fcvenli,hizmet vermekteyiz. \u015eehir i\u00e7i ve \u015fehirler aras\u0131 ve g\u00fcvenli, ta\u015f\u0131ma yapmaya devam ediyoruz.sizlerin g\u00fcvenini kazanmaya \u00e7al\u0131\u015f\u0131yoruz bizleri tercih etiniz&hellip; <br \/> <a class=\"read-more\" href=\"https:\/\/www.tugrulevdenevenakliyat.com\/index.php\/altunizade-evden-eve-nakliyat\/\">Devam\u0131<\/a><\/p>\n","protected":false},"author":1,"featured_media":601,"parent":0,"menu_order":0,"comment_status":"closed","ping_status":"closed","template":"","meta":{"_bbp_topic_count":0,"_bbp_reply_count":0,"_bbp_total_topic_count":0,"_bbp_total_reply_count":0,"_bbp_voice_count":0,"_bbp_anonymous_reply_count":0,"_bbp_topic_count_hidden":0,"_bbp_reply_count_hidden":0,"_bbp_forum_subforum_count":0,"footnotes":""},"class_list":["post-599","page","type-page","status-publish","has-post-thumbnail","hentry"],"yoast_head":"<!-- This site is optimized with the Yoast SEO plugin v27.3 - https:\/\/yoast.com\/product\/yoast-seo-wordpress\/ -->\n<title>Altunizade Evden Eve Nakliyat - Tu\u011frul Nakliyat Ta\u015f\u0131mac\u0131l\u0131k<\/title>\n<meta name=\"description\" content=\"Altunizade Nakliyat mobilya montaj \u015fehir i\u00e7i ve \u015fehirler aras\u0131 nakliye garantili sigortal\u0131 m\u00fc\u015fteri memnuniyeti sunuyoruz olarak 0532 566 86 65\" \/>\n<meta name=\"robots\" content=\"index, follow, max-snippet:-1, max-image-preview:large, max-video-preview:-1\" \/>\n<link rel=\"canonical\" href=\"http:\/\/www.tugrulevdenevenakliyat.com\/index.php\/altunizade-evden-eve-nakliyat\/\" \/>\n<meta property=\"og:locale\" content=\"tr_TR\" \/>\n<meta property=\"og:type\" content=\"article\" \/>\n<meta property=\"og:title\" content=\"Altunizade Evden Eve Nakliyat - Tu\u011frul Nakliyat Ta\u015f\u0131mac\u0131l\u0131k\" \/>\n<meta property=\"og:description\" content=\"Altunizade Nakliyat mobilya montaj \u015fehir i\u00e7i ve \u015fehirler aras\u0131 nakliye garantili sigortal\u0131 m\u00fc\u015fteri memnuniyeti sunuyoruz olarak 0532 566 86 65\" \/>\n<meta property=\"og:url\" content=\"http:\/\/www.tugrulevdenevenakliyat.com\/index.php\/altunizade-evden-eve-nakliyat\/\" \/>\n<meta property=\"og:site_name\" content=\"Tu\u011frul Nakliyat\" \/>\n<meta property=\"article:publisher\" content=\"https:\/\/www.facebook.com\/tugrul.can.39589149\" \/>\n<meta property=\"article:modified_time\" content=\"2019-12-25T18:54:29+00:00\" \/>\n<meta property=\"og:image\" content=\"http:\/\/www.tugrulevdenevenakliyat.com\/wp-content\/uploads\/2019\/12\/78429758_789836404798963_4826801985183285248_n.jpg\" \/>\n\t<meta property=\"og:image:width\" content=\"720\" \/>\n\t<meta property=\"og:image:height\" content=\"669\" \/>\n\t<meta property=\"og:image:type\" content=\"image\/jpeg\" \/>\n<meta name=\"twitter:card\" content=\"summary_large_image\" \/>\n<meta name=\"twitter:site\" content=\"@TURGUT16176391\" \/>\n<meta name=\"twitter:label1\" content=\"Tahmini okuma s\u00fcresi\" \/>\n\t<meta name=\"twitter:data1\" content=\"3 dakika\" \/>\n<script type=\"application\/ld+json\" class=\"yoast-schema-graph\">{\"@context\":\"https:\\\/\\\/schema.org\",\"@graph\":[{\"@type\":\"WebPage\",\"@id\":\"http:\\\/\\\/www.tugrulevdenevenakliyat.com\\\/index.php\\\/altunizade-evden-eve-nakliyat\\\/\",\"url\":\"http:\\\/\\\/www.tugrulevdenevenakliyat.com\\\/index.php\\\/altunizade-evden-eve-nakliyat\\\/\",\"name\":\"Altunizade Evden Eve Nakliyat - Tu\u011frul Nakliyat Ta\u015f\u0131mac\u0131l\u0131k\",\"isPartOf\":{\"@id\":\"http:\\\/\\\/www.tugrulevdenevenakliyat.com\\\/#website\"},\"primaryImageOfPage\":{\"@id\":\"http:\\\/\\\/www.tugrulevdenevenakliyat.com\\\/index.php\\\/altunizade-evden-eve-nakliyat\\\/#primaryimage\"},\"image\":{\"@id\":\"http:\\\/\\\/www.tugrulevdenevenakliyat.com\\\/index.php\\\/altunizade-evden-eve-nakliyat\\\/#primaryimage\"},\"thumbnailUrl\":\"https:\\\/\\\/www.tugrulevdenevenakliyat.com\\\/wp-content\\\/uploads\\\/2019\\\/12\\\/78429758_789836404798963_4826801985183285248_n.jpg\",\"datePublished\":\"2019-12-20T09:44:53+00:00\",\"dateModified\":\"2019-12-25T18:54:29+00:00\",\"description\":\"Altunizade Nakliyat mobilya montaj \u015fehir i\u00e7i ve \u015fehirler aras\u0131 nakliye garantili sigortal\u0131 m\u00fc\u015fteri memnuniyeti sunuyoruz olarak 0532 566 86 65\",\"breadcrumb\":{\"@id\":\"http:\\\/\\\/www.tugrulevdenevenakliyat.com\\\/index.php\\\/altunizade-evden-eve-nakliyat\\\/#breadcrumb\"},\"inLanguage\":\"tr\",\"potentialAction\":[{\"@type\":\"ReadAction\",\"target\":[\"http:\\\/\\\/www.tugrulevdenevenakliyat.com\\\/index.php\\\/altunizade-evden-eve-nakliyat\\\/\"]}]},{\"@type\":\"ImageObject\",\"inLanguage\":\"tr\",\"@id\":\"http:\\\/\\\/www.tugrulevdenevenakliyat.com\\\/index.php\\\/altunizade-evden-eve-nakliyat\\\/#primaryimage\",\"url\":\"https:\\\/\\\/www.tugrulevdenevenakliyat.com\\\/wp-content\\\/uploads\\\/2019\\\/12\\\/78429758_789836404798963_4826801985183285248_n.jpg\",\"contentUrl\":\"https:\\\/\\\/www.tugrulevdenevenakliyat.com\\\/wp-content\\\/uploads\\\/2019\\\/12\\\/78429758_789836404798963_4826801985183285248_n.jpg\",\"width\":720,\"height\":669,\"caption\":\"altunizade evden eve nakliyat\"},{\"@type\":\"BreadcrumbList\",\"@id\":\"http:\\\/\\\/www.tugrulevdenevenakliyat.com\\\/index.php\\\/altunizade-evden-eve-nakliyat\\\/#breadcrumb\",\"itemListElement\":[{\"@type\":\"ListItem\",\"position\":1,\"name\":\"Ana sayfa\",\"item\":\"http:\\\/\\\/www.tugrulevdenevenakliyat.com\\\/\"},{\"@type\":\"ListItem\",\"position\":2,\"name\":\"Altunizade Evden Eve Nakliyat\"}]},{\"@type\":\"WebSite\",\"@id\":\"http:\\\/\\\/www.tugrulevdenevenakliyat.com\\\/#website\",\"url\":\"http:\\\/\\\/www.tugrulevdenevenakliyat.com\\\/\",\"name\":\"http:\\\/\\\/www.tugrulevdenevenakliyat.com\\\/\",\"description\":\"t&uuml;rkiye geneline evden eve nakliyat\",\"publisher\":{\"@id\":\"http:\\\/\\\/www.tugrulevdenevenakliyat.com\\\/#organization\"},\"potentialAction\":[{\"@type\":\"SearchAction\",\"target\":{\"@type\":\"EntryPoint\",\"urlTemplate\":\"http:\\\/\\\/www.tugrulevdenevenakliyat.com\\\/?s={search_term_string}\"},\"query-input\":{\"@type\":\"PropertyValueSpecification\",\"valueRequired\":true,\"valueName\":\"search_term_string\"}}],\"inLanguage\":\"tr\"},{\"@type\":\"Organization\",\"@id\":\"http:\\\/\\\/www.tugrulevdenevenakliyat.com\\\/#organization\",\"name\":\"tu\u011frulcan bak\u0131rc\u0131\",\"url\":\"http:\\\/\\\/www.tugrulevdenevenakliyat.com\\\/\",\"logo\":{\"@type\":\"ImageObject\",\"inLanguage\":\"tr\",\"@id\":\"http:\\\/\\\/www.tugrulevdenevenakliyat.com\\\/#\\\/schema\\\/logo\\\/image\\\/\",\"url\":\"http:\\\/\\\/www.tugrulevdenevenakliyat.com\\\/wp-content\\\/uploads\\\/2019\\\/12\\\/45249907_1056901127822562_5718244570844626944_n.jpg\",\"contentUrl\":\"http:\\\/\\\/www.tugrulevdenevenakliyat.com\\\/wp-content\\\/uploads\\\/2019\\\/12\\\/45249907_1056901127822562_5718244570844626944_n.jpg\",\"width\":720,\"height\":960,\"caption\":\"tu\u011frulcan bak\u0131rc\u0131\"},\"image\":{\"@id\":\"http:\\\/\\\/www.tugrulevdenevenakliyat.com\\\/#\\\/schema\\\/logo\\\/image\\\/\"},\"sameAs\":[\"https:\\\/\\\/www.facebook.com\\\/tugrul.can.39589149\",\"https:\\\/\\\/x.com\\\/TURGUT16176391\",\"https:\\\/\\\/intagram.com\\\/tugrulnakliyatt\",\"https:\\\/\\\/www.linkedin.com\\\/in\\\/salim-bakirci-9b838915b\\\/\",\"https:\\\/\\\/tr.pinterest.com\\\/bakrcturgut\\\/pins\\\/\"]}]}<\/script>\n<!-- \/ Yoast SEO plugin. -->","yoast_head_json":{"title":"Altunizade Evden Eve Nakliyat - Tu\u011frul Nakliyat Ta\u015f\u0131mac\u0131l\u0131k","description":"Altunizade Nakliyat mobilya montaj \u015fehir i\u00e7i ve \u015fehirler aras\u0131 nakliye garantili sigortal\u0131 m\u00fc\u015fteri memnuniyeti sunuyoruz olarak 0532 566 86 65","robots":{"index":"index","follow":"follow","max-snippet":"max-snippet:-1","max-image-preview":"max-image-preview:large","max-video-preview":"max-video-preview:-1"},"canonical":"http:\/\/www.tugrulevdenevenakliyat.com\/index.php\/altunizade-evden-eve-nakliyat\/","og_locale":"tr_TR","og_type":"article","og_title":"Altunizade Evden Eve Nakliyat - Tu\u011frul Nakliyat Ta\u015f\u0131mac\u0131l\u0131k","og_description":"Altunizade Nakliyat mobilya montaj \u015fehir i\u00e7i ve \u015fehirler aras\u0131 nakliye garantili sigortal\u0131 m\u00fc\u015fteri memnuniyeti sunuyoruz olarak 0532 566 86 65","og_url":"http:\/\/www.tugrulevdenevenakliyat.com\/index.php\/altunizade-evden-eve-nakliyat\/","og_site_name":"Tu\u011frul Nakliyat","article_publisher":"https:\/\/www.facebook.com\/tugrul.can.39589149","article_modified_time":"2019-12-25T18:54:29+00:00","og_image":[{"width":720,"height":669,"url":"http:\/\/www.tugrulevdenevenakliyat.com\/wp-content\/uploads\/2019\/12\/78429758_789836404798963_4826801985183285248_n.jpg","type":"image\/jpeg"}],"twitter_card":"summary_large_image","twitter_site":"@TURGUT16176391","twitter_misc":{"Tahmini okuma s\u00fcresi":"3 dakika"},"schema":{"@context":"https:\/\/schema.org","@graph":[{"@type":"WebPage","@id":"http:\/\/www.tugrulevdenevenakliyat.com\/index.php\/altunizade-evden-eve-nakliyat\/","url":"http:\/\/www.tugrulevdenevenakliyat.com\/index.php\/altunizade-evden-eve-nakliyat\/","name":"Altunizade Evden Eve Nakliyat - Tu\u011frul Nakliyat Ta\u015f\u0131mac\u0131l\u0131k","isPartOf":{"@id":"http:\/\/www.tugrulevdenevenakliyat.com\/#website"},"primaryImageOfPage":{"@id":"http:\/\/www.tugrulevdenevenakliyat.com\/index.php\/altunizade-evden-eve-nakliyat\/#primaryimage"},"image":{"@id":"http:\/\/www.tugrulevdenevenakliyat.com\/index.php\/altunizade-evden-eve-nakliyat\/#primaryimage"},"thumbnailUrl":"https:\/\/www.tugrulevdenevenakliyat.com\/wp-content\/uploads\/2019\/12\/78429758_789836404798963_4826801985183285248_n.jpg","datePublished":"2019-12-20T09:44:53+00:00","dateModified":"2019-12-25T18:54:29+00:00","description":"Altunizade Nakliyat mobilya montaj \u015fehir i\u00e7i ve \u015fehirler aras\u0131 nakliye garantili sigortal\u0131 m\u00fc\u015fteri memnuniyeti sunuyoruz olarak 0532 566 86 65","breadcrumb":{"@id":"http:\/\/www.tugrulevdenevenakliyat.com\/index.php\/altunizade-evden-eve-nakliyat\/#breadcrumb"},"inLanguage":"tr","potentialAction":[{"@type":"ReadAction","target":["http:\/\/www.tugrulevdenevenakliyat.com\/index.php\/altunizade-evden-eve-nakliyat\/"]}]},{"@type":"ImageObject","inLanguage":"tr","@id":"http:\/\/www.tugrulevdenevenakliyat.com\/index.php\/altunizade-evden-eve-nakliyat\/#primaryimage","url":"https:\/\/www.tugrulevdenevenakliyat.com\/wp-content\/uploads\/2019\/12\/78429758_789836404798963_4826801985183285248_n.jpg","contentUrl":"https:\/\/www.tugrulevdenevenakliyat.com\/wp-content\/uploads\/2019\/12\/78429758_789836404798963_4826801985183285248_n.jpg","width":720,"height":669,"caption":"altunizade evden eve nakliyat"},{"@type":"BreadcrumbList","@id":"http:\/\/www.tugrulevdenevenakliyat.com\/index.php\/altunizade-evden-eve-nakliyat\/#breadcrumb","itemListElement":[{"@type":"ListItem","position":1,"name":"Ana sayfa","item":"http:\/\/www.tugrulevdenevenakliyat.com\/"},{"@type":"ListItem","position":2,"name":"Altunizade Evden Eve Nakliyat"}]},{"@type":"WebSite","@id":"http:\/\/www.tugrulevdenevenakliyat.com\/#website","url":"http:\/\/www.tugrulevdenevenakliyat.com\/","name":"http:\/\/www.tugrulevdenevenakliyat.com\/","description":"t&uuml;rkiye geneline evden eve nakliyat","publisher":{"@id":"http:\/\/www.tugrulevdenevenakliyat.com\/#organization"},"potentialAction":[{"@type":"SearchAction","target":{"@type":"EntryPoint","urlTemplate":"http:\/\/www.tugrulevdenevenakliyat.com\/?s={search_term_string}"},"query-input":{"@type":"PropertyValueSpecification","valueRequired":true,"valueName":"search_term_string"}}],"inLanguage":"tr"},{"@type":"Organization","@id":"http:\/\/www.tugrulevdenevenakliyat.com\/#organization","name":"tu\u011frulcan bak\u0131rc\u0131","url":"http:\/\/www.tugrulevdenevenakliyat.com\/","logo":{"@type":"ImageObject","inLanguage":"tr","@id":"http:\/\/www.tugrulevdenevenakliyat.com\/#\/schema\/logo\/image\/","url":"http:\/\/www.tugrulevdenevenakliyat.com\/wp-content\/uploads\/2019\/12\/45249907_1056901127822562_5718244570844626944_n.jpg","contentUrl":"http:\/\/www.tugrulevdenevenakliyat.com\/wp-content\/uploads\/2019\/12\/45249907_1056901127822562_5718244570844626944_n.jpg","width":720,"height":960,"caption":"tu\u011frulcan bak\u0131rc\u0131"},"image":{"@id":"http:\/\/www.tugrulevdenevenakliyat.com\/#\/schema\/logo\/image\/"},"sameAs":["https:\/\/www.facebook.com\/tugrul.can.39589149","https:\/\/x.com\/TURGUT16176391","https:\/\/intagram.com\/tugrulnakliyatt","https:\/\/www.linkedin.com\/in\/salim-bakirci-9b838915b\/","https:\/\/tr.pinterest.com\/bakrcturgut\/pins\/"]}]}},"_links":{"self":[{"href":"https:\/\/www.tugrulevdenevenakliyat.com\/index.php\/wp-json\/wp\/v2\/pages\/599","targetHints":{"allow":["GET"]}}],"collection":[{"href":"https:\/\/www.tugrulevdenevenakliyat.com\/index.php\/wp-json\/wp\/v2\/pages"}],"about":[{"href":"https:\/\/www.tugrulevdenevenakliyat.com\/index.php\/wp-json\/wp\/v2\/types\/page"}],"author":[{"embeddable":true,"href":"https:\/\/www.tugrulevdenevenakliyat.com\/index.php\/wp-json\/wp\/v2\/users\/1"}],"replies":[{"embeddable":true,"href":"https:\/\/www.tugrulevdenevenakliyat.com\/index.php\/wp-json\/wp\/v2\/comments?post=599"}],"version-history":[{"count":3,"href":"https:\/\/www.tugrulevdenevenakliyat.com\/index.php\/wp-json\/wp\/v2\/pages\/599\/revisions"}],"predecessor-version":[{"id":635,"href":"https:\/\/www.tugrulevdenevenakliyat.com\/index.php\/wp-json\/wp\/v2\/pages\/599\/revisions\/635"}],"wp:featuredmedia":[{"embeddable":true,"href":"https:\/\/www.tugrulevdenevenakliyat.com\/index.php\/wp-json\/wp\/v2\/media\/601"}],"wp:attachment":[{"href":"https:\/\/www.tugrulevdenevenakliyat.com\/index.php\/wp-json\/wp\/v2\/media?parent=599"}],"curies":[{"name":"wp","href":"https:\/\/api.w.org\/{rel}","templated":true}]}}