{"id":607,"date":"2019-12-21T15:47:20","date_gmt":"2019-12-21T15:47:20","guid":{"rendered":"http:\/\/www.tugrulevdenevenakliyat.com\/?page_id=607"},"modified":"2019-12-21T15:47:20","modified_gmt":"2019-12-21T15:47:20","slug":"bulancak-evden-eve-nakliyat","status":"publish","type":"page","link":"https:\/\/www.tugrulevdenevenakliyat.com\/index.php\/bulancak-evden-eve-nakliyat\/","title":{"rendered":"bulancak evden eve nakliyat"},"content":{"rendered":"<h1 style=\"text-align: center;\"><strong>bulancak evden eve nakliyat<\/strong><\/h1>\n<p style=\"text-align: center;\">bulancak evden eve nakliyat<\/p>\n<p style=\"text-align: center;\">Evden Eve Nakliye firmalar\u0131 aras\u0131nda be\u015f y\u0131ld\u0131zl\u0131 nakliyeciler aras\u0131nda yer al\u0131yoruz.<\/p>\n<p style=\"text-align: center;\">\u015fehirler aras\u0131 evden eve nakliye\u2018de t\u00fcm i\u015flemlere ek olarak ekstra koruma y\u00f6ntemlerimizi sizlerle bulu\u015fturuyoruz.<\/p>\n<p style=\"text-align: center;\">Sizde evden eve ta\u015f\u0131mac\u0131l\u0131k hizmetinden faydalanmak istiyorsan\u0131z bir telefon yard\u0131m\u0131yla bizi arayabilirsiniz. \u0130\u015flem dahilinde olanlar\u0131 \u00f6\u011frenmek ve \u00f6zel ta\u015f\u0131ma plan\u0131 yapt\u0131rmak art\u0131k \u00e7ok daha kolay. 7 \/ 24 ileti\u015fim hatt\u0131m\u0131zdan bize g\u00fcn\u00fcn her saati ula\u015fabilirsiniz.<br \/>\nevden eve nakliye g\u00f6revlerinizi bize emanet etti\u011finiz andan itibaren i\u00e7iniz rahat olsun. Hi\u00e7bir sorun veya olumsuz durum ya\u015fanmadan e\u015fyalar\u0131n\u0131z ta\u015f\u0131nacak. Yeni evinizde ayn\u0131 d\u00fczen i\u00e7erisinde kurulacak.<br \/>\nStandart evden eve nakliye \u015firketleriniz yan\u0131 s\u0131ra t\u00fcm duvar monte, avize ve stor perdelerinizin montaj\u0131 yap\u0131lmaktad\u0131r.<\/p>\n<h2 style=\"text-align: center;\">\u00a0EVDEN EVE NAKL\u0130YAT<\/h2>\n<div id=\"attachment_456\" style=\"width: 310px\" class=\"wp-caption aligncenter\"><img loading=\"lazy\" decoding=\"async\" aria-describedby=\"caption-attachment-456\" class=\"size-medium wp-image-456\" src=\"http:\/\/www.tugrulevdenevenakliyat.com\/wp-content\/uploads\/2019\/10\/69201678_343109056573271_8802759176523612160_n-300x300.jpg\" alt=\"girsun evden eve nakliyat\" width=\"300\" height=\"300\" srcset=\"https:\/\/www.tugrulevdenevenakliyat.com\/wp-content\/uploads\/2019\/10\/69201678_343109056573271_8802759176523612160_n-300x300.jpg 300w, https:\/\/www.tugrulevdenevenakliyat.com\/wp-content\/uploads\/2019\/10\/69201678_343109056573271_8802759176523612160_n-150x150.jpg 150w, https:\/\/www.tugrulevdenevenakliyat.com\/wp-content\/uploads\/2019\/10\/69201678_343109056573271_8802759176523612160_n.jpg 540w\" sizes=\"auto, (max-width: 300px) 100vw, 300px\" \/><p id=\"caption-attachment-456\" class=\"wp-caption-text\">bulancak evden eve nakliyat<\/p><\/div>\n<p style=\"text-align: center;\"><a href=\"http:\/\/www.tugrulevdenevenakliyat.com\/\">bulancak Evden Eve Ta\u015f\u0131mac\u0131l\u0131k\u00a0<\/a>\u00d6nerileri<br \/>\nevden eve nakliye i\u015flemleriniz haftan\u0131n her g\u00fcn\u00fc ve g\u00fcn\u00fcn her saati ger\u00e7ekle\u015fmektedir. Talebinizin ard\u0131ndan \u00e7ok k\u0131sa bir s\u00fcrede ekibimizi size y\u00f6nlendirebiliriz. Toplamal\u0131 \u00e7al\u0131\u015fmalarda daha \u00f6ncesinden talep olu\u015fturmam\u0131z i\u015f ilerleyi\u015fi a\u00e7\u0131s\u0131ndan faydal\u0131d\u0131r.<br \/>\nE\u011fer yap\u0131lacak i\u015flem toplamal\u0131 de\u011filse mutfak e\u015fyalar\u0131n\u0131z\u0131n ve di\u011fer e\u015fyalar\u0131n\u0131z\u0131 ka\u011f\u0131tlarla sar\u0131n\u0131z. T\u00fcm koli ve po\u015fetleri liste haline getirip numara veriniz.<\/p>\n<h3 style=\"text-align: center;\">\u015eehiri\u00e7i\u00a0 \u00a0Evden Eve Nakliyat<\/h3>\n<div style=\"text-align: center;\">m\u00fc\u015fterilerimizle s\u00f6zle\u015fme yap\u0131p konu\u015fdugumuz saatde ve yap\u0131lan i\u015f\u00e7ilik hakk\u0131nda \u00f6n bilgi verip mobilya ve koltuk tak\u0131m\u0131 , yatak odas\u0131n\u0131 ,cocuk odan\u0131z\u0131, yemek odan\u0131z\u0131 ve duvar \u00fcnitesi fortmanto s\u00f6k\u00fcp ampalaj\u0131 yap\u0131l\u0131r beyaz e\u015fyalar\u0131n\u0131z\u0131da s\u00f6k\u00fcp ambalaj\u0131n\u0131z\u0131da yap\u0131p gideceyi yere g\u00f6t\u00fcr\u00fcp ta\u015f\u0131p montaj\u0131n\u0131 yap\u0131p tertemiz bir \u015fekilde yap\u0131p siz de\u011ferli m\u00fc\u015fterilerimize teslim etmekdir.<\/div>\n<div style=\"text-align: center;\"><\/div>\n<div style=\"text-align: center;\"><a href=\"https:\/\/www.facebook.com\/evdenevetugrulnakliyat\/\">Nakliye<\/a>\u00a0mobilya montaj \u015fehir i\u00e7i ve \u015fehirler aras\u0131 nakliye montaj garantili sigortal\u0131 ta\u015f\u0131mac\u0131l\u0131k m\u00fc\u015fteri memnuniyeti \u00f6n planda olup siz sayg\u0131 de\u011fer m\u00fc\u015fterilerimizin hizmetindeyiz kaliteli asla tesad\u00fcf de\u011fildir.H\u0130ZMETLER\u0130M\u0130ZDE SINIR YOK<\/div>\n<div style=\"text-align: center;\">Hizmetlerinde,m\u00fc\u015fterilerimize y\u00fcksek kalite ile g\u00fcvenli ve h\u0131zl\u0131 hizmet verebilmek i\u00e7in \u00e7al\u0131\u015f\u0131yoruz..<\/div>\n","protected":false},"excerpt":{"rendered":"<p>bulancak evden eve nakliyat bulancak evden eve nakliyat Evden Eve Nakliye firmalar\u0131 aras\u0131nda be\u015f y\u0131ld\u0131zl\u0131 nakliyeciler aras\u0131nda yer al\u0131yoruz. \u015fehirler aras\u0131 evden eve nakliye\u2018de t\u00fcm i\u015flemlere ek olarak ekstra koruma y\u00f6ntemlerimizi sizlerle bulu\u015fturuyoruz. Sizde evden eve ta\u015f\u0131mac\u0131l\u0131k hizmetinden faydalanmak istiyorsan\u0131z bir telefon yard\u0131m\u0131yla bizi arayabilirsiniz. \u0130\u015flem dahilinde olanlar\u0131 \u00f6\u011frenmek ve \u00f6zel ta\u015f\u0131ma plan\u0131 yapt\u0131rmak art\u0131k&hellip; <br \/> <a class=\"read-more\" href=\"https:\/\/www.tugrulevdenevenakliyat.com\/index.php\/bulancak-evden-eve-nakliyat\/\">Devam\u0131<\/a><\/p>\n","protected":false},"author":1,"featured_media":0,"parent":0,"menu_order":0,"comment_status":"closed","ping_status":"closed","template":"","meta":{"_bbp_topic_count":0,"_bbp_reply_count":0,"_bbp_total_topic_count":0,"_bbp_total_reply_count":0,"_bbp_voice_count":0,"_bbp_anonymous_reply_count":0,"_bbp_topic_count_hidden":0,"_bbp_reply_count_hidden":0,"_bbp_forum_subforum_count":0,"footnotes":""},"class_list":["post-607","page","type-page","status-publish","hentry"],"yoast_head":"<!-- This site is optimized with the Yoast SEO plugin v27.3 - https:\/\/yoast.com\/product\/yoast-seo-wordpress\/ -->\n<title>bulancak evden eve nakliyat - \u015fehiri\u00e7i ve \u015fehirler aras\u0131<\/title>\n<meta name=\"description\" content=\"bulancak Evden eve nakliyat hassasiyet,\u00f6zen ve titizlik gerektiren hizmettirEvden eve nakliyat \u015firketimiz numara 0532 566 86 65\" \/>\n<meta name=\"robots\" content=\"index, follow, max-snippet:-1, max-image-preview:large, max-video-preview:-1\" \/>\n<link rel=\"canonical\" href=\"http:\/\/www.tugrulevdenevenakliyat.com\/index.php\/bulancak-evden-eve-nakliyat\/\" \/>\n<meta property=\"og:locale\" content=\"tr_TR\" \/>\n<meta property=\"og:type\" content=\"article\" \/>\n<meta property=\"og:title\" content=\"bulancak evden eve nakliyat - \u015fehiri\u00e7i ve \u015fehirler aras\u0131\" \/>\n<meta property=\"og:description\" content=\"bulancak Evden eve nakliyat hassasiyet,\u00f6zen ve titizlik gerektiren hizmettirEvden eve nakliyat \u015firketimiz numara 0532 566 86 65\" \/>\n<meta property=\"og:url\" content=\"http:\/\/www.tugrulevdenevenakliyat.com\/index.php\/bulancak-evden-eve-nakliyat\/\" \/>\n<meta property=\"og:site_name\" content=\"Tu\u011frul Nakliyat\" \/>\n<meta property=\"article:publisher\" content=\"https:\/\/www.facebook.com\/tugrul.can.39589149\" \/>\n<meta property=\"og:image\" content=\"http:\/\/www.tugrulevdenevenakliyat.com\/wp-content\/uploads\/2019\/10\/69201678_343109056573271_8802759176523612160_n-300x300.jpg\" \/>\n<meta name=\"twitter:card\" content=\"summary_large_image\" \/>\n<meta name=\"twitter:site\" content=\"@TURGUT16176391\" \/>\n<meta name=\"twitter:label1\" content=\"Tahmini okuma s\u00fcresi\" \/>\n\t<meta name=\"twitter:data1\" content=\"2 dakika\" \/>\n<script type=\"application\/ld+json\" class=\"yoast-schema-graph\">{\"@context\":\"https:\\\/\\\/schema.org\",\"@graph\":[{\"@type\":\"WebPage\",\"@id\":\"http:\\\/\\\/www.tugrulevdenevenakliyat.com\\\/index.php\\\/bulancak-evden-eve-nakliyat\\\/\",\"url\":\"http:\\\/\\\/www.tugrulevdenevenakliyat.com\\\/index.php\\\/bulancak-evden-eve-nakliyat\\\/\",\"name\":\"bulancak evden eve nakliyat - \u015fehiri\u00e7i ve \u015fehirler aras\u0131\",\"isPartOf\":{\"@id\":\"http:\\\/\\\/www.tugrulevdenevenakliyat.com\\\/#website\"},\"primaryImageOfPage\":{\"@id\":\"http:\\\/\\\/www.tugrulevdenevenakliyat.com\\\/index.php\\\/bulancak-evden-eve-nakliyat\\\/#primaryimage\"},\"image\":{\"@id\":\"http:\\\/\\\/www.tugrulevdenevenakliyat.com\\\/index.php\\\/bulancak-evden-eve-nakliyat\\\/#primaryimage\"},\"thumbnailUrl\":\"http:\\\/\\\/www.tugrulevdenevenakliyat.com\\\/wp-content\\\/uploads\\\/2019\\\/10\\\/69201678_343109056573271_8802759176523612160_n-300x300.jpg\",\"datePublished\":\"2019-12-21T15:47:20+00:00\",\"description\":\"bulancak Evden eve nakliyat hassasiyet,\u00f6zen ve titizlik gerektiren hizmettirEvden eve nakliyat \u015firketimiz numara 0532 566 86 65\",\"breadcrumb\":{\"@id\":\"http:\\\/\\\/www.tugrulevdenevenakliyat.com\\\/index.php\\\/bulancak-evden-eve-nakliyat\\\/#breadcrumb\"},\"inLanguage\":\"tr\",\"potentialAction\":[{\"@type\":\"ReadAction\",\"target\":[\"http:\\\/\\\/www.tugrulevdenevenakliyat.com\\\/index.php\\\/bulancak-evden-eve-nakliyat\\\/\"]}]},{\"@type\":\"ImageObject\",\"inLanguage\":\"tr\",\"@id\":\"http:\\\/\\\/www.tugrulevdenevenakliyat.com\\\/index.php\\\/bulancak-evden-eve-nakliyat\\\/#primaryimage\",\"url\":\"https:\\\/\\\/www.tugrulevdenevenakliyat.com\\\/wp-content\\\/uploads\\\/2019\\\/10\\\/69201678_343109056573271_8802759176523612160_n.jpg\",\"contentUrl\":\"https:\\\/\\\/www.tugrulevdenevenakliyat.com\\\/wp-content\\\/uploads\\\/2019\\\/10\\\/69201678_343109056573271_8802759176523612160_n.jpg\",\"width\":540,\"height\":540,\"caption\":\"giresun evden eve nakliyat\"},{\"@type\":\"BreadcrumbList\",\"@id\":\"http:\\\/\\\/www.tugrulevdenevenakliyat.com\\\/index.php\\\/bulancak-evden-eve-nakliyat\\\/#breadcrumb\",\"itemListElement\":[{\"@type\":\"ListItem\",\"position\":1,\"name\":\"Ana sayfa\",\"item\":\"http:\\\/\\\/www.tugrulevdenevenakliyat.com\\\/\"},{\"@type\":\"ListItem\",\"position\":2,\"name\":\"bulancak evden eve nakliyat\"}]},{\"@type\":\"WebSite\",\"@id\":\"http:\\\/\\\/www.tugrulevdenevenakliyat.com\\\/#website\",\"url\":\"http:\\\/\\\/www.tugrulevdenevenakliyat.com\\\/\",\"name\":\"http:\\\/\\\/www.tugrulevdenevenakliyat.com\\\/\",\"description\":\"t&uuml;rkiye geneline evden eve nakliyat\",\"publisher\":{\"@id\":\"http:\\\/\\\/www.tugrulevdenevenakliyat.com\\\/#organization\"},\"potentialAction\":[{\"@type\":\"SearchAction\",\"target\":{\"@type\":\"EntryPoint\",\"urlTemplate\":\"http:\\\/\\\/www.tugrulevdenevenakliyat.com\\\/?s={search_term_string}\"},\"query-input\":{\"@type\":\"PropertyValueSpecification\",\"valueRequired\":true,\"valueName\":\"search_term_string\"}}],\"inLanguage\":\"tr\"},{\"@type\":\"Organization\",\"@id\":\"http:\\\/\\\/www.tugrulevdenevenakliyat.com\\\/#organization\",\"name\":\"tu\u011frulcan bak\u0131rc\u0131\",\"url\":\"http:\\\/\\\/www.tugrulevdenevenakliyat.com\\\/\",\"logo\":{\"@type\":\"ImageObject\",\"inLanguage\":\"tr\",\"@id\":\"http:\\\/\\\/www.tugrulevdenevenakliyat.com\\\/#\\\/schema\\\/logo\\\/image\\\/\",\"url\":\"http:\\\/\\\/www.tugrulevdenevenakliyat.com\\\/wp-content\\\/uploads\\\/2019\\\/12\\\/45249907_1056901127822562_5718244570844626944_n.jpg\",\"contentUrl\":\"http:\\\/\\\/www.tugrulevdenevenakliyat.com\\\/wp-content\\\/uploads\\\/2019\\\/12\\\/45249907_1056901127822562_5718244570844626944_n.jpg\",\"width\":720,\"height\":960,\"caption\":\"tu\u011frulcan bak\u0131rc\u0131\"},\"image\":{\"@id\":\"http:\\\/\\\/www.tugrulevdenevenakliyat.com\\\/#\\\/schema\\\/logo\\\/image\\\/\"},\"sameAs\":[\"https:\\\/\\\/www.facebook.com\\\/tugrul.can.39589149\",\"https:\\\/\\\/x.com\\\/TURGUT16176391\",\"https:\\\/\\\/intagram.com\\\/tugrulnakliyatt\",\"https:\\\/\\\/www.linkedin.com\\\/in\\\/salim-bakirci-9b838915b\\\/\",\"https:\\\/\\\/tr.pinterest.com\\\/bakrcturgut\\\/pins\\\/\"]}]}<\/script>\n<!-- \/ Yoast SEO plugin. -->","yoast_head_json":{"title":"bulancak evden eve nakliyat - \u015fehiri\u00e7i ve \u015fehirler aras\u0131","description":"bulancak Evden eve nakliyat hassasiyet,\u00f6zen ve titizlik gerektiren hizmettirEvden eve nakliyat \u015firketimiz numara 0532 566 86 65","robots":{"index":"index","follow":"follow","max-snippet":"max-snippet:-1","max-image-preview":"max-image-preview:large","max-video-preview":"max-video-preview:-1"},"canonical":"http:\/\/www.tugrulevdenevenakliyat.com\/index.php\/bulancak-evden-eve-nakliyat\/","og_locale":"tr_TR","og_type":"article","og_title":"bulancak evden eve nakliyat - \u015fehiri\u00e7i ve \u015fehirler aras\u0131","og_description":"bulancak Evden eve nakliyat hassasiyet,\u00f6zen ve titizlik gerektiren hizmettirEvden eve nakliyat \u015firketimiz numara 0532 566 86 65","og_url":"http:\/\/www.tugrulevdenevenakliyat.com\/index.php\/bulancak-evden-eve-nakliyat\/","og_site_name":"Tu\u011frul Nakliyat","article_publisher":"https:\/\/www.facebook.com\/tugrul.can.39589149","og_image":[{"url":"http:\/\/www.tugrulevdenevenakliyat.com\/wp-content\/uploads\/2019\/10\/69201678_343109056573271_8802759176523612160_n-300x300.jpg","type":"","width":"","height":""}],"twitter_card":"summary_large_image","twitter_site":"@TURGUT16176391","twitter_misc":{"Tahmini okuma s\u00fcresi":"2 dakika"},"schema":{"@context":"https:\/\/schema.org","@graph":[{"@type":"WebPage","@id":"http:\/\/www.tugrulevdenevenakliyat.com\/index.php\/bulancak-evden-eve-nakliyat\/","url":"http:\/\/www.tugrulevdenevenakliyat.com\/index.php\/bulancak-evden-eve-nakliyat\/","name":"bulancak evden eve nakliyat - \u015fehiri\u00e7i ve \u015fehirler aras\u0131","isPartOf":{"@id":"http:\/\/www.tugrulevdenevenakliyat.com\/#website"},"primaryImageOfPage":{"@id":"http:\/\/www.tugrulevdenevenakliyat.com\/index.php\/bulancak-evden-eve-nakliyat\/#primaryimage"},"image":{"@id":"http:\/\/www.tugrulevdenevenakliyat.com\/index.php\/bulancak-evden-eve-nakliyat\/#primaryimage"},"thumbnailUrl":"http:\/\/www.tugrulevdenevenakliyat.com\/wp-content\/uploads\/2019\/10\/69201678_343109056573271_8802759176523612160_n-300x300.jpg","datePublished":"2019-12-21T15:47:20+00:00","description":"bulancak Evden eve nakliyat hassasiyet,\u00f6zen ve titizlik gerektiren hizmettirEvden eve nakliyat \u015firketimiz numara 0532 566 86 65","breadcrumb":{"@id":"http:\/\/www.tugrulevdenevenakliyat.com\/index.php\/bulancak-evden-eve-nakliyat\/#breadcrumb"},"inLanguage":"tr","potentialAction":[{"@type":"ReadAction","target":["http:\/\/www.tugrulevdenevenakliyat.com\/index.php\/bulancak-evden-eve-nakliyat\/"]}]},{"@type":"ImageObject","inLanguage":"tr","@id":"http:\/\/www.tugrulevdenevenakliyat.com\/index.php\/bulancak-evden-eve-nakliyat\/#primaryimage","url":"https:\/\/www.tugrulevdenevenakliyat.com\/wp-content\/uploads\/2019\/10\/69201678_343109056573271_8802759176523612160_n.jpg","contentUrl":"https:\/\/www.tugrulevdenevenakliyat.com\/wp-content\/uploads\/2019\/10\/69201678_343109056573271_8802759176523612160_n.jpg","width":540,"height":540,"caption":"giresun evden eve nakliyat"},{"@type":"BreadcrumbList","@id":"http:\/\/www.tugrulevdenevenakliyat.com\/index.php\/bulancak-evden-eve-nakliyat\/#breadcrumb","itemListElement":[{"@type":"ListItem","position":1,"name":"Ana sayfa","item":"http:\/\/www.tugrulevdenevenakliyat.com\/"},{"@type":"ListItem","position":2,"name":"bulancak evden eve nakliyat"}]},{"@type":"WebSite","@id":"http:\/\/www.tugrulevdenevenakliyat.com\/#website","url":"http:\/\/www.tugrulevdenevenakliyat.com\/","name":"http:\/\/www.tugrulevdenevenakliyat.com\/","description":"t&uuml;rkiye geneline evden eve nakliyat","publisher":{"@id":"http:\/\/www.tugrulevdenevenakliyat.com\/#organization"},"potentialAction":[{"@type":"SearchAction","target":{"@type":"EntryPoint","urlTemplate":"http:\/\/www.tugrulevdenevenakliyat.com\/?s={search_term_string}"},"query-input":{"@type":"PropertyValueSpecification","valueRequired":true,"valueName":"search_term_string"}}],"inLanguage":"tr"},{"@type":"Organization","@id":"http:\/\/www.tugrulevdenevenakliyat.com\/#organization","name":"tu\u011frulcan bak\u0131rc\u0131","url":"http:\/\/www.tugrulevdenevenakliyat.com\/","logo":{"@type":"ImageObject","inLanguage":"tr","@id":"http:\/\/www.tugrulevdenevenakliyat.com\/#\/schema\/logo\/image\/","url":"http:\/\/www.tugrulevdenevenakliyat.com\/wp-content\/uploads\/2019\/12\/45249907_1056901127822562_5718244570844626944_n.jpg","contentUrl":"http:\/\/www.tugrulevdenevenakliyat.com\/wp-content\/uploads\/2019\/12\/45249907_1056901127822562_5718244570844626944_n.jpg","width":720,"height":960,"caption":"tu\u011frulcan bak\u0131rc\u0131"},"image":{"@id":"http:\/\/www.tugrulevdenevenakliyat.com\/#\/schema\/logo\/image\/"},"sameAs":["https:\/\/www.facebook.com\/tugrul.can.39589149","https:\/\/x.com\/TURGUT16176391","https:\/\/intagram.com\/tugrulnakliyatt","https:\/\/www.linkedin.com\/in\/salim-bakirci-9b838915b\/","https:\/\/tr.pinterest.com\/bakrcturgut\/pins\/"]}]}},"_links":{"self":[{"href":"https:\/\/www.tugrulevdenevenakliyat.com\/index.php\/wp-json\/wp\/v2\/pages\/607","targetHints":{"allow":["GET"]}}],"collection":[{"href":"https:\/\/www.tugrulevdenevenakliyat.com\/index.php\/wp-json\/wp\/v2\/pages"}],"about":[{"href":"https:\/\/www.tugrulevdenevenakliyat.com\/index.php\/wp-json\/wp\/v2\/types\/page"}],"author":[{"embeddable":true,"href":"https:\/\/www.tugrulevdenevenakliyat.com\/index.php\/wp-json\/wp\/v2\/users\/1"}],"replies":[{"embeddable":true,"href":"https:\/\/www.tugrulevdenevenakliyat.com\/index.php\/wp-json\/wp\/v2\/comments?post=607"}],"version-history":[{"count":1,"href":"https:\/\/www.tugrulevdenevenakliyat.com\/index.php\/wp-json\/wp\/v2\/pages\/607\/revisions"}],"predecessor-version":[{"id":608,"href":"https:\/\/www.tugrulevdenevenakliyat.com\/index.php\/wp-json\/wp\/v2\/pages\/607\/revisions\/608"}],"wp:attachment":[{"href":"https:\/\/www.tugrulevdenevenakliyat.com\/index.php\/wp-json\/wp\/v2\/media?parent=607"}],"curies":[{"name":"wp","href":"https:\/\/api.w.org\/{rel}","templated":true}]}}