{"id":653,"date":"2019-12-28T14:52:07","date_gmt":"2019-12-28T14:52:07","guid":{"rendered":"http:\/\/www.tugrulevdenevenakliyat.com\/?page_id=653"},"modified":"2019-12-28T14:52:07","modified_gmt":"2019-12-28T14:52:07","slug":"cevatpasa-evden-eve-nakliyat","status":"publish","type":"page","link":"https:\/\/www.tugrulevdenevenakliyat.com\/index.php\/cevatpasa-evden-eve-nakliyat\/","title":{"rendered":"Cevatpa\u015fa Evden Eve Nakliyat"},"content":{"rendered":"<h1 style=\"text-align: center;\">\u00a0 \u00a0CEVATPA\u015eA EVDEN EVE NAKL\u0130YAT<\/h1>\n<p style=\"text-align: center;\">Cevetpa\u015fa evden eve nakliyat (0532) 566 86 65<\/p>\n<p style=\"text-align: center;\">\u00a0cevatpa\u015fa nakliyat Mobilya,beyaz e\u015fya,avize gibi e\u015fyalar\u0131 tek tek s\u00f6k\u00fcl\u00fcp ve paketlenip<\/p>\n<p style=\"text-align: center;\">sonra \u00f6zenli bir \u015fekilde araca y\u00fcklenmesi ve daha sonra s\u00f6kt\u00fc\u011f\u00fcm\u00fcz t\u00fcm e\u015fyalar\u0131 ayni \u015fekilde montaj\u0131n\u0131 yap\u0131p yerine yerle\u015ftiriyoruz.<\/p>\n<p style=\"text-align: center;\"><a href=\"https:\/\/www.facebook.com\/nakliyatt52\/\">Evden Eve Nakliye firmalar\u0131<\/a> aras\u0131nda be\u015f y\u0131ld\u0131zl\u0131 nakliyeciler aras\u0131nda yer al\u0131yoruz.<\/p>\n<p style=\"text-align: center;\">\u015fehirler aras\u0131 evden eve nakliye\u2018de t\u00fcm i\u015flemlere ek olarak ekstra koruma y\u00f6ntemlerimizi sizlerle bulu\u015fturuyoruz.<\/p>\n<p style=\"text-align: center;\">Sizde evden eve ta\u015f\u0131mac\u0131l\u0131k hizmetinden faydalanmak istiyorsan\u0131z bir telefon yard\u0131m\u0131yla bizi arayabilirsiniz. \u0130\u015flem dahilinde olanlar\u0131 \u00f6\u011frenmek ve \u00f6zel ta\u015f\u0131ma plan\u0131 yapt\u0131rmak art\u0131k \u00e7ok daha kolay.<\/p>\n<p style=\"text-align: center;\">7 \/ 24 ileti\u015fim hatt\u0131m\u0131zdan bize g\u00fcn\u00fcn her saati ula\u015fabilirsiniz.<br \/>\nevden eve nakliye g\u00f6revlerinizi bize emanet etti\u011finiz andan itibaren i\u00e7iniz rahat olsun. Hi\u00e7bir sorun veya olumsuz durum ya\u015fanmadan e\u015fyalar\u0131n\u0131z ta\u015f\u0131nacak. Yeni evinizde ayn\u0131 d\u00fczen i\u00e7erisinde kurulacak.<br \/>\nStandart evden eve nakliye \u015firketleriniz yan\u0131 s\u0131ra t\u00fcm duvar monte, avize ve stor perdelerinizin montaj\u0131 yap\u0131lmaktad\u0131r.<\/p>\n<h2 style=\"text-align: center;\">Evden eve nakliyat BAYRAMPA\u015eA<\/h2>\n<div id=\"attachment_438\" style=\"width: 310px\" class=\"wp-caption aligncenter\"><img loading=\"lazy\" decoding=\"async\" aria-describedby=\"caption-attachment-438\" class=\"size-medium wp-image-438\" src=\"http:\/\/www.tugrulevdenevenakliyat.com\/wp-content\/uploads\/2019\/10\/60969851_2726241374084242_5068471638786310144_n-300x169.jpg\" alt=\"CEVATPA\u015eA EVDEN EVE NAKL\u0130YAT\" width=\"300\" height=\"169\" srcset=\"https:\/\/www.tugrulevdenevenakliyat.com\/wp-content\/uploads\/2019\/10\/60969851_2726241374084242_5068471638786310144_n-300x169.jpg 300w, https:\/\/www.tugrulevdenevenakliyat.com\/wp-content\/uploads\/2019\/10\/60969851_2726241374084242_5068471638786310144_n-768x432.jpg 768w, https:\/\/www.tugrulevdenevenakliyat.com\/wp-content\/uploads\/2019\/10\/60969851_2726241374084242_5068471638786310144_n-1024x576.jpg 1024w, https:\/\/www.tugrulevdenevenakliyat.com\/wp-content\/uploads\/2019\/10\/60969851_2726241374084242_5068471638786310144_n.jpg 1200w\" sizes=\"auto, (max-width: 300px) 100vw, 300px\" \/><p id=\"caption-attachment-438\" class=\"wp-caption-text\">CEVATPA\u015eA EVDEN EVE NAKL\u0130YAT<\/p><\/div>\n<p style=\"text-align: center;\">cevatpa\u015fa evden eve\u00a0 m\u00fc\u015fterilerimizle s\u00f6zle\u015fme yap\u0131p konu\u015fdugumuz saatde ve yap\u0131lan i\u015f\u00e7ilik hakk\u0131nda \u00f6n bilgi verip mobilya ve koltuk tak\u0131m\u0131 , yatak odas\u0131n\u0131 ,cocuk odan\u0131z\u0131, yemek odan\u0131z\u0131 ve duvar \u00fcnitesi fortmanto s\u00f6k\u00fcp ampalaj\u0131 yap\u0131l\u0131r<\/p>\n<p style=\"text-align: center;\">beyaz e\u015fyalar\u0131n\u0131z\u0131da s\u00f6k\u00fcp ambalaj\u0131n\u0131z\u0131da yap\u0131p gideceyi yere g\u00f6t\u00fcr\u00fcp ta\u015f\u0131p montaj\u0131n\u0131 yap\u0131p tertemiz bir \u015fekilde yap\u0131p siz de\u011ferli m\u00fc\u015fterilerimize teslim etmekdir.<\/p>\n<p style=\"text-align: center;\"><a href=\"http:\/\/www.tugrulevdenevenakliyat.com\">Tu\u011frul Nakliyat<\/a> 1982 y\u0131l\u0131ndan beri hizmet sunmaktay\u0131z.<\/p>\n<p style=\"text-align: center;\">M\u00fc\u015fteri memnuyetini herzaman \u00f6n planda tutan hizmet anlay\u0131\u015f\u0131m\u0131zla b\u00fcy\u00fck bir te\u00e7rubeye sahip olan bir Firmay\u0131z.Tu\u011frul Nakliyat olarak 37 y\u0131l\u0131ndan beri kusursuz ve g\u00fcvenli,hizmet vermekdeyiz.<\/p>\n<p style=\"text-align: center;\">\u015eehir i\u00e7i ve \u015fehirler aras\u0131 ve g\u00fcvenli, ta\u015f\u0131ma yapmaya devam ediyoruz.sizlerin g\u00fcvenini kazanmaya \u00e7al\u0131\u015f\u0131yoruz bizleri tercih etiniz i\u00e7in te\u015fekk\u00fcr ederiz.<\/p>\n<h3 style=\"text-align: center;\">Ev e\u015fyas\u0131 ta\u015f\u0131mac\u0131l\u0131k<\/h3>\n<p style=\"text-align: center;\">T\u00fcrkiye\u2019nin 81 ilinde, \u015fehir i\u00e7i\u00a0 veya ofisten ofise cevatpa\u015fa evden eve nakliyat<\/p>\n<p style=\"text-align: center;\">gibi her t\u00fcrl\u00fc ta\u015f\u0131ma i\u015fleminizi kolayca ger\u00e7ekle\u015ftirmek i\u00e7in nakliyat firmalar\u0131n\u0131 bir arada toplayarak, dilemi\u015f oldu\u011funuz b\u00fct\u00fcn illerdeki nakliyat hizmetlerine kolayl\u0131kla ula\u015fman\u0131z\u0131 sa\u011fl\u0131yoruz.<\/p>\n<p style=\"text-align: center;\">\u015fehir i\u00e7i evden eve veya ofisten ofise nakliyat ta\u015f\u0131mac\u0131l\u0131k<\/p>\n<p style=\"text-align: center;\">gibi her t\u00fcrl\u00fc ta\u015f\u0131ma i\u015fleminizi kolayca ger\u00e7ekle\u015ftirmek i\u00e7in nakliyat firmalar\u0131n\u0131 bir arada toplayarak, dilemi\u015f oldu\u011funuz b\u00fct\u00fcn illerdeki nakliyat hizmetlerine kolayl\u0131kla ula\u015fman\u0131z\u0131 sa\u011fl\u0131yoruz.<\/p>\n","protected":false},"excerpt":{"rendered":"<p>\u00a0 \u00a0CEVATPA\u015eA EVDEN EVE NAKL\u0130YAT Cevetpa\u015fa evden eve nakliyat (0532) 566 86 65 \u00a0cevatpa\u015fa nakliyat Mobilya,beyaz e\u015fya,avize gibi e\u015fyalar\u0131 tek tek s\u00f6k\u00fcl\u00fcp ve paketlenip sonra \u00f6zenli bir \u015fekilde araca y\u00fcklenmesi ve daha sonra s\u00f6kt\u00fc\u011f\u00fcm\u00fcz t\u00fcm e\u015fyalar\u0131 ayni \u015fekilde montaj\u0131n\u0131 yap\u0131p yerine yerle\u015ftiriyoruz. Evden Eve Nakliye firmalar\u0131 aras\u0131nda be\u015f y\u0131ld\u0131zl\u0131 nakliyeciler aras\u0131nda yer al\u0131yoruz. \u015fehirler aras\u0131&hellip; <br \/> <a class=\"read-more\" href=\"https:\/\/www.tugrulevdenevenakliyat.com\/index.php\/cevatpasa-evden-eve-nakliyat\/\">Devam\u0131<\/a><\/p>\n","protected":false},"author":1,"featured_media":563,"parent":0,"menu_order":0,"comment_status":"closed","ping_status":"closed","template":"","meta":{"_bbp_topic_count":0,"_bbp_reply_count":0,"_bbp_total_topic_count":0,"_bbp_total_reply_count":0,"_bbp_voice_count":0,"_bbp_anonymous_reply_count":0,"_bbp_topic_count_hidden":0,"_bbp_reply_count_hidden":0,"_bbp_forum_subforum_count":0,"footnotes":""},"class_list":["post-653","page","type-page","status-publish","has-post-thumbnail","hentry"],"yoast_head":"<!-- This site is optimized with the Yoast SEO plugin v27.3 - https:\/\/yoast.com\/product\/yoast-seo-wordpress\/ -->\n<title>Cevatpa\u015fa Evden Eve Nakliyat - Tu\u011frul Nakliyat Ta\u015f\u0131mac\u0131l\u0131k<\/title>\n<meta name=\"description\" content=\"Cevatpa\u015fa evden eve nakliyat M\u00fc\u015fteri memnuyetini herzaman \u00f6n planda tutan hizmet anlay\u0131\u015f\u0131m\u0131zla b\u00fcy\u00fck bir te\u00e7rubeye sahip olan bir Firmay\u0131z 0532 566 86 65\" \/>\n<meta name=\"robots\" content=\"index, follow, max-snippet:-1, max-image-preview:large, max-video-preview:-1\" \/>\n<link rel=\"canonical\" href=\"http:\/\/www.tugrulevdenevenakliyat.com\/index.php\/cevatpasa-evden-eve-nakliyat\/\" \/>\n<meta property=\"og:locale\" content=\"tr_TR\" \/>\n<meta property=\"og:type\" content=\"article\" \/>\n<meta property=\"og:title\" content=\"Cevatpa\u015fa Evden Eve Nakliyat - Tu\u011frul Nakliyat Ta\u015f\u0131mac\u0131l\u0131k\" \/>\n<meta property=\"og:description\" content=\"Cevatpa\u015fa evden eve nakliyat M\u00fc\u015fteri memnuyetini herzaman \u00f6n planda tutan hizmet anlay\u0131\u015f\u0131m\u0131zla b\u00fcy\u00fck bir te\u00e7rubeye sahip olan bir Firmay\u0131z 0532 566 86 65\" \/>\n<meta property=\"og:url\" content=\"http:\/\/www.tugrulevdenevenakliyat.com\/index.php\/cevatpasa-evden-eve-nakliyat\/\" \/>\n<meta property=\"og:site_name\" content=\"Tu\u011frul Nakliyat\" \/>\n<meta property=\"article:publisher\" content=\"https:\/\/www.facebook.com\/tugrul.can.39589149\" \/>\n<meta property=\"og:image\" content=\"http:\/\/www.tugrulevdenevenakliyat.com\/wp-content\/uploads\/2019\/12\/girginel-evden-eve-nakliyat-1png.png\" \/>\n\t<meta property=\"og:image:width\" content=\"1200\" \/>\n\t<meta property=\"og:image:height\" content=\"800\" \/>\n\t<meta property=\"og:image:type\" content=\"image\/png\" \/>\n<meta name=\"twitter:card\" content=\"summary_large_image\" \/>\n<meta name=\"twitter:site\" content=\"@TURGUT16176391\" \/>\n<meta name=\"twitter:label1\" content=\"Tahmini okuma s\u00fcresi\" \/>\n\t<meta name=\"twitter:data1\" content=\"2 dakika\" \/>\n<script type=\"application\/ld+json\" class=\"yoast-schema-graph\">{\"@context\":\"https:\\\/\\\/schema.org\",\"@graph\":[{\"@type\":\"WebPage\",\"@id\":\"http:\\\/\\\/www.tugrulevdenevenakliyat.com\\\/index.php\\\/cevatpasa-evden-eve-nakliyat\\\/\",\"url\":\"http:\\\/\\\/www.tugrulevdenevenakliyat.com\\\/index.php\\\/cevatpasa-evden-eve-nakliyat\\\/\",\"name\":\"Cevatpa\u015fa Evden Eve Nakliyat - Tu\u011frul Nakliyat Ta\u015f\u0131mac\u0131l\u0131k\",\"isPartOf\":{\"@id\":\"http:\\\/\\\/www.tugrulevdenevenakliyat.com\\\/#website\"},\"primaryImageOfPage\":{\"@id\":\"http:\\\/\\\/www.tugrulevdenevenakliyat.com\\\/index.php\\\/cevatpasa-evden-eve-nakliyat\\\/#primaryimage\"},\"image\":{\"@id\":\"http:\\\/\\\/www.tugrulevdenevenakliyat.com\\\/index.php\\\/cevatpasa-evden-eve-nakliyat\\\/#primaryimage\"},\"thumbnailUrl\":\"https:\\\/\\\/www.tugrulevdenevenakliyat.com\\\/wp-content\\\/uploads\\\/2019\\\/12\\\/girginel-evden-eve-nakliyat-1png.png\",\"datePublished\":\"2019-12-28T14:52:07+00:00\",\"description\":\"Cevatpa\u015fa evden eve nakliyat M\u00fc\u015fteri memnuyetini herzaman \u00f6n planda tutan hizmet anlay\u0131\u015f\u0131m\u0131zla b\u00fcy\u00fck bir te\u00e7rubeye sahip olan bir Firmay\u0131z 0532 566 86 65\",\"breadcrumb\":{\"@id\":\"http:\\\/\\\/www.tugrulevdenevenakliyat.com\\\/index.php\\\/cevatpasa-evden-eve-nakliyat\\\/#breadcrumb\"},\"inLanguage\":\"tr\",\"potentialAction\":[{\"@type\":\"ReadAction\",\"target\":[\"http:\\\/\\\/www.tugrulevdenevenakliyat.com\\\/index.php\\\/cevatpasa-evden-eve-nakliyat\\\/\"]}]},{\"@type\":\"ImageObject\",\"inLanguage\":\"tr\",\"@id\":\"http:\\\/\\\/www.tugrulevdenevenakliyat.com\\\/index.php\\\/cevatpasa-evden-eve-nakliyat\\\/#primaryimage\",\"url\":\"https:\\\/\\\/www.tugrulevdenevenakliyat.com\\\/wp-content\\\/uploads\\\/2019\\\/12\\\/girginel-evden-eve-nakliyat-1png.png\",\"contentUrl\":\"https:\\\/\\\/www.tugrulevdenevenakliyat.com\\\/wp-content\\\/uploads\\\/2019\\\/12\\\/girginel-evden-eve-nakliyat-1png.png\",\"width\":1200,\"height\":800,\"caption\":\"\u00fcnye evden eve atat\u00fcrk nakliyat\"},{\"@type\":\"BreadcrumbList\",\"@id\":\"http:\\\/\\\/www.tugrulevdenevenakliyat.com\\\/index.php\\\/cevatpasa-evden-eve-nakliyat\\\/#breadcrumb\",\"itemListElement\":[{\"@type\":\"ListItem\",\"position\":1,\"name\":\"Ana sayfa\",\"item\":\"http:\\\/\\\/www.tugrulevdenevenakliyat.com\\\/\"},{\"@type\":\"ListItem\",\"position\":2,\"name\":\"Cevatpa\u015fa Evden Eve Nakliyat\"}]},{\"@type\":\"WebSite\",\"@id\":\"http:\\\/\\\/www.tugrulevdenevenakliyat.com\\\/#website\",\"url\":\"http:\\\/\\\/www.tugrulevdenevenakliyat.com\\\/\",\"name\":\"http:\\\/\\\/www.tugrulevdenevenakliyat.com\\\/\",\"description\":\"t&uuml;rkiye geneline evden eve nakliyat\",\"publisher\":{\"@id\":\"http:\\\/\\\/www.tugrulevdenevenakliyat.com\\\/#organization\"},\"potentialAction\":[{\"@type\":\"SearchAction\",\"target\":{\"@type\":\"EntryPoint\",\"urlTemplate\":\"http:\\\/\\\/www.tugrulevdenevenakliyat.com\\\/?s={search_term_string}\"},\"query-input\":{\"@type\":\"PropertyValueSpecification\",\"valueRequired\":true,\"valueName\":\"search_term_string\"}}],\"inLanguage\":\"tr\"},{\"@type\":\"Organization\",\"@id\":\"http:\\\/\\\/www.tugrulevdenevenakliyat.com\\\/#organization\",\"name\":\"tu\u011frulcan bak\u0131rc\u0131\",\"url\":\"http:\\\/\\\/www.tugrulevdenevenakliyat.com\\\/\",\"logo\":{\"@type\":\"ImageObject\",\"inLanguage\":\"tr\",\"@id\":\"http:\\\/\\\/www.tugrulevdenevenakliyat.com\\\/#\\\/schema\\\/logo\\\/image\\\/\",\"url\":\"http:\\\/\\\/www.tugrulevdenevenakliyat.com\\\/wp-content\\\/uploads\\\/2019\\\/12\\\/45249907_1056901127822562_5718244570844626944_n.jpg\",\"contentUrl\":\"http:\\\/\\\/www.tugrulevdenevenakliyat.com\\\/wp-content\\\/uploads\\\/2019\\\/12\\\/45249907_1056901127822562_5718244570844626944_n.jpg\",\"width\":720,\"height\":960,\"caption\":\"tu\u011frulcan bak\u0131rc\u0131\"},\"image\":{\"@id\":\"http:\\\/\\\/www.tugrulevdenevenakliyat.com\\\/#\\\/schema\\\/logo\\\/image\\\/\"},\"sameAs\":[\"https:\\\/\\\/www.facebook.com\\\/tugrul.can.39589149\",\"https:\\\/\\\/x.com\\\/TURGUT16176391\",\"https:\\\/\\\/intagram.com\\\/tugrulnakliyatt\",\"https:\\\/\\\/www.linkedin.com\\\/in\\\/salim-bakirci-9b838915b\\\/\",\"https:\\\/\\\/tr.pinterest.com\\\/bakrcturgut\\\/pins\\\/\"]}]}<\/script>\n<!-- \/ Yoast SEO plugin. -->","yoast_head_json":{"title":"Cevatpa\u015fa Evden Eve Nakliyat - Tu\u011frul Nakliyat Ta\u015f\u0131mac\u0131l\u0131k","description":"Cevatpa\u015fa evden eve nakliyat M\u00fc\u015fteri memnuyetini herzaman \u00f6n planda tutan hizmet anlay\u0131\u015f\u0131m\u0131zla b\u00fcy\u00fck bir te\u00e7rubeye sahip olan bir Firmay\u0131z 0532 566 86 65","robots":{"index":"index","follow":"follow","max-snippet":"max-snippet:-1","max-image-preview":"max-image-preview:large","max-video-preview":"max-video-preview:-1"},"canonical":"http:\/\/www.tugrulevdenevenakliyat.com\/index.php\/cevatpasa-evden-eve-nakliyat\/","og_locale":"tr_TR","og_type":"article","og_title":"Cevatpa\u015fa Evden Eve Nakliyat - Tu\u011frul Nakliyat Ta\u015f\u0131mac\u0131l\u0131k","og_description":"Cevatpa\u015fa evden eve nakliyat M\u00fc\u015fteri memnuyetini herzaman \u00f6n planda tutan hizmet anlay\u0131\u015f\u0131m\u0131zla b\u00fcy\u00fck bir te\u00e7rubeye sahip olan bir Firmay\u0131z 0532 566 86 65","og_url":"http:\/\/www.tugrulevdenevenakliyat.com\/index.php\/cevatpasa-evden-eve-nakliyat\/","og_site_name":"Tu\u011frul Nakliyat","article_publisher":"https:\/\/www.facebook.com\/tugrul.can.39589149","og_image":[{"width":1200,"height":800,"url":"http:\/\/www.tugrulevdenevenakliyat.com\/wp-content\/uploads\/2019\/12\/girginel-evden-eve-nakliyat-1png.png","type":"image\/png"}],"twitter_card":"summary_large_image","twitter_site":"@TURGUT16176391","twitter_misc":{"Tahmini okuma s\u00fcresi":"2 dakika"},"schema":{"@context":"https:\/\/schema.org","@graph":[{"@type":"WebPage","@id":"http:\/\/www.tugrulevdenevenakliyat.com\/index.php\/cevatpasa-evden-eve-nakliyat\/","url":"http:\/\/www.tugrulevdenevenakliyat.com\/index.php\/cevatpasa-evden-eve-nakliyat\/","name":"Cevatpa\u015fa Evden Eve Nakliyat - Tu\u011frul Nakliyat Ta\u015f\u0131mac\u0131l\u0131k","isPartOf":{"@id":"http:\/\/www.tugrulevdenevenakliyat.com\/#website"},"primaryImageOfPage":{"@id":"http:\/\/www.tugrulevdenevenakliyat.com\/index.php\/cevatpasa-evden-eve-nakliyat\/#primaryimage"},"image":{"@id":"http:\/\/www.tugrulevdenevenakliyat.com\/index.php\/cevatpasa-evden-eve-nakliyat\/#primaryimage"},"thumbnailUrl":"https:\/\/www.tugrulevdenevenakliyat.com\/wp-content\/uploads\/2019\/12\/girginel-evden-eve-nakliyat-1png.png","datePublished":"2019-12-28T14:52:07+00:00","description":"Cevatpa\u015fa evden eve nakliyat M\u00fc\u015fteri memnuyetini herzaman \u00f6n planda tutan hizmet anlay\u0131\u015f\u0131m\u0131zla b\u00fcy\u00fck bir te\u00e7rubeye sahip olan bir Firmay\u0131z 0532 566 86 65","breadcrumb":{"@id":"http:\/\/www.tugrulevdenevenakliyat.com\/index.php\/cevatpasa-evden-eve-nakliyat\/#breadcrumb"},"inLanguage":"tr","potentialAction":[{"@type":"ReadAction","target":["http:\/\/www.tugrulevdenevenakliyat.com\/index.php\/cevatpasa-evden-eve-nakliyat\/"]}]},{"@type":"ImageObject","inLanguage":"tr","@id":"http:\/\/www.tugrulevdenevenakliyat.com\/index.php\/cevatpasa-evden-eve-nakliyat\/#primaryimage","url":"https:\/\/www.tugrulevdenevenakliyat.com\/wp-content\/uploads\/2019\/12\/girginel-evden-eve-nakliyat-1png.png","contentUrl":"https:\/\/www.tugrulevdenevenakliyat.com\/wp-content\/uploads\/2019\/12\/girginel-evden-eve-nakliyat-1png.png","width":1200,"height":800,"caption":"\u00fcnye evden eve atat\u00fcrk nakliyat"},{"@type":"BreadcrumbList","@id":"http:\/\/www.tugrulevdenevenakliyat.com\/index.php\/cevatpasa-evden-eve-nakliyat\/#breadcrumb","itemListElement":[{"@type":"ListItem","position":1,"name":"Ana sayfa","item":"http:\/\/www.tugrulevdenevenakliyat.com\/"},{"@type":"ListItem","position":2,"name":"Cevatpa\u015fa Evden Eve Nakliyat"}]},{"@type":"WebSite","@id":"http:\/\/www.tugrulevdenevenakliyat.com\/#website","url":"http:\/\/www.tugrulevdenevenakliyat.com\/","name":"http:\/\/www.tugrulevdenevenakliyat.com\/","description":"t&uuml;rkiye geneline evden eve nakliyat","publisher":{"@id":"http:\/\/www.tugrulevdenevenakliyat.com\/#organization"},"potentialAction":[{"@type":"SearchAction","target":{"@type":"EntryPoint","urlTemplate":"http:\/\/www.tugrulevdenevenakliyat.com\/?s={search_term_string}"},"query-input":{"@type":"PropertyValueSpecification","valueRequired":true,"valueName":"search_term_string"}}],"inLanguage":"tr"},{"@type":"Organization","@id":"http:\/\/www.tugrulevdenevenakliyat.com\/#organization","name":"tu\u011frulcan bak\u0131rc\u0131","url":"http:\/\/www.tugrulevdenevenakliyat.com\/","logo":{"@type":"ImageObject","inLanguage":"tr","@id":"http:\/\/www.tugrulevdenevenakliyat.com\/#\/schema\/logo\/image\/","url":"http:\/\/www.tugrulevdenevenakliyat.com\/wp-content\/uploads\/2019\/12\/45249907_1056901127822562_5718244570844626944_n.jpg","contentUrl":"http:\/\/www.tugrulevdenevenakliyat.com\/wp-content\/uploads\/2019\/12\/45249907_1056901127822562_5718244570844626944_n.jpg","width":720,"height":960,"caption":"tu\u011frulcan bak\u0131rc\u0131"},"image":{"@id":"http:\/\/www.tugrulevdenevenakliyat.com\/#\/schema\/logo\/image\/"},"sameAs":["https:\/\/www.facebook.com\/tugrul.can.39589149","https:\/\/x.com\/TURGUT16176391","https:\/\/intagram.com\/tugrulnakliyatt","https:\/\/www.linkedin.com\/in\/salim-bakirci-9b838915b\/","https:\/\/tr.pinterest.com\/bakrcturgut\/pins\/"]}]}},"_links":{"self":[{"href":"https:\/\/www.tugrulevdenevenakliyat.com\/index.php\/wp-json\/wp\/v2\/pages\/653","targetHints":{"allow":["GET"]}}],"collection":[{"href":"https:\/\/www.tugrulevdenevenakliyat.com\/index.php\/wp-json\/wp\/v2\/pages"}],"about":[{"href":"https:\/\/www.tugrulevdenevenakliyat.com\/index.php\/wp-json\/wp\/v2\/types\/page"}],"author":[{"embeddable":true,"href":"https:\/\/www.tugrulevdenevenakliyat.com\/index.php\/wp-json\/wp\/v2\/users\/1"}],"replies":[{"embeddable":true,"href":"https:\/\/www.tugrulevdenevenakliyat.com\/index.php\/wp-json\/wp\/v2\/comments?post=653"}],"version-history":[{"count":2,"href":"https:\/\/www.tugrulevdenevenakliyat.com\/index.php\/wp-json\/wp\/v2\/pages\/653\/revisions"}],"predecessor-version":[{"id":655,"href":"https:\/\/www.tugrulevdenevenakliyat.com\/index.php\/wp-json\/wp\/v2\/pages\/653\/revisions\/655"}],"wp:featuredmedia":[{"embeddable":true,"href":"https:\/\/www.tugrulevdenevenakliyat.com\/index.php\/wp-json\/wp\/v2\/media\/563"}],"wp:attachment":[{"href":"https:\/\/www.tugrulevdenevenakliyat.com\/index.php\/wp-json\/wp\/v2\/media?parent=653"}],"curies":[{"name":"wp","href":"https:\/\/api.w.org\/{rel}","templated":true}]}}