{"id":660,"date":"2019-12-29T16:23:07","date_gmt":"2019-12-29T16:23:07","guid":{"rendered":"http:\/\/www.tugrulevdenevenakliyat.com\/?page_id=660"},"modified":"2019-12-29T16:23:07","modified_gmt":"2019-12-29T16:23:07","slug":"kartaltepe-evden-eve-nakliyat","status":"publish","type":"page","link":"https:\/\/www.tugrulevdenevenakliyat.com\/index.php\/kartaltepe-evden-eve-nakliyat\/","title":{"rendered":"Kartaltepe Evden Eve Nakliyat"},"content":{"rendered":"<h1 style=\"text-align: center;\">KARTALTEPE EVDEN EVE NAKL\u0130YAT<\/h1>\n<p style=\"text-align: center;\">Kartaltepe evden eve nakliyat (0532)566 86 65<\/p>\n<p style=\"text-align: center;\">7 \/ 24 ileti\u015fim hatt\u0131m\u0131zdan bize g\u00fcn\u00fcn her saati ula\u015fabilirsiniz.<br \/>\nevden eve nakliye g\u00f6revlerinizi bize emanet etti\u011finiz andan itibaren i\u00e7iniz rahat olsun.<\/p>\n<p style=\"text-align: center;\">Hi\u00e7bir sorun veya olumsuz durum ya\u015fanmadan e\u015fyalar\u0131n\u0131z ta\u015f\u0131nacak.<\/p>\n<p style=\"text-align: center;\"><a href=\"https:\/\/www.facebook.com\/nakliyatt52\">Tu\u011frul nakliyat<\/a> Yeni evinizde ayn\u0131 d\u00fczen i\u00e7erisinde kurulacak.<br \/>\nStandart evden eve nakliye \u015firketleriniz yan\u0131 s\u0131ra t\u00fcm duvar monte, avize ve stor perdelerinizin montaj\u0131 yap\u0131lmaktad\u0131r.<\/p>\n<div id=\"attachment_661\" style=\"width: 212px\" class=\"wp-caption aligncenter\"><img loading=\"lazy\" decoding=\"async\" aria-describedby=\"caption-attachment-661\" class=\" wp-image-661\" src=\"http:\/\/www.tugrulevdenevenakliyat.com\/wp-content\/uploads\/2019\/12\/69512469_536288787115214_202769842745376768_n-300x300.jpg\" alt=\"kartaltepe evden eve nakliyat\" width=\"202\" height=\"202\" srcset=\"https:\/\/www.tugrulevdenevenakliyat.com\/wp-content\/uploads\/2019\/12\/69512469_536288787115214_202769842745376768_n-300x300.jpg 300w, https:\/\/www.tugrulevdenevenakliyat.com\/wp-content\/uploads\/2019\/12\/69512469_536288787115214_202769842745376768_n-150x150.jpg 150w, https:\/\/www.tugrulevdenevenakliyat.com\/wp-content\/uploads\/2019\/12\/69512469_536288787115214_202769842745376768_n.jpg 540w\" sizes=\"auto, (max-width: 202px) 100vw, 202px\" \/><p id=\"caption-attachment-661\" class=\"wp-caption-text\">kartaltepe evden eve nakliyat<\/p><\/div>\n<h2 style=\"text-align: center;\">evden eve kartaltepe nakliyat<\/h2>\n<p style=\"text-align: center;\">evden eve\u00a0 m\u00fc\u015fterilerimizle s\u00f6zle\u015fme yap\u0131p konu\u015fdugumuz saatde ve yap\u0131lan i\u015f\u00e7ilik hakk\u0131nda \u00f6n bilgi verip mobilya ve koltuk tak\u0131m\u0131 , yatak odas\u0131n\u0131 ,cocuk odan\u0131z\u0131, yemek odan\u0131z\u0131 ve duvar \u00fcnitesi fortmanto s\u00f6k\u00fcp ampalaj\u0131 yap\u0131l\u0131r<\/p>\n<p style=\"text-align: center;\">beyaz e\u015fyalar\u0131n\u0131z\u0131da s\u00f6k\u00fcp ambalaj\u0131n\u0131z\u0131da yap\u0131p gideceyi yere g\u00f6t\u00fcr\u00fcp ta\u015f\u0131p montaj\u0131n\u0131 yap\u0131p tertemiz bir \u015fekilde yap\u0131p siz de\u011ferli m\u00fc\u015fterilerimize teslim etmekdir.<\/p>\n<p style=\"text-align: center;\">T\u00fcrkiye\u2019nin 81 ilinde, \u015fehir i\u00e7i\u00a0 veya ofisten ofise bak\u0131rk\u00f6y\u00a0 evden eve nakliyat<\/p>\n<p style=\"text-align: center;\">gibi her t\u00fcrl\u00fc ta\u015f\u0131ma i\u015fleminizi kolayca ger\u00e7ekle\u015ftirmek i\u00e7in nakliyat firmalar\u0131n\u0131 bir arada toplayarak, dilemi\u015f oldu\u011funuz b\u00fct\u00fcn illerdeki nakliyat hizmetlerine kolayl\u0131kla ula\u015fman\u0131z\u0131 sa\u011fl\u0131yoruz.<\/p>\n<p style=\"text-align: center;\">\u015fehir i\u00e7i evden eve veya ofisten ofise nakliyat ta\u015f\u0131mac\u0131l\u0131k<\/p>\n<p style=\"text-align: center;\">gibi her t\u00fcrl\u00fc ta\u015f\u0131ma i\u015fleminizi kolayca ger\u00e7ekle\u015ftirmek i\u00e7in nakliyat firmalar\u0131n\u0131 bir arada toplayarak, dilemi\u015f oldu\u011funuz b\u00fct\u00fcn illerdeki nakliyat hizmetlerine kolayl\u0131kla ula\u015fman\u0131z\u0131 sa\u011fl\u0131yoruz.<\/p>\n<h3 style=\"text-align: center;\">\u015fehirler aras\u0131 ta\u015f\u0131mac\u0131l\u0131k<\/h3>\n<p style=\"text-align: center;\">\u015fehirler aras\u0131 ta\u015f\u0131mac\u0131l\u0131k ve \u015fehirler i\u00e7i nakliyat\u00a0 hassasiyet,\u00f6zen ve titizlik\u00a0 gerektiren hizmettir<\/p>\n<p style=\"text-align: center;\"><a href=\"http:\/\/www.tugrulevdenevenakliyat.com\">Evden eve nakliyat<\/a> \u015firketimiz uzman kadromuz h\u0131zl\u0131 ve g\u00fcvenilir ta\u015f\u0131ma hizmeti veriyoruz.<br \/>\nEvden eve nakliyat olarak A\u2019dan Z\u2019ye nakliyat \u015firketimiz \u00fcstlenir.Mobilya,beyaz e\u015fya,avize gibi e\u015fyalar\u0131 tek tek s\u00f6k\u00fcl\u00fcp ve paketlenip sonra \u00f6zenli bir \u015fekilde araca y\u00fcklenmesi ve daha sonra s\u00f6kt\u00fc\u011f\u00fcm\u00fcz t\u00fcm e\u015fyalar\u0131 ayni \u015fekilde montaj\u0131n\u0131 yap\u0131p yerine yerle\u015ftiriyoruz Tu\u011frul Nakliyat olarak .<\/p>\n<p style=\"text-align: center;\">1+1 Daire Ta\u015f\u0131mas\u0131= 900-1200<br \/>\n2+1 Daire Ta\u015f\u0131mas\u0131=1200-1500<br \/>\n3+1 Daire Ta\u015f\u0131mas\u0131=1500-2000<br \/>\n4+1 Daire ve Villa Ta\u015f\u0131mas\u0131=2000-5000<\/p>\n<h4 style=\"text-align: center;\">hizmetlerimiz<\/h4>\n<p style=\"text-align: center;\">\u00dc\u00e7retsiz Experiz Hizmeti<br \/>\nSi\u011fortal\u0131 Evden Eve Nakliyat<br \/>\n\u015eehiri\u00e7i Evden Eve Nakliyat<br \/>\n\u015eehirleri\u00e7i Evden Eve Nakliyat<br \/>\nPaketleme ve Ambalajlama<br \/>\nEvden Eve Ta\u015f\u0131mac\u0131l\u0131k<br \/>\nAsans\u00f6rl\u00fc Evden Eve Nakliyat<br \/>\nEvden Eve Nakliye<br \/>\nVilla Ta\u015f\u0131mac\u0131l\u0131k<br \/>\nOfis Ta\u015f\u0131mac\u0131l\u0131k<br \/>\n\u0130\u015fyeri Ta\u015f\u0131mac\u0131l\u0131k<br \/>\nFuar Ta\u015f\u0131mac\u0131l\u0131k<\/p>\n<p>Bizler 81 ilde hizmet vermekteyiz sizler bizlere bir telefon kadar yak\u0131ns\u0131n\u0131z (0532) 566 86 65 ve (0537) 293 96\u00a0 82<\/p>\n","protected":false},"excerpt":{"rendered":"<p>KARTALTEPE EVDEN EVE NAKL\u0130YAT Kartaltepe evden eve nakliyat (0532)566 86 65 7 \/ 24 ileti\u015fim hatt\u0131m\u0131zdan bize g\u00fcn\u00fcn her saati ula\u015fabilirsiniz. evden eve nakliye g\u00f6revlerinizi bize emanet etti\u011finiz andan itibaren i\u00e7iniz rahat olsun. Hi\u00e7bir sorun veya olumsuz durum ya\u015fanmadan e\u015fyalar\u0131n\u0131z ta\u015f\u0131nacak. Tu\u011frul nakliyat Yeni evinizde ayn\u0131 d\u00fczen i\u00e7erisinde kurulacak. Standart evden eve nakliye \u015firketleriniz yan\u0131&hellip; <br \/> <a class=\"read-more\" href=\"https:\/\/www.tugrulevdenevenakliyat.com\/index.php\/kartaltepe-evden-eve-nakliyat\/\">Devam\u0131<\/a><\/p>\n","protected":false},"author":1,"featured_media":563,"parent":0,"menu_order":0,"comment_status":"closed","ping_status":"closed","template":"","meta":{"_bbp_topic_count":0,"_bbp_reply_count":0,"_bbp_total_topic_count":0,"_bbp_total_reply_count":0,"_bbp_voice_count":0,"_bbp_anonymous_reply_count":0,"_bbp_topic_count_hidden":0,"_bbp_reply_count_hidden":0,"_bbp_forum_subforum_count":0,"footnotes":""},"class_list":["post-660","page","type-page","status-publish","has-post-thumbnail","hentry"],"yoast_head":"<!-- This site is optimized with the Yoast SEO plugin v27.3 - https:\/\/yoast.com\/product\/yoast-seo-wordpress\/ -->\n<title>Kartaltepe Evden Eve Nakliyat - Tu\u011frul NakliyatBak\u0131rk\u00f6y<\/title>\n<meta name=\"description\" content=\"kartaltepe evden eve nakliyat \u015fehirler aras\u0131 ta\u015f\u0131mac\u0131l\u0131k ve \u015fehirler i\u00e7i nakliyat\u00a0 hassasiyet,\u00f6zen ve titizlik\u00a0 gerektiren hizmettir. (0532)566 86 65\" \/>\n<meta name=\"robots\" content=\"index, follow, max-snippet:-1, max-image-preview:large, max-video-preview:-1\" \/>\n<link rel=\"canonical\" href=\"http:\/\/www.tugrulevdenevenakliyat.com\/index.php\/kartaltepe-evden-eve-nakliyat\/\" \/>\n<meta property=\"og:locale\" content=\"tr_TR\" \/>\n<meta property=\"og:type\" content=\"article\" \/>\n<meta property=\"og:title\" content=\"Kartaltepe Evden Eve Nakliyat - Tu\u011frul NakliyatBak\u0131rk\u00f6y\" \/>\n<meta property=\"og:description\" content=\"kartaltepe evden eve nakliyat \u015fehirler aras\u0131 ta\u015f\u0131mac\u0131l\u0131k ve \u015fehirler i\u00e7i nakliyat\u00a0 hassasiyet,\u00f6zen ve titizlik\u00a0 gerektiren hizmettir. (0532)566 86 65\" \/>\n<meta property=\"og:url\" content=\"http:\/\/www.tugrulevdenevenakliyat.com\/index.php\/kartaltepe-evden-eve-nakliyat\/\" \/>\n<meta property=\"og:site_name\" content=\"Tu\u011frul Nakliyat\" \/>\n<meta property=\"article:publisher\" content=\"https:\/\/www.facebook.com\/tugrul.can.39589149\" \/>\n<meta property=\"og:image\" content=\"http:\/\/www.tugrulevdenevenakliyat.com\/wp-content\/uploads\/2019\/12\/girginel-evden-eve-nakliyat-1png.png\" \/>\n\t<meta property=\"og:image:width\" content=\"1200\" \/>\n\t<meta property=\"og:image:height\" content=\"800\" \/>\n\t<meta property=\"og:image:type\" content=\"image\/png\" \/>\n<meta name=\"twitter:card\" content=\"summary_large_image\" \/>\n<meta name=\"twitter:site\" content=\"@TURGUT16176391\" \/>\n<meta name=\"twitter:label1\" content=\"Tahmini okuma s\u00fcresi\" \/>\n\t<meta name=\"twitter:data1\" content=\"2 dakika\" \/>\n<script type=\"application\/ld+json\" class=\"yoast-schema-graph\">{\"@context\":\"https:\\\/\\\/schema.org\",\"@graph\":[{\"@type\":\"WebPage\",\"@id\":\"http:\\\/\\\/www.tugrulevdenevenakliyat.com\\\/index.php\\\/kartaltepe-evden-eve-nakliyat\\\/\",\"url\":\"http:\\\/\\\/www.tugrulevdenevenakliyat.com\\\/index.php\\\/kartaltepe-evden-eve-nakliyat\\\/\",\"name\":\"Kartaltepe Evden Eve Nakliyat - Tu\u011frul NakliyatBak\u0131rk\u00f6y\",\"isPartOf\":{\"@id\":\"http:\\\/\\\/www.tugrulevdenevenakliyat.com\\\/#website\"},\"primaryImageOfPage\":{\"@id\":\"http:\\\/\\\/www.tugrulevdenevenakliyat.com\\\/index.php\\\/kartaltepe-evden-eve-nakliyat\\\/#primaryimage\"},\"image\":{\"@id\":\"http:\\\/\\\/www.tugrulevdenevenakliyat.com\\\/index.php\\\/kartaltepe-evden-eve-nakliyat\\\/#primaryimage\"},\"thumbnailUrl\":\"https:\\\/\\\/www.tugrulevdenevenakliyat.com\\\/wp-content\\\/uploads\\\/2019\\\/12\\\/girginel-evden-eve-nakliyat-1png.png\",\"datePublished\":\"2019-12-29T16:23:07+00:00\",\"description\":\"kartaltepe evden eve nakliyat \u015fehirler aras\u0131 ta\u015f\u0131mac\u0131l\u0131k ve \u015fehirler i\u00e7i nakliyat\u00a0 hassasiyet,\u00f6zen ve titizlik\u00a0 gerektiren hizmettir. (0532)566 86 65\",\"breadcrumb\":{\"@id\":\"http:\\\/\\\/www.tugrulevdenevenakliyat.com\\\/index.php\\\/kartaltepe-evden-eve-nakliyat\\\/#breadcrumb\"},\"inLanguage\":\"tr\",\"potentialAction\":[{\"@type\":\"ReadAction\",\"target\":[\"http:\\\/\\\/www.tugrulevdenevenakliyat.com\\\/index.php\\\/kartaltepe-evden-eve-nakliyat\\\/\"]}]},{\"@type\":\"ImageObject\",\"inLanguage\":\"tr\",\"@id\":\"http:\\\/\\\/www.tugrulevdenevenakliyat.com\\\/index.php\\\/kartaltepe-evden-eve-nakliyat\\\/#primaryimage\",\"url\":\"https:\\\/\\\/www.tugrulevdenevenakliyat.com\\\/wp-content\\\/uploads\\\/2019\\\/12\\\/girginel-evden-eve-nakliyat-1png.png\",\"contentUrl\":\"https:\\\/\\\/www.tugrulevdenevenakliyat.com\\\/wp-content\\\/uploads\\\/2019\\\/12\\\/girginel-evden-eve-nakliyat-1png.png\",\"width\":1200,\"height\":800,\"caption\":\"\u00fcnye evden eve atat\u00fcrk nakliyat\"},{\"@type\":\"BreadcrumbList\",\"@id\":\"http:\\\/\\\/www.tugrulevdenevenakliyat.com\\\/index.php\\\/kartaltepe-evden-eve-nakliyat\\\/#breadcrumb\",\"itemListElement\":[{\"@type\":\"ListItem\",\"position\":1,\"name\":\"Ana sayfa\",\"item\":\"http:\\\/\\\/www.tugrulevdenevenakliyat.com\\\/\"},{\"@type\":\"ListItem\",\"position\":2,\"name\":\"Kartaltepe Evden Eve Nakliyat\"}]},{\"@type\":\"WebSite\",\"@id\":\"http:\\\/\\\/www.tugrulevdenevenakliyat.com\\\/#website\",\"url\":\"http:\\\/\\\/www.tugrulevdenevenakliyat.com\\\/\",\"name\":\"http:\\\/\\\/www.tugrulevdenevenakliyat.com\\\/\",\"description\":\"t&uuml;rkiye geneline evden eve nakliyat\",\"publisher\":{\"@id\":\"http:\\\/\\\/www.tugrulevdenevenakliyat.com\\\/#organization\"},\"potentialAction\":[{\"@type\":\"SearchAction\",\"target\":{\"@type\":\"EntryPoint\",\"urlTemplate\":\"http:\\\/\\\/www.tugrulevdenevenakliyat.com\\\/?s={search_term_string}\"},\"query-input\":{\"@type\":\"PropertyValueSpecification\",\"valueRequired\":true,\"valueName\":\"search_term_string\"}}],\"inLanguage\":\"tr\"},{\"@type\":\"Organization\",\"@id\":\"http:\\\/\\\/www.tugrulevdenevenakliyat.com\\\/#organization\",\"name\":\"tu\u011frulcan bak\u0131rc\u0131\",\"url\":\"http:\\\/\\\/www.tugrulevdenevenakliyat.com\\\/\",\"logo\":{\"@type\":\"ImageObject\",\"inLanguage\":\"tr\",\"@id\":\"http:\\\/\\\/www.tugrulevdenevenakliyat.com\\\/#\\\/schema\\\/logo\\\/image\\\/\",\"url\":\"http:\\\/\\\/www.tugrulevdenevenakliyat.com\\\/wp-content\\\/uploads\\\/2019\\\/12\\\/45249907_1056901127822562_5718244570844626944_n.jpg\",\"contentUrl\":\"http:\\\/\\\/www.tugrulevdenevenakliyat.com\\\/wp-content\\\/uploads\\\/2019\\\/12\\\/45249907_1056901127822562_5718244570844626944_n.jpg\",\"width\":720,\"height\":960,\"caption\":\"tu\u011frulcan bak\u0131rc\u0131\"},\"image\":{\"@id\":\"http:\\\/\\\/www.tugrulevdenevenakliyat.com\\\/#\\\/schema\\\/logo\\\/image\\\/\"},\"sameAs\":[\"https:\\\/\\\/www.facebook.com\\\/tugrul.can.39589149\",\"https:\\\/\\\/x.com\\\/TURGUT16176391\",\"https:\\\/\\\/intagram.com\\\/tugrulnakliyatt\",\"https:\\\/\\\/www.linkedin.com\\\/in\\\/salim-bakirci-9b838915b\\\/\",\"https:\\\/\\\/tr.pinterest.com\\\/bakrcturgut\\\/pins\\\/\"]}]}<\/script>\n<!-- \/ Yoast SEO plugin. -->","yoast_head_json":{"title":"Kartaltepe Evden Eve Nakliyat - Tu\u011frul NakliyatBak\u0131rk\u00f6y","description":"kartaltepe evden eve nakliyat \u015fehirler aras\u0131 ta\u015f\u0131mac\u0131l\u0131k ve \u015fehirler i\u00e7i nakliyat\u00a0 hassasiyet,\u00f6zen ve titizlik\u00a0 gerektiren hizmettir. (0532)566 86 65","robots":{"index":"index","follow":"follow","max-snippet":"max-snippet:-1","max-image-preview":"max-image-preview:large","max-video-preview":"max-video-preview:-1"},"canonical":"http:\/\/www.tugrulevdenevenakliyat.com\/index.php\/kartaltepe-evden-eve-nakliyat\/","og_locale":"tr_TR","og_type":"article","og_title":"Kartaltepe Evden Eve Nakliyat - Tu\u011frul NakliyatBak\u0131rk\u00f6y","og_description":"kartaltepe evden eve nakliyat \u015fehirler aras\u0131 ta\u015f\u0131mac\u0131l\u0131k ve \u015fehirler i\u00e7i nakliyat\u00a0 hassasiyet,\u00f6zen ve titizlik\u00a0 gerektiren hizmettir. (0532)566 86 65","og_url":"http:\/\/www.tugrulevdenevenakliyat.com\/index.php\/kartaltepe-evden-eve-nakliyat\/","og_site_name":"Tu\u011frul Nakliyat","article_publisher":"https:\/\/www.facebook.com\/tugrul.can.39589149","og_image":[{"width":1200,"height":800,"url":"http:\/\/www.tugrulevdenevenakliyat.com\/wp-content\/uploads\/2019\/12\/girginel-evden-eve-nakliyat-1png.png","type":"image\/png"}],"twitter_card":"summary_large_image","twitter_site":"@TURGUT16176391","twitter_misc":{"Tahmini okuma s\u00fcresi":"2 dakika"},"schema":{"@context":"https:\/\/schema.org","@graph":[{"@type":"WebPage","@id":"http:\/\/www.tugrulevdenevenakliyat.com\/index.php\/kartaltepe-evden-eve-nakliyat\/","url":"http:\/\/www.tugrulevdenevenakliyat.com\/index.php\/kartaltepe-evden-eve-nakliyat\/","name":"Kartaltepe Evden Eve Nakliyat - Tu\u011frul NakliyatBak\u0131rk\u00f6y","isPartOf":{"@id":"http:\/\/www.tugrulevdenevenakliyat.com\/#website"},"primaryImageOfPage":{"@id":"http:\/\/www.tugrulevdenevenakliyat.com\/index.php\/kartaltepe-evden-eve-nakliyat\/#primaryimage"},"image":{"@id":"http:\/\/www.tugrulevdenevenakliyat.com\/index.php\/kartaltepe-evden-eve-nakliyat\/#primaryimage"},"thumbnailUrl":"https:\/\/www.tugrulevdenevenakliyat.com\/wp-content\/uploads\/2019\/12\/girginel-evden-eve-nakliyat-1png.png","datePublished":"2019-12-29T16:23:07+00:00","description":"kartaltepe evden eve nakliyat \u015fehirler aras\u0131 ta\u015f\u0131mac\u0131l\u0131k ve \u015fehirler i\u00e7i nakliyat\u00a0 hassasiyet,\u00f6zen ve titizlik\u00a0 gerektiren hizmettir. (0532)566 86 65","breadcrumb":{"@id":"http:\/\/www.tugrulevdenevenakliyat.com\/index.php\/kartaltepe-evden-eve-nakliyat\/#breadcrumb"},"inLanguage":"tr","potentialAction":[{"@type":"ReadAction","target":["http:\/\/www.tugrulevdenevenakliyat.com\/index.php\/kartaltepe-evden-eve-nakliyat\/"]}]},{"@type":"ImageObject","inLanguage":"tr","@id":"http:\/\/www.tugrulevdenevenakliyat.com\/index.php\/kartaltepe-evden-eve-nakliyat\/#primaryimage","url":"https:\/\/www.tugrulevdenevenakliyat.com\/wp-content\/uploads\/2019\/12\/girginel-evden-eve-nakliyat-1png.png","contentUrl":"https:\/\/www.tugrulevdenevenakliyat.com\/wp-content\/uploads\/2019\/12\/girginel-evden-eve-nakliyat-1png.png","width":1200,"height":800,"caption":"\u00fcnye evden eve atat\u00fcrk nakliyat"},{"@type":"BreadcrumbList","@id":"http:\/\/www.tugrulevdenevenakliyat.com\/index.php\/kartaltepe-evden-eve-nakliyat\/#breadcrumb","itemListElement":[{"@type":"ListItem","position":1,"name":"Ana sayfa","item":"http:\/\/www.tugrulevdenevenakliyat.com\/"},{"@type":"ListItem","position":2,"name":"Kartaltepe Evden Eve Nakliyat"}]},{"@type":"WebSite","@id":"http:\/\/www.tugrulevdenevenakliyat.com\/#website","url":"http:\/\/www.tugrulevdenevenakliyat.com\/","name":"http:\/\/www.tugrulevdenevenakliyat.com\/","description":"t&uuml;rkiye geneline evden eve nakliyat","publisher":{"@id":"http:\/\/www.tugrulevdenevenakliyat.com\/#organization"},"potentialAction":[{"@type":"SearchAction","target":{"@type":"EntryPoint","urlTemplate":"http:\/\/www.tugrulevdenevenakliyat.com\/?s={search_term_string}"},"query-input":{"@type":"PropertyValueSpecification","valueRequired":true,"valueName":"search_term_string"}}],"inLanguage":"tr"},{"@type":"Organization","@id":"http:\/\/www.tugrulevdenevenakliyat.com\/#organization","name":"tu\u011frulcan bak\u0131rc\u0131","url":"http:\/\/www.tugrulevdenevenakliyat.com\/","logo":{"@type":"ImageObject","inLanguage":"tr","@id":"http:\/\/www.tugrulevdenevenakliyat.com\/#\/schema\/logo\/image\/","url":"http:\/\/www.tugrulevdenevenakliyat.com\/wp-content\/uploads\/2019\/12\/45249907_1056901127822562_5718244570844626944_n.jpg","contentUrl":"http:\/\/www.tugrulevdenevenakliyat.com\/wp-content\/uploads\/2019\/12\/45249907_1056901127822562_5718244570844626944_n.jpg","width":720,"height":960,"caption":"tu\u011frulcan bak\u0131rc\u0131"},"image":{"@id":"http:\/\/www.tugrulevdenevenakliyat.com\/#\/schema\/logo\/image\/"},"sameAs":["https:\/\/www.facebook.com\/tugrul.can.39589149","https:\/\/x.com\/TURGUT16176391","https:\/\/intagram.com\/tugrulnakliyatt","https:\/\/www.linkedin.com\/in\/salim-bakirci-9b838915b\/","https:\/\/tr.pinterest.com\/bakrcturgut\/pins\/"]}]}},"_links":{"self":[{"href":"https:\/\/www.tugrulevdenevenakliyat.com\/index.php\/wp-json\/wp\/v2\/pages\/660","targetHints":{"allow":["GET"]}}],"collection":[{"href":"https:\/\/www.tugrulevdenevenakliyat.com\/index.php\/wp-json\/wp\/v2\/pages"}],"about":[{"href":"https:\/\/www.tugrulevdenevenakliyat.com\/index.php\/wp-json\/wp\/v2\/types\/page"}],"author":[{"embeddable":true,"href":"https:\/\/www.tugrulevdenevenakliyat.com\/index.php\/wp-json\/wp\/v2\/users\/1"}],"replies":[{"embeddable":true,"href":"https:\/\/www.tugrulevdenevenakliyat.com\/index.php\/wp-json\/wp\/v2\/comments?post=660"}],"version-history":[{"count":1,"href":"https:\/\/www.tugrulevdenevenakliyat.com\/index.php\/wp-json\/wp\/v2\/pages\/660\/revisions"}],"predecessor-version":[{"id":662,"href":"https:\/\/www.tugrulevdenevenakliyat.com\/index.php\/wp-json\/wp\/v2\/pages\/660\/revisions\/662"}],"wp:featuredmedia":[{"embeddable":true,"href":"https:\/\/www.tugrulevdenevenakliyat.com\/index.php\/wp-json\/wp\/v2\/media\/563"}],"wp:attachment":[{"href":"https:\/\/www.tugrulevdenevenakliyat.com\/index.php\/wp-json\/wp\/v2\/media?parent=660"}],"curies":[{"name":"wp","href":"https:\/\/api.w.org\/{rel}","templated":true}]}}