{"id":712,"date":"2020-01-06T14:39:15","date_gmt":"2020-01-06T14:39:15","guid":{"rendered":"http:\/\/www.tugrulevdenevenakliyat.com\/?page_id=712"},"modified":"2020-01-06T14:39:15","modified_gmt":"2020-01-06T14:39:15","slug":"samsun-evden-eve-nakliyat","status":"publish","type":"page","link":"https:\/\/www.tugrulevdenevenakliyat.com\/index.php\/samsun-evden-eve-nakliyat\/","title":{"rendered":"samsun evden eve nakliyat"},"content":{"rendered":"<h1 style=\"text-align: center;\">SAMSUN EVDEN EVE NAKL\u0130YAT<\/h1>\n<p style=\"text-align: center;\">samsun evden eve nakliyat<\/p>\n<p style=\"text-align: center;\">hizmetde s\u0131n\u0131r yoktur.0532 566 86 65<br \/>\nM\u00fc\u015fteri memnuniyetinden sorumluluk ta\u015f\u0131d\u0131m\u0131z i\u00e7in bu i\u015fi ge\u00e7i\u00e7i de\u011fil kal\u0131c\u0131 d\u00fc\u015f\u00fcnd\u00fcm\u00fcz i\u00e7in verdimiz s\u00f6z konu\u015fdugumuz<\/p>\n<p style=\"text-align: center;\">kelimeyi yeride gedirmekden memnunuz nakliyat olarak<\/p>\n<p style=\"text-align: center;\">m\u00fc\u015fterilerimizle s\u00f6zle\u015fme yap\u0131p konu\u015fdugumuz saatde ve yap\u0131lan i\u015f\u00e7ilik hakk\u0131nda \u00f6n bilgi verip mobilya ve koltuk tak\u0131m\u0131 , yatak odas\u0131n\u0131 ,cocuk odan\u0131z\u0131, yemek odan\u0131z\u0131 ve duvar \u00fcnitesi fortmanto s\u00f6k\u00fcp ampalaj\u0131 yap\u0131l\u0131r beyaz e\u015fyalar\u0131n\u0131z\u0131da s\u00f6k\u00fcp ambalaj\u0131n\u0131z\u0131da yap\u0131p gideceyi yere g\u00f6t\u00fcr\u00fcp ta\u015f\u0131p montaj\u0131n\u0131 yap\u0131p tertemiz bir \u015fekilde yap\u0131p siz de\u011ferli m\u00fc\u015fterilerimize teslim etmekdir.<\/p>\n<h2 style=\"text-align: center;\">\u00a0Evden Eve Nakliyat<\/h2>\n<p style=\"text-align: center;\"><a href=\"https:\/\/www.facebook.com\/tugrulnakliyatt-394360084541355\/?ref_type=aymt_megaphone\">Nakliye mobilya<\/a> montaj \u015fehir i\u00e7i ve \u015fehirler aras\u0131 nakliye montaj garantili sigortal\u0131 ta\u015f\u0131mac\u0131l\u0131k m\u00fc\u015fteri memnuniyeti \u00f6n planda olup siz sayg\u0131 de\u011fer m\u00fc\u015fterilerimizin hizmetindeyiz kaliteli asla tesad\u00fcf de\u011fildir<\/p>\n<div id=\"attachment_563\" class=\"wp-caption aligncenter\" style=\"text-align: center;\">\n<div id=\"attachment_362\" style=\"width: 310px\" class=\"wp-caption aligncenter\"><img loading=\"lazy\" decoding=\"async\" aria-describedby=\"caption-attachment-362\" class=\"size-medium wp-image-362\" src=\"http:\/\/www.tugrulevdenevenakliyat.com\/wp-content\/uploads\/2019\/10\/53292185_374541016460883_3990147978034675712_n-300x300.jpg\" alt=\"samsun evden eve nakliyat\" width=\"300\" height=\"300\" srcset=\"https:\/\/www.tugrulevdenevenakliyat.com\/wp-content\/uploads\/2019\/10\/53292185_374541016460883_3990147978034675712_n-300x300.jpg 300w, https:\/\/www.tugrulevdenevenakliyat.com\/wp-content\/uploads\/2019\/10\/53292185_374541016460883_3990147978034675712_n-150x150.jpg 150w, https:\/\/www.tugrulevdenevenakliyat.com\/wp-content\/uploads\/2019\/10\/53292185_374541016460883_3990147978034675712_n.jpg 450w\" sizes=\"auto, (max-width: 300px) 100vw, 300px\" \/><p id=\"caption-attachment-362\" class=\"wp-caption-text\">samsun evden eve nakliyat<\/p><\/div>\n<p><span style=\"font-size: 0.6em;\">evden eve nakliyat<\/span><\/div>\n<h3 style=\"text-align: center;\">Ev E\u015fya Nakliyat Fiyatlar\u0131m\u0131z<\/h3>\n<p style=\"text-align: center;\">1 + 1 Daire Ta\u015f\u0131mas\u0131 ; 600 \u2013 1200 TL<br \/>\n2 + 1 Daire Ta\u015f\u0131mas\u0131 ; 1200 \u2013 1500 TL<br \/>\n3 + 1 Daire Ta\u015f\u0131mas\u0131 ; 1500 \u2013 2000 TL<br \/>\n4 + 1 Daire Ve Villa Ta\u015f\u0131mas\u0131; 2000 \u2013 5000 TL<br \/>\n\u0130stanbul B\u00f6lge i\u00e7i ara\u00e7 kiralama ; 400 \u2013 800 TL<br \/>\n<a href=\"http:\/\/www.tugrulevdenevenakliyat.com\/\">\u0130stanbul B\u00f6lge<\/a>\u00a0i\u00e7i ekip i\u015flemleri ; 500 \u2013 1000 TL Fiyat aral\u0131\u011f\u0131nda uygulanmaktad\u0131r.<\/p>\n<h4 style=\"text-align: center;\">Hizmetlerimiz<\/h4>\n<p style=\"text-align: center;\">\u00dc\u00e7retsiz Experiz Hizmeti<br \/>\nSi\u011fortal\u0131 Evden Eve Nakliyat<br \/>\n\u015eehiri\u00e7i Evden Eve Nakliyat<br \/>\n\u015eehirleri\u00e7i Evden Eve Nakliyat<br \/>\nPaketleme ve Ambalajlama<br \/>\nEvden Eve Ta\u015f\u0131mac\u0131l\u0131k<br \/>\nAsans\u00f6rl\u00fc Evden Eve Nakliyat<br \/>\nEvden Eve Nakliye<br \/>\nVilla Ta\u015f\u0131mac\u0131l\u0131k<br \/>\nOfis Ta\u015f\u0131mac\u0131l\u0131k<br \/>\n\u0130\u015fyeri Ta\u015f\u0131mac\u0131l\u0131k<br \/>\nFuar Ta\u015f\u0131mac\u0131l\u0131k<\/p>\n<h5 style=\"text-align: center;\">\u015eehiri\u00e7i ve \u015fehirler\u00a0 Evden Eve Nakliyat<\/h5>\n<div style=\"text-align: center;\">m\u00fc\u015fterilerimizle s\u00f6zle\u015fme yap\u0131p konu\u015fdugumuz saatde ve yap\u0131lan i\u015f\u00e7ilik hakk\u0131nda \u00f6n bilgi verip mobilya ve koltuk tak\u0131m\u0131 , yatak odas\u0131n\u0131 ,cocuk odan\u0131z\u0131, yemek odan\u0131z\u0131 ve duvar \u00fcnitesi fortmanto s\u00f6k\u00fcp ampalaj\u0131 yap\u0131l\u0131r beyaz e\u015fyalar\u0131n\u0131z\u0131da s\u00f6k\u00fcp ambalaj\u0131n\u0131z\u0131da yap\u0131p gideceyi yere g\u00f6t\u00fcr\u00fcp ta\u015f\u0131p montaj\u0131n\u0131 yap\u0131p tertemiz bir \u015fekilde yap\u0131p siz de\u011ferli m\u00fc\u015fterilerimize teslim etmekdir.<\/div>\n<div style=\"text-align: center;\"><\/div>\n<div style=\"text-align: center;\"><a href=\"https:\/\/www.facebook.com\/evdenevetugrulnakliyat\/\">Nakliye<\/a>\u00a0mobilya montaj \u015fehir i\u00e7i ve \u015fehirler aras\u0131 nakliye montaj garantili sigortal\u0131 ta\u015f\u0131mac\u0131l\u0131k m\u00fc\u015fteri memnuniyeti \u00f6n planda olup siz sayg\u0131 de\u011fer m\u00fc\u015fterilerimizin hizmetindeyiz kaliteli asla tesad\u00fcf de\u011fildir.H\u0130ZMETLER\u0130M\u0130ZDE SINIR YOK<\/div>\n<div style=\"text-align: center;\">Hizmetlerinde,m\u00fc\u015fterilerimize y\u00fcksek kalite ile g\u00fcvenli ve h\u0131zl\u0131 hizmet verebilmek i\u00e7in \u00e7al\u0131\u015f\u0131yoruz..<\/div>\n<div>\n<div class=\"row text-center\">\n<div class=\"section-title-col\" data-type=\"column\">\n<h6>\u015eEH\u0130R \u0130\u00c7\u0130 NAKL\u0130YAT<\/h6>\n<\/div>\n<\/div>\n<div class=\"row spaced-cols\" data-type=\"row\">\n<div class=\"col-xs-12 col-sm-6 col-md-4\">\n<div class=\"card no-padding bordered y-move\"><a href=\"http:\/\/www.tugrulevdenevenakliyat.com\/evden%20eve%20nakliyat\" target=\"_self\" rel=\"noopener noreferrer\" data-cp-link=\"1\"><img decoding=\"async\" class=\"face\" title=\"cropped-66093117_686884378392045_479014760470282240_n.jpg\" src=\"http:\/\/www.tugrulevdenevenakliyat.com\/wp-content\/uploads\/2019\/07\/cropped-66093117_686884378392045_479014760470282240_n.jpg\" alt=\"\" \/><\/a><\/p>\n<div class=\"col-padding-small col-padding-small-xs description-container\" data-type=\"column\">\n<h4 class=\"font-500\">OF\u0130S TA\u015eIMA\u00c7ILIK<\/h4>\n<p class=\"\">TEM\u0130Z VE G\u00dcVENL\u0130 B\u0130R \u015eEK\u0130LDE TA\u015eIYIP KURMAK<\/p>\n<\/div>\n<div class=\"col-padding-small col-padding-small-xs read-more-container\" data-type=\"column\"><a class=\"read-more\" href=\"http:\/\/www.tugrulevdenevenakliyat.com\/\" target=\"_self\" rel=\"noopener noreferrer\" data-cp-link=\"1\">TU\u011eRUL NAKL\u0130YAT<\/a><\/div>\n<\/div>\n<\/div>\n<div class=\"col-xs-12 col-sm-6 col-md-4\">\n<div class=\"card no-padding bordered y-move\"><a href=\"http:\/\/www.tugrulevdenevenakliyat.com\/evden%20eve%20nakliyat\" target=\"_self\" rel=\"noopener noreferrer\" data-cp-link=\"1\"><img decoding=\"async\" class=\"face\" title=\"cropped-65958902_885993341754404_8396422821844090880_n.jpg\" src=\"http:\/\/www.tugrulevdenevenakliyat.com\/wp-content\/uploads\/2019\/07\/cropped-65958902_885993341754404_8396422821844090880_n.jpg\" alt=\"\" \/><\/a><\/p>\n<div class=\"col-padding-small col-padding-small-xs description-container\" data-type=\"column\">\n<h4 class=\"font-500\">TU\u011eRUL NAKL\u0130YAT<\/h4>\n<p class=\"\">\u015eEH\u0130RLER ARASI TA\u015eIMA\u00c7ILIK<br \/>\nS\u0130GORTALI VE T\u0130T\u0130ZB\u0130R \u015eEK\u0130LDE EVDEN EVE TA\u015eIMACILIK<\/p>\n<\/div>\n<div class=\"col-padding-small col-padding-small-xs read-more-container\" data-type=\"column\"><a class=\"read-more\" href=\"http:\/\/www.tugrulevdenevenakliyat.com\/\" target=\"_self\" rel=\"noopener noreferrer\" data-cp-link=\"1\">TU\u011eRUL NAKL\u0130YAT<\/a><\/div>\n<\/div>\n<\/div>\n<div class=\"col-xs-12 col-sm-6 col-md-4\">\n<div class=\"card no-padding bordered y-move\"><a href=\"http:\/\/www.tugrulevdenevenakliyat.com\/#evden%20eve%20nakliyat\" target=\"_self\" rel=\"noopener noreferrer\" data-cp-link=\"1\"><img decoding=\"async\" class=\"face\" title=\"cropped-66450116_677227166126876_5304410667850137600_n.jpg\" src=\"http:\/\/www.tugrulevdenevenakliyat.com\/wp-content\/uploads\/2019\/07\/cropped-66450116_677227166126876_5304410667850137600_n.jpg\" alt=\"\" \/><\/a><\/p>\n<div class=\"col-padding-small col-padding-small-xs description-container\" data-type=\"column\">\n<h4 class=\"font-500\">TU\u011eRUL NAKL\u0130YAT<\/h4>\n<p class=\"\">E\u015eYA DEPOLAMA<br \/>\nE\u015eYANIZI G\u00dcVENL\u0130 B\u0130R \u015eEK\u0130LDE DEPO ED\u0130YORUZ UYGUN F\u0130YATLARA<\/p>\n<\/div>\n<div class=\"col-padding-small col-padding-small-xs read-more-container\" data-type=\"column\"><a class=\"read-more\" href=\"http:\/\/www.tugrulevdenevenakliyat.com\/\" target=\"_self\" rel=\"noopener noreferrer\" data-cp-link=\"1\">TU\u011eRUL NAKL\u0130YAT<\/a><\/div>\n<\/div>\n<\/div>\n<\/div>\n<\/div>\n","protected":false},"excerpt":{"rendered":"<p>SAMSUN EVDEN EVE NAKL\u0130YAT samsun evden eve nakliyat hizmetde s\u0131n\u0131r yoktur.0532 566 86 65 M\u00fc\u015fteri memnuniyetinden sorumluluk ta\u015f\u0131d\u0131m\u0131z i\u00e7in bu i\u015fi ge\u00e7i\u00e7i de\u011fil kal\u0131c\u0131 d\u00fc\u015f\u00fcnd\u00fcm\u00fcz i\u00e7in verdimiz s\u00f6z konu\u015fdugumuz kelimeyi yeride gedirmekden memnunuz nakliyat olarak m\u00fc\u015fterilerimizle s\u00f6zle\u015fme yap\u0131p konu\u015fdugumuz saatde ve yap\u0131lan i\u015f\u00e7ilik hakk\u0131nda \u00f6n bilgi verip mobilya ve koltuk tak\u0131m\u0131 , yatak odas\u0131n\u0131 ,cocuk&hellip; <br \/> <a class=\"read-more\" href=\"https:\/\/www.tugrulevdenevenakliyat.com\/index.php\/samsun-evden-eve-nakliyat\/\">Devam\u0131<\/a><\/p>\n","protected":false},"author":1,"featured_media":0,"parent":0,"menu_order":0,"comment_status":"closed","ping_status":"closed","template":"","meta":{"_bbp_topic_count":0,"_bbp_reply_count":0,"_bbp_total_topic_count":0,"_bbp_total_reply_count":0,"_bbp_voice_count":0,"_bbp_anonymous_reply_count":0,"_bbp_topic_count_hidden":0,"_bbp_reply_count_hidden":0,"_bbp_forum_subforum_count":0,"footnotes":""},"class_list":["post-712","page","type-page","status-publish","hentry"],"yoast_head":"<!-- This site is optimized with the Yoast SEO plugin v27.5 - https:\/\/yoast.com\/product\/yoast-seo-wordpress\/ -->\n<title>samsun evden eve nakliyat - \u015fehiri\u00e7i ve \u015fehirler aras\u0131 nakliyat<\/title>\n<meta name=\"description\" content=\"samsun evden eve nakliyat \u015eEH\u0130RLER ARASI TA\u015eIMA\u00c7ILIKS\u0130GORTALI VE T\u0130T\u0130ZB\u0130R \u015eEK\u0130LDE EVDEN EVE TA\u015eIMACILIK numaram 0532 566 86 65\" \/>\n<meta name=\"robots\" content=\"index, follow, max-snippet:-1, max-image-preview:large, max-video-preview:-1\" \/>\n<link rel=\"canonical\" href=\"http:\/\/www.tugrulevdenevenakliyat.com\/index.php\/samsun-evden-eve-nakliyat\/\" \/>\n<meta property=\"og:locale\" content=\"tr_TR\" \/>\n<meta property=\"og:type\" content=\"article\" \/>\n<meta property=\"og:title\" content=\"samsun evden eve nakliyat - \u015fehiri\u00e7i ve \u015fehirler aras\u0131 nakliyat\" \/>\n<meta property=\"og:description\" content=\"samsun evden eve nakliyat \u015eEH\u0130RLER ARASI TA\u015eIMA\u00c7ILIKS\u0130GORTALI VE T\u0130T\u0130ZB\u0130R \u015eEK\u0130LDE EVDEN EVE TA\u015eIMACILIK numaram 0532 566 86 65\" \/>\n<meta property=\"og:url\" content=\"http:\/\/www.tugrulevdenevenakliyat.com\/index.php\/samsun-evden-eve-nakliyat\/\" \/>\n<meta property=\"og:site_name\" content=\"Tu\u011frul Nakliyat\" \/>\n<meta property=\"article:publisher\" content=\"https:\/\/www.facebook.com\/tugrul.can.39589149\" \/>\n<meta property=\"og:image\" content=\"http:\/\/www.tugrulevdenevenakliyat.com\/wp-content\/uploads\/2019\/10\/53292185_374541016460883_3990147978034675712_n-300x300.jpg\" \/>\n<meta name=\"twitter:card\" content=\"summary_large_image\" \/>\n<meta name=\"twitter:site\" content=\"@TURGUT16176391\" \/>\n<meta name=\"twitter:label1\" content=\"Tahmini okuma s\u00fcresi\" \/>\n\t<meta name=\"twitter:data1\" content=\"3 dakika\" \/>\n<script type=\"application\/ld+json\" class=\"yoast-schema-graph\">{\"@context\":\"https:\\\/\\\/schema.org\",\"@graph\":[{\"@type\":\"WebPage\",\"@id\":\"http:\\\/\\\/www.tugrulevdenevenakliyat.com\\\/index.php\\\/samsun-evden-eve-nakliyat\\\/\",\"url\":\"http:\\\/\\\/www.tugrulevdenevenakliyat.com\\\/index.php\\\/samsun-evden-eve-nakliyat\\\/\",\"name\":\"samsun evden eve nakliyat - \u015fehiri\u00e7i ve \u015fehirler aras\u0131 nakliyat\",\"isPartOf\":{\"@id\":\"http:\\\/\\\/www.tugrulevdenevenakliyat.com\\\/#website\"},\"primaryImageOfPage\":{\"@id\":\"http:\\\/\\\/www.tugrulevdenevenakliyat.com\\\/index.php\\\/samsun-evden-eve-nakliyat\\\/#primaryimage\"},\"image\":{\"@id\":\"http:\\\/\\\/www.tugrulevdenevenakliyat.com\\\/index.php\\\/samsun-evden-eve-nakliyat\\\/#primaryimage\"},\"thumbnailUrl\":\"http:\\\/\\\/www.tugrulevdenevenakliyat.com\\\/wp-content\\\/uploads\\\/2019\\\/10\\\/53292185_374541016460883_3990147978034675712_n-300x300.jpg\",\"datePublished\":\"2020-01-06T14:39:15+00:00\",\"description\":\"samsun evden eve nakliyat \u015eEH\u0130RLER ARASI TA\u015eIMA\u00c7ILIKS\u0130GORTALI VE T\u0130T\u0130ZB\u0130R \u015eEK\u0130LDE EVDEN EVE TA\u015eIMACILIK numaram 0532 566 86 65\",\"breadcrumb\":{\"@id\":\"http:\\\/\\\/www.tugrulevdenevenakliyat.com\\\/index.php\\\/samsun-evden-eve-nakliyat\\\/#breadcrumb\"},\"inLanguage\":\"tr\",\"potentialAction\":[{\"@type\":\"ReadAction\",\"target\":[\"http:\\\/\\\/www.tugrulevdenevenakliyat.com\\\/index.php\\\/samsun-evden-eve-nakliyat\\\/\"]}]},{\"@type\":\"ImageObject\",\"inLanguage\":\"tr\",\"@id\":\"http:\\\/\\\/www.tugrulevdenevenakliyat.com\\\/index.php\\\/samsun-evden-eve-nakliyat\\\/#primaryimage\",\"url\":\"https:\\\/\\\/www.tugrulevdenevenakliyat.com\\\/wp-content\\\/uploads\\\/2019\\\/10\\\/53292185_374541016460883_3990147978034675712_n.jpg\",\"contentUrl\":\"https:\\\/\\\/www.tugrulevdenevenakliyat.com\\\/wp-content\\\/uploads\\\/2019\\\/10\\\/53292185_374541016460883_3990147978034675712_n.jpg\",\"width\":450,\"height\":450,\"caption\":\"samsun evden eve nakliyat\"},{\"@type\":\"BreadcrumbList\",\"@id\":\"http:\\\/\\\/www.tugrulevdenevenakliyat.com\\\/index.php\\\/samsun-evden-eve-nakliyat\\\/#breadcrumb\",\"itemListElement\":[{\"@type\":\"ListItem\",\"position\":1,\"name\":\"Ana sayfa\",\"item\":\"https:\\\/\\\/www.tugrulevdenevenakliyat.com\\\/\"},{\"@type\":\"ListItem\",\"position\":2,\"name\":\"samsun evden eve nakliyat\"}]},{\"@type\":\"WebSite\",\"@id\":\"http:\\\/\\\/www.tugrulevdenevenakliyat.com\\\/#website\",\"url\":\"http:\\\/\\\/www.tugrulevdenevenakliyat.com\\\/\",\"name\":\"http:\\\/\\\/www.tugrulevdenevenakliyat.com\\\/\",\"description\":\"t&uuml;rkiye geneline evden eve nakliyat\",\"publisher\":{\"@id\":\"http:\\\/\\\/www.tugrulevdenevenakliyat.com\\\/#organization\"},\"potentialAction\":[{\"@type\":\"SearchAction\",\"target\":{\"@type\":\"EntryPoint\",\"urlTemplate\":\"http:\\\/\\\/www.tugrulevdenevenakliyat.com\\\/?s={search_term_string}\"},\"query-input\":{\"@type\":\"PropertyValueSpecification\",\"valueRequired\":true,\"valueName\":\"search_term_string\"}}],\"inLanguage\":\"tr\"},{\"@type\":\"Organization\",\"@id\":\"http:\\\/\\\/www.tugrulevdenevenakliyat.com\\\/#organization\",\"name\":\"tu\u011frulcan bak\u0131rc\u0131\",\"url\":\"http:\\\/\\\/www.tugrulevdenevenakliyat.com\\\/\",\"logo\":{\"@type\":\"ImageObject\",\"inLanguage\":\"tr\",\"@id\":\"http:\\\/\\\/www.tugrulevdenevenakliyat.com\\\/#\\\/schema\\\/logo\\\/image\\\/\",\"url\":\"http:\\\/\\\/www.tugrulevdenevenakliyat.com\\\/wp-content\\\/uploads\\\/2019\\\/12\\\/45249907_1056901127822562_5718244570844626944_n.jpg\",\"contentUrl\":\"http:\\\/\\\/www.tugrulevdenevenakliyat.com\\\/wp-content\\\/uploads\\\/2019\\\/12\\\/45249907_1056901127822562_5718244570844626944_n.jpg\",\"width\":720,\"height\":960,\"caption\":\"tu\u011frulcan bak\u0131rc\u0131\"},\"image\":{\"@id\":\"http:\\\/\\\/www.tugrulevdenevenakliyat.com\\\/#\\\/schema\\\/logo\\\/image\\\/\"},\"sameAs\":[\"https:\\\/\\\/www.facebook.com\\\/tugrul.can.39589149\",\"https:\\\/\\\/x.com\\\/TURGUT16176391\",\"https:\\\/\\\/intagram.com\\\/tugrulnakliyatt\",\"https:\\\/\\\/www.linkedin.com\\\/in\\\/salim-bakirci-9b838915b\\\/\",\"https:\\\/\\\/tr.pinterest.com\\\/bakrcturgut\\\/pins\\\/\"]}]}<\/script>\n<!-- \/ Yoast SEO plugin. -->","yoast_head_json":{"title":"samsun evden eve nakliyat - \u015fehiri\u00e7i ve \u015fehirler aras\u0131 nakliyat","description":"samsun evden eve nakliyat \u015eEH\u0130RLER ARASI TA\u015eIMA\u00c7ILIKS\u0130GORTALI VE T\u0130T\u0130ZB\u0130R \u015eEK\u0130LDE EVDEN EVE TA\u015eIMACILIK numaram 0532 566 86 65","robots":{"index":"index","follow":"follow","max-snippet":"max-snippet:-1","max-image-preview":"max-image-preview:large","max-video-preview":"max-video-preview:-1"},"canonical":"http:\/\/www.tugrulevdenevenakliyat.com\/index.php\/samsun-evden-eve-nakliyat\/","og_locale":"tr_TR","og_type":"article","og_title":"samsun evden eve nakliyat - \u015fehiri\u00e7i ve \u015fehirler aras\u0131 nakliyat","og_description":"samsun evden eve nakliyat \u015eEH\u0130RLER ARASI TA\u015eIMA\u00c7ILIKS\u0130GORTALI VE T\u0130T\u0130ZB\u0130R \u015eEK\u0130LDE EVDEN EVE TA\u015eIMACILIK numaram 0532 566 86 65","og_url":"http:\/\/www.tugrulevdenevenakliyat.com\/index.php\/samsun-evden-eve-nakliyat\/","og_site_name":"Tu\u011frul Nakliyat","article_publisher":"https:\/\/www.facebook.com\/tugrul.can.39589149","og_image":[{"url":"http:\/\/www.tugrulevdenevenakliyat.com\/wp-content\/uploads\/2019\/10\/53292185_374541016460883_3990147978034675712_n-300x300.jpg","type":"","width":"","height":""}],"twitter_card":"summary_large_image","twitter_site":"@TURGUT16176391","twitter_misc":{"Tahmini okuma s\u00fcresi":"3 dakika"},"schema":{"@context":"https:\/\/schema.org","@graph":[{"@type":"WebPage","@id":"http:\/\/www.tugrulevdenevenakliyat.com\/index.php\/samsun-evden-eve-nakliyat\/","url":"http:\/\/www.tugrulevdenevenakliyat.com\/index.php\/samsun-evden-eve-nakliyat\/","name":"samsun evden eve nakliyat - \u015fehiri\u00e7i ve \u015fehirler aras\u0131 nakliyat","isPartOf":{"@id":"http:\/\/www.tugrulevdenevenakliyat.com\/#website"},"primaryImageOfPage":{"@id":"http:\/\/www.tugrulevdenevenakliyat.com\/index.php\/samsun-evden-eve-nakliyat\/#primaryimage"},"image":{"@id":"http:\/\/www.tugrulevdenevenakliyat.com\/index.php\/samsun-evden-eve-nakliyat\/#primaryimage"},"thumbnailUrl":"http:\/\/www.tugrulevdenevenakliyat.com\/wp-content\/uploads\/2019\/10\/53292185_374541016460883_3990147978034675712_n-300x300.jpg","datePublished":"2020-01-06T14:39:15+00:00","description":"samsun evden eve nakliyat \u015eEH\u0130RLER ARASI TA\u015eIMA\u00c7ILIKS\u0130GORTALI VE T\u0130T\u0130ZB\u0130R \u015eEK\u0130LDE EVDEN EVE TA\u015eIMACILIK numaram 0532 566 86 65","breadcrumb":{"@id":"http:\/\/www.tugrulevdenevenakliyat.com\/index.php\/samsun-evden-eve-nakliyat\/#breadcrumb"},"inLanguage":"tr","potentialAction":[{"@type":"ReadAction","target":["http:\/\/www.tugrulevdenevenakliyat.com\/index.php\/samsun-evden-eve-nakliyat\/"]}]},{"@type":"ImageObject","inLanguage":"tr","@id":"http:\/\/www.tugrulevdenevenakliyat.com\/index.php\/samsun-evden-eve-nakliyat\/#primaryimage","url":"https:\/\/www.tugrulevdenevenakliyat.com\/wp-content\/uploads\/2019\/10\/53292185_374541016460883_3990147978034675712_n.jpg","contentUrl":"https:\/\/www.tugrulevdenevenakliyat.com\/wp-content\/uploads\/2019\/10\/53292185_374541016460883_3990147978034675712_n.jpg","width":450,"height":450,"caption":"samsun evden eve nakliyat"},{"@type":"BreadcrumbList","@id":"http:\/\/www.tugrulevdenevenakliyat.com\/index.php\/samsun-evden-eve-nakliyat\/#breadcrumb","itemListElement":[{"@type":"ListItem","position":1,"name":"Ana sayfa","item":"https:\/\/www.tugrulevdenevenakliyat.com\/"},{"@type":"ListItem","position":2,"name":"samsun evden eve nakliyat"}]},{"@type":"WebSite","@id":"http:\/\/www.tugrulevdenevenakliyat.com\/#website","url":"http:\/\/www.tugrulevdenevenakliyat.com\/","name":"http:\/\/www.tugrulevdenevenakliyat.com\/","description":"t&uuml;rkiye geneline evden eve nakliyat","publisher":{"@id":"http:\/\/www.tugrulevdenevenakliyat.com\/#organization"},"potentialAction":[{"@type":"SearchAction","target":{"@type":"EntryPoint","urlTemplate":"http:\/\/www.tugrulevdenevenakliyat.com\/?s={search_term_string}"},"query-input":{"@type":"PropertyValueSpecification","valueRequired":true,"valueName":"search_term_string"}}],"inLanguage":"tr"},{"@type":"Organization","@id":"http:\/\/www.tugrulevdenevenakliyat.com\/#organization","name":"tu\u011frulcan bak\u0131rc\u0131","url":"http:\/\/www.tugrulevdenevenakliyat.com\/","logo":{"@type":"ImageObject","inLanguage":"tr","@id":"http:\/\/www.tugrulevdenevenakliyat.com\/#\/schema\/logo\/image\/","url":"http:\/\/www.tugrulevdenevenakliyat.com\/wp-content\/uploads\/2019\/12\/45249907_1056901127822562_5718244570844626944_n.jpg","contentUrl":"http:\/\/www.tugrulevdenevenakliyat.com\/wp-content\/uploads\/2019\/12\/45249907_1056901127822562_5718244570844626944_n.jpg","width":720,"height":960,"caption":"tu\u011frulcan bak\u0131rc\u0131"},"image":{"@id":"http:\/\/www.tugrulevdenevenakliyat.com\/#\/schema\/logo\/image\/"},"sameAs":["https:\/\/www.facebook.com\/tugrul.can.39589149","https:\/\/x.com\/TURGUT16176391","https:\/\/intagram.com\/tugrulnakliyatt","https:\/\/www.linkedin.com\/in\/salim-bakirci-9b838915b\/","https:\/\/tr.pinterest.com\/bakrcturgut\/pins\/"]}]}},"_links":{"self":[{"href":"https:\/\/www.tugrulevdenevenakliyat.com\/index.php\/wp-json\/wp\/v2\/pages\/712","targetHints":{"allow":["GET"]}}],"collection":[{"href":"https:\/\/www.tugrulevdenevenakliyat.com\/index.php\/wp-json\/wp\/v2\/pages"}],"about":[{"href":"https:\/\/www.tugrulevdenevenakliyat.com\/index.php\/wp-json\/wp\/v2\/types\/page"}],"author":[{"embeddable":true,"href":"https:\/\/www.tugrulevdenevenakliyat.com\/index.php\/wp-json\/wp\/v2\/users\/1"}],"replies":[{"embeddable":true,"href":"https:\/\/www.tugrulevdenevenakliyat.com\/index.php\/wp-json\/wp\/v2\/comments?post=712"}],"version-history":[{"count":1,"href":"https:\/\/www.tugrulevdenevenakliyat.com\/index.php\/wp-json\/wp\/v2\/pages\/712\/revisions"}],"predecessor-version":[{"id":713,"href":"https:\/\/www.tugrulevdenevenakliyat.com\/index.php\/wp-json\/wp\/v2\/pages\/712\/revisions\/713"}],"wp:attachment":[{"href":"https:\/\/www.tugrulevdenevenakliyat.com\/index.php\/wp-json\/wp\/v2\/media?parent=712"}],"curies":[{"name":"wp","href":"https:\/\/api.w.org\/{rel}","templated":true}]}}