{"id":715,"date":"2020-01-07T11:03:40","date_gmt":"2020-01-07T11:03:40","guid":{"rendered":"http:\/\/www.tugrulevdenevenakliyat.com\/?page_id=715"},"modified":"2020-01-07T11:03:40","modified_gmt":"2020-01-07T11:03:40","slug":"caybasi-evden-eve-nakliyat","status":"publish","type":"page","link":"https:\/\/www.tugrulevdenevenakliyat.com\/index.php\/caybasi-evden-eve-nakliyat\/","title":{"rendered":"\u00c7ayba\u015f\u0131 Evden Eve Nakliyat"},"content":{"rendered":"<h1 style=\"text-align: center;\">\u00c7ayba\u015f\u0131 Evden Eve Nakliyat<\/h1>\n<p style=\"text-align: center;\">\u00c7ayba\u015f\u0131 Evden Eve Nakliyat (0532) 566 86 65<\/p>\n<p>&nbsp;<\/p>\n<p style=\"text-align: center;\">\u00a0<a href=\"https:\/\/www.facebook.com\/nakliyatt52\/\">\u00c7ayba\u015f\u0131 evden eve\u00a0 Nakliya<\/a>t 1982 y\u0131l\u0131ndan beri hizmet sunmaktay\u0131z.<\/p>\n<p style=\"text-align: center;\">M\u00fc\u015fteri memnuyetini her zaman \u00f6n planda tutan hizmet anlay\u0131\u015f\u0131m\u0131zla b\u00fcy\u00fck bir te\u00e7rubeye sahip olan bir Firmay\u0131z.<\/p>\n<p style=\"text-align: center;\">Tu\u011frul Nakliyat olarak 37 y\u0131l\u0131ndan beri kusursuz ve g\u00fcvenli,hizmet vermekdeyiz. \u015eehir i\u00e7i ve \u015fehirler aras\u0131 ve g\u00fcvenli, ta\u015f\u0131ma yapmaya devam ediyoruz.sizlerin g\u00fcvenini kazanmaya \u00e7al\u0131\u015f\u0131yoruz bizleri tercih etiniz i\u00e7in te\u015fekk\u00fcr ederiz.<\/p>\n<p style=\"text-align: center;\">Sizde evden eve ta\u015f\u0131mac\u0131l\u0131k hizmetinden faydalanmak istiyorsan\u0131z bir telefon yard\u0131m\u0131yla bizi arayabilirsiniz.<\/p>\n<p style=\"text-align: center;\">\u0130\u015flem dahilinde olanlar\u0131 \u00f6\u011frenmek ve \u00f6zel ta\u015f\u0131ma plan\u0131 yapt\u0131rmak art\u0131k \u00e7ok daha kolay. 7 \/ 24 ileti\u015fim hatt\u0131m\u0131zdan bize g\u00fcn\u00fcn her saati ula\u015fabilirsiniz.<br \/>\nevden eve nakliye g\u00f6revlerinizi bize emanet etti\u011finiz andan itibaren i\u00e7iniz rahat olsun. Hi\u00e7bir sorun veya olumsuz durum ya\u015fanmadan e\u015fyalar\u0131n\u0131z ta\u015f\u0131nacak. Yeni evinizde ayn\u0131 d\u00fczen i\u00e7erisinde kurulacak.<br \/>\nStandart evden eve nakliye \u015firketleriniz yan\u0131 s\u0131ra t\u00fcm duvar monte, avize ve stor perdelerinizin montaj\u0131 yap\u0131lmaktad\u0131r.<\/p>\n<h2 style=\"text-align: center;\">Evden Eve Nakliyat \u00dcnye<\/h2>\n<div id=\"attachment_370\" style=\"width: 310px\" class=\"wp-caption aligncenter\"><img loading=\"lazy\" decoding=\"async\" aria-describedby=\"caption-attachment-370\" class=\"size-medium wp-image-370\" src=\"http:\/\/www.tugrulevdenevenakliyat.com\/wp-content\/uploads\/2019\/10\/70392651_1710804235720832_5256834099636600832_n-300x300.jpg\" alt=\"\u00e7ayba\u015f\u0131 evden eve nakliyat \" width=\"300\" height=\"300\" srcset=\"https:\/\/www.tugrulevdenevenakliyat.com\/wp-content\/uploads\/2019\/10\/70392651_1710804235720832_5256834099636600832_n-300x300.jpg 300w, https:\/\/www.tugrulevdenevenakliyat.com\/wp-content\/uploads\/2019\/10\/70392651_1710804235720832_5256834099636600832_n-150x150.jpg 150w, https:\/\/www.tugrulevdenevenakliyat.com\/wp-content\/uploads\/2019\/10\/70392651_1710804235720832_5256834099636600832_n.jpg 711w\" sizes=\"auto, (max-width: 300px) 100vw, 300px\" \/><p id=\"caption-attachment-370\" class=\"wp-caption-text\">\u00e7ayba\u015f\u0131 evden eve nakliyat<\/p><\/div>\n<p style=\"text-align: center;\">Evden Eve Ta\u015f\u0131mac\u0131l\u0131k \u00d6nerileri<br \/>\nevden eve nakliye i\u015flemleriniz haftan\u0131n her g\u00fcn\u00fc ve g\u00fcn\u00fcn her saati ger\u00e7ekle\u015fmektedir. Talebinizin ard\u0131ndan \u00e7ok k\u0131sa bir s\u00fcrede ekibimizi size y\u00f6nlendirebiliriz. Toplamal\u0131 \u00e7al\u0131\u015fmalarda daha \u00f6ncesinden talep olu\u015fturmam\u0131z i\u015f ilerleyi\u015fi a\u00e7\u0131s\u0131ndan faydal\u0131d\u0131r.<br \/>\nE\u011fer yap\u0131lacak i\u015flem toplamal\u0131 de\u011filse mutfak e\u015fyalar\u0131n\u0131z\u0131n ve di\u011fer e\u015fyalar\u0131n\u0131z\u0131 ka\u011f\u0131tlarla sar\u0131n\u0131z. T\u00fcm koli ve po\u015fetleri liste haline getirip numara veriniz.<\/p>\n<h3 style=\"text-align: center;\">\u015eehirler aras\u0131 Nakliyat<\/h3>\n<p style=\"text-align: center;\">Yap\u0131lan s\u00f6zle\u015fme esnas\u0131nda oda say\u0131s\u0131 ve katlar bak\u0131m\u0131ndan yetkili ki\u015fiye do\u011fru yan\u0131tlar\u0131 veriniz.<br \/>\nTa\u015f\u0131man\u0131n yap\u0131laca\u011f\u0131 g\u00fcn arac\u0131n park edilece\u011fi yere duba veya levha b\u0131rak\u0131n\u0131z.<br \/>\n500 TL\u2019 den Ba\u015flayan Fiyatlarla siz de uygun \u00fccretle kaliteli ta\u015f\u0131man\u0131n keyfine var\u0131n<br \/>\nFatsa Evden Eve Nakliye \u00dccretleri<br \/>\n\u0130stanbul b\u00f6lgesi i\u00e7erisinde yapt\u0131\u011f\u0131m\u0131z \u00e7al\u0131\u015famalar dahilinde ortalama \u00fccretler s\u00f6z konusu oldu\u011funda a\u015fa\u011f\u0131daki fiyat aral\u0131klar\u0131nda \u00e7al\u0131\u015fmalar sa\u011flamaktay\u0131z. Bu \u00fccret ortalamalar\u0131 gidilecek konumlar ve uygulanan i\u015f\u00e7ili\u011fe g\u00f6re de\u011fi\u015fiklik g\u00f6stermektedir. \u0130stanbul Evden Eve Nakliye Firmalar\u0131 A\u015fa\u011f\u0131daki t\u00fcm fiyatlar tam paket i\u00e7eri\u011fimiz dahilinde belirlenmektedir. <a href=\"http:\/\/www.tugrulevdenevenakliyat.com\/\">TU\u011eRUL NAKL\u0130YAT<\/a><\/p>\n<h4 style=\"text-align: center;\">H\u0130ZMETLER\u0130M\u0130Z<\/h4>\n<p style=\"text-align: center;\">\u00dc\u00e7retsiz Experiz Hizmeti<br \/>\nSi\u011fortal\u0131 Evden Eve Nakliyat<br \/>\n\u015eehiri\u00e7i Evden Eve Nakliyat<br \/>\n\u015eehirleri\u00e7i Evden Eve Nakliyat<br \/>\nPaketleme ve Ambalajlama<br \/>\nEvden Eve Ta\u015f\u0131mac\u0131l\u0131k<br \/>\nAsans\u00f6rl\u00fc Evden Eve Nakliyat<br \/>\nEvden Eve Nakliye<br \/>\nVilla Ta\u015f\u0131mac\u0131l\u0131k<br \/>\nOfis Ta\u015f\u0131mac\u0131l\u0131k<br \/>\n\u0130\u015fyeri Ta\u015f\u0131mac\u0131l\u0131k<br \/>\nFuar Ta\u015f\u0131mac\u0131l\u0131k<\/p>\n<p>TURGUT BAKIRCI<\/p>\n","protected":false},"excerpt":{"rendered":"<p>\u00c7ayba\u015f\u0131 Evden Eve Nakliyat \u00c7ayba\u015f\u0131 Evden Eve Nakliyat (0532) 566 86 65 &nbsp; \u00a0\u00c7ayba\u015f\u0131 evden eve\u00a0 Nakliyat 1982 y\u0131l\u0131ndan beri hizmet sunmaktay\u0131z. M\u00fc\u015fteri memnuyetini her zaman \u00f6n planda tutan hizmet anlay\u0131\u015f\u0131m\u0131zla b\u00fcy\u00fck bir te\u00e7rubeye sahip olan bir Firmay\u0131z. Tu\u011frul Nakliyat olarak 37 y\u0131l\u0131ndan beri kusursuz ve g\u00fcvenli,hizmet vermekdeyiz. \u015eehir i\u00e7i ve \u015fehirler aras\u0131 ve g\u00fcvenli,&hellip; <br \/> <a class=\"read-more\" href=\"https:\/\/www.tugrulevdenevenakliyat.com\/index.php\/caybasi-evden-eve-nakliyat\/\">Devam\u0131<\/a><\/p>\n","protected":false},"author":1,"featured_media":0,"parent":0,"menu_order":0,"comment_status":"closed","ping_status":"closed","template":"","meta":{"_bbp_topic_count":0,"_bbp_reply_count":0,"_bbp_total_topic_count":0,"_bbp_total_reply_count":0,"_bbp_voice_count":0,"_bbp_anonymous_reply_count":0,"_bbp_topic_count_hidden":0,"_bbp_reply_count_hidden":0,"_bbp_forum_subforum_count":0,"footnotes":""},"class_list":["post-715","page","type-page","status-publish","hentry"],"yoast_head":"<!-- This site is optimized with the Yoast SEO plugin v27.3 - https:\/\/yoast.com\/product\/yoast-seo-wordpress\/ -->\n<title>\u00c7ayba\u015f\u0131 Evden Eve Nakliyat - Tu\u011frul Nakliyat Ta\u015f\u0131mac\u0131l\u0131k<\/title>\n<meta name=\"description\" content=\"\u00c7ayba\u015f\u0131 evden eve nakliyat Hizmetlerinde,m\u00fc\u015fterilerimize y\u00fcksek kalite ile g\u00fcvenli ve h\u0131zl\u0131 hizmet verebilmek i\u00e7in \u00e7al\u0131\u015f\u0131yoruz.0532 566 86 65\" \/>\n<meta name=\"robots\" content=\"index, follow, max-snippet:-1, max-image-preview:large, max-video-preview:-1\" \/>\n<link rel=\"canonical\" href=\"http:\/\/www.tugrulevdenevenakliyat.com\/index.php\/caybasi-evden-eve-nakliyat\/\" \/>\n<meta property=\"og:locale\" content=\"tr_TR\" \/>\n<meta property=\"og:type\" content=\"article\" \/>\n<meta property=\"og:title\" content=\"\u00c7ayba\u015f\u0131 Evden Eve Nakliyat - Tu\u011frul Nakliyat Ta\u015f\u0131mac\u0131l\u0131k\" \/>\n<meta property=\"og:description\" content=\"\u00c7ayba\u015f\u0131 evden eve nakliyat Hizmetlerinde,m\u00fc\u015fterilerimize y\u00fcksek kalite ile g\u00fcvenli ve h\u0131zl\u0131 hizmet verebilmek i\u00e7in \u00e7al\u0131\u015f\u0131yoruz.0532 566 86 65\" \/>\n<meta property=\"og:url\" content=\"http:\/\/www.tugrulevdenevenakliyat.com\/index.php\/caybasi-evden-eve-nakliyat\/\" \/>\n<meta property=\"og:site_name\" content=\"Tu\u011frul Nakliyat\" \/>\n<meta property=\"article:publisher\" content=\"https:\/\/www.facebook.com\/tugrul.can.39589149\" \/>\n<meta property=\"og:image\" content=\"http:\/\/www.tugrulevdenevenakliyat.com\/wp-content\/uploads\/2019\/10\/70392651_1710804235720832_5256834099636600832_n-300x300.jpg\" \/>\n<meta name=\"twitter:card\" content=\"summary_large_image\" \/>\n<meta name=\"twitter:site\" content=\"@TURGUT16176391\" \/>\n<meta name=\"twitter:label1\" content=\"Tahmini okuma s\u00fcresi\" \/>\n\t<meta name=\"twitter:data1\" content=\"2 dakika\" \/>\n<script type=\"application\/ld+json\" class=\"yoast-schema-graph\">{\"@context\":\"https:\\\/\\\/schema.org\",\"@graph\":[{\"@type\":\"WebPage\",\"@id\":\"http:\\\/\\\/www.tugrulevdenevenakliyat.com\\\/index.php\\\/caybasi-evden-eve-nakliyat\\\/\",\"url\":\"http:\\\/\\\/www.tugrulevdenevenakliyat.com\\\/index.php\\\/caybasi-evden-eve-nakliyat\\\/\",\"name\":\"\u00c7ayba\u015f\u0131 Evden Eve Nakliyat - Tu\u011frul Nakliyat Ta\u015f\u0131mac\u0131l\u0131k\",\"isPartOf\":{\"@id\":\"http:\\\/\\\/www.tugrulevdenevenakliyat.com\\\/#website\"},\"primaryImageOfPage\":{\"@id\":\"http:\\\/\\\/www.tugrulevdenevenakliyat.com\\\/index.php\\\/caybasi-evden-eve-nakliyat\\\/#primaryimage\"},\"image\":{\"@id\":\"http:\\\/\\\/www.tugrulevdenevenakliyat.com\\\/index.php\\\/caybasi-evden-eve-nakliyat\\\/#primaryimage\"},\"thumbnailUrl\":\"http:\\\/\\\/www.tugrulevdenevenakliyat.com\\\/wp-content\\\/uploads\\\/2019\\\/10\\\/70392651_1710804235720832_5256834099636600832_n-300x300.jpg\",\"datePublished\":\"2020-01-07T11:03:40+00:00\",\"description\":\"\u00c7ayba\u015f\u0131 evden eve nakliyat Hizmetlerinde,m\u00fc\u015fterilerimize y\u00fcksek kalite ile g\u00fcvenli ve h\u0131zl\u0131 hizmet verebilmek i\u00e7in \u00e7al\u0131\u015f\u0131yoruz.0532 566 86 65\",\"breadcrumb\":{\"@id\":\"http:\\\/\\\/www.tugrulevdenevenakliyat.com\\\/index.php\\\/caybasi-evden-eve-nakliyat\\\/#breadcrumb\"},\"inLanguage\":\"tr\",\"potentialAction\":[{\"@type\":\"ReadAction\",\"target\":[\"http:\\\/\\\/www.tugrulevdenevenakliyat.com\\\/index.php\\\/caybasi-evden-eve-nakliyat\\\/\"]}]},{\"@type\":\"ImageObject\",\"inLanguage\":\"tr\",\"@id\":\"http:\\\/\\\/www.tugrulevdenevenakliyat.com\\\/index.php\\\/caybasi-evden-eve-nakliyat\\\/#primaryimage\",\"url\":\"https:\\\/\\\/www.tugrulevdenevenakliyat.com\\\/wp-content\\\/uploads\\\/2019\\\/10\\\/70392651_1710804235720832_5256834099636600832_n.jpg\",\"contentUrl\":\"https:\\\/\\\/www.tugrulevdenevenakliyat.com\\\/wp-content\\\/uploads\\\/2019\\\/10\\\/70392651_1710804235720832_5256834099636600832_n.jpg\",\"width\":711,\"height\":711,\"caption\":\"\u00e7ayba\u015f\u0131 evden eve nakliyat\"},{\"@type\":\"BreadcrumbList\",\"@id\":\"http:\\\/\\\/www.tugrulevdenevenakliyat.com\\\/index.php\\\/caybasi-evden-eve-nakliyat\\\/#breadcrumb\",\"itemListElement\":[{\"@type\":\"ListItem\",\"position\":1,\"name\":\"Ana sayfa\",\"item\":\"http:\\\/\\\/www.tugrulevdenevenakliyat.com\\\/\"},{\"@type\":\"ListItem\",\"position\":2,\"name\":\"\u00c7ayba\u015f\u0131 Evden Eve Nakliyat\"}]},{\"@type\":\"WebSite\",\"@id\":\"http:\\\/\\\/www.tugrulevdenevenakliyat.com\\\/#website\",\"url\":\"http:\\\/\\\/www.tugrulevdenevenakliyat.com\\\/\",\"name\":\"http:\\\/\\\/www.tugrulevdenevenakliyat.com\\\/\",\"description\":\"t&uuml;rkiye geneline evden eve nakliyat\",\"publisher\":{\"@id\":\"http:\\\/\\\/www.tugrulevdenevenakliyat.com\\\/#organization\"},\"potentialAction\":[{\"@type\":\"SearchAction\",\"target\":{\"@type\":\"EntryPoint\",\"urlTemplate\":\"http:\\\/\\\/www.tugrulevdenevenakliyat.com\\\/?s={search_term_string}\"},\"query-input\":{\"@type\":\"PropertyValueSpecification\",\"valueRequired\":true,\"valueName\":\"search_term_string\"}}],\"inLanguage\":\"tr\"},{\"@type\":\"Organization\",\"@id\":\"http:\\\/\\\/www.tugrulevdenevenakliyat.com\\\/#organization\",\"name\":\"tu\u011frulcan bak\u0131rc\u0131\",\"url\":\"http:\\\/\\\/www.tugrulevdenevenakliyat.com\\\/\",\"logo\":{\"@type\":\"ImageObject\",\"inLanguage\":\"tr\",\"@id\":\"http:\\\/\\\/www.tugrulevdenevenakliyat.com\\\/#\\\/schema\\\/logo\\\/image\\\/\",\"url\":\"http:\\\/\\\/www.tugrulevdenevenakliyat.com\\\/wp-content\\\/uploads\\\/2019\\\/12\\\/45249907_1056901127822562_5718244570844626944_n.jpg\",\"contentUrl\":\"http:\\\/\\\/www.tugrulevdenevenakliyat.com\\\/wp-content\\\/uploads\\\/2019\\\/12\\\/45249907_1056901127822562_5718244570844626944_n.jpg\",\"width\":720,\"height\":960,\"caption\":\"tu\u011frulcan bak\u0131rc\u0131\"},\"image\":{\"@id\":\"http:\\\/\\\/www.tugrulevdenevenakliyat.com\\\/#\\\/schema\\\/logo\\\/image\\\/\"},\"sameAs\":[\"https:\\\/\\\/www.facebook.com\\\/tugrul.can.39589149\",\"https:\\\/\\\/x.com\\\/TURGUT16176391\",\"https:\\\/\\\/intagram.com\\\/tugrulnakliyatt\",\"https:\\\/\\\/www.linkedin.com\\\/in\\\/salim-bakirci-9b838915b\\\/\",\"https:\\\/\\\/tr.pinterest.com\\\/bakrcturgut\\\/pins\\\/\"]}]}<\/script>\n<!-- \/ Yoast SEO plugin. -->","yoast_head_json":{"title":"\u00c7ayba\u015f\u0131 Evden Eve Nakliyat - Tu\u011frul Nakliyat Ta\u015f\u0131mac\u0131l\u0131k","description":"\u00c7ayba\u015f\u0131 evden eve nakliyat Hizmetlerinde,m\u00fc\u015fterilerimize y\u00fcksek kalite ile g\u00fcvenli ve h\u0131zl\u0131 hizmet verebilmek i\u00e7in \u00e7al\u0131\u015f\u0131yoruz.0532 566 86 65","robots":{"index":"index","follow":"follow","max-snippet":"max-snippet:-1","max-image-preview":"max-image-preview:large","max-video-preview":"max-video-preview:-1"},"canonical":"http:\/\/www.tugrulevdenevenakliyat.com\/index.php\/caybasi-evden-eve-nakliyat\/","og_locale":"tr_TR","og_type":"article","og_title":"\u00c7ayba\u015f\u0131 Evden Eve Nakliyat - Tu\u011frul Nakliyat Ta\u015f\u0131mac\u0131l\u0131k","og_description":"\u00c7ayba\u015f\u0131 evden eve nakliyat Hizmetlerinde,m\u00fc\u015fterilerimize y\u00fcksek kalite ile g\u00fcvenli ve h\u0131zl\u0131 hizmet verebilmek i\u00e7in \u00e7al\u0131\u015f\u0131yoruz.0532 566 86 65","og_url":"http:\/\/www.tugrulevdenevenakliyat.com\/index.php\/caybasi-evden-eve-nakliyat\/","og_site_name":"Tu\u011frul Nakliyat","article_publisher":"https:\/\/www.facebook.com\/tugrul.can.39589149","og_image":[{"url":"http:\/\/www.tugrulevdenevenakliyat.com\/wp-content\/uploads\/2019\/10\/70392651_1710804235720832_5256834099636600832_n-300x300.jpg","type":"","width":"","height":""}],"twitter_card":"summary_large_image","twitter_site":"@TURGUT16176391","twitter_misc":{"Tahmini okuma s\u00fcresi":"2 dakika"},"schema":{"@context":"https:\/\/schema.org","@graph":[{"@type":"WebPage","@id":"http:\/\/www.tugrulevdenevenakliyat.com\/index.php\/caybasi-evden-eve-nakliyat\/","url":"http:\/\/www.tugrulevdenevenakliyat.com\/index.php\/caybasi-evden-eve-nakliyat\/","name":"\u00c7ayba\u015f\u0131 Evden Eve Nakliyat - Tu\u011frul Nakliyat Ta\u015f\u0131mac\u0131l\u0131k","isPartOf":{"@id":"http:\/\/www.tugrulevdenevenakliyat.com\/#website"},"primaryImageOfPage":{"@id":"http:\/\/www.tugrulevdenevenakliyat.com\/index.php\/caybasi-evden-eve-nakliyat\/#primaryimage"},"image":{"@id":"http:\/\/www.tugrulevdenevenakliyat.com\/index.php\/caybasi-evden-eve-nakliyat\/#primaryimage"},"thumbnailUrl":"http:\/\/www.tugrulevdenevenakliyat.com\/wp-content\/uploads\/2019\/10\/70392651_1710804235720832_5256834099636600832_n-300x300.jpg","datePublished":"2020-01-07T11:03:40+00:00","description":"\u00c7ayba\u015f\u0131 evden eve nakliyat Hizmetlerinde,m\u00fc\u015fterilerimize y\u00fcksek kalite ile g\u00fcvenli ve h\u0131zl\u0131 hizmet verebilmek i\u00e7in \u00e7al\u0131\u015f\u0131yoruz.0532 566 86 65","breadcrumb":{"@id":"http:\/\/www.tugrulevdenevenakliyat.com\/index.php\/caybasi-evden-eve-nakliyat\/#breadcrumb"},"inLanguage":"tr","potentialAction":[{"@type":"ReadAction","target":["http:\/\/www.tugrulevdenevenakliyat.com\/index.php\/caybasi-evden-eve-nakliyat\/"]}]},{"@type":"ImageObject","inLanguage":"tr","@id":"http:\/\/www.tugrulevdenevenakliyat.com\/index.php\/caybasi-evden-eve-nakliyat\/#primaryimage","url":"https:\/\/www.tugrulevdenevenakliyat.com\/wp-content\/uploads\/2019\/10\/70392651_1710804235720832_5256834099636600832_n.jpg","contentUrl":"https:\/\/www.tugrulevdenevenakliyat.com\/wp-content\/uploads\/2019\/10\/70392651_1710804235720832_5256834099636600832_n.jpg","width":711,"height":711,"caption":"\u00e7ayba\u015f\u0131 evden eve nakliyat"},{"@type":"BreadcrumbList","@id":"http:\/\/www.tugrulevdenevenakliyat.com\/index.php\/caybasi-evden-eve-nakliyat\/#breadcrumb","itemListElement":[{"@type":"ListItem","position":1,"name":"Ana sayfa","item":"http:\/\/www.tugrulevdenevenakliyat.com\/"},{"@type":"ListItem","position":2,"name":"\u00c7ayba\u015f\u0131 Evden Eve Nakliyat"}]},{"@type":"WebSite","@id":"http:\/\/www.tugrulevdenevenakliyat.com\/#website","url":"http:\/\/www.tugrulevdenevenakliyat.com\/","name":"http:\/\/www.tugrulevdenevenakliyat.com\/","description":"t&uuml;rkiye geneline evden eve nakliyat","publisher":{"@id":"http:\/\/www.tugrulevdenevenakliyat.com\/#organization"},"potentialAction":[{"@type":"SearchAction","target":{"@type":"EntryPoint","urlTemplate":"http:\/\/www.tugrulevdenevenakliyat.com\/?s={search_term_string}"},"query-input":{"@type":"PropertyValueSpecification","valueRequired":true,"valueName":"search_term_string"}}],"inLanguage":"tr"},{"@type":"Organization","@id":"http:\/\/www.tugrulevdenevenakliyat.com\/#organization","name":"tu\u011frulcan bak\u0131rc\u0131","url":"http:\/\/www.tugrulevdenevenakliyat.com\/","logo":{"@type":"ImageObject","inLanguage":"tr","@id":"http:\/\/www.tugrulevdenevenakliyat.com\/#\/schema\/logo\/image\/","url":"http:\/\/www.tugrulevdenevenakliyat.com\/wp-content\/uploads\/2019\/12\/45249907_1056901127822562_5718244570844626944_n.jpg","contentUrl":"http:\/\/www.tugrulevdenevenakliyat.com\/wp-content\/uploads\/2019\/12\/45249907_1056901127822562_5718244570844626944_n.jpg","width":720,"height":960,"caption":"tu\u011frulcan bak\u0131rc\u0131"},"image":{"@id":"http:\/\/www.tugrulevdenevenakliyat.com\/#\/schema\/logo\/image\/"},"sameAs":["https:\/\/www.facebook.com\/tugrul.can.39589149","https:\/\/x.com\/TURGUT16176391","https:\/\/intagram.com\/tugrulnakliyatt","https:\/\/www.linkedin.com\/in\/salim-bakirci-9b838915b\/","https:\/\/tr.pinterest.com\/bakrcturgut\/pins\/"]}]}},"_links":{"self":[{"href":"https:\/\/www.tugrulevdenevenakliyat.com\/index.php\/wp-json\/wp\/v2\/pages\/715","targetHints":{"allow":["GET"]}}],"collection":[{"href":"https:\/\/www.tugrulevdenevenakliyat.com\/index.php\/wp-json\/wp\/v2\/pages"}],"about":[{"href":"https:\/\/www.tugrulevdenevenakliyat.com\/index.php\/wp-json\/wp\/v2\/types\/page"}],"author":[{"embeddable":true,"href":"https:\/\/www.tugrulevdenevenakliyat.com\/index.php\/wp-json\/wp\/v2\/users\/1"}],"replies":[{"embeddable":true,"href":"https:\/\/www.tugrulevdenevenakliyat.com\/index.php\/wp-json\/wp\/v2\/comments?post=715"}],"version-history":[{"count":1,"href":"https:\/\/www.tugrulevdenevenakliyat.com\/index.php\/wp-json\/wp\/v2\/pages\/715\/revisions"}],"predecessor-version":[{"id":716,"href":"https:\/\/www.tugrulevdenevenakliyat.com\/index.php\/wp-json\/wp\/v2\/pages\/715\/revisions\/716"}],"wp:attachment":[{"href":"https:\/\/www.tugrulevdenevenakliyat.com\/index.php\/wp-json\/wp\/v2\/media?parent=715"}],"curies":[{"name":"wp","href":"https:\/\/api.w.org\/{rel}","templated":true}]}}