{"id":786,"date":"2020-02-24T12:54:31","date_gmt":"2020-02-24T12:54:31","guid":{"rendered":"http:\/\/www.tugrulevdenevenakliyat.com\/?page_id=786"},"modified":"2020-02-24T12:54:31","modified_gmt":"2020-02-24T12:54:31","slug":"baglar-evden-eve-nakliyat","status":"publish","type":"page","link":"https:\/\/www.tugrulevdenevenakliyat.com\/index.php\/baglar-evden-eve-nakliyat\/","title":{"rendered":"Ba\u011flar Evden Eve Nakliyat"},"content":{"rendered":"<h1 style=\"text-align: center;\">Ba\u011flar Evden Eve Nakliyat<\/h1>\n<p style=\"text-align: center;\">Ba\u011flar evden eve nakliyat 7\/24 saat hizmetinizdeyiz\u00a0 (0532)566 86 65<\/p>\n<p style=\"text-align: center;\">A\u00e7\u0131k ve net olarak belirtmeliyiz ki en iyi firmalar aras\u0131nda de\u011fil en \u00fcst s\u0131rada yerimizi ald\u0131k\u00a0<a href=\"https:\/\/www.facebook.com\/halkalinakliyaat\/?modal=admin_todo_tour\">TU\u011eRUL NAKL\u0130YAT<\/a><\/p>\n<p style=\"text-align: center;\">tugrul<a href=\"http:\/\/www.tugrulevdenevenakliyat.com\/\">\u00a0evden eve Nakliyat<\/a>\u00a00532 566 86 65 konusunda iddiam\u0131z sonsuz derecelere ula\u015farak kalitemizde s\u0131n\u0131r tan\u0131mad\u0131k kesinlikle i\u015fimizi yapmak i\u00e7in de\u011fil hakk\u0131n\u0131 vermek memnuniyet kazanmak i\u00e7in \u00e7al\u0131\u015f\u0131yoruz ba\u015far\u0131y\u0131 biz bu \u015fekilde elde ettik<br \/>\nDi\u011fer firmalardan fark\u0131m\u0131z ciddi anlamada ara\u015ft\u0131rmac\u0131 y\u00f6n\u00fcm\u00fcz\u00fcn olmas\u0131 m\u00fc\u015fteri \u00f6nerilerini ge\u00e7mi\u015ften bug\u00fcne kadar bizim tecr\u00fcbemizde harmanlayarak i\u015fimizi doruk<\/p>\n<h2 style=\"text-align: center;\">Evden Eve Nakliyat Ba\u011flar<\/h2>\n<div id=\"attachment_765\" style=\"width: 310px\" class=\"wp-caption aligncenter\"><img loading=\"lazy\" decoding=\"async\" aria-describedby=\"caption-attachment-765\" class=\"size-medium wp-image-765\" src=\"http:\/\/www.tugrulevdenevenakliyat.com\/wp-content\/uploads\/2020\/01\/67248473_392592201382718_2114719485687496704_n-300x155.jpg\" alt=\"ba\u011flar nakliyat\" width=\"300\" height=\"155\" srcset=\"https:\/\/www.tugrulevdenevenakliyat.com\/wp-content\/uploads\/2020\/01\/67248473_392592201382718_2114719485687496704_n-300x155.jpg 300w, https:\/\/www.tugrulevdenevenakliyat.com\/wp-content\/uploads\/2020\/01\/67248473_392592201382718_2114719485687496704_n.jpg 712w\" sizes=\"auto, (max-width: 300px) 100vw, 300px\" \/><p id=\"caption-attachment-765\" class=\"wp-caption-text\">ba\u011flar nakliyat<\/p><\/div>\n<p>&nbsp;<\/p>\n<p style=\"text-align: center;\">Hizmetde s\u0131n\u0131r yoktur.<br \/>\nM\u00fc\u015fteri memnuniyetinden sorumluluk ta\u015f\u0131d\u0131m\u0131z i\u00e7in bu i\u015fi ge\u00e7i\u00e7i de\u011fil kal\u0131c\u0131 d\u00fc\u015f\u00fcnd\u00fcm\u00fcz i\u00e7in verdimiz s\u00f6z konu\u015fdugumuz kelimeyi yeride gedirmekden memnunuz<br \/>\nm\u00fc\u015fterilerimizle s\u00f6zle\u015fme yap\u0131p konu\u015fdugumuz saatde ve yap\u0131lan i\u015f\u00e7ilik<\/p>\n<p style=\"text-align: center;\">hakk\u0131nda \u00f6n bilgi verip mobilya ve koltuk tak\u0131m\u0131 , yatak odas\u0131n\u0131 ,cocuk odan\u0131z\u0131, yemek odan\u0131z\u0131 ve duvar \u00fcnitesi fortmanto<\/p>\n<p style=\"text-align: center;\">s\u00f6k\u00fcp ampalaj\u0131 yap\u0131l\u0131r beyaz e\u015fyalar\u0131n\u0131z\u0131da s\u00f6k\u00fcp ambalaj\u0131n\u0131z\u0131da yap\u0131p gideceyi yere g\u00f6t\u00fcr\u00fcp ta\u015f\u0131p montaj\u0131n\u0131 yap\u0131p tertemiz bir \u015fekilde yap\u0131p siz de\u011ferli m\u00fc\u015fterilerimize teslim etmekdir.<\/p>\n<p style=\"text-align: center;\">Nakliye mobilya montaj \u015fehir i\u00e7i ve \u015fehirler aras\u0131 nakliye montaj garantili sigortal\u0131 ta\u015f\u0131mac\u0131l\u0131k m\u00fc\u015fteri memnuniyeti \u00f6n planda olup siz sayg\u0131 de\u011fer m\u00fc\u015fterilerimizin hizmetindeyiz kaliteli asla tesad\u00fcf de\u011fildir.<\/p>\n<h3 style=\"text-align: center;\">Ba\u011flar Nakliyat<\/h3>\n<p style=\"text-align: center;\">evden eve\u00a0 m\u00fc\u015fterilerimizle s\u00f6zle\u015fme yap\u0131p konu\u015fdugumuz saatde ve yap\u0131lan i\u015f\u00e7ilik hakk\u0131nda \u00f6n bilgi verip mobilya ve koltuk tak\u0131m\u0131 , yatak odas\u0131n\u0131 ,cocuk odan\u0131z\u0131, yemek odan\u0131z\u0131 ve duvar \u00fcnitesi fortmanto s\u00f6k\u00fcp ampalaj\u0131 yap\u0131l\u0131r<\/p>\n<p style=\"text-align: center;\">beyaz e\u015fyalar\u0131n\u0131z\u0131da s\u00f6k\u00fcp ambalaj\u0131n\u0131z\u0131da yap\u0131p gideceyi yere g\u00f6t\u00fcr\u00fcp ta\u015f\u0131p montaj\u0131n\u0131 yap\u0131p tertemiz bir \u015fekilde yap\u0131p siz de\u011ferli m\u00fc\u015fterilerimize teslim etmekdir.<\/p>\n<p style=\"text-align: center;\">Tu\u011frul Nakliyat\u00a01982 y\u0131l\u0131ndan beri hizmet sunmaktay\u0131z.<\/p>\n<p style=\"text-align: center;\">M\u00fc\u015fteri memnuyetini herzaman \u00f6n planda tutan hizmet anlay\u0131\u015f\u0131m\u0131zla b\u00fcy\u00fck bir te\u00e7rubeye sahip olan bir Firmay\u0131z.Tu\u011frul Nakliyat olarak 37 y\u0131l\u0131ndan beri kusursuz ve g\u00fcvenli,hizmet vermekdeyiz.<\/p>\n<p style=\"text-align: center;\">\u015eehir i\u00e7i ve \u015fehirler aras\u0131 ve g\u00fcvenli, ta\u015f\u0131ma yapmaya devam ediyoruz.sizlerin g\u00fcvenini kazanmaya \u00e7al\u0131\u015f\u0131yoruz bizleri tercih etiniz i\u00e7in te\u015fekk\u00fcr ederiz.<\/p>\n<h4 style=\"text-align: center;\">Fiyatlar\u0131m\u0131z sizlere \u00f6zel<\/h4>\n<p style=\"text-align: center;\">1 + 1 Daire Ta\u015f\u0131mas\u0131 ; 900 \u2013 1200 TL<br \/>\n2 + 1 Daire Ta\u015f\u0131mas\u0131 ; 1200 \u2013 1500 TL<br \/>\n3 + 1 Daire Ta\u015f\u0131mas\u0131 ; 1500 \u2013 2000 TL<br \/>\n4 + 1 Daire Ve Villa Ta\u015f\u0131mas\u0131; 2000 \u2013 5000 TL<br \/>\n\u0130stanbul B\u00f6lge i\u00e7i ara\u00e7 kiralama ; 400 \u2013 800 TL<br \/>\n\u0130stanbul B\u00f6lge i\u00e7i ekip i\u015flemleri ; 500 \u2013 1000 TL Fiyat aral\u0131\u011f\u0131nda uygulanmaktad\u0131r.<br \/>\n7\/24 ileti\u015fim : 05325668665<\/p>\n","protected":false},"excerpt":{"rendered":"<p>Ba\u011flar Evden Eve Nakliyat Ba\u011flar evden eve nakliyat 7\/24 saat hizmetinizdeyiz\u00a0 (0532)566 86 65 A\u00e7\u0131k ve net olarak belirtmeliyiz ki en iyi firmalar aras\u0131nda de\u011fil en \u00fcst s\u0131rada yerimizi ald\u0131k\u00a0TU\u011eRUL NAKL\u0130YAT tugrul\u00a0evden eve Nakliyat\u00a00532 566 86 65 konusunda iddiam\u0131z sonsuz derecelere ula\u015farak kalitemizde s\u0131n\u0131r tan\u0131mad\u0131k kesinlikle i\u015fimizi yapmak i\u00e7in de\u011fil hakk\u0131n\u0131 vermek memnuniyet kazanmak i\u00e7in&hellip; <br \/> <a class=\"read-more\" href=\"https:\/\/www.tugrulevdenevenakliyat.com\/index.php\/baglar-evden-eve-nakliyat\/\">Devam\u0131<\/a><\/p>\n","protected":false},"author":1,"featured_media":7,"parent":0,"menu_order":0,"comment_status":"closed","ping_status":"closed","template":"","meta":{"_bbp_topic_count":0,"_bbp_reply_count":0,"_bbp_total_topic_count":0,"_bbp_total_reply_count":0,"_bbp_voice_count":0,"_bbp_anonymous_reply_count":0,"_bbp_topic_count_hidden":0,"_bbp_reply_count_hidden":0,"_bbp_forum_subforum_count":0,"footnotes":""},"class_list":["post-786","page","type-page","status-publish","has-post-thumbnail","hentry"],"yoast_head":"<!-- This site is optimized with the Yoast SEO plugin v27.3 - https:\/\/yoast.com\/product\/yoast-seo-wordpress\/ -->\n<title>Ba\u011flar Evden Eve Nakliyat - Tu\u011frul Nakliyat Hizmeti<\/title>\n<meta name=\"description\" content=\"Ba\u011flar evden eve nakliyat sizlere 24 saat hizmet veriyoruz (0532)566 86 65 bizlere bu numarayla ula\u015fa bilirsiniz .\u015eehirler aras\u0131 ve i\u00e7i nakliyat\" \/>\n<meta name=\"robots\" content=\"index, follow, max-snippet:-1, max-image-preview:large, max-video-preview:-1\" \/>\n<link rel=\"canonical\" href=\"http:\/\/www.tugrulevdenevenakliyat.com\/index.php\/baglar-evden-eve-nakliyat\/\" \/>\n<meta property=\"og:locale\" content=\"tr_TR\" \/>\n<meta property=\"og:type\" content=\"article\" \/>\n<meta property=\"og:title\" content=\"Ba\u011flar Evden Eve Nakliyat - Tu\u011frul Nakliyat Hizmeti\" \/>\n<meta property=\"og:description\" content=\"Ba\u011flar evden eve nakliyat sizlere 24 saat hizmet veriyoruz (0532)566 86 65 bizlere bu numarayla ula\u015fa bilirsiniz .\u015eehirler aras\u0131 ve i\u00e7i nakliyat\" \/>\n<meta property=\"og:url\" content=\"http:\/\/www.tugrulevdenevenakliyat.com\/index.php\/baglar-evden-eve-nakliyat\/\" \/>\n<meta property=\"og:site_name\" content=\"Tu\u011frul Nakliyat\" \/>\n<meta property=\"article:publisher\" content=\"https:\/\/www.facebook.com\/tugrul.can.39589149\" \/>\n<meta property=\"og:image\" content=\"http:\/\/www.tugrulevdenevenakliyat.com\/wp-content\/uploads\/2019\/07\/67194008_398664830753112_5639412018084577280_n.jpg\" \/>\n\t<meta property=\"og:image:width\" content=\"720\" \/>\n\t<meta property=\"og:image:height\" content=\"333\" \/>\n\t<meta property=\"og:image:type\" content=\"image\/jpeg\" \/>\n<meta name=\"twitter:card\" content=\"summary_large_image\" \/>\n<meta name=\"twitter:site\" content=\"@TURGUT16176391\" \/>\n<meta name=\"twitter:label1\" content=\"Tahmini okuma s\u00fcresi\" \/>\n\t<meta name=\"twitter:data1\" content=\"3 dakika\" \/>\n<script type=\"application\/ld+json\" class=\"yoast-schema-graph\">{\"@context\":\"https:\\\/\\\/schema.org\",\"@graph\":[{\"@type\":\"WebPage\",\"@id\":\"http:\\\/\\\/www.tugrulevdenevenakliyat.com\\\/index.php\\\/baglar-evden-eve-nakliyat\\\/\",\"url\":\"http:\\\/\\\/www.tugrulevdenevenakliyat.com\\\/index.php\\\/baglar-evden-eve-nakliyat\\\/\",\"name\":\"Ba\u011flar Evden Eve Nakliyat - Tu\u011frul Nakliyat Hizmeti\",\"isPartOf\":{\"@id\":\"http:\\\/\\\/www.tugrulevdenevenakliyat.com\\\/#website\"},\"primaryImageOfPage\":{\"@id\":\"http:\\\/\\\/www.tugrulevdenevenakliyat.com\\\/index.php\\\/baglar-evden-eve-nakliyat\\\/#primaryimage\"},\"image\":{\"@id\":\"http:\\\/\\\/www.tugrulevdenevenakliyat.com\\\/index.php\\\/baglar-evden-eve-nakliyat\\\/#primaryimage\"},\"thumbnailUrl\":\"https:\\\/\\\/www.tugrulevdenevenakliyat.com\\\/wp-content\\\/uploads\\\/2019\\\/07\\\/67194008_398664830753112_5639412018084577280_n.jpg\",\"datePublished\":\"2020-02-24T12:54:31+00:00\",\"description\":\"Ba\u011flar evden eve nakliyat sizlere 24 saat hizmet veriyoruz (0532)566 86 65 bizlere bu numarayla ula\u015fa bilirsiniz .\u015eehirler aras\u0131 ve i\u00e7i nakliyat\",\"breadcrumb\":{\"@id\":\"http:\\\/\\\/www.tugrulevdenevenakliyat.com\\\/index.php\\\/baglar-evden-eve-nakliyat\\\/#breadcrumb\"},\"inLanguage\":\"tr\",\"potentialAction\":[{\"@type\":\"ReadAction\",\"target\":[\"http:\\\/\\\/www.tugrulevdenevenakliyat.com\\\/index.php\\\/baglar-evden-eve-nakliyat\\\/\"]}]},{\"@type\":\"ImageObject\",\"inLanguage\":\"tr\",\"@id\":\"http:\\\/\\\/www.tugrulevdenevenakliyat.com\\\/index.php\\\/baglar-evden-eve-nakliyat\\\/#primaryimage\",\"url\":\"https:\\\/\\\/www.tugrulevdenevenakliyat.com\\\/wp-content\\\/uploads\\\/2019\\\/07\\\/67194008_398664830753112_5639412018084577280_n.jpg\",\"contentUrl\":\"https:\\\/\\\/www.tugrulevdenevenakliyat.com\\\/wp-content\\\/uploads\\\/2019\\\/07\\\/67194008_398664830753112_5639412018084577280_n.jpg\",\"width\":720,\"height\":333,\"caption\":\"ba\u011flar nakliyat\"},{\"@type\":\"BreadcrumbList\",\"@id\":\"http:\\\/\\\/www.tugrulevdenevenakliyat.com\\\/index.php\\\/baglar-evden-eve-nakliyat\\\/#breadcrumb\",\"itemListElement\":[{\"@type\":\"ListItem\",\"position\":1,\"name\":\"Ana sayfa\",\"item\":\"http:\\\/\\\/www.tugrulevdenevenakliyat.com\\\/\"},{\"@type\":\"ListItem\",\"position\":2,\"name\":\"Ba\u011flar Evden Eve Nakliyat\"}]},{\"@type\":\"WebSite\",\"@id\":\"http:\\\/\\\/www.tugrulevdenevenakliyat.com\\\/#website\",\"url\":\"http:\\\/\\\/www.tugrulevdenevenakliyat.com\\\/\",\"name\":\"http:\\\/\\\/www.tugrulevdenevenakliyat.com\\\/\",\"description\":\"t&uuml;rkiye geneline evden eve nakliyat\",\"publisher\":{\"@id\":\"http:\\\/\\\/www.tugrulevdenevenakliyat.com\\\/#organization\"},\"potentialAction\":[{\"@type\":\"SearchAction\",\"target\":{\"@type\":\"EntryPoint\",\"urlTemplate\":\"http:\\\/\\\/www.tugrulevdenevenakliyat.com\\\/?s={search_term_string}\"},\"query-input\":{\"@type\":\"PropertyValueSpecification\",\"valueRequired\":true,\"valueName\":\"search_term_string\"}}],\"inLanguage\":\"tr\"},{\"@type\":\"Organization\",\"@id\":\"http:\\\/\\\/www.tugrulevdenevenakliyat.com\\\/#organization\",\"name\":\"tu\u011frulcan bak\u0131rc\u0131\",\"url\":\"http:\\\/\\\/www.tugrulevdenevenakliyat.com\\\/\",\"logo\":{\"@type\":\"ImageObject\",\"inLanguage\":\"tr\",\"@id\":\"http:\\\/\\\/www.tugrulevdenevenakliyat.com\\\/#\\\/schema\\\/logo\\\/image\\\/\",\"url\":\"http:\\\/\\\/www.tugrulevdenevenakliyat.com\\\/wp-content\\\/uploads\\\/2019\\\/12\\\/45249907_1056901127822562_5718244570844626944_n.jpg\",\"contentUrl\":\"http:\\\/\\\/www.tugrulevdenevenakliyat.com\\\/wp-content\\\/uploads\\\/2019\\\/12\\\/45249907_1056901127822562_5718244570844626944_n.jpg\",\"width\":720,\"height\":960,\"caption\":\"tu\u011frulcan bak\u0131rc\u0131\"},\"image\":{\"@id\":\"http:\\\/\\\/www.tugrulevdenevenakliyat.com\\\/#\\\/schema\\\/logo\\\/image\\\/\"},\"sameAs\":[\"https:\\\/\\\/www.facebook.com\\\/tugrul.can.39589149\",\"https:\\\/\\\/x.com\\\/TURGUT16176391\",\"https:\\\/\\\/intagram.com\\\/tugrulnakliyatt\",\"https:\\\/\\\/www.linkedin.com\\\/in\\\/salim-bakirci-9b838915b\\\/\",\"https:\\\/\\\/tr.pinterest.com\\\/bakrcturgut\\\/pins\\\/\"]}]}<\/script>\n<!-- \/ Yoast SEO plugin. -->","yoast_head_json":{"title":"Ba\u011flar Evden Eve Nakliyat - Tu\u011frul Nakliyat Hizmeti","description":"Ba\u011flar evden eve nakliyat sizlere 24 saat hizmet veriyoruz (0532)566 86 65 bizlere bu numarayla ula\u015fa bilirsiniz .\u015eehirler aras\u0131 ve i\u00e7i nakliyat","robots":{"index":"index","follow":"follow","max-snippet":"max-snippet:-1","max-image-preview":"max-image-preview:large","max-video-preview":"max-video-preview:-1"},"canonical":"http:\/\/www.tugrulevdenevenakliyat.com\/index.php\/baglar-evden-eve-nakliyat\/","og_locale":"tr_TR","og_type":"article","og_title":"Ba\u011flar Evden Eve Nakliyat - Tu\u011frul Nakliyat Hizmeti","og_description":"Ba\u011flar evden eve nakliyat sizlere 24 saat hizmet veriyoruz (0532)566 86 65 bizlere bu numarayla ula\u015fa bilirsiniz .\u015eehirler aras\u0131 ve i\u00e7i nakliyat","og_url":"http:\/\/www.tugrulevdenevenakliyat.com\/index.php\/baglar-evden-eve-nakliyat\/","og_site_name":"Tu\u011frul Nakliyat","article_publisher":"https:\/\/www.facebook.com\/tugrul.can.39589149","og_image":[{"width":720,"height":333,"url":"http:\/\/www.tugrulevdenevenakliyat.com\/wp-content\/uploads\/2019\/07\/67194008_398664830753112_5639412018084577280_n.jpg","type":"image\/jpeg"}],"twitter_card":"summary_large_image","twitter_site":"@TURGUT16176391","twitter_misc":{"Tahmini okuma s\u00fcresi":"3 dakika"},"schema":{"@context":"https:\/\/schema.org","@graph":[{"@type":"WebPage","@id":"http:\/\/www.tugrulevdenevenakliyat.com\/index.php\/baglar-evden-eve-nakliyat\/","url":"http:\/\/www.tugrulevdenevenakliyat.com\/index.php\/baglar-evden-eve-nakliyat\/","name":"Ba\u011flar Evden Eve Nakliyat - Tu\u011frul Nakliyat Hizmeti","isPartOf":{"@id":"http:\/\/www.tugrulevdenevenakliyat.com\/#website"},"primaryImageOfPage":{"@id":"http:\/\/www.tugrulevdenevenakliyat.com\/index.php\/baglar-evden-eve-nakliyat\/#primaryimage"},"image":{"@id":"http:\/\/www.tugrulevdenevenakliyat.com\/index.php\/baglar-evden-eve-nakliyat\/#primaryimage"},"thumbnailUrl":"https:\/\/www.tugrulevdenevenakliyat.com\/wp-content\/uploads\/2019\/07\/67194008_398664830753112_5639412018084577280_n.jpg","datePublished":"2020-02-24T12:54:31+00:00","description":"Ba\u011flar evden eve nakliyat sizlere 24 saat hizmet veriyoruz (0532)566 86 65 bizlere bu numarayla ula\u015fa bilirsiniz .\u015eehirler aras\u0131 ve i\u00e7i nakliyat","breadcrumb":{"@id":"http:\/\/www.tugrulevdenevenakliyat.com\/index.php\/baglar-evden-eve-nakliyat\/#breadcrumb"},"inLanguage":"tr","potentialAction":[{"@type":"ReadAction","target":["http:\/\/www.tugrulevdenevenakliyat.com\/index.php\/baglar-evden-eve-nakliyat\/"]}]},{"@type":"ImageObject","inLanguage":"tr","@id":"http:\/\/www.tugrulevdenevenakliyat.com\/index.php\/baglar-evden-eve-nakliyat\/#primaryimage","url":"https:\/\/www.tugrulevdenevenakliyat.com\/wp-content\/uploads\/2019\/07\/67194008_398664830753112_5639412018084577280_n.jpg","contentUrl":"https:\/\/www.tugrulevdenevenakliyat.com\/wp-content\/uploads\/2019\/07\/67194008_398664830753112_5639412018084577280_n.jpg","width":720,"height":333,"caption":"ba\u011flar nakliyat"},{"@type":"BreadcrumbList","@id":"http:\/\/www.tugrulevdenevenakliyat.com\/index.php\/baglar-evden-eve-nakliyat\/#breadcrumb","itemListElement":[{"@type":"ListItem","position":1,"name":"Ana sayfa","item":"http:\/\/www.tugrulevdenevenakliyat.com\/"},{"@type":"ListItem","position":2,"name":"Ba\u011flar Evden Eve Nakliyat"}]},{"@type":"WebSite","@id":"http:\/\/www.tugrulevdenevenakliyat.com\/#website","url":"http:\/\/www.tugrulevdenevenakliyat.com\/","name":"http:\/\/www.tugrulevdenevenakliyat.com\/","description":"t&uuml;rkiye geneline evden eve nakliyat","publisher":{"@id":"http:\/\/www.tugrulevdenevenakliyat.com\/#organization"},"potentialAction":[{"@type":"SearchAction","target":{"@type":"EntryPoint","urlTemplate":"http:\/\/www.tugrulevdenevenakliyat.com\/?s={search_term_string}"},"query-input":{"@type":"PropertyValueSpecification","valueRequired":true,"valueName":"search_term_string"}}],"inLanguage":"tr"},{"@type":"Organization","@id":"http:\/\/www.tugrulevdenevenakliyat.com\/#organization","name":"tu\u011frulcan bak\u0131rc\u0131","url":"http:\/\/www.tugrulevdenevenakliyat.com\/","logo":{"@type":"ImageObject","inLanguage":"tr","@id":"http:\/\/www.tugrulevdenevenakliyat.com\/#\/schema\/logo\/image\/","url":"http:\/\/www.tugrulevdenevenakliyat.com\/wp-content\/uploads\/2019\/12\/45249907_1056901127822562_5718244570844626944_n.jpg","contentUrl":"http:\/\/www.tugrulevdenevenakliyat.com\/wp-content\/uploads\/2019\/12\/45249907_1056901127822562_5718244570844626944_n.jpg","width":720,"height":960,"caption":"tu\u011frulcan bak\u0131rc\u0131"},"image":{"@id":"http:\/\/www.tugrulevdenevenakliyat.com\/#\/schema\/logo\/image\/"},"sameAs":["https:\/\/www.facebook.com\/tugrul.can.39589149","https:\/\/x.com\/TURGUT16176391","https:\/\/intagram.com\/tugrulnakliyatt","https:\/\/www.linkedin.com\/in\/salim-bakirci-9b838915b\/","https:\/\/tr.pinterest.com\/bakrcturgut\/pins\/"]}]}},"_links":{"self":[{"href":"https:\/\/www.tugrulevdenevenakliyat.com\/index.php\/wp-json\/wp\/v2\/pages\/786","targetHints":{"allow":["GET"]}}],"collection":[{"href":"https:\/\/www.tugrulevdenevenakliyat.com\/index.php\/wp-json\/wp\/v2\/pages"}],"about":[{"href":"https:\/\/www.tugrulevdenevenakliyat.com\/index.php\/wp-json\/wp\/v2\/types\/page"}],"author":[{"embeddable":true,"href":"https:\/\/www.tugrulevdenevenakliyat.com\/index.php\/wp-json\/wp\/v2\/users\/1"}],"replies":[{"embeddable":true,"href":"https:\/\/www.tugrulevdenevenakliyat.com\/index.php\/wp-json\/wp\/v2\/comments?post=786"}],"version-history":[{"count":1,"href":"https:\/\/www.tugrulevdenevenakliyat.com\/index.php\/wp-json\/wp\/v2\/pages\/786\/revisions"}],"predecessor-version":[{"id":787,"href":"https:\/\/www.tugrulevdenevenakliyat.com\/index.php\/wp-json\/wp\/v2\/pages\/786\/revisions\/787"}],"wp:featuredmedia":[{"embeddable":true,"href":"https:\/\/www.tugrulevdenevenakliyat.com\/index.php\/wp-json\/wp\/v2\/media\/7"}],"wp:attachment":[{"href":"https:\/\/www.tugrulevdenevenakliyat.com\/index.php\/wp-json\/wp\/v2\/media?parent=786"}],"curies":[{"name":"wp","href":"https:\/\/api.w.org\/{rel}","templated":true}]}}