{"id":809,"date":"2020-05-07T12:32:47","date_gmt":"2020-05-07T12:32:47","guid":{"rendered":"http:\/\/www.tugrulevdenevenakliyat.com\/?page_id=809"},"modified":"2020-05-07T12:32:47","modified_gmt":"2020-05-07T12:32:47","slug":"esenkent-evden-eve-nakliyat","status":"publish","type":"page","link":"https:\/\/www.tugrulevdenevenakliyat.com\/index.php\/esenkent-evden-eve-nakliyat\/","title":{"rendered":"esenkent evden eve nakliyat"},"content":{"rendered":"<h1 style=\"text-align: center;\"><strong>esenkent evden eve nakliyat\u00a0<\/strong><\/h1>\n<p style=\"text-align: center;\">Esenkent Evden Eve Nakliyat Firmalar\u0131<\/p>\n<p style=\"text-align: center;\">dendiginde ilk akla gelen firmalardan biri olan ;\u00a0 \u00a0evden eve nakliye firmam\u0131z sizler ad\u0131na her t\u00fcrl\u00fc her t\u00fcrl\u00fc planlamalar\u0131<\/p>\n<p style=\"text-align: center;\">yaparan en \u00f6zenli \u015fekilde amblajlamadan yerle\u015ftirmeye kadar kusursuz bir y\u00f6ndem izlemmekdetir. Hizmetlerimizi tamamen m\u00fc\u015fteri memnuniyetini hesas olarak<\/p>\n<p style=\"text-align: center;\">sizlerinde fikirlerinde e\u015fliginde en do\u011fru \u015fekilde vermeyi hedefliyerek \u00e7al\u0131\u015fmalar\u0131m\u0131zda y\u00f6n vermekdeyiz. y\u0131llard\u0131r gerekdiginde m\u00fc\u015fterilerimizin tak\u0131ld\u0131\u011f\u0131 yada<br \/>\nkarars\u0131z kald\u0131\u011f\u0131 durumlarda bir\u00e7ok se\u00e7enek belirleyek i\u015flerini kolayla\u015fd\u0131rmakda ve en do\u011fru \u00f6neri sunmaktay\u0131z.<br \/>\nm\u00fc\u015fterilerimiz firmam\u0131z\u0131 \u00f6nererek yada tekrar tercih ederek memnuniyetlerini dile getirmektedirler gerekti\u011finde asans\u00f6rl\u00fc nakliyat hizmetleride sizler i\u00e7in en iyi<br \/>\n\u015fekile vermekteyiz. b\u00f6ylelikle t\u00fcm nakliyat s\u00fcrec\u0131n\u0131z \u00f6nceden planlanarak , hi\u00e7bir aksakl\u0131k ya\u015fanmadan ger\u00e7ekle\u015fiyor<br \/>\nsize sadece bir telefon kadar yak\u0131n\u0131z istanbul evden eve nakliyat hizmetimiz her konusunda sizlere yard\u0131mc\u0131 olmak isteriz l\u00fctfen sadece bilgi edinmek i\u00e7inde olsa bize ula\u015f\u0131<br \/>\nve uzman ekibibiz sizi bilgilendirin villa evden eve nakliye firmas\u0131<\/p>\n<h2 style=\"text-align: center;\">esenkent nakliyat<\/h2>\n<div id=\"attachment_227\" class=\"wp-caption aligncenter\" style=\"text-align: center;\">\n<div id=\"attachment_38\" style=\"width: 310px\" class=\"wp-caption aligncenter\"><img loading=\"lazy\" decoding=\"async\" aria-describedby=\"caption-attachment-38\" class=\"wp-image-38 size-medium\" src=\"http:\/\/www.tugrulevdenevenakliyat.com\/wp-content\/uploads\/2019\/07\/67573711_2173740579390839_467185076212334592_n-300x283.jpg\" alt=\"esenkent evden eve nakliyay\" width=\"300\" height=\"283\" srcset=\"https:\/\/www.tugrulevdenevenakliyat.com\/wp-content\/uploads\/2019\/07\/67573711_2173740579390839_467185076212334592_n-300x283.jpg 300w, https:\/\/www.tugrulevdenevenakliyat.com\/wp-content\/uploads\/2019\/07\/67573711_2173740579390839_467185076212334592_n-768x725.jpg 768w, https:\/\/www.tugrulevdenevenakliyat.com\/wp-content\/uploads\/2019\/07\/67573711_2173740579390839_467185076212334592_n.jpg 893w\" sizes=\"auto, (max-width: 300px) 100vw, 300px\" \/><p id=\"caption-attachment-38\" class=\"wp-caption-text\">esenkent evden eve nakliyat<\/p><\/div>\n<p id=\"caption-attachment-227\" class=\"wp-caption-text\"><span style=\"background-color: transparent; font-size: 14px;\">esenkent evden eve ta\u015f\u0131mac\u0131l\u0131k \u00f6nerileri<\/span><\/p>\n<\/div>\n<p style=\"text-align: center;\">alan\u0131nda \u011feni\u015f kitleye hizmet vermi\u015f olan nakliyat firmam\u0131z sizlere en profesyonel sistemde tamam\u0131yla sizleri memnun edecek sisteme ta\u015f\u0131nnma<br \/>\nimkan\u0131 sunmakd\u0131r Nakliyat esnas\u0131nda ta\u015f\u0131nacak olan e\u015fyan\u0131z\u0131n sorunsuz \u015fekilde ta\u015f\u0131nmas\u0131 ve e\u015fyalar\u0131n\u0131z\u0131n yeni adresine sorunsuz \u015fekilde ula\u015ft\u0131r\u0131lmas\u0131 i\u00e7in elinden gelenin fazlas\u0131n\u0131 yapan<br \/>\nfirmamiz sizlere bu alanda kaliteli ve\u00a0<a href=\"http:\/\/www.tugrulevdenevenakliyat.com\/\">profesyonel<\/a>\u00a0hizmeti vermek ad\u0131na b\u00fcy\u00fck emek vermekdedir<\/p>\n<h3 style=\"text-align: center;\">esenkent evden eve nakliyat \u015fehirler<\/h3>\n<p style=\"text-align: center;\">karadeniz evden eve nakliyat \u015fehirler aras\u0131 nakliyat ihtiya\u00e7\u0131n\u0131zda sizlere kaliteli ta\u015f\u0131ma hizmeti ile sizleri \u00e7\u00f6z\u00fcm sunan firmam\u0131z her daim yan\u0131n\u0131zdad\u0131r istanbul \u015fehirler aras\u0131 nakliyat ihtiya\u00e7lar\u0131n\u0131zda<br \/>\nuzun mesafede bir ayr\u0131m yapmaks\u0131z\u0131n e\u015fyalar\u0131n\u0131z\u0131 en kusursuz \u015fekilde ta\u015f\u0131maya taah\u00fct eden firmam\u0131z sizlere geli\u015fen teknolojinin sundu\u011fu imkanlar ve kaliteli ekipmanlar<br \/>\n\u00f6nderli\u011fine \u00e7\u00f6z\u00fcm sunmaktad\u0131r. evden eve nakliyat firmam\u0131z\u0131n \u015fehirler aras\u0131 nakliyat hizmeti vermekteyiz g\u00fcven unsurunun \u00f6n planda tutuldu\u011fu personelimizin ile \u015fehirler aras\u0131 nakliyat<br \/>\nta\u015f\u0131mac\u0131l\u0131kta gidece\u011finiz \u015fehre yerle\u015ftirdi\u011fimiz\u00a0<a href=\"https:\/\/www.facebook.com\/nakliyatt52\/\">e\u015fyalara<\/a>\u00a0montajlar ve kurar\u0131z sizin istedi\u011finiz yerler<\/p>\n<h4 style=\"text-align: center;\">\u00a0 \u00a0 \u00a0 \u00a0 \u00a0\u015fehiri\u00e7i\u00a0evden eve nakliyat fiyatlar\u0131<\/h4>\n<p style=\"text-align: center;\">1+1 daire ta\u015f\u0131mas\u0131;500-1200tl<\/p>\n<p style=\"text-align: center;\">2+1 daire ta\u015f\u0131mas 700-1500tl<br \/>\n3+1 daire ta\u015f\u0131mas\u0131;1000-2000tl<br \/>\n4+1 daire ve villa ta\u015f\u0131mas\u0131;1500-5000tl<br \/>\nistanbul b\u00f6lge i\u00e7i ara\u00e7 kiralama;400-800tl<br \/>\nistanbul b\u00f6lge i\u00e7i ekip i\u015flemleri;500-1000tl fiyat aral\u0131\u011f\u0131nda uygulanmaktad\u0131r.<br \/>\n7\/24 ileti\u015fim:05325668665<\/p>\n","protected":false},"excerpt":{"rendered":"<p>esenkent evden eve nakliyat\u00a0 Esenkent Evden Eve Nakliyat Firmalar\u0131 dendiginde ilk akla gelen firmalardan biri olan ;\u00a0 \u00a0evden eve nakliye firmam\u0131z sizler ad\u0131na her t\u00fcrl\u00fc her t\u00fcrl\u00fc planlamalar\u0131 yaparan en \u00f6zenli \u015fekilde amblajlamadan yerle\u015ftirmeye kadar kusursuz bir y\u00f6ndem izlemmekdetir. Hizmetlerimizi tamamen m\u00fc\u015fteri memnuniyetini hesas olarak sizlerinde fikirlerinde e\u015fliginde en do\u011fru \u015fekilde vermeyi hedefliyerek \u00e7al\u0131\u015fmalar\u0131m\u0131zda y\u00f6n&hellip; <br \/> <a class=\"read-more\" href=\"https:\/\/www.tugrulevdenevenakliyat.com\/index.php\/esenkent-evden-eve-nakliyat\/\">Devam\u0131<\/a><\/p>\n","protected":false},"author":1,"featured_media":0,"parent":0,"menu_order":0,"comment_status":"closed","ping_status":"closed","template":"","meta":{"_bbp_topic_count":0,"_bbp_reply_count":0,"_bbp_total_topic_count":0,"_bbp_total_reply_count":0,"_bbp_voice_count":0,"_bbp_anonymous_reply_count":0,"_bbp_topic_count_hidden":0,"_bbp_reply_count_hidden":0,"_bbp_forum_subforum_count":0,"footnotes":""},"class_list":["post-809","page","type-page","status-publish","hentry"],"yoast_head":"<!-- This site is optimized with the Yoast SEO plugin v27.3 - https:\/\/yoast.com\/product\/yoast-seo-wordpress\/ -->\n<title>esenkent evden eve nakliyat - Tu\u011frul Nakliyat ta\u015f\u0131mac\u0131l\u0131k<\/title>\n<meta name=\"description\" content=\"esenkent evden eve nakliyat 1982 y\u0131l\u0131ndan beri hizmet sunmaktay\u0131z.M\u00fc\u015fteri memnuyetini herzaman \u00f6n planda tutan hizmet anlay\u0131\u015f\u0131m\u0131zla b\u00fcy\u00fck bir te\u00e7rube\" \/>\n<meta name=\"robots\" content=\"index, follow, max-snippet:-1, max-image-preview:large, max-video-preview:-1\" \/>\n<link rel=\"canonical\" href=\"http:\/\/www.tugrulevdenevenakliyat.com\/index.php\/esenkent-evden-eve-nakliyat\/\" \/>\n<meta property=\"og:locale\" content=\"tr_TR\" \/>\n<meta property=\"og:type\" content=\"article\" \/>\n<meta property=\"og:title\" content=\"esenkent evden eve nakliyat - Tu\u011frul Nakliyat ta\u015f\u0131mac\u0131l\u0131k\" \/>\n<meta property=\"og:description\" content=\"esenkent evden eve nakliyat 1982 y\u0131l\u0131ndan beri hizmet sunmaktay\u0131z.M\u00fc\u015fteri memnuyetini herzaman \u00f6n planda tutan hizmet anlay\u0131\u015f\u0131m\u0131zla b\u00fcy\u00fck bir te\u00e7rube\" \/>\n<meta property=\"og:url\" content=\"http:\/\/www.tugrulevdenevenakliyat.com\/index.php\/esenkent-evden-eve-nakliyat\/\" \/>\n<meta property=\"og:site_name\" content=\"Tu\u011frul Nakliyat\" \/>\n<meta property=\"article:publisher\" content=\"https:\/\/www.facebook.com\/tugrul.can.39589149\" \/>\n<meta property=\"og:image\" content=\"http:\/\/www.tugrulevdenevenakliyat.com\/wp-content\/uploads\/2019\/07\/67573711_2173740579390839_467185076212334592_n-300x283.jpg\" \/>\n<meta name=\"twitter:card\" content=\"summary_large_image\" \/>\n<meta name=\"twitter:site\" content=\"@TURGUT16176391\" \/>\n<meta name=\"twitter:label1\" content=\"Tahmini okuma s\u00fcresi\" \/>\n\t<meta name=\"twitter:data1\" content=\"2 dakika\" \/>\n<script type=\"application\/ld+json\" class=\"yoast-schema-graph\">{\"@context\":\"https:\\\/\\\/schema.org\",\"@graph\":[{\"@type\":\"WebPage\",\"@id\":\"http:\\\/\\\/www.tugrulevdenevenakliyat.com\\\/index.php\\\/esenkent-evden-eve-nakliyat\\\/\",\"url\":\"http:\\\/\\\/www.tugrulevdenevenakliyat.com\\\/index.php\\\/esenkent-evden-eve-nakliyat\\\/\",\"name\":\"esenkent evden eve nakliyat - Tu\u011frul Nakliyat ta\u015f\u0131mac\u0131l\u0131k\",\"isPartOf\":{\"@id\":\"http:\\\/\\\/www.tugrulevdenevenakliyat.com\\\/#website\"},\"primaryImageOfPage\":{\"@id\":\"http:\\\/\\\/www.tugrulevdenevenakliyat.com\\\/index.php\\\/esenkent-evden-eve-nakliyat\\\/#primaryimage\"},\"image\":{\"@id\":\"http:\\\/\\\/www.tugrulevdenevenakliyat.com\\\/index.php\\\/esenkent-evden-eve-nakliyat\\\/#primaryimage\"},\"thumbnailUrl\":\"http:\\\/\\\/www.tugrulevdenevenakliyat.com\\\/wp-content\\\/uploads\\\/2019\\\/07\\\/67573711_2173740579390839_467185076212334592_n-300x283.jpg\",\"datePublished\":\"2020-05-07T12:32:47+00:00\",\"description\":\"esenkent evden eve nakliyat 1982 y\u0131l\u0131ndan beri hizmet sunmaktay\u0131z.M\u00fc\u015fteri memnuyetini herzaman \u00f6n planda tutan hizmet anlay\u0131\u015f\u0131m\u0131zla b\u00fcy\u00fck bir te\u00e7rube\",\"breadcrumb\":{\"@id\":\"http:\\\/\\\/www.tugrulevdenevenakliyat.com\\\/index.php\\\/esenkent-evden-eve-nakliyat\\\/#breadcrumb\"},\"inLanguage\":\"tr\",\"potentialAction\":[{\"@type\":\"ReadAction\",\"target\":[\"http:\\\/\\\/www.tugrulevdenevenakliyat.com\\\/index.php\\\/esenkent-evden-eve-nakliyat\\\/\"]}]},{\"@type\":\"ImageObject\",\"inLanguage\":\"tr\",\"@id\":\"http:\\\/\\\/www.tugrulevdenevenakliyat.com\\\/index.php\\\/esenkent-evden-eve-nakliyat\\\/#primaryimage\",\"url\":\"http:\\\/\\\/www.tugrulevdenevenakliyat.com\\\/wp-content\\\/uploads\\\/2019\\\/07\\\/67573711_2173740579390839_467185076212334592_n-300x283.jpg\",\"contentUrl\":\"http:\\\/\\\/www.tugrulevdenevenakliyat.com\\\/wp-content\\\/uploads\\\/2019\\\/07\\\/67573711_2173740579390839_467185076212334592_n-300x283.jpg\"},{\"@type\":\"BreadcrumbList\",\"@id\":\"http:\\\/\\\/www.tugrulevdenevenakliyat.com\\\/index.php\\\/esenkent-evden-eve-nakliyat\\\/#breadcrumb\",\"itemListElement\":[{\"@type\":\"ListItem\",\"position\":1,\"name\":\"Ana sayfa\",\"item\":\"http:\\\/\\\/www.tugrulevdenevenakliyat.com\\\/\"},{\"@type\":\"ListItem\",\"position\":2,\"name\":\"esenkent evden eve nakliyat\"}]},{\"@type\":\"WebSite\",\"@id\":\"http:\\\/\\\/www.tugrulevdenevenakliyat.com\\\/#website\",\"url\":\"http:\\\/\\\/www.tugrulevdenevenakliyat.com\\\/\",\"name\":\"http:\\\/\\\/www.tugrulevdenevenakliyat.com\\\/\",\"description\":\"t&uuml;rkiye geneline evden eve nakliyat\",\"publisher\":{\"@id\":\"http:\\\/\\\/www.tugrulevdenevenakliyat.com\\\/#organization\"},\"potentialAction\":[{\"@type\":\"SearchAction\",\"target\":{\"@type\":\"EntryPoint\",\"urlTemplate\":\"http:\\\/\\\/www.tugrulevdenevenakliyat.com\\\/?s={search_term_string}\"},\"query-input\":{\"@type\":\"PropertyValueSpecification\",\"valueRequired\":true,\"valueName\":\"search_term_string\"}}],\"inLanguage\":\"tr\"},{\"@type\":\"Organization\",\"@id\":\"http:\\\/\\\/www.tugrulevdenevenakliyat.com\\\/#organization\",\"name\":\"tu\u011frulcan bak\u0131rc\u0131\",\"url\":\"http:\\\/\\\/www.tugrulevdenevenakliyat.com\\\/\",\"logo\":{\"@type\":\"ImageObject\",\"inLanguage\":\"tr\",\"@id\":\"http:\\\/\\\/www.tugrulevdenevenakliyat.com\\\/#\\\/schema\\\/logo\\\/image\\\/\",\"url\":\"http:\\\/\\\/www.tugrulevdenevenakliyat.com\\\/wp-content\\\/uploads\\\/2019\\\/12\\\/45249907_1056901127822562_5718244570844626944_n.jpg\",\"contentUrl\":\"http:\\\/\\\/www.tugrulevdenevenakliyat.com\\\/wp-content\\\/uploads\\\/2019\\\/12\\\/45249907_1056901127822562_5718244570844626944_n.jpg\",\"width\":720,\"height\":960,\"caption\":\"tu\u011frulcan bak\u0131rc\u0131\"},\"image\":{\"@id\":\"http:\\\/\\\/www.tugrulevdenevenakliyat.com\\\/#\\\/schema\\\/logo\\\/image\\\/\"},\"sameAs\":[\"https:\\\/\\\/www.facebook.com\\\/tugrul.can.39589149\",\"https:\\\/\\\/x.com\\\/TURGUT16176391\",\"https:\\\/\\\/intagram.com\\\/tugrulnakliyatt\",\"https:\\\/\\\/www.linkedin.com\\\/in\\\/salim-bakirci-9b838915b\\\/\",\"https:\\\/\\\/tr.pinterest.com\\\/bakrcturgut\\\/pins\\\/\"]}]}<\/script>\n<!-- \/ Yoast SEO plugin. -->","yoast_head_json":{"title":"esenkent evden eve nakliyat - Tu\u011frul Nakliyat ta\u015f\u0131mac\u0131l\u0131k","description":"esenkent evden eve nakliyat 1982 y\u0131l\u0131ndan beri hizmet sunmaktay\u0131z.M\u00fc\u015fteri memnuyetini herzaman \u00f6n planda tutan hizmet anlay\u0131\u015f\u0131m\u0131zla b\u00fcy\u00fck bir te\u00e7rube","robots":{"index":"index","follow":"follow","max-snippet":"max-snippet:-1","max-image-preview":"max-image-preview:large","max-video-preview":"max-video-preview:-1"},"canonical":"http:\/\/www.tugrulevdenevenakliyat.com\/index.php\/esenkent-evden-eve-nakliyat\/","og_locale":"tr_TR","og_type":"article","og_title":"esenkent evden eve nakliyat - Tu\u011frul Nakliyat ta\u015f\u0131mac\u0131l\u0131k","og_description":"esenkent evden eve nakliyat 1982 y\u0131l\u0131ndan beri hizmet sunmaktay\u0131z.M\u00fc\u015fteri memnuyetini herzaman \u00f6n planda tutan hizmet anlay\u0131\u015f\u0131m\u0131zla b\u00fcy\u00fck bir te\u00e7rube","og_url":"http:\/\/www.tugrulevdenevenakliyat.com\/index.php\/esenkent-evden-eve-nakliyat\/","og_site_name":"Tu\u011frul Nakliyat","article_publisher":"https:\/\/www.facebook.com\/tugrul.can.39589149","og_image":[{"url":"http:\/\/www.tugrulevdenevenakliyat.com\/wp-content\/uploads\/2019\/07\/67573711_2173740579390839_467185076212334592_n-300x283.jpg","type":"","width":"","height":""}],"twitter_card":"summary_large_image","twitter_site":"@TURGUT16176391","twitter_misc":{"Tahmini okuma s\u00fcresi":"2 dakika"},"schema":{"@context":"https:\/\/schema.org","@graph":[{"@type":"WebPage","@id":"http:\/\/www.tugrulevdenevenakliyat.com\/index.php\/esenkent-evden-eve-nakliyat\/","url":"http:\/\/www.tugrulevdenevenakliyat.com\/index.php\/esenkent-evden-eve-nakliyat\/","name":"esenkent evden eve nakliyat - Tu\u011frul Nakliyat ta\u015f\u0131mac\u0131l\u0131k","isPartOf":{"@id":"http:\/\/www.tugrulevdenevenakliyat.com\/#website"},"primaryImageOfPage":{"@id":"http:\/\/www.tugrulevdenevenakliyat.com\/index.php\/esenkent-evden-eve-nakliyat\/#primaryimage"},"image":{"@id":"http:\/\/www.tugrulevdenevenakliyat.com\/index.php\/esenkent-evden-eve-nakliyat\/#primaryimage"},"thumbnailUrl":"http:\/\/www.tugrulevdenevenakliyat.com\/wp-content\/uploads\/2019\/07\/67573711_2173740579390839_467185076212334592_n-300x283.jpg","datePublished":"2020-05-07T12:32:47+00:00","description":"esenkent evden eve nakliyat 1982 y\u0131l\u0131ndan beri hizmet sunmaktay\u0131z.M\u00fc\u015fteri memnuyetini herzaman \u00f6n planda tutan hizmet anlay\u0131\u015f\u0131m\u0131zla b\u00fcy\u00fck bir te\u00e7rube","breadcrumb":{"@id":"http:\/\/www.tugrulevdenevenakliyat.com\/index.php\/esenkent-evden-eve-nakliyat\/#breadcrumb"},"inLanguage":"tr","potentialAction":[{"@type":"ReadAction","target":["http:\/\/www.tugrulevdenevenakliyat.com\/index.php\/esenkent-evden-eve-nakliyat\/"]}]},{"@type":"ImageObject","inLanguage":"tr","@id":"http:\/\/www.tugrulevdenevenakliyat.com\/index.php\/esenkent-evden-eve-nakliyat\/#primaryimage","url":"http:\/\/www.tugrulevdenevenakliyat.com\/wp-content\/uploads\/2019\/07\/67573711_2173740579390839_467185076212334592_n-300x283.jpg","contentUrl":"http:\/\/www.tugrulevdenevenakliyat.com\/wp-content\/uploads\/2019\/07\/67573711_2173740579390839_467185076212334592_n-300x283.jpg"},{"@type":"BreadcrumbList","@id":"http:\/\/www.tugrulevdenevenakliyat.com\/index.php\/esenkent-evden-eve-nakliyat\/#breadcrumb","itemListElement":[{"@type":"ListItem","position":1,"name":"Ana sayfa","item":"http:\/\/www.tugrulevdenevenakliyat.com\/"},{"@type":"ListItem","position":2,"name":"esenkent evden eve nakliyat"}]},{"@type":"WebSite","@id":"http:\/\/www.tugrulevdenevenakliyat.com\/#website","url":"http:\/\/www.tugrulevdenevenakliyat.com\/","name":"http:\/\/www.tugrulevdenevenakliyat.com\/","description":"t&uuml;rkiye geneline evden eve nakliyat","publisher":{"@id":"http:\/\/www.tugrulevdenevenakliyat.com\/#organization"},"potentialAction":[{"@type":"SearchAction","target":{"@type":"EntryPoint","urlTemplate":"http:\/\/www.tugrulevdenevenakliyat.com\/?s={search_term_string}"},"query-input":{"@type":"PropertyValueSpecification","valueRequired":true,"valueName":"search_term_string"}}],"inLanguage":"tr"},{"@type":"Organization","@id":"http:\/\/www.tugrulevdenevenakliyat.com\/#organization","name":"tu\u011frulcan bak\u0131rc\u0131","url":"http:\/\/www.tugrulevdenevenakliyat.com\/","logo":{"@type":"ImageObject","inLanguage":"tr","@id":"http:\/\/www.tugrulevdenevenakliyat.com\/#\/schema\/logo\/image\/","url":"http:\/\/www.tugrulevdenevenakliyat.com\/wp-content\/uploads\/2019\/12\/45249907_1056901127822562_5718244570844626944_n.jpg","contentUrl":"http:\/\/www.tugrulevdenevenakliyat.com\/wp-content\/uploads\/2019\/12\/45249907_1056901127822562_5718244570844626944_n.jpg","width":720,"height":960,"caption":"tu\u011frulcan bak\u0131rc\u0131"},"image":{"@id":"http:\/\/www.tugrulevdenevenakliyat.com\/#\/schema\/logo\/image\/"},"sameAs":["https:\/\/www.facebook.com\/tugrul.can.39589149","https:\/\/x.com\/TURGUT16176391","https:\/\/intagram.com\/tugrulnakliyatt","https:\/\/www.linkedin.com\/in\/salim-bakirci-9b838915b\/","https:\/\/tr.pinterest.com\/bakrcturgut\/pins\/"]}]}},"_links":{"self":[{"href":"https:\/\/www.tugrulevdenevenakliyat.com\/index.php\/wp-json\/wp\/v2\/pages\/809","targetHints":{"allow":["GET"]}}],"collection":[{"href":"https:\/\/www.tugrulevdenevenakliyat.com\/index.php\/wp-json\/wp\/v2\/pages"}],"about":[{"href":"https:\/\/www.tugrulevdenevenakliyat.com\/index.php\/wp-json\/wp\/v2\/types\/page"}],"author":[{"embeddable":true,"href":"https:\/\/www.tugrulevdenevenakliyat.com\/index.php\/wp-json\/wp\/v2\/users\/1"}],"replies":[{"embeddable":true,"href":"https:\/\/www.tugrulevdenevenakliyat.com\/index.php\/wp-json\/wp\/v2\/comments?post=809"}],"version-history":[{"count":1,"href":"https:\/\/www.tugrulevdenevenakliyat.com\/index.php\/wp-json\/wp\/v2\/pages\/809\/revisions"}],"predecessor-version":[{"id":812,"href":"https:\/\/www.tugrulevdenevenakliyat.com\/index.php\/wp-json\/wp\/v2\/pages\/809\/revisions\/812"}],"wp:attachment":[{"href":"https:\/\/www.tugrulevdenevenakliyat.com\/index.php\/wp-json\/wp\/v2\/media?parent=809"}],"curies":[{"name":"wp","href":"https:\/\/api.w.org\/{rel}","templated":true}]}}